{"id":58310,"date":"2024-05-07T13:31:15","date_gmt":"2024-05-07T11:31:15","guid":{"rendered":"https:\/\/dev.bassin-arcachon.com\/?page_id=58310"},"modified":"2024-05-27T16:03:16","modified_gmt":"2024-05-27T14:03:16","slug":"pronostico-del-tiempo-de-cuenca-de-arcachon-para-la-semana","status":"publish","type":"page","link":"https:\/\/dev.bassin-arcachon.com\/es\/pronostico-del-tiempo-de-cuenca-de-arcachon-para-la-semana\/","title":{"rendered":"Pron\u00f3stico del tiempo en Arcach\u00f3n Bassin"},"content":{"rendered":"<h2 class=\"wp-block-heading has-text-align-center\" style=\"font-size:33px\">Encuentra tu clima local <br>6 d\u00edas en el Bassin desde Arcachon<\/h2>\n\n\n\n<div style=\"height:28px\" aria-hidden=\"true\" class=\"wp-block-spacer\"><\/div>\n\n\n<div class=\"wp-block-image is-style-default\">\n<figure class=\"aligncenter size-large is-resized\"><img loading=\"lazy\" decoding=\"async\" width=\"1024\" height=\"683\" src=\"https:\/\/dev.bassin-arcachon.com\/wp-content\/uploads\/2022\/11\/20160429_HD_Jetee-du-Moulleau_CASSIAU-9-scaled-1024x683.jpg\" alt=\"- - Bassin d&#039;Arcachon\" class=\"wp-image-52236\" style=\"width:736px;height:auto\" title=\"- - Bassin d&#039;Arcachon\" srcset=\"https:\/\/dev.bassin-arcachon.com\/wp-content\/uploads\/2022\/11\/20160429_HD_Jetee-du-Moulleau_CASSIAU-9-scaled-1024x683.jpg 1024w, https:\/\/dev.bassin-arcachon.com\/wp-content\/uploads\/2022\/11\/20160429_HD_Jetee-du-Moulleau_CASSIAU-9-scaled-300x200.jpg 300w, https:\/\/dev.bassin-arcachon.com\/wp-content\/uploads\/2022\/11\/20160429_HD_Jetee-du-Moulleau_CASSIAU-9-scaled-768x512.jpg 768w, https:\/\/dev.bassin-arcachon.com\/wp-content\/uploads\/2022\/11\/20160429_HD_Jetee-du-Moulleau_CASSIAU-9-scaled-1536x1024.jpg 1536w, https:\/\/dev.bassin-arcachon.com\/wp-content\/uploads\/2022\/11\/20160429_HD_Jetee-du-Moulleau_CASSIAU-9-scaled-2048x1366.jpg 2048w, https:\/\/dev.bassin-arcachon.com\/wp-content\/uploads\/2022\/11\/20160429_HD_Jetee-du-Moulleau_CASSIAU-9-scaled-18x12.jpg 18w, https:\/\/dev.bassin-arcachon.com\/wp-content\/uploads\/2022\/11\/20160429_HD_Jetee-du-Moulleau_CASSIAU-9-scaled-1920x1280.jpg 1920w\" sizes=\"auto, (max-width: 1024px) 100vw, 1024px\" \/><\/figure><\/div>\n\n\n<div style=\"height:25px\" aria-hidden=\"true\" class=\"wp-block-spacer\"><\/div>\n\n\n\n<h2 class=\"wp-block-heading has-text-align-center has-large-font-size\">Programe sus actividades seg\u00fan el clima:<\/h2>\n\n\n\n<p class=\"has-text-align-center\">Hace buen tiempo: es una oportunidad para descubrir <a href=\"https:\/\/dev.bassin-arcachon.com\/es\/nuestros-elementos-esenciales\/las-playas\/\">nuestras playas m\u00e1s hermosas<\/a> ! <br>Est\u00e1 lloviendo: el Bassin en Arcachon est\u00e1 lleno <a href=\"https:\/\/dev.bassin-arcachon.com\/es\/que-hacer-cuando-llueve\/\">de actividades<\/a> \u00a1incluso con mal tiempo!<\/p>\n\n\n<iframe title=\"C\u00f3digo corto del mapa meteorol\u00f3gico de Ventus 44.65 -1.1667\" loading=\"lazy\" style=\"width: 100%; height: 600px; border-radius: 20px; box-sizing: border-box;\" src=\"https:\/\/embed.windy.com\/embed2.html?lat=44.65&lon=-1.1667&zoom=9&overlay=currents&marker=wrong&pressure=true&detailLat=44.65&detailLon=-1.1667&metricWind=knots&metricTemp=\u00b0C&detail=true&calendar=now&product=ecmwf&level=surface&menu=&message=true&type=map&location=coordinates&radarRange=-1\" frameborder=\"0\"><\/iframe>\n\n\n\n<div style=\"height:38px\" aria-hidden=\"true\" class=\"wp-block-spacer\"><\/div>\n\n\n\n<p class=\"has-text-align-center has-medium-font-size\"><strong>Situada en la costa atl\u00e1ntica de Francia, <\/strong><br><strong>El Bassin de Arcachon se beneficia de un clima oce\u00e1nico suave y templado, que ofrece condiciones meteorol\u00f3gicas variadas durante todo el a\u00f1o.<\/strong><\/p>\n\n\n\n<div style=\"height:25px\" aria-hidden=\"true\" class=\"wp-block-spacer\"><\/div>\n\n\n\n<div style=\"height:29px\" aria-hidden=\"true\" class=\"wp-block-spacer\"><\/div>\n\n\n\n<div class=\"wp-block-uagb-container uagb-block-d27eeb93 alignfull uagb-is-root-container\"><div class=\"uagb-container-inner-blocks-wrap\">\n<div class=\"wp-block-uagb-container uagb-block-66f0952b\">\n<figure class=\"wp-block-image size-large\"><img loading=\"lazy\" decoding=\"async\" width=\"1024\" height=\"700\" src=\"https:\/\/dev.bassin-arcachon.com\/wp-content\/uploads\/2024\/04\/20160531_HD_Printemps_Port-Biganos_CASSIAU-12-1024x700.jpg\" alt=\"clima en primavera caba\u00f1as biganos\" class=\"wp-image-58226\" title=\"- - Bassin d&#039;Arcachon\" srcset=\"https:\/\/dev.bassin-arcachon.com\/wp-content\/uploads\/2024\/04\/20160531_HD_Printemps_Port-Biganos_CASSIAU-12-1024x700.jpg 1024w, https:\/\/dev.bassin-arcachon.com\/wp-content\/uploads\/2024\/04\/20160531_HD_Printemps_Port-Biganos_CASSIAU-12-300x205.jpg 300w, https:\/\/dev.bassin-arcachon.com\/wp-content\/uploads\/2024\/04\/20160531_HD_Printemps_Port-Biganos_CASSIAU-12-768x525.jpg 768w, https:\/\/dev.bassin-arcachon.com\/wp-content\/uploads\/2024\/04\/20160531_HD_Printemps_Port-Biganos_CASSIAU-12-1536x1050.jpg 1536w, https:\/\/dev.bassin-arcachon.com\/wp-content\/uploads\/2024\/04\/20160531_HD_Printemps_Port-Biganos_CASSIAU-12-2048x1400.jpg 2048w, https:\/\/dev.bassin-arcachon.com\/wp-content\/uploads\/2024\/04\/20160531_HD_Printemps_Port-Biganos_CASSIAU-12-18x12.jpg 18w, https:\/\/dev.bassin-arcachon.com\/wp-content\/uploads\/2024\/04\/20160531_HD_Printemps_Port-Biganos_CASSIAU-12-640x438.jpg 640w, https:\/\/dev.bassin-arcachon.com\/wp-content\/uploads\/2024\/04\/20160531_HD_Printemps_Port-Biganos_CASSIAU-12-1200x820.jpg 1200w, https:\/\/dev.bassin-arcachon.com\/wp-content\/uploads\/2024\/04\/20160531_HD_Printemps_Port-Biganos_CASSIAU-12-1920x1313.jpg 1920w\" sizes=\"auto, (max-width: 1024px) 100vw, 1024px\" \/><\/figure>\n<\/div>\n\n\n\n<div class=\"wp-block-uagb-container uagb-block-2e66e4fa\">\n<h2 class=\"wp-block-heading\">Clima en primavera:<\/h2>\n\n\n\n<p>La primavera, estaci\u00f3n suave y soleada, le invita a descubrir el Bassin de Arcachon. Temperaturas suaves, paseos en bicicleta, <a href=\"https:\/\/dev.bassin-arcachon.com\/es\/nuestros-pueblos-y-aldeas\/\">descubrimiento de los pueblos<\/a>, caminatas, <a href=\"https:\/\/www.reserve-ornithologique-du-teich.com\/\" data-type=\"link\" data-id=\"https:\/\/www.reserve-ornithologique-du-teich.com\/\" target=\"_blank\" rel=\"noopener\">observaci\u00f3n de aves<\/a>, degustaci\u00f3n de ostras y especialidades locales, animados mercados, artesan\u00eda, deportes acu\u00e1ticos, espect\u00e1culos\u2026 Primavera en Bassin en Arcachon: \u00a1una estancia inolvidable!<\/p>\n\n\n\n<p><\/p>\n<\/div>\n<\/div><\/div>\n\n\n\n<div style=\"height:37px\" aria-hidden=\"true\" class=\"wp-block-spacer\"><\/div>\n\n\n\n<div class=\"wp-block-uagb-container uagb-block-10d90490 alignfull uagb-is-root-container\"><div class=\"uagb-container-inner-blocks-wrap\">\n<div class=\"wp-block-uagb-container uagb-block-2d3d2013\">\n<figure class=\"wp-block-image size-large\"><img loading=\"lazy\" decoding=\"async\" width=\"1024\" height=\"683\" src=\"https:\/\/dev.bassin-arcachon.com\/wp-content\/uploads\/2017\/03\/1-plage-bassin-darcachon-j5-1024x683.jpg\" alt=\"clima verano playa sol cuenca de Arcachon\" class=\"wp-image-533\" title=\"- - Bassin d&#039;Arcachon\" srcset=\"https:\/\/dev.bassin-arcachon.com\/wp-content\/uploads\/2017\/03\/1-plage-bassin-darcachon-j5-1024x683.jpg 1024w, https:\/\/dev.bassin-arcachon.com\/wp-content\/uploads\/2017\/03\/1-plage-bassin-darcachon-j5-300x200.jpg 300w, https:\/\/dev.bassin-arcachon.com\/wp-content\/uploads\/2017\/03\/1-plage-bassin-darcachon-j5-768x512.jpg 768w, https:\/\/dev.bassin-arcachon.com\/wp-content\/uploads\/2017\/03\/1-plage-bassin-darcachon-j5-18x12.jpg 18w, https:\/\/dev.bassin-arcachon.com\/wp-content\/uploads\/2017\/03\/1-plage-bassin-darcachon-j5-640x427.jpg 640w, https:\/\/dev.bassin-arcachon.com\/wp-content\/uploads\/2017\/03\/1-plage-bassin-darcachon-j5.jpg 1200w\" sizes=\"auto, (max-width: 1024px) 100vw, 1024px\" \/><\/figure>\n<\/div>\n\n\n\n<div class=\"wp-block-uagb-container uagb-block-0f4a85e9\">\n<h2 class=\"wp-block-heading\">El clima en verano:<\/h2>\n\n\n\n<p>Durante los meses de verano, la Bassin de Arcachon est\u00e1 ba\u00f1ada por una suave brisa marina y temperaturas agradables, con medias que oscilan entre los 20\u00b0C y los 30\u00b0C. Los d\u00edas soleados te invitan a relajarte <a href=\"https:\/\/dev.bassin-arcachon.com\/es\/nuestros-elementos-esenciales\/las-playas\/\">las playas<\/a> de arena fina y el descubrimiento de los pintorescos pueblos que bordean la Bassin.<\/p>\n<\/div>\n<\/div><\/div>\n\n\n\n<div style=\"height:37px\" aria-hidden=\"true\" class=\"wp-block-spacer\"><\/div>\n\n\n\n<div class=\"wp-block-uagb-container uagb-block-ad965336 alignfull uagb-is-root-container\"><div class=\"uagb-container-inner-blocks-wrap\">\n<div class=\"wp-block-uagb-container uagb-block-8a39d8e4\">\n<figure class=\"wp-block-image size-large\"><img loading=\"lazy\" decoding=\"async\" width=\"1024\" height=\"683\" src=\"https:\/\/dev.bassin-arcachon.com\/wp-content\/uploads\/2023\/04\/20191010_BD_Sentier-Littoral-VeloPlage_CASSIAU-38-1024x683.jpg\" alt=\"paseo en oto\u00f1o clima de la cuenca de Arcachon\" class=\"wp-image-55429\" title=\"- - Bassin d&#039;Arcachon\" srcset=\"https:\/\/dev.bassin-arcachon.com\/wp-content\/uploads\/2023\/04\/20191010_BD_Sentier-Littoral-VeloPlage_CASSIAU-38-1024x683.jpg 1024w, https:\/\/dev.bassin-arcachon.com\/wp-content\/uploads\/2023\/04\/20191010_BD_Sentier-Littoral-VeloPlage_CASSIAU-38-300x200.jpg 300w, https:\/\/dev.bassin-arcachon.com\/wp-content\/uploads\/2023\/04\/20191010_BD_Sentier-Littoral-VeloPlage_CASSIAU-38-768x512.jpg 768w, https:\/\/dev.bassin-arcachon.com\/wp-content\/uploads\/2023\/04\/20191010_BD_Sentier-Littoral-VeloPlage_CASSIAU-38-18x12.jpg 18w, https:\/\/dev.bassin-arcachon.com\/wp-content\/uploads\/2023\/04\/20191010_BD_Sentier-Littoral-VeloPlage_CASSIAU-38-640x427.jpg 640w, https:\/\/dev.bassin-arcachon.com\/wp-content\/uploads\/2023\/04\/20191010_BD_Sentier-Littoral-VeloPlage_CASSIAU-38-1200x800.jpg 1200w, https:\/\/dev.bassin-arcachon.com\/wp-content\/uploads\/2023\/04\/20191010_BD_Sentier-Littoral-VeloPlage_CASSIAU-38.jpg 1500w\" sizes=\"auto, (max-width: 1024px) 100vw, 1024px\" \/><\/figure>\n<\/div>\n\n\n\n<div class=\"wp-block-uagb-container uagb-block-c26c47a5\">\n<h2 class=\"wp-block-heading\">La dulzura del oto\u00f1o: <\/h2>\n\n\n\n<p>El oto\u00f1o aporta una paleta de magn\u00edficos colores al paisaje del Bassin de Arcachon. Las temperaturas empiezan a bajar ligeramente, proporcionando d\u00edas refrescantes ideales para <a href=\"https:\/\/dev.bassin-arcachon.com\/es\/5-ideas-de-paseos-por-la-cuenca-de-arcachon-recomendadas-por-nuestro-guia-de-naturaleza\/\">camina<\/a> por senderos costeros y momentos de relax en animados caf\u00e9s junto al mar.<\/p>\n<\/div>\n<\/div><\/div>\n\n\n\n<div style=\"height:37px\" aria-hidden=\"true\" class=\"wp-block-spacer\"><\/div>\n\n\n\n<div class=\"wp-block-uagb-container uagb-block-ae90c130 alignfull uagb-is-root-container\"><div class=\"uagb-container-inner-blocks-wrap\">\n<div class=\"wp-block-uagb-container uagb-block-653d626f\">\n<figure class=\"wp-block-image size-large\"><img loading=\"lazy\" decoding=\"async\" width=\"1024\" height=\"683\" src=\"https:\/\/dev.bassin-arcachon.com\/wp-content\/uploads\/2021\/01\/hiver-famille-SIBA-agence-les-conteurs-33-1024x683.jpg\" alt=\"clima en invierno duna de pilat cuenca arcachon\" class=\"wp-image-48545\" title=\"- - Bassin d&#039;Arcachon\" srcset=\"https:\/\/dev.bassin-arcachon.com\/wp-content\/uploads\/2021\/01\/hiver-famille-SIBA-agence-les-conteurs-33-1024x683.jpg 1024w, https:\/\/dev.bassin-arcachon.com\/wp-content\/uploads\/2021\/01\/hiver-famille-SIBA-agence-les-conteurs-33-300x200.jpg 300w, https:\/\/dev.bassin-arcachon.com\/wp-content\/uploads\/2021\/01\/hiver-famille-SIBA-agence-les-conteurs-33-768x512.jpg 768w, https:\/\/dev.bassin-arcachon.com\/wp-content\/uploads\/2021\/01\/hiver-famille-SIBA-agence-les-conteurs-33-18x12.jpg 18w, https:\/\/dev.bassin-arcachon.com\/wp-content\/uploads\/2021\/01\/hiver-famille-SIBA-agence-les-conteurs-33-640x427.jpg 640w, https:\/\/dev.bassin-arcachon.com\/wp-content\/uploads\/2021\/01\/hiver-famille-SIBA-agence-les-conteurs-33-1200x800.jpg 1200w, https:\/\/dev.bassin-arcachon.com\/wp-content\/uploads\/2021\/01\/hiver-famille-SIBA-agence-les-conteurs-33.jpg 1500w\" sizes=\"auto, (max-width: 1024px) 100vw, 1024px\" \/><\/figure>\n<\/div>\n\n\n\n<div class=\"wp-block-uagb-container uagb-block-98dd496d\">\n<h2 class=\"wp-block-heading\">Clima en invierno:<\/h2>\n\n\n\n<p>Durante el invierno, el Bassin de Arcachon revela una atm\u00f3sfera de paz y tranquilidad. Las temperaturas suaves generalmente oscilan entre 5\u00b0C y 10\u00b0C, lo que ofrece la oportunidad de experimentar la belleza salvaje de la regi\u00f3n desde una perspectiva diferente. Los paseos por la playa y la degustaci\u00f3n de mariscos en restaurantes locales son experiencias imprescindibles en los d\u00edas soleados.<\/p>\n<\/div>\n<\/div><\/div>\n\n\n\n<div style=\"height:37px\" aria-hidden=\"true\" class=\"wp-block-spacer\"><\/div>\n\n\n\n<p class=\"has-text-align-center\">Adem\u00e1s, no dude en consultar el <a href=\"https:\/\/dev.bassin-arcachon.com\/es\/tiempos-de-marea\/\">tiempos de marea<\/a> del Bassin de Arcachon<\/p>","protected":false},"excerpt":{"rendered":"<p>Encuentre su previsi\u00f3n meteorol\u00f3gica local para 6 d\u00edas en el Bassin en Arcachon Programe sus actividades en funci\u00f3n del tiempo: Hace buen tiempo: Esta es la oportunidad de descubrir nuestras playas m\u00e1s bellas [\u2026]<\/p>","protected":false},"author":305,"featured_media":54249,"parent":0,"menu_order":0,"comment_status":"closed","ping_status":"closed","template":"","meta":{"_acf_changed":false,"_uag_custom_page_level_css":"","footnotes":""},"class_list":["post-58310","page","type-page","status-publish","has-post-thumbnail","hentry"],"acf":[],"uagb_featured_image_src":{"full":["https:\/\/dev.bassin-arcachon.com\/wp-content\/uploads\/2023\/01\/C6A9329-scaled.jpg",2560,1707,false],"thumbnail":["https:\/\/dev.bassin-arcachon.com\/wp-content\/uploads\/2023\/01\/C6A9329-scaled-150x150.jpg",150,150,true],"medium":["https:\/\/dev.bassin-arcachon.com\/wp-content\/uploads\/2023\/01\/C6A9329-scaled-300x200.jpg",300,200,true],"medium_large":["https:\/\/dev.bassin-arcachon.com\/wp-content\/uploads\/2023\/01\/C6A9329-scaled-768x512.jpg",768,512,true],"large":["https:\/\/dev.bassin-arcachon.com\/wp-content\/uploads\/2023\/01\/C6A9329-scaled-1024x683.jpg",1024,683,true],"1536x1536":["https:\/\/dev.bassin-arcachon.com\/wp-content\/uploads\/2023\/01\/C6A9329-scaled-1536x1024.jpg",1536,1024,true],"2048x2048":["https:\/\/dev.bassin-arcachon.com\/wp-content\/uploads\/2023\/01\/C6A9329-scaled-2048x1366.jpg",2048,1366,true],"trp-custom-language-flag":["https:\/\/dev.bassin-arcachon.com\/wp-content\/uploads\/2023\/01\/C6A9329-scaled-18x12.jpg",18,12,true],"fp-small":["https:\/\/dev.bassin-arcachon.com\/wp-content\/uploads\/2023\/01\/C6A9329-scaled-640x427.jpg",640,427,true],"fp-large":["https:\/\/dev.bassin-arcachon.com\/wp-content\/uploads\/2023\/01\/C6A9329-scaled-1200x800.jpg",1200,800,true],"fp-xlarge":["https:\/\/dev.bassin-arcachon.com\/wp-content\/uploads\/2023\/01\/C6A9329-scaled-1920x1280.jpg",1920,1280,true]},"uagb_author_info":{"display_name":"Franck BAUPREY","author_link":"https:\/\/dev.bassin-arcachon.com\/es\/author\/weboostdigital33gmail-com\/"},"uagb_comment_info":0,"uagb_excerpt":"Retrouvez votre m\u00e9t\u00e9o locale \u00e0 6 jours sur le Bassin d&rsquo;Arcachon Programmez vos activit\u00e9s suivant la m\u00e9t\u00e9o : Il fait beau : C&rsquo;est l&rsquo;occasion de d\u00e9couvrir nos plus belles plages [&hellip;]","_links":{"self":[{"href":"https:\/\/dev.bassin-arcachon.com\/es\/wp-json\/wp\/v2\/pages\/58310","targetHints":{"allow":["GET"]}}],"collection":[{"href":"https:\/\/dev.bassin-arcachon.com\/es\/wp-json\/wp\/v2\/pages"}],"about":[{"href":"https:\/\/dev.bassin-arcachon.com\/es\/wp-json\/wp\/v2\/types\/page"}],"author":[{"embeddable":true,"href":"https:\/\/dev.bassin-arcachon.com\/es\/wp-json\/wp\/v2\/users\/305"}],"replies":[{"embeddable":true,"href":"https:\/\/dev.bassin-arcachon.com\/es\/wp-json\/wp\/v2\/comments?post=58310"}],"version-history":[{"count":0,"href":"https:\/\/dev.bassin-arcachon.com\/es\/wp-json\/wp\/v2\/pages\/58310\/revisions"}],"wp:featuredmedia":[{"embeddable":true,"href":"https:\/\/dev.bassin-arcachon.com\/es\/wp-json\/wp\/v2\/media\/54249"}],"wp:attachment":[{"href":"https:\/\/dev.bassin-arcachon.com\/es\/wp-json\/wp\/v2\/media?parent=58310"}],"curies":[{"name":"wp","href":"https:\/\/api.w.org\/{rel}","templated":true}]}}