{"id":67,"date":"2019-09-26T10:35:20","date_gmt":"2019-09-26T08:35:20","guid":{"rendered":"https:\/\/dev.bassin-arcachon.com\/\/?page_id=67"},"modified":"2025-02-06T10:30:15","modified_gmt":"2025-02-06T09:30:15","slug":"moverse-por-la-piscina","status":"publish","type":"page","link":"https:\/\/dev.bassin-arcachon.com\/es\/moverse-por-la-piscina\/","title":{"rendered":"Mu\u00e9vete en la cuenca"},"content":{"rendered":"<p><\/p>\n\n\n\n<div class=\"wp-block-uagb-container uagb-block-21a4dd1f alignfull uagb-is-root-container\"><div class=\"uagb-container-inner-blocks-wrap\">\n<h2 class=\"wp-block-heading\">Consejo :<\/h2>\n\n\n\n<p>En el Bassin desde Arcachon, las distancias son cortas, pero pueden ser mucho m\u00e1s largas en caso de atascos, por lo que preferimos viajes suaves y colectivos...<\/p>\n\n\n\n<div class=\"wp-block-buttons is-layout-flex wp-block-buttons-is-layout-flex\">\n<div class=\"wp-block-button\"><a class=\"wp-block-button__link wp-element-button\" href=\"https:\/\/www.calameo.com\/read\/00002442172196ce0017a\" target=\"_blank\" rel=\"noreferrer noopener\">Consulta nuestro folleto &quot;El Bassin sin mi coche&quot;<\/a><\/div>\n<\/div>\n<\/div><\/div>\n\n\n\n<div style=\"height:40px\" aria-hidden=\"true\" class=\"wp-block-spacer\"><\/div>\n\n\n\n<div class=\"wp-block-uagb-container uagb-block-951451fa alignfull uagb-is-root-container\"><div class=\"uagb-container-inner-blocks-wrap\">\n<div class=\"wp-block-uagb-tabs uagb-block-d34a5791 uagb-tabs__wrap uagb-tabs__hstyle3-desktop uagb-tabs__vstyle6-tablet uagb-tabs__stack1-mobile dep_tabs\" data-tab-active=\"0\"><ul class=\"uagb-tabs__panel uagb-tabs__align-left\" role=\"tablist\"><li class=\"uagb-tab uagb-tabs__active\" role=\"none\"><a href=\"#uagb-tabs__tab0\" class=\"uagb-tabs-list uagb-tabs__icon-position-top\" data-tab=\"0\" role=\"tab\"><span class=\"uagb-tabs__icon\"><svg xmlns=\"https:\/\/www.w3.org\/2000\/svg\" viewbox=\"0 0 448 512\"><path d=\"M352 0C405 0 448 42.98 448 96V352C448 399.1 412.8 439.7 366.9 446.9L412.9 492.9C419.9 499.9 414.9 512 404.1 512H365.3C356.8 512 348.6 508.6 342.6 502.6L288 448H160L105.4 502.6C99.37 508.6 91.23 512 82.75 512H43.04C33.06 512 28.06 499.9 35.12 492.9L81.14 446.9C35.18 439.7 0 399.1 0 352V96C0 42.98 42.98 0 96 0H352zM64 224C64 241.7 78.33 256 96 256H176C193.7 256 208 241.7 208 224V128C208 110.3 193.7 96 176 96H96C78.33 96 64 110.3 64 128V224zM272 96C254.3 96 240 110.3 240 128V224C240 241.7 254.3 256 272 256H352C369.7 256 384 241.7 384 224V128C384 110.3 369.7 96 352 96H272zM96 320C78.33 320 64 334.3 64 352C64 369.7 78.33 384 96 384C113.7 384 128 369.7 128 352C128 334.3 113.7 320 96 320zM352 384C369.7 384 384 369.7 384 352C384 334.3 369.7 320 352 320C334.3 320 320 334.3 320 352C320 369.7 334.3 384 352 384z\"><\/path><\/svg><\/span><div>En bicicleta<\/div><\/a><\/li><li class=\"uagb-tab\" role=\"none\"><a href=\"#uagb-tabs__tab1\" class=\"uagb-tabs-list uagb-tabs__icon-position-top\" data-tab=\"1\" role=\"tab\"><span class=\"uagb-tabs__icon\"><svg xmlns=\"https:\/\/www.w3.org\/2000\/svg\" viewbox=\"0 0 448 512\"><path d=\"M352 0C405 0 448 42.98 448 96V352C448 399.1 412.8 439.7 366.9 446.9L412.9 492.9C419.9 499.9 414.9 512 404.1 512H365.3C356.8 512 348.6 508.6 342.6 502.6L288 448H160L105.4 502.6C99.37 508.6 91.23 512 82.75 512H43.04C33.06 512 28.06 499.9 35.12 492.9L81.14 446.9C35.18 439.7 0 399.1 0 352V96C0 42.98 42.98 0 96 0H352zM64 224C64 241.7 78.33 256 96 256H176C193.7 256 208 241.7 208 224V128C208 110.3 193.7 96 176 96H96C78.33 96 64 110.3 64 128V224zM272 96C254.3 96 240 110.3 240 128V224C240 241.7 254.3 256 272 256H352C369.7 256 384 241.7 384 224V128C384 110.3 369.7 96 352 96H272zM96 320C78.33 320 64 334.3 64 352C64 369.7 78.33 384 96 384C113.7 384 128 369.7 128 352C128 334.3 113.7 320 96 320zM352 384C369.7 384 384 369.7 384 352C384 334.3 369.7 320 352 320C334.3 320 320 334.3 320 352C320 369.7 334.3 384 352 384z\"><\/path><\/svg><\/span><div>En barco<\/div><\/a><\/li><li class=\"uagb-tab\" role=\"none\"><a href=\"#uagb-tabs__tab2\" class=\"uagb-tabs-list uagb-tabs__icon-position-top\" data-tab=\"2\" role=\"tab\"><span class=\"uagb-tabs__icon\"><svg xmlns=\"https:\/\/www.w3.org\/2000\/svg\" viewbox=\"0 0 448 512\"><path d=\"M352 0C405 0 448 42.98 448 96V352C448 399.1 412.8 439.7 366.9 446.9L412.9 492.9C419.9 499.9 414.9 512 404.1 512H365.3C356.8 512 348.6 508.6 342.6 502.6L288 448H160L105.4 502.6C99.37 508.6 91.23 512 82.75 512H43.04C33.06 512 28.06 499.9 35.12 492.9L81.14 446.9C35.18 439.7 0 399.1 0 352V96C0 42.98 42.98 0 96 0H352zM64 224C64 241.7 78.33 256 96 256H176C193.7 256 208 241.7 208 224V128C208 110.3 193.7 96 176 96H96C78.33 96 64 110.3 64 128V224zM272 96C254.3 96 240 110.3 240 128V224C240 241.7 254.3 256 272 256H352C369.7 256 384 241.7 384 224V128C384 110.3 369.7 96 352 96H272zM96 320C78.33 320 64 334.3 64 352C64 369.7 78.33 384 96 384C113.7 384 128 369.7 128 352C128 334.3 113.7 320 96 320zM352 384C369.7 384 384 369.7 384 352C384 334.3 369.7 320 352 320C334.3 320 320 334.3 320 352C320 369.7 334.3 384 352 384z\"><\/path><\/svg><\/span><div>En tren<\/div><\/a><\/li><li class=\"uagb-tab\" role=\"none\"><a href=\"#uagb-tabs__tab3\" class=\"uagb-tabs-list uagb-tabs__icon-position-top\" data-tab=\"3\" role=\"tab\"><span class=\"uagb-tabs__icon\"><svg xmlns=\"https:\/\/www.w3.org\/2000\/svg\" viewbox=\"0 0 448 512\"><path d=\"M352 0C405 0 448 42.98 448 96V352C448 399.1 412.8 439.7 366.9 446.9L412.9 492.9C419.9 499.9 414.9 512 404.1 512H365.3C356.8 512 348.6 508.6 342.6 502.6L288 448H160L105.4 502.6C99.37 508.6 91.23 512 82.75 512H43.04C33.06 512 28.06 499.9 35.12 492.9L81.14 446.9C35.18 439.7 0 399.1 0 352V96C0 42.98 42.98 0 96 0H352zM64 224C64 241.7 78.33 256 96 256H176C193.7 256 208 241.7 208 224V128C208 110.3 193.7 96 176 96H96C78.33 96 64 110.3 64 128V224zM272 96C254.3 96 240 110.3 240 128V224C240 241.7 254.3 256 272 256H352C369.7 256 384 241.7 384 224V128C384 110.3 369.7 96 352 96H272zM96 320C78.33 320 64 334.3 64 352C64 369.7 78.33 384 96 384C113.7 384 128 369.7 128 352C128 334.3 113.7 320 96 320zM352 384C369.7 384 384 369.7 384 352C384 334.3 369.7 320 352 320C334.3 320 320 334.3 320 352C320 369.7 334.3 384 352 384z\"><\/path><\/svg><\/span><div>En bus<\/div><\/a><\/li><li class=\"uagb-tab\" role=\"none\"><a href=\"#uagb-tabs__tab4\" class=\"uagb-tabs-list uagb-tabs__icon-position-top\" data-tab=\"4\" role=\"tab\"><span class=\"uagb-tabs__icon\"><svg xmlns=\"https:\/\/www.w3.org\/2000\/svg\" viewbox=\"0 0 448 512\"><path d=\"M352 0C405 0 448 42.98 448 96V352C448 399.1 412.8 439.7 366.9 446.9L412.9 492.9C419.9 499.9 414.9 512 404.1 512H365.3C356.8 512 348.6 508.6 342.6 502.6L288 448H160L105.4 502.6C99.37 508.6 91.23 512 82.75 512H43.04C33.06 512 28.06 499.9 35.12 492.9L81.14 446.9C35.18 439.7 0 399.1 0 352V96C0 42.98 42.98 0 96 0H352zM64 224C64 241.7 78.33 256 96 256H176C193.7 256 208 241.7 208 224V128C208 110.3 193.7 96 176 96H96C78.33 96 64 110.3 64 128V224zM272 96C254.3 96 240 110.3 240 128V224C240 241.7 254.3 256 272 256H352C369.7 256 384 241.7 384 224V128C384 110.3 369.7 96 352 96H272zM96 320C78.33 320 64 334.3 64 352C64 369.7 78.33 384 96 384C113.7 384 128 369.7 128 352C128 334.3 113.7 320 96 320zM352 384C369.7 384 384 369.7 384 352C384 334.3 369.7 320 352 320C334.3 320 320 334.3 320 352C320 369.7 334.3 384 352 384z\"><\/path><\/svg><\/span><div>En coche<\/div><\/a><\/li><\/ul><div class=\"uagb-tabs__body-wrap\">\n<div class=\"wp-block-uagb-tabs-child uagb-tabs__body-container uagb-inner-tab-0 dep_tabs\" aria-labelledby=\"uagb-tabs__tab0\">\n<h4 class=\"wp-block-heading\">Para circular placenteramente, \u00a1elige la bicicleta!<\/h4>\n\n\n\n<p>Todos los municipios del Bassin de Arcachon est\u00e1n conectados por carriles bici. M\u00e1s de 330 km de senderos alrededor del Bassin.<\/p>\n\n\n\n<figure class=\"wp-block-image\"><img loading=\"lazy\" decoding=\"async\" width=\"1200\" height=\"800\" src=\"https:\/\/www.bassin-arcachon.com\/wp-content\/uploads\/2017\/02\/velo-cap-ferret-SIBA-agence-les-conteurs-8.jpg\" alt=\"- - Bassin d&#039;Arcachon\" class=\"wp-image-10754\" title=\"- - Bassin d&#039;Arcachon\" srcset=\"https:\/\/dev.bassin-arcachon.com\/wp-content\/uploads\/2017\/02\/velo-cap-ferret-SIBA-agence-les-conteurs-8.jpg 1200w, https:\/\/dev.bassin-arcachon.com\/wp-content\/uploads\/2017\/02\/velo-cap-ferret-SIBA-agence-les-conteurs-8-300x200.jpg 300w, https:\/\/dev.bassin-arcachon.com\/wp-content\/uploads\/2017\/02\/velo-cap-ferret-SIBA-agence-les-conteurs-8-1024x683.jpg 1024w, https:\/\/dev.bassin-arcachon.com\/wp-content\/uploads\/2017\/02\/velo-cap-ferret-SIBA-agence-les-conteurs-8-768x512.jpg 768w, https:\/\/dev.bassin-arcachon.com\/wp-content\/uploads\/2017\/02\/velo-cap-ferret-SIBA-agence-les-conteurs-8-18x12.jpg 18w, https:\/\/dev.bassin-arcachon.com\/wp-content\/uploads\/2017\/02\/velo-cap-ferret-SIBA-agence-les-conteurs-8-640x427.jpg 640w\" sizes=\"auto, (max-width: 1200px) 100vw, 1200px\" \/><\/figure>\n\n\n\n<div class=\"wp-block-buttons is-horizontal is-layout-flex wp-block-buttons-is-layout-flex\">\n<div class=\"wp-block-button\"><a class=\"wp-block-button__link wp-element-button\" href=\"https:\/\/fr.calameo.com\/read\/000024421306f9920b5fd\" target=\"_blank\" rel=\"noreferrer noopener\">Descarga el mapa tur\u00edstico<\/a><\/div>\n\n\n\n<div class=\"wp-block-button\"><a class=\"wp-block-button__link wp-element-button\" href=\"https:\/\/www.bassin-arcachon.com\/bassin-a-velo\/\">Encuentra una ruta en bicicleta<\/a><\/div>\n\n\n\n<div class=\"wp-block-button\"><a class=\"wp-block-button__link wp-element-button\" href=\"https:\/\/dev.bassin-arcachon.com\/es\/alquiler-de-bicicletas\/\">Alquila una bicicleta<\/a><\/div>\n\n\n\n<div class=\"wp-block-button\"><a class=\"wp-block-button__link wp-element-button\" href=\"https:\/\/fr.calameo.com\/read\/00002442172196ce0017a\" target=\"_blank\" rel=\"noreferrer noopener\">\u201cEl Bassin sin mi coche\u201d<\/a><\/div>\n<\/div>\n<\/div>\n\n\n\n<div class=\"wp-block-uagb-tabs-child uagb-tabs__body-container uagb-inner-tab-1 dep_tabs\" aria-labelledby=\"uagb-tabs__tab1\">\n<h4 class=\"wp-block-heading\">Cruzar la Bassin de Arcachon en lanzadera mar\u00edtima<\/h4>\n\n\n\n<p>2 proveedores ofrecen traves\u00edas en barco: <a href=\"https:\/\/bateliers-arcachon.com\/navettes\/\" target=\"_blank\" rel=\"noreferrer noopener\">la UBA<\/a> y el <a href=\"https:\/\/passemaree.fr\/bateau-andernos-arcachon-cap-ferret\/\" target=\"_blank\" rel=\"noreferrer noopener\">Pase de marea<\/a>. Tambi\u00e9n es posible moverse de una manera m\u00e1s \u00edntima con el <a href=\"https:\/\/www.calameo.com\/read\/000024421aa7e5a3e7faf\" target=\"_blank\" rel=\"noreferrer noopener\">taxis acu\u00e1ticos<\/a> (7 d\u00edas a la semana y 24 horas al d\u00eda) o <a href=\"https:\/\/www.calameo.com\/read\/000024421aa7e5a3e7faf\" target=\"_blank\" rel=\"noreferrer noopener\">aquilar un barco<\/a> a vela, a motor o incluso en las tradicionales pinazas.<\/p>\n\n\n\n<p><strong>Consejo :<\/strong>&nbsp;: en julio-agosto,&nbsp;<a href=\"https:\/\/www.agglo-cobas.fr\/mobilites\/bus-de-mer\/\" target=\"_blank\" rel=\"noreferrer noopener\">viajar en autob\u00fas mar\u00edtimo<\/a>&nbsp;\u00a1por 2\u20ac! Este barco-autob\u00fas conecta el peque\u00f1o puerto de Arcachon, el Jet\u00e9e Thiers y el Jet\u00e9e du Moulleau en Arcachon.<\/p>\n\n\n\n<figure class=\"wp-block-image\"><img loading=\"lazy\" decoding=\"async\" width=\"1200\" height=\"800\" src=\"https:\/\/www.bassin-arcachon.com\/wp-content\/uploads\/2017\/11\/balade-pinasse-lege-cap-ferret-56-1.jpg\" alt=\"- - Bassin d&#039;Arcachon\" class=\"wp-image-11004\" title=\"- - Bassin d&#039;Arcachon\" srcset=\"https:\/\/dev.bassin-arcachon.com\/wp-content\/uploads\/2017\/11\/balade-pinasse-lege-cap-ferret-56-1.jpg 1200w, https:\/\/dev.bassin-arcachon.com\/wp-content\/uploads\/2017\/11\/balade-pinasse-lege-cap-ferret-56-1-300x200.jpg 300w, https:\/\/dev.bassin-arcachon.com\/wp-content\/uploads\/2017\/11\/balade-pinasse-lege-cap-ferret-56-1-1024x683.jpg 1024w, https:\/\/dev.bassin-arcachon.com\/wp-content\/uploads\/2017\/11\/balade-pinasse-lege-cap-ferret-56-1-768x512.jpg 768w, https:\/\/dev.bassin-arcachon.com\/wp-content\/uploads\/2017\/11\/balade-pinasse-lege-cap-ferret-56-1-18x12.jpg 18w, https:\/\/dev.bassin-arcachon.com\/wp-content\/uploads\/2017\/11\/balade-pinasse-lege-cap-ferret-56-1-640x427.jpg 640w\" sizes=\"auto, (max-width: 1200px) 100vw, 1200px\" \/><\/figure>\n\n\n\n<div class=\"wp-block-buttons is-horizontal is-layout-flex wp-block-buttons-is-layout-flex\">\n<div class=\"wp-block-button\"><a class=\"wp-block-button__link wp-element-button\" href=\"https:\/\/www.calameo.com\/read\/000024421e9482904bfbe\" target=\"_blank\" rel=\"noopener\">Llama a un taxi acu\u00e1tico<\/a><\/div>\n\n\n\n<div class=\"wp-block-button\"><a class=\"wp-block-button__link wp-element-button\" href=\"https:\/\/www.calameo.com\/read\/0000244210a9b6b28589a\" target=\"_blank\" rel=\"noopener\">Renta un bote<\/a><\/div>\n<\/div>\n<\/div>\n\n\n\n<div class=\"wp-block-uagb-tabs-child uagb-tabs__body-container uagb-inner-tab-2 dep_tabs\" aria-labelledby=\"uagb-tabs__tab2\">\n<h4 class=\"wp-block-heading\">En la Bassin desde Arcachon, viaje con el TER Nouvelle Aquitaine:<\/h4>\n\n\n\n<p>\u2013 27 viajes de ida y vuelta al d\u00eda (l\u00ednea 41): Bordeaux St-Jean &gt; Marcheprime (20 min) &gt; Biganos (30 min) &gt; Le Teich (35 min) &gt; Gujan-Mestras (40 min) &gt; La Hume (44 min) &gt; La Teste de Buch (47min) &gt; Arcach\u00f3n (50 min)<\/p>\n\n\n\n<p>\u2013 Servicio diario a Biganos en tren semidirecto desde Burdeos (15 min) con las l\u00edneas 45 (direcci\u00f3n Mont de Marsan) y 51 (direcci\u00f3n Hendaya)<\/p>\n\n\n\n<div class=\"wp-block-buttons is-vertical is-layout-flex wp-container-core-buttons-is-layout-8cf370e7 wp-block-buttons-is-layout-flex\">\n<div class=\"wp-block-button\"><a class=\"wp-block-button__link wp-element-button\" href=\"https:\/\/www.ter.sncf.com\/nouvelle-aquitaine?gad_source=1&amp;gclid=EAIaIQobChMI8uP0uc-UiAMVMGNBAh0y0yXkEAAYASAAEgKSSfD_BwE&amp;gclsrc=aw.ds\" target=\"_blank\" rel=\"noopener\">Encuentra un tren<\/a><\/div>\n<\/div>\n<\/div>\n\n\n\n<div class=\"wp-block-uagb-tabs-child uagb-tabs__body-container uagb-inner-tab-3 dep_tabs\" aria-labelledby=\"uagb-tabs__tab3\">\n<h4 class=\"wp-block-heading\">En el Norte Bassin, viajar en autob\u00fas Alego o en autocar Nouvelle Aquitaine<\/h4>\n\n\n\n<div class=\"wp-block-buttons is-layout-flex wp-block-buttons-is-layout-flex\">\n<div class=\"wp-block-button\"><a class=\"wp-block-button__link wp-element-button\" href=\"https:\/\/transports.nouvelle-aquitaine.fr\/cars-regionaux\/reseau-et-horaires\" target=\"_blank\" rel=\"noreferrer noopener\">Encuentra un autob\u00fas en Nueva Aquitania<\/a><\/div>\n\n\n\n<div class=\"wp-block-button\"><a class=\"wp-block-button__link wp-element-button\" href=\"https:\/\/coban-atlantique.fr\/wp-content\/uploads\/2024\/08\/ALEGO_PlanReseau2_DernierTrim2024-1-scaled.jpg\" target=\"_blank\" rel=\"noreferrer noopener\">Encontrar un autob\u00fas ALEGO<\/a><\/div>\n<\/div>\n\n\n\n<h4 class=\"wp-block-heading\">En el Sur Bassin, viaja en autob\u00fas Ba\u00efa por 2\u20ac (v\u00e1lido por 1 hora)<\/h4>\n\n\n\n<div class=\"wp-block-buttons is-layout-flex wp-block-buttons-is-layout-flex\">\n<div class=\"wp-block-button\"><a class=\"wp-block-button__link wp-element-button\" href=\"https:\/\/www.bus-baia.fr\/\" target=\"_blank\" rel=\"noreferrer noopener\">Encuentra un autob\u00fas a BA\u00cfA<\/a><\/div>\n<\/div>\n<\/div>\n\n\n\n<div class=\"wp-block-uagb-tabs-child uagb-tabs__body-container uagb-inner-tab-4 dep_tabs\" aria-labelledby=\"uagb-tabs__tab4\">\n<p><a href=\"https:\/\/mobibarval.fr\/fr\/covoiturage-et-autopartage\" target=\"_blank\" rel=\"noreferrer noopener\">Considere compartir el auto<\/a><\/p>\n\n\n\n<p><a href=\"https:\/\/dev.bassin-arcachon.com\/es\/alquiler-vtc\/\" target=\"_blank\" rel=\"noreferrer noopener\">Alquilar un VTC<\/a><\/p>\n\n\n\n<p><a href=\"https:\/\/www.calameo.com\/read\/000024421aa7e5a3e7faf\" target=\"_blank\" rel=\"noopener\">Alquilar un coche<\/a><\/p>\n\n\n\n<p><a href=\"https:\/\/www.calameo.com\/read\/000024421aa7e5a3e7faf\" target=\"_blank\" rel=\"noopener\">Llama un taxi<\/a><\/p>\n\n\n\n<p><a href=\"https:\/\/www.google.fr\/maps\/dir\/\/Arcachon\/@44.6864424,-1.1801575,12.28z\/data=!4m8!4m7!1m0!1m5!1m1!1s0xd549ef8c86711e3:0x40665174816f060!2m2!1d-1.1785016!2d44.652297\" target=\"_blank\" rel=\"noreferrer noopener\">Calcula tu ruta<\/a><\/p>\n\n\n\n<p><a href=\"https:\/\/www.bassin-arcachon.com\/trafic-routier\/\">Mirar el estado del tr\u00e1fico por carretera.<\/a><\/p>\n<\/div>\n<\/div><\/div>\n<\/div><\/div>","protected":false},"excerpt":{"rendered":"<p>Bassin malin Sur le Bassin d&rsquo;Arcachon, les distances sont courtes, mais elles peuvent s\u2019av\u00e9rer bien plus longues lorsqu\u2019on est dans les bouchons, on privil\u00e9gie plut\u00f4t les d\u00e9placements doux et collectifs\u2026<\/p>","protected":false},"author":25,"featured_media":19889,"parent":0,"menu_order":16,"comment_status":"closed","ping_status":"closed","template":"page-templates\/page-se-deplacer.php","meta":{"_acf_changed":false,"_uag_custom_page_level_css":"","footnotes":""},"class_list":["post-67","page","type-page","status-publish","has-post-thumbnail","hentry"],"acf":[],"uagb_featured_image_src":{"full":["https:\/\/dev.bassin-arcachon.com\/wp-content\/uploads\/2018\/04\/velo-bassin-darcachon-photo-de-une-1-e1548069222827.jpg",1200,800,false],"thumbnail":["https:\/\/dev.bassin-arcachon.com\/wp-content\/uploads\/2018\/04\/velo-bassin-darcachon-photo-de-une-1-e1548069222827-150x150.jpg",150,150,true],"medium":["https:\/\/dev.bassin-arcachon.com\/wp-content\/uploads\/2018\/04\/velo-bassin-darcachon-photo-de-une-1-e1548069222827-300x200.jpg",300,200,true],"medium_large":["https:\/\/dev.bassin-arcachon.com\/wp-content\/uploads\/2018\/04\/velo-bassin-darcachon-photo-de-une-1-e1548069222827-768x512.jpg",768,512,true],"large":["https:\/\/dev.bassin-arcachon.com\/wp-content\/uploads\/2018\/04\/velo-bassin-darcachon-photo-de-une-1-e1548069222827-1024x683.jpg",1024,683,true],"1536x1536":["https:\/\/dev.bassin-arcachon.com\/wp-content\/uploads\/2018\/04\/velo-bassin-darcachon-photo-de-une-1-e1548069222827.jpg",1200,800,false],"2048x2048":["https:\/\/dev.bassin-arcachon.com\/wp-content\/uploads\/2018\/04\/velo-bassin-darcachon-photo-de-une-1-e1548069222827.jpg",1200,800,false],"trp-custom-language-flag":["https:\/\/dev.bassin-arcachon.com\/wp-content\/uploads\/2018\/04\/velo-bassin-darcachon-photo-de-une-1-e1548069222827-18x12.jpg",18,12,true],"fp-small":["https:\/\/dev.bassin-arcachon.com\/wp-content\/uploads\/2018\/04\/velo-bassin-darcachon-photo-de-une-1-e1548069222827-640x427.jpg",640,427,true],"fp-large":["https:\/\/dev.bassin-arcachon.com\/wp-content\/uploads\/2018\/04\/velo-bassin-darcachon-photo-de-une-1-e1548069222827.jpg",1200,800,false],"fp-xlarge":["https:\/\/dev.bassin-arcachon.com\/wp-content\/uploads\/2018\/04\/velo-bassin-darcachon-photo-de-une-1-e1548069222827.jpg",1200,800,false]},"uagb_author_info":{"display_name":"Marie Clauzel","author_link":"https:\/\/dev.bassin-arcachon.com\/es\/author\/mariesiba\/"},"uagb_comment_info":0,"uagb_excerpt":"Bassin malin Sur le Bassin d&rsquo;Arcachon, les distances sont courtes, mais elles peuvent s\u2019av\u00e9rer bien plus longues lorsqu\u2019on est dans les bouchons, on privil\u00e9gie plut\u00f4t les d\u00e9placements doux et collectifs\u2026","_links":{"self":[{"href":"https:\/\/dev.bassin-arcachon.com\/es\/wp-json\/wp\/v2\/pages\/67","targetHints":{"allow":["GET"]}}],"collection":[{"href":"https:\/\/dev.bassin-arcachon.com\/es\/wp-json\/wp\/v2\/pages"}],"about":[{"href":"https:\/\/dev.bassin-arcachon.com\/es\/wp-json\/wp\/v2\/types\/page"}],"author":[{"embeddable":true,"href":"https:\/\/dev.bassin-arcachon.com\/es\/wp-json\/wp\/v2\/users\/25"}],"replies":[{"embeddable":true,"href":"https:\/\/dev.bassin-arcachon.com\/es\/wp-json\/wp\/v2\/comments?post=67"}],"version-history":[{"count":5,"href":"https:\/\/dev.bassin-arcachon.com\/es\/wp-json\/wp\/v2\/pages\/67\/revisions"}],"predecessor-version":[{"id":144095,"href":"https:\/\/dev.bassin-arcachon.com\/es\/wp-json\/wp\/v2\/pages\/67\/revisions\/144095"}],"wp:featuredmedia":[{"embeddable":true,"href":"https:\/\/dev.bassin-arcachon.com\/es\/wp-json\/wp\/v2\/media\/19889"}],"wp:attachment":[{"href":"https:\/\/dev.bassin-arcachon.com\/es\/wp-json\/wp\/v2\/media?parent=67"}],"curies":[{"name":"wp","href":"https:\/\/api.w.org\/{rel}","templated":true}]}}