{"id":69,"date":"2019-09-26T11:20:36","date_gmt":"2019-09-26T09:20:36","guid":{"rendered":"https:\/\/dev.bassin-arcachon.com\/\/?page_id=69"},"modified":"2024-12-16T13:59:34","modified_gmt":"2024-12-16T12:59:34","slug":"encuentra-tu-punto-wifi","status":"publish","type":"page","link":"https:\/\/dev.bassin-arcachon.com\/es\/encuentra-tu-punto-wifi\/","title":{"rendered":"Encuentra tu punto de acceso WiFi"},"content":{"rendered":"<div class=\"wp-block-uagb-container uagb-block-48fa6ada alignfull uagb-is-root-container\"><div class=\"uagb-container-inner-blocks-wrap\">\n<h2 class=\"wp-block-heading\">M\u00e1s de 80 puntos WiFi en el Bassin en Arcachon<\/h2>\n\n\n\n<h3 class=\"wp-block-heading\">El Bassin de Arcachon le ofrece acceso WiFi gratuito, ilimitado y seguro para navegar libremente por Internet en lugares p\u00fablicos equipados. <\/h3>\n\n\n\n<p><a href=\"https:\/\/dev.bassin-arcachon.com\/wp-content\/uploads\/2020\/07\/Wifi_janvier_2025-dg.pdf\">Folleto WiFi para el Bassin en Arcachon<\/a><\/p>\n<\/div><\/div>\n\n\n\n<div style=\"height:40px\" aria-hidden=\"true\" class=\"wp-block-spacer\"><\/div>\n\n\n\n<div class=\"wp-block-uagb-container uagb-block-090d7186 alignfull uagb-is-root-container\"><div class=\"uagb-container-inner-blocks-wrap\">\n<div class=\"wp-block-uagb-container gris uagb-block-54694b29\">\n<h2 class=\"wp-block-heading\">C\u00f3mo iniciar sesi\u00f3n<\/h2>\n\n\n\n<p><img loading=\"lazy\" decoding=\"async\" src=\"https:\/\/dev.bassin-arcachon.com\/\/wp-content\/uploads\/2021\/02\/wifi-01-2.png\" alt=\"- - Bassin d&#039;Arcachon\" width=\"54\" height=\"43\" title=\"- - Bassin d&#039;Arcachon\">&nbsp;&nbsp; 1\/ Activa la funci\u00f3n WiFi en tu ordenador, tablet o smartphone.<\/p>\n\n\n\n<p><img loading=\"lazy\" decoding=\"async\" src=\"https:\/\/dev.bassin-arcachon.com\/\/wp-content\/uploads\/2021\/02\/wifi-02-2-244x300.png\" alt=\"- - Bassin d&#039;Arcachon\" width=\"45\" height=\"55\" srcset=\"https:\/\/dev.bassin-arcachon.com\/wp-content\/uploads\/2021\/02\/wifi-02-2-244x300.png 244w, https:\/\/dev.bassin-arcachon.com\/wp-content\/uploads\/2021\/02\/wifi-02-2.png 321w\" title=\"- - Bassin d&#039;Arcachon\">&nbsp; &nbsp; &nbsp;2\/ Localiza un punto de acceso WiFi gracias a su se\u00f1alizaci\u00f3n. Establecer dentro de los 50m.<\/p>\n\n\n\n<p><img loading=\"lazy\" decoding=\"async\" src=\"https:\/\/dev.bassin-arcachon.com\/\/wp-content\/uploads\/2021\/02\/wifi-03-2-300x234.png\" alt=\"- - Bassin d&#039;Arcachon\" width=\"55\" height=\"43\" srcset=\"https:\/\/dev.bassin-arcachon.com\/wp-content\/uploads\/2021\/02\/wifi-03-2-300x234.png 300w, https:\/\/dev.bassin-arcachon.com\/wp-content\/uploads\/2021\/02\/wifi-03-2.png 379w\" title=\"- - Bassin d&#039;Arcachon\">&nbsp; &nbsp;3\/ Seleccione la red \u201cWiFi_Bassin_Arcachon\u201d y valide su elecci\u00f3n.<\/p>\n\n\n\n<p><img loading=\"lazy\" decoding=\"async\" src=\"https:\/\/dev.bassin-arcachon.com\/\/wp-content\/uploads\/2021\/02\/wifi-04-2-300x300.png\" alt=\"- - Bassin d&#039;Arcachon\" width=\"55\" height=\"55\" srcset=\"https:\/\/dev.bassin-arcachon.com\/wp-content\/uploads\/2021\/02\/wifi-04-2-300x300.png 300w, https:\/\/dev.bassin-arcachon.com\/wp-content\/uploads\/2021\/02\/wifi-04-2-150x150.png 150w, https:\/\/dev.bassin-arcachon.com\/wp-content\/uploads\/2021\/02\/wifi-04-2.png 363w\" title=\"- - Bassin d&#039;Arcachon\">&nbsp; &nbsp;4\/ Se muestra el portal de acceso a la red WiFi_Bassin_Arcachon.<\/p>\n\n\n\n<p><img loading=\"lazy\" decoding=\"async\" src=\"https:\/\/dev.bassin-arcachon.com\/\/wp-content\/uploads\/2021\/02\/wifi-05-2.png\" alt=\"- - Bassin d&#039;Arcachon\" width=\"64\" height=\"46\" title=\"- - Bassin d&#039;Arcachon\">&nbsp;&nbsp;5\/ Ingrese su correo electr\u00f3nico o use su cuenta de Facebook, Twitter o Google y acepte los t\u00e9rminos de uso.<\/p>\n\n\n\n<p><img loading=\"lazy\" decoding=\"async\" src=\"https:\/\/dev.bassin-arcachon.com\/\/wp-content\/uploads\/2021\/02\/wifi-06-2-300x290.png\" alt=\"- - Bassin d&#039;Arcachon\" width=\"54\" height=\"52\" srcset=\"https:\/\/dev.bassin-arcachon.com\/wp-content\/uploads\/2021\/02\/wifi-06-2-300x290.png 300w, https:\/\/dev.bassin-arcachon.com\/wp-content\/uploads\/2021\/02\/wifi-06-2.png 408w\" title=\"- - Bassin d&#039;Arcachon\">&nbsp; &nbsp; 6\/ \u00a1Ya puedes navegar por Internet de forma ilimitada, gratuita y con total seguridad!<\/p>\n<\/div>\n\n\n\n<div class=\"wp-block-uagb-container uagb-block-4a9e8f10\">\n<div class=\"wp-block-uagb-image alignleft uagb-block-1a9dafad wp-block-uagb-image--layout-default wp-block-uagb-image--effect-static wp-block-uagb-image--align-left\"><figure class=\"wp-block-uagb-image__figure\"><a class=\"\" href=\"https:\/\/dev.bassin-arcachon.com\/wp-content\/uploads\/2020\/07\/Wifi_janvier_2025-dg.pdf\" target=\"\" rel=\"noopener\"><img decoding=\"async\" srcset=\"https:\/\/dev.bassin-arcachon.com\/wp-content\/uploads\/2022\/01\/capture-wifi-bassin-arcachon.png \" sizes=\"auto, (max-width: 480px) 150px\" src=\"https:\/\/dev.bassin-arcachon.com\/wp-content\/uploads\/2022\/01\/capture-wifi-bassin-arcachon.png\" alt=\"- - Bassin d&#039;Arcachon\" class=\"uag-image-50923\" width=\"288\" height=\"511\" title=\"- - Bassin d&#039;Arcachon\" loading=\"lazy\" role=\"img\"><\/a><\/figure><\/div>\n<\/div>\n<\/div><\/div>\n\n\n\n<div style=\"height:40px\" aria-hidden=\"true\" class=\"wp-block-spacer\"><\/div>\n\n\n\n<div class=\"wp-block-group\"><div class=\"wp-block-group__inner-container is-layout-constrained wp-block-group-is-layout-constrained\">\n<div class=\"wp-block-uagb-container uagb-block-81f1f5a0 alignfull uagb-is-root-container\"><div class=\"uagb-container-inner-blocks-wrap\">\n<div class=\"wp-block-uagb-container uagb-block-7cfcf15d\">\n<h3 class=\"wp-block-heading\">\u00a1Haz surf inteligente!<\/h3>\n\n\n\n<p>\u00a1La red WiFi_Bassin_Arcachon te recuerda, si tu primera conexi\u00f3n se establece correctamente (validaci\u00f3n de tu correo electr\u00f3nico o proceso completo de conexi\u00f3n con Facebook, Google, Twitter)! La conexi\u00f3n se realizar\u00e1 autom\u00e1ticamente en el mismo dispositivo cada vez que est\u00e9s cerca de uno de nuestros terminales WiFi, independientemente del municipio del Bassin.<\/p>\n<\/div>\n\n\n\n<div class=\"wp-block-uagb-container uagb-block-b4eb1e67\">\n<h3 class=\"wp-block-heading\">Asistencia t\u00e9cnica en:<\/h3>\n\n\n\n<p>09 72 12 27 24 (Precio de una llamada local).<br>Lunes a viernes, de 8h a 18h<br>M\u00e1s detalles sobre&nbsp;<a href=\"http:\/\/assistance.2isr.fr\/\" target=\"_blank\" rel=\"noreferrer noopener\">http:\/\/assistance.2isr.fr<\/a><\/p>\n<\/div>\n<\/div><\/div>\n<\/div><\/div>\n\n\n\n<div class=\"wp-block-uagb-container uagb-block-a72ac55a alignfull uagb-is-root-container\"><div class=\"uagb-container-inner-blocks-wrap\">\n<h3 class=\"wp-block-heading\">Sobriedad digital<\/h3>\n\n\n\n<p>\u00a1Adoptemos las acciones correctas para un mundo digital m\u00e1s ecol\u00f3gico! Juntos, reduzcamos nuestro impacto ambiental adoptando acciones simples para un mundo digital m\u00e1s responsable. Descubra nuestros consejos pr\u00e1cticos\u00a0<strong><a href=\"https:\/\/www.ecologie.gouv.fr\/sites\/default\/files\/guide-en-route-vers-sobriete-numerique.pdf\" target=\"_blank\" rel=\"noreferrer noopener\">en este sitio\u00a0<\/a>!<\/strong><\/p>\n<\/div><\/div>\n\n\n\n<div style=\"height:40px\" aria-hidden=\"true\" class=\"wp-block-spacer\"><\/div>\n\n\n\n<div class=\"wp-block-uagb-container uagb-block-5b52632f alignfull uagb-is-root-container\"><div class=\"uagb-container-inner-blocks-wrap\">\n<h2 class=\"wp-block-heading\">Tus puntos de acceso WIFI<\/h2>\n\n\n\n<p><a class=\"\" href=\"https:\/\/dev.bassin-arcachon.com\/es\/encuentra-tu-punto-wifi\/wifi-arcachon\/\">Wifi en Arcach\u00f3n<\/a>&nbsp;|&nbsp;<a class=\"\" href=\"https:\/\/dev.bassin-arcachon.com\/es\/encuentra-tu-punto-wifi\/wifi-la-teste-de-buch\/\">WiFi en La Teste de Buch<\/a>&nbsp;|&nbsp;<a class=\"\" href=\"https:\/\/dev.bassin-arcachon.com\/es\/encuentra-tu-punto-wifi\/wifi-gujan-mestras\/\">Wifi en Gujan Mestras<\/a>&nbsp;|&nbsp;<a class=\"\" href=\"https:\/\/dev.bassin-arcachon.com\/es\/encuentra-tu-punto-wifi\/wifi-le-teich\/\">Wi-Fi en Teich<\/a>&nbsp;|&nbsp;<a class=\"\" href=\"https:\/\/dev.bassin-arcachon.com\/es\/encuentra-tu-punto-wifi\/wifi-biganos\/\">Wifi en Biganos<\/a>&nbsp;|&nbsp;<a class=\"\" href=\"https:\/\/dev.bassin-arcachon.com\/es\/encuentra-tu-punto-wifi\/wifi-audenge\/\">Wifi en Audenge<\/a>&nbsp;|&nbsp;<a class=\"\" href=\"https:\/\/dev.bassin-arcachon.com\/es\/encuentra-tu-punto-wifi\/wifi-lanton\/\">Wifi en Lant\u00f3n<\/a>&nbsp;|&nbsp;<a class=\"\" href=\"https:\/\/dev.bassin-arcachon.com\/es\/encuentra-tu-punto-wifi\/wifi-andernos-les-bains\/\">Wifi en Andernos-les-Bains<\/a>&nbsp;|&nbsp;<a class=\"\" href=\"https:\/\/dev.bassin-arcachon.com\/es\/encuentra-tu-punto-wifi\/wifi-ares\/\">Wifi en Ares<\/a>&nbsp;|&nbsp;<a class=\"\" href=\"https:\/\/dev.bassin-arcachon.com\/es\/encuentra-tu-punto-wifi\/wifi-lege-cap-ferret\/\">Wifi en L\u00e8ge-Cap Ferret<\/a><\/p>\n<\/div><\/div>\n\n\n\n<div style=\"height:40px\" aria-hidden=\"true\" class=\"wp-block-spacer\"><\/div>","protected":false},"excerpt":{"rendered":"<p>M\u00e1s de 80 puntos WiFi en el Bassin de Arcachon El Bassin de Arcachon le ofrece acceso WiFi gratuito, ilimitado y seguro para navegar libremente por Internet en lugares p\u00fablicos [\u2026]<\/p>","protected":false},"author":25,"featured_media":7351,"parent":0,"menu_order":17,"comment_status":"closed","ping_status":"closed","template":"","meta":{"_acf_changed":false,"_uag_custom_page_level_css":"","footnotes":""},"class_list":["post-69","page","type-page","status-publish","has-post-thumbnail","hentry"],"acf":[],"uagb_featured_image_src":{"full":["https:\/\/dev.bassin-arcachon.com\/wp-content\/uploads\/2017\/02\/Modif-Marion.jpg",915,368,false],"thumbnail":["https:\/\/dev.bassin-arcachon.com\/wp-content\/uploads\/2017\/02\/Modif-Marion-150x150.jpg",150,150,true],"medium":["https:\/\/dev.bassin-arcachon.com\/wp-content\/uploads\/2017\/02\/Modif-Marion-300x121.jpg",300,121,true],"medium_large":["https:\/\/dev.bassin-arcachon.com\/wp-content\/uploads\/2017\/02\/Modif-Marion-768x309.jpg",768,309,true],"large":["https:\/\/dev.bassin-arcachon.com\/wp-content\/uploads\/2017\/02\/Modif-Marion.jpg",915,368,false],"1536x1536":["https:\/\/dev.bassin-arcachon.com\/wp-content\/uploads\/2017\/02\/Modif-Marion.jpg",915,368,false],"2048x2048":["https:\/\/dev.bassin-arcachon.com\/wp-content\/uploads\/2017\/02\/Modif-Marion.jpg",915,368,false],"trp-custom-language-flag":["https:\/\/dev.bassin-arcachon.com\/wp-content\/uploads\/2017\/02\/Modif-Marion-18x7.jpg",18,7,true],"fp-small":["https:\/\/dev.bassin-arcachon.com\/wp-content\/uploads\/2017\/02\/Modif-Marion-640x257.jpg",640,257,true],"fp-large":["https:\/\/dev.bassin-arcachon.com\/wp-content\/uploads\/2017\/02\/Modif-Marion.jpg",915,368,false],"fp-xlarge":["https:\/\/dev.bassin-arcachon.com\/wp-content\/uploads\/2017\/02\/Modif-Marion.jpg",915,368,false]},"uagb_author_info":{"display_name":"Marie Clauzel","author_link":"https:\/\/dev.bassin-arcachon.com\/es\/author\/mariesiba\/"},"uagb_comment_info":0,"uagb_excerpt":"Plus de 80 points WiFi sur le Bassin d&rsquo;Arcachon Le Bassin d\u2019Arcachon vous offre un acc\u00e8s WiFi gratuit, illimit\u00e9 et s\u00e9curis\u00e9 pour surfer sur Internet librement dans des lieux publics [&hellip;]","_links":{"self":[{"href":"https:\/\/dev.bassin-arcachon.com\/es\/wp-json\/wp\/v2\/pages\/69","targetHints":{"allow":["GET"]}}],"collection":[{"href":"https:\/\/dev.bassin-arcachon.com\/es\/wp-json\/wp\/v2\/pages"}],"about":[{"href":"https:\/\/dev.bassin-arcachon.com\/es\/wp-json\/wp\/v2\/types\/page"}],"author":[{"embeddable":true,"href":"https:\/\/dev.bassin-arcachon.com\/es\/wp-json\/wp\/v2\/users\/25"}],"replies":[{"embeddable":true,"href":"https:\/\/dev.bassin-arcachon.com\/es\/wp-json\/wp\/v2\/comments?post=69"}],"version-history":[{"count":1,"href":"https:\/\/dev.bassin-arcachon.com\/es\/wp-json\/wp\/v2\/pages\/69\/revisions"}],"predecessor-version":[{"id":119036,"href":"https:\/\/dev.bassin-arcachon.com\/es\/wp-json\/wp\/v2\/pages\/69\/revisions\/119036"}],"wp:featuredmedia":[{"embeddable":true,"href":"https:\/\/dev.bassin-arcachon.com\/es\/wp-json\/wp\/v2\/media\/7351"}],"wp:attachment":[{"href":"https:\/\/dev.bassin-arcachon.com\/es\/wp-json\/wp\/v2\/media?parent=69"}],"curies":[{"name":"wp","href":"https:\/\/api.w.org\/{rel}","templated":true}]}}