{"id":770,"date":"2017-04-04T12:36:10","date_gmt":"2017-04-04T10:36:10","guid":{"rendered":"https:\/\/dev.bassin-arcachon.com\/\/?page_id=770"},"modified":"2024-12-16T14:04:51","modified_gmt":"2024-12-16T13:04:51","slug":"wifi-biganos","status":"publish","type":"page","link":"https:\/\/dev.bassin-arcachon.com\/es\/encuentra-tu-punto-wifi\/wifi-biganos\/","title":{"rendered":"Bienvenidos a Biganos"},"content":{"rendered":"<div style=\"height:40px\" aria-hidden=\"true\" class=\"wp-block-spacer\"><\/div>\n\n\n\n<div class=\"wp-block-uagb-container uagb-block-89bd62e6 alignfull uagb-is-root-container\"><div class=\"uagb-container-inner-blocks-wrap\">\n<div class=\"wp-block-uagb-container uagb-block-f19cf252\">\n<h2 class=\"wp-block-heading\">Biganos te ofrece acceso WiFi gratuito y seguro para navegar libremente por Internet en lugares p\u00fablicos equipados.<\/h2>\n\n\n\n<p>Abrimos el capitulo&nbsp;<a href=\"https:\/\/www.bassin-arcachon.com\/nos-villes-et-villages\/coeur-du-bassin\/\">El Coraz\u00f3n de la bah\u00eda<\/a>&nbsp;mientras explora Biganos. Tras caer en el encanto de su at\u00edpico puerto abierto al delta del Leyre, recorremos en bicicleta el puerto de Tiles y sus casetas, antes de ir a degustar un poco de Caviar de France en buena compa\u00f1\u00eda.<\/p>\n<\/div>\n\n\n\n<div class=\"wp-block-uagb-container uagb-block-f4591093\">\n<div class=\"wp-block-uagb-image uagb-block-bb3ab00d wp-block-uagb-image--layout-default wp-block-uagb-image--effect-static wp-block-uagb-image--align-none\"><figure class=\"wp-block-uagb-image__figure\"><img decoding=\"async\" srcset=\"https:\/\/dev.bassin-arcachon.com\/wp-content\/uploads\/2017\/12\/port-de-biganos-12-1024x700.jpg \" sizes=\"auto, (max-width: 480px) 150px\" src=\"https:\/\/dev.bassin-arcachon.com\/wp-content\/uploads\/2017\/12\/port-de-biganos-12-1024x700.jpg\" alt=\"- - Bassin d&#039;Arcachon\" class=\"uag-image-11652\" width=\"1024\" height=\"700\" title=\"- - Bassin d&#039;Arcachon\" loading=\"lazy\" role=\"img\"><\/figure><\/div>\n<\/div>\n<\/div><\/div>\n\n\n\n<div style=\"height:40px\" aria-hidden=\"true\" class=\"wp-block-spacer\"><\/div>\n\n\n\n<div class=\"wp-block-uagb-container uagb-block-9b845831 alignfull uagb-is-root-container\"><div class=\"uagb-container-inner-blocks-wrap\">\n<figure class=\"wp-block-pullquote\"><blockquote><p>Descubra la ciudad de Biganos en&nbsp;<a href=\"https:\/\/www.tourisme-coeurdubassin.com\/\" target=\"_blank\" rel=\"noreferrer noopener\">www.tourisme-coeurdubassin.com<\/a>.<br>Explora esto&nbsp;<a href=\"https:\/\/www.bassin-arcachon.com\/\">sitio web, el del Bassin de Arcachon<\/a>. \u00a1No necesitas identificarte!<\/p><\/blockquote><\/figure>\n<\/div><\/div>\n\n\n\n<div style=\"height:40px\" aria-hidden=\"true\" class=\"wp-block-spacer\"><\/div>\n\n\n\n<div class=\"wp-block-uagb-container uagb-block-7004a56a alignfull uagb-is-root-container\"><div class=\"uagb-container-inner-blocks-wrap\">\n<h3 class=\"wp-block-heading\">\u00a1Haz surf inteligente!<\/h3>\n\n\n\n<p>\u00a1La red WiFi_Bassin_Arcachon se acuerda de ti! La conexi\u00f3n se realizar\u00e1 autom\u00e1ticamente en el mismo dispositivo cada vez que est\u00e9s cerca de uno de nuestros terminales WiFi, independientemente del municipio del Bassin. Recuerde reiniciar su navegador.<\/p>\n\n\n\n<h3 class=\"wp-block-heading\">Sobriedad digital<\/h3>\n\n\n\n<p>\u00a1Adoptemos las acciones correctas para un mundo digital m\u00e1s ecol\u00f3gico! Juntos, reduzcamos nuestro impacto ambiental adoptando acciones simples para un mundo digital m\u00e1s responsable. Descubra nuestros consejos pr\u00e1cticos\u00a0<strong><a href=\"https:\/\/www.ecologie.gouv.fr\/sites\/default\/files\/guide-en-route-vers-sobriete-numerique.pdf\" target=\"_blank\" rel=\"noreferrer noopener\">en este sitio\u00a0<\/a>!<\/strong><\/p>\n<\/div><\/div>\n\n\n\n<div style=\"height:40px\" aria-hidden=\"true\" class=\"wp-block-spacer\"><\/div>","protected":false},"excerpt":{"rendered":"<p>Biganos vous offre un acc\u00e8s WiFi gratuit et s\u00e9curis\u00e9 pour surfer sur Internet librement dans les lieux publics \u00e9quip\u00e9s. On ouvre le chapitre&nbsp;C\u0153ur du Bassin&nbsp;en explorant Biganos. Apr\u00e8s \u00eatre tomb\u00e9 [&hellip;]<\/p>","protected":false},"author":25,"featured_media":24170,"parent":69,"menu_order":12,"comment_status":"closed","ping_status":"closed","template":"","meta":{"_acf_changed":false,"_uag_custom_page_level_css":"","footnotes":""},"class_list":["post-770","page","type-page","status-publish","has-post-thumbnail","hentry"],"acf":[],"uagb_featured_image_src":{"full":["https:\/\/dev.bassin-arcachon.com\/wp-content\/uploads\/2017\/04\/port-des-tuiles-biganos.jpg",1200,664,false],"thumbnail":["https:\/\/dev.bassin-arcachon.com\/wp-content\/uploads\/2017\/04\/port-des-tuiles-biganos-150x150.jpg",150,150,true],"medium":["https:\/\/dev.bassin-arcachon.com\/wp-content\/uploads\/2017\/04\/port-des-tuiles-biganos-300x166.jpg",300,166,true],"medium_large":["https:\/\/dev.bassin-arcachon.com\/wp-content\/uploads\/2017\/04\/port-des-tuiles-biganos-768x425.jpg",768,425,true],"large":["https:\/\/dev.bassin-arcachon.com\/wp-content\/uploads\/2017\/04\/port-des-tuiles-biganos-1024x567.jpg",1024,567,true],"1536x1536":["https:\/\/dev.bassin-arcachon.com\/wp-content\/uploads\/2017\/04\/port-des-tuiles-biganos.jpg",1200,664,false],"2048x2048":["https:\/\/dev.bassin-arcachon.com\/wp-content\/uploads\/2017\/04\/port-des-tuiles-biganos.jpg",1200,664,false],"trp-custom-language-flag":["https:\/\/dev.bassin-arcachon.com\/wp-content\/uploads\/2017\/04\/port-des-tuiles-biganos-18x10.jpg",18,10,true],"fp-small":["https:\/\/dev.bassin-arcachon.com\/wp-content\/uploads\/2017\/04\/port-des-tuiles-biganos-640x354.jpg",640,354,true],"fp-large":["https:\/\/dev.bassin-arcachon.com\/wp-content\/uploads\/2017\/04\/port-des-tuiles-biganos.jpg",1200,664,false],"fp-xlarge":["https:\/\/dev.bassin-arcachon.com\/wp-content\/uploads\/2017\/04\/port-des-tuiles-biganos.jpg",1200,664,false]},"uagb_author_info":{"display_name":"Marie Clauzel","author_link":"https:\/\/dev.bassin-arcachon.com\/es\/author\/mariesiba\/"},"uagb_comment_info":0,"uagb_excerpt":"Biganos vous offre un acc\u00e8s WiFi gratuit et s\u00e9curis\u00e9 pour surfer sur Internet librement dans les lieux publics \u00e9quip\u00e9s. On ouvre le chapitre&nbsp;C\u0153ur du Bassin&nbsp;en explorant Biganos. Apr\u00e8s \u00eatre tomb\u00e9 [&hellip;]","_links":{"self":[{"href":"https:\/\/dev.bassin-arcachon.com\/es\/wp-json\/wp\/v2\/pages\/770","targetHints":{"allow":["GET"]}}],"collection":[{"href":"https:\/\/dev.bassin-arcachon.com\/es\/wp-json\/wp\/v2\/pages"}],"about":[{"href":"https:\/\/dev.bassin-arcachon.com\/es\/wp-json\/wp\/v2\/types\/page"}],"author":[{"embeddable":true,"href":"https:\/\/dev.bassin-arcachon.com\/es\/wp-json\/wp\/v2\/users\/25"}],"replies":[{"embeddable":true,"href":"https:\/\/dev.bassin-arcachon.com\/es\/wp-json\/wp\/v2\/comments?post=770"}],"version-history":[{"count":1,"href":"https:\/\/dev.bassin-arcachon.com\/es\/wp-json\/wp\/v2\/pages\/770\/revisions"}],"predecessor-version":[{"id":119044,"href":"https:\/\/dev.bassin-arcachon.com\/es\/wp-json\/wp\/v2\/pages\/770\/revisions\/119044"}],"up":[{"embeddable":true,"href":"https:\/\/dev.bassin-arcachon.com\/es\/wp-json\/wp\/v2\/pages\/69"}],"wp:featuredmedia":[{"embeddable":true,"href":"https:\/\/dev.bassin-arcachon.com\/es\/wp-json\/wp\/v2\/media\/24170"}],"wp:attachment":[{"href":"https:\/\/dev.bassin-arcachon.com\/es\/wp-json\/wp\/v2\/media?parent=770"}],"curies":[{"name":"wp","href":"https:\/\/api.w.org\/{rel}","templated":true}]}}