{"id":8409,"date":"2017-11-20T10:18:54","date_gmt":"2017-11-20T09:18:54","guid":{"rendered":"https:\/\/dev.bassin-arcachon.com\/\/?page_id=8409"},"modified":"2025-03-21T11:21:12","modified_gmt":"2025-03-21T10:21:12","slug":"que-hacer-cuando-llueve","status":"publish","type":"page","link":"https:\/\/dev.bassin-arcachon.com\/es\/que-hacer-cuando-llueve\/","title":{"rendered":"Qu\u00e9 hacer cuando llueve ?"},"content":{"rendered":"<div class=\"wp-block-uagb-container uagb-block-3e11289c alignfull uagb-is-root-container\"><div class=\"uagb-container-inner-blocks-wrap\">\n<div class=\"wp-block-buttons is-content-justification-center is-layout-flex wp-container-core-buttons-is-layout-16018d1d wp-block-buttons-is-layout-flex\">\n<div class=\"wp-block-button\"><a class=\"wp-block-button__link wp-element-button\" href=\"https:\/\/www.calameo.com\/read\/000024421dd1f2bc56daa\" target=\"_blank\" rel=\"noreferrer noopener\">\u00bfQu\u00e9 hacer en el Arcachon Bassin cuando llueve? \u00a1Descarga el PDF!<\/a><\/div>\n<\/div>\n<\/div><\/div>\n\n\n\n<div style=\"height:60px\" aria-hidden=\"true\" class=\"wp-block-spacer\"><\/div>\n\n\n\n<div class=\"wp-block-uagb-container uagb-block-5c2cf503 alignfull uagb-is-root-container\"><div class=\"uagb-container-inner-blocks-wrap\">\n<div class=\"wp-block-uagb-container uagb-block-b283b991\">\n<h2 class=\"wp-block-heading\">\u00a1B\u00faho, est\u00e1 lloviendo!<\/h2>\n\n\n\n<p>Est\u00e1 lloviendo, vale... \u00a1pero tu estancia en el Arcachon Bassin no termina ah\u00ed!<\/p>\n\n\n\n<p>Aprovecha estos d\u00edas nublados para descubrir actividades tan agradables en vacaciones como los fines de semana.<\/p>\n\n\n\n<p>Mediateca y piscina municipal, casino, bolos, laser tag, cine, balneoterapia, talasoterapia, spa\u2026<\/p>\n\n\n\n<p>\u00a1No hay escasez de oportunidades para obtener ox\u00edgeno, incluso en clima lluvioso!<\/p>\n<\/div>\n\n\n\n<div class=\"wp-block-uagb-container uagb-block-58a3a22c\">\n<div class=\"wp-block-uagb-image uagb-block-552f12e2 wp-block-uagb-image--layout-default wp-block-uagb-image--effect-static wp-block-uagb-image--align-none\"><figure class=\"wp-block-uagb-image__figure\"><img decoding=\"async\" srcset=\"https:\/\/dev.bassin-arcachon.com\/wp-content\/uploads\/2020\/03\/thalasso-thalazur-arcachon-cure-couple-1024x684.jpg \" sizes=\"auto, (max-width: 480px) 150px\" src=\"https:\/\/dev.bassin-arcachon.com\/wp-content\/uploads\/2020\/03\/thalasso-thalazur-arcachon-cure-couple-1024x684.jpg\" alt=\"- - Bassin d&#039;Arcachon\" class=\"uag-image-42589\" width=\"1024\" height=\"684\" title=\"- - Bassin d&#039;Arcachon\" loading=\"lazy\" role=\"img\"><\/figure><\/div>\n<\/div>\n<\/div><\/div>\n\n\n\n<div style=\"height:60px\" aria-hidden=\"true\" class=\"wp-block-spacer\"><\/div>\n\n\n\n<div class=\"wp-block-uagb-container uagb-block-fa5e4fc3 alignfull uagb-is-root-container\"><div class=\"uagb-container-inner-blocks-wrap\">\n<div class=\"wp-block-uagb-container uagb-block-9b9b8fd7\">\n<div class=\"wp-block-uagb-image uagb-block-600673eb wp-block-uagb-image--layout-default wp-block-uagb-image--effect-static wp-block-uagb-image--align-none\"><figure class=\"wp-block-uagb-image__figure\"><img decoding=\"async\" srcset=\"https:\/\/dev.bassin-arcachon.com\/wp-content\/uploads\/2023\/01\/maison-huitre-bassin-arcachon-agence-les-conteurs-24-edited.jpg \" sizes=\"auto, (max-width: 480px) 150px\" src=\"https:\/\/dev.bassin-arcachon.com\/wp-content\/uploads\/2023\/01\/maison-huitre-bassin-arcachon-agence-les-conteurs-24-edited.jpg\" alt=\"- - Bassin d&#039;Arcachon\" class=\"uag-image-54859\" width=\"800\" height=\"800\" title=\"- - Bassin d&#039;Arcachon\" loading=\"lazy\" role=\"img\"><\/figure><\/div>\n<\/div>\n\n\n\n<div class=\"wp-block-uagb-container uagb-block-07324eb0\">\n<h2 class=\"wp-block-heading\">Escapada cultural y de descubrimiento<\/h2>\n\n\n\n<ul class=\"wp-block-list\">\n<li>la&nbsp;<a href=\"http:\/\/www.ville-arcachon.fr\/le-bunker-502\/\" target=\"_blank\" rel=\"noreferrer noopener\">b\u00fanker 502<\/a>, remanente de la Segunda Guerra Mundial, en Arcachon (dentro del MA.AT)<\/li>\n\n\n\n<li>Maison Louis David en Andernos-les-Bains (museo de la ciudad y sala de exposiciones de arte)<\/li>\n\n\n\n<li>Peque\u00f1o museo de ostras, Cabane n\u00b055 en Andernos-les-Bains (para fechas de apertura, consultar en la oficina de turismo al 05 56 82 02 95)<\/li>\n\n\n\n<li>La Capilla de la villa argelina, la joya de la pen\u00ednsula<\/li>\n\n\n\n<li>La Capilla de los Marineros en Arcachon<\/li>\n\n\n\n<li>En la&nbsp;<a href=\"http:\/\/www.maison-huitre.fr\/\" target=\"_blank\" rel=\"noreferrer noopener\">(la Casa de ostra).<\/a>, en Gujan-Mestras<\/li>\n\n\n\n<li>La Cabane bleue aux artistes (galer\u00eda de arte en el puerto de Audenge)<\/li>\n\n\n\n<li>El Ecomuseo de Gardarem en Lanton (abierto solo los fines de semana)<\/li>\n\n\n\n<li><a href=\"https:\/\/www.kokobelli.fr\/\" target=\"_blank\" rel=\"noopener\">taller de kokobelli<\/a>&nbsp;(joyas y objetos de decoraci\u00f3n en marfil vegetal y pi\u00f1a) en L\u00e8ge-Cap Ferret \u2013 abierto de abril a septiembre<\/li>\n\n\n\n<li>La Cabane du R\u00e9sinier en L\u00e8ge-Cap Ferret<\/li>\n\n\n\n<li>la&nbsp;<a href=\"https:\/\/dev.bassin-arcachon.com\/es\/nuestros-elementos-esenciales\/el-faro-y-la-punta-de-cap-ferret\/\">Faro de Cap Ferret<\/a>&nbsp;y su exposici\u00f3n interactiva (abierta de mi\u00e9rcoles a domingo de 14h a 17h o de 18h en oto\u00f1o-invierno)<\/li>\n\n\n\n<li>Y muchos otros !<\/li>\n<\/ul>\n<\/div>\n<\/div><\/div>\n\n\n\n<div style=\"height:60px\" aria-hidden=\"true\" class=\"wp-block-spacer\"><\/div>\n\n\n\n<div class=\"wp-block-uagb-container uagb-block-89ed556a alignfull uagb-is-root-container\"><div class=\"uagb-container-inner-blocks-wrap\">\n<div class=\"wp-block-uagb-container uagb-block-146e97e1\">\n<h2 class=\"wp-block-heading\">\u00a1D\u00e9jate guiar!<\/h2>\n\n\n\n<ul class=\"wp-block-list\">\n<li>la&nbsp;<a href=\"http:\/\/www.lepetittraindarcachon.fr\/le_petit_train_d_arcachon\/Le_petit_train_darcachon.html\" target=\"_blank\" rel=\"noreferrer noopener\">Peque\u00f1o Tren de Arcachon<\/a>&nbsp;(tren cubierto)<\/li>\n\n\n\n<li>La f\u00e1brica de chocolates&quot;&nbsp;<a href=\"http:\/\/www.alienorchocolat.com\/chocolaterie.html\" target=\"_blank\" rel=\"noreferrer noopener\">Delicias de Leonor<\/a>&nbsp;\u00bb a las La Teste de Buch, solo con reserva de martes a s\u00e1bado<\/li>\n\n\n\n<li>Le Caviar Perlita \u2013 Visita de L\u2019Esturgeonni\u00e8re en Le Teich de abril a septiembre<\/li>\n\n\n\n<li>El Caviar de Francia \u2013 Visita al Moulin de la Cassadotte en Biganos de abril a septiembre<\/li>\n\n\n\n<li>Visita a la f\u00e1brica de papeler\u00eda SMURFIT-KAPPA en Biganos (s\u00f3lo martes y jueves de julio-agosto)<\/li>\n<\/ul>\n\n\n\n<p><em>Para visitas ac\u00e9rquese a su&nbsp;<a href=\"https:\/\/dev.bassin-arcachon.com\/es\/offices-tourisme\/\">Oficina de Turismo<\/a><\/em><\/p>\n<\/div>\n\n\n\n<div class=\"wp-block-uagb-container uagb-block-895e6d9c\">\n<div class=\"wp-block-uagb-image uagb-block-d404c367 wp-block-uagb-image--layout-default wp-block-uagb-image--effect-static wp-block-uagb-image--align-none\"><figure class=\"wp-block-uagb-image__figure\"><img decoding=\"async\" srcset=\"https:\/\/dev.bassin-arcachon.com\/wp-content\/uploads\/2023\/01\/Source-des-Abatilles-N0691b-e1548081054123-edited.jpg \" sizes=\"auto, (max-width: 480px) 150px\" src=\"https:\/\/dev.bassin-arcachon.com\/wp-content\/uploads\/2023\/01\/Source-des-Abatilles-N0691b-e1548081054123-edited.jpg\" alt=\"Visita de la Fuente des Abatilles en Arcachon\" class=\"uag-image-54856\" width=\"1000\" height=\"749\" title=\"- - Bassin d&#039;Arcachon\" loading=\"lazy\" role=\"img\"><\/figure><\/div>\n<\/div>\n<\/div><\/div>\n\n\n\n<div style=\"height:60px\" aria-hidden=\"true\" class=\"wp-block-spacer\"><\/div>\n\n\n\n<div class=\"wp-block-uagb-container uagb-block-e10669f6 alignfull uagb-is-root-container\"><div class=\"uagb-container-inner-blocks-wrap\">\n<div class=\"wp-block-uagb-container uagb-block-40f8e1be\">\n<div class=\"wp-block-uagb-image uagb-block-b0e4088a wp-block-uagb-image--layout-default wp-block-uagb-image--effect-static wp-block-uagb-image--align-none\"><figure class=\"wp-block-uagb-image__figure\"><img decoding=\"async\" srcset=\"https:\/\/dev.bassin-arcachon.com\/wp-content\/uploads\/2017\/08\/baby-72695_960_720.jpg \" sizes=\"auto, (max-width: 480px) 150px\" src=\"https:\/\/dev.bassin-arcachon.com\/wp-content\/uploads\/2017\/08\/baby-72695_960_720.jpg\" alt=\"Actividades para ni\u00f1os cuando llueve en Bassin d&#039;Arcachon\" class=\"uag-image-7296\" width=\"960\" height=\"640\" title=\"- - Bassin d&#039;Arcachon\" loading=\"lazy\" role=\"img\"><\/figure><\/div>\n<\/div>\n\n\n\n<div class=\"wp-block-uagb-container uagb-block-472b0972\">\n<h2 class=\"wp-block-heading\">Qu\u00e9 hacer con mis pedacitos<\/h2>\n\n\n\n<ul class=\"wp-block-list\">\n<li><a href=\"http:\/\/www.bigajump.com\/\" target=\"_blank\" rel=\"noreferrer noopener\">GRAN SALTO<\/a>&nbsp;Parque de trampol\u00edn cubierto en Biganos<\/li>\n\n\n\n<li><a href=\"https:\/\/www.battlekart.com\/fr\/arcachon\/\" target=\"_blank\" rel=\"noopener\">BATTLEKART<\/a> Karting y juegos <\/li>\n\n\n\n<li>Los&nbsp;<a href=\"https:\/\/dev.bassin-arcachon.com\/es\/agenda-salidas-mercados\/\">Cines Bassin<\/a>&nbsp;est\u00e1n abiertos todo el a\u00f1o!<\/li>\n<\/ul>\n\n\n\n<p><a href=\"https:\/\/dev.bassin-arcachon.com\/es\/4-cosas-que-hacer-los-ninos-esta-lloviendo\/\">\u00a1Descubre nuestras 4 actividades para hacer con tus hijos cuando llueve!<\/a><\/p>\n<\/div>\n<\/div><\/div>\n\n\n\n<div style=\"height:60px\" aria-hidden=\"true\" class=\"wp-block-spacer\"><\/div>\n\n\n\n<div class=\"wp-block-uagb-container uagb-block-3e7ac0d7 alignfull uagb-is-root-container\"><div class=\"uagb-container-inner-blocks-wrap\">\n<div class=\"wp-block-uagb-container uagb-block-55376999\">\n<h2 class=\"wp-block-heading\">Cruceros protegidos<\/h2>\n\n\n\n<p>Salidas organizadas desde Arcachon, Cap Ferret, Canon, Moulleau y Andernos seg\u00fan la temporada:<\/p>\n\n\n\n<ul class=\"wp-block-list\">\n<li><strong>Tour Isla de los P\u00e1jaros<\/strong>, duraci\u00f3n 1h45<\/li>\n\n\n\n<li><strong>Gran Tour de Bassin<\/strong>, duraci\u00f3n 2h45<\/li>\n<\/ul>\n\n\n\n<p><em>Consulta con el<a href=\"https:\/\/bateliers-arcachon.com\/\" target=\"_blank\" rel=\"noreferrer noopener\">Sindicato de barqueros<\/a>.<\/em><\/p>\n<\/div>\n\n\n\n<div class=\"wp-block-uagb-container uagb-block-5480b58d\">\n<div class=\"wp-block-uagb-image uagb-block-023bd38f wp-block-uagb-image--layout-default wp-block-uagb-image--effect-static wp-block-uagb-image--align-none\"><figure class=\"wp-block-uagb-image__figure\"><img decoding=\"async\" srcset=\"https:\/\/dev.bassin-arcachon.com\/wp-content\/uploads\/2023\/08\/Design-sans-titre-2023-12-08T104740.989-1024x1024.png ,https:\/\/dev.bassin-arcachon.com\/wp-content\/uploads\/2023\/08\/Design-sans-titre-2023-12-08T104740.989.png 780w, https:\/\/dev.bassin-arcachon.com\/wp-content\/uploads\/2023\/08\/Design-sans-titre-2023-12-08T104740.989.png 360w\" sizes=\"auto, (max-width: 480px) 150px\" src=\"https:\/\/dev.bassin-arcachon.com\/wp-content\/uploads\/2023\/08\/Design-sans-titre-2023-12-08T104740.989-1024x1024.png\" alt=\"- - Bassin d&#039;Arcachon\" class=\"uag-image-57369\" width=\"1024\" height=\"1024\" title=\"- - Bassin d&#039;Arcachon\" loading=\"lazy\" role=\"img\"><\/figure><\/div>\n<\/div>\n<\/div><\/div>\n\n\n\n<div style=\"height:60px\" aria-hidden=\"true\" class=\"wp-block-spacer\"><\/div>\n\n\n\n<div class=\"wp-block-uagb-container uagb-block-3fbba451 alignfull uagb-is-root-container\"><div class=\"uagb-container-inner-blocks-wrap\">\n<h2 class=\"wp-block-heading\">A pocos kil\u00f3metros de Bassin<\/h2>\n\n\n\n<div class=\"wp-block-uagb-image uagb-block-5699374c wp-block-uagb-image--layout-default wp-block-uagb-image--effect-static wp-block-uagb-image--align-none\"><figure class=\"wp-block-uagb-image__figure\"><img decoding=\"async\" srcset=\"https:\/\/dev.bassin-arcachon.com\/wp-content\/uploads\/2023\/01\/miroir-eau-bordeaux-edited.jpg \" sizes=\"auto, (max-width: 480px) 150px\" src=\"https:\/\/dev.bassin-arcachon.com\/wp-content\/uploads\/2023\/01\/miroir-eau-bordeaux-edited.jpg\" alt=\"El espejo de agua de Burdeos\" class=\"uag-image-54851\" width=\"1200\" height=\"675\" title=\"- - Bassin d&#039;Arcachon\" loading=\"lazy\" role=\"img\"><\/figure><\/div>\n\n\n\n<h3 class=\"wp-block-heading\"><a href=\"https:\/\/dev.bassin-arcachon.com\/es\/escapada-a-burdeos\/\">Descubre Burdeos:<\/a><\/h3>\n\n\n\n<ul class=\"wp-block-list\">\n<li>Pasea por las calles del viejo Burdeos, con las botas puestas<\/li>\n\n\n\n<li>Ponte c\u00f3modo en un sill\u00f3n en el caracter\u00edstico cine Utop\u00eda<\/li>\n\n\n\n<li>Disfruta comprando en la calle m\u00e1s larga de Europa: Rue Sainte-Catherine<\/li>\n\n\n\n<li>Burdeos nunca te dejar\u00e1 sin ideas para salidas culturales: Museo de Aquitania, Cap Science, CAPC, etc.<\/li>\n\n\n\n<li>Disfruta de la gastronom\u00eda local a trav\u00e9s de una amplia oferta de restaurantes<\/li>\n\n\n\n<li>Vi\u00f1edos y castillos: Burdeos, Saint-\u00c9milion, M\u00e9doc, Entre-deux-mers\u2026<\/li>\n\n\n\n<li>Plan\u00e8te Bordeaux (camino a Libourne, Beychac-et-Caillau), La Winerie<\/li>\n<\/ul>\n\n\n\n<h3 class=\"wp-block-heading\">Las Landas y el interior:<\/h3>\n\n\n\n<ul class=\"wp-block-list\">\n<li>Complejo acu\u00e1tico \u2013 Spadium de Salles<\/li>\n\n\n\n<li>Ecomuseo Marqu\u00e8ze en Sabres \u2013 <a href=\"https:\/\/www.marqueze.fr\" target=\"_blank\" rel=\"noopener\">https:\/\/www.marqueze.fr<\/a><\/li>\n\n\n\n<li>Museo del hidroavi\u00f3n en Biscarrosse<\/li>\n<\/ul>\n<\/div><\/div>\n\n\n\n<div style=\"height:60px\" aria-hidden=\"true\" class=\"wp-block-spacer\"><\/div>","protected":false},"excerpt":{"rendered":"<p>\u00a1Genial, est\u00e1 lloviendo! Est\u00e1 lloviendo, vale... \u00a1pero tu estancia en la Bassin en Arcachon no termina ah\u00ed! Aprovecha estos d\u00edas nublados para descubrir actividades [\u2026]<\/p>","protected":false},"author":25,"featured_media":8421,"parent":0,"menu_order":8,"comment_status":"closed","ping_status":"closed","template":"","meta":{"_acf_changed":false,"_uag_custom_page_level_css":"","footnotes":""},"class_list":["post-8409","page","type-page","status-publish","has-post-thumbnail","hentry"],"acf":[],"uagb_featured_image_src":{"full":["https:\/\/dev.bassin-arcachon.com\/wp-content\/uploads\/2017\/08\/child-898040_960_720-1.jpg",960,720,false],"thumbnail":["https:\/\/dev.bassin-arcachon.com\/wp-content\/uploads\/2017\/08\/child-898040_960_720-1-150x150.jpg",150,150,true],"medium":["https:\/\/dev.bassin-arcachon.com\/wp-content\/uploads\/2017\/08\/child-898040_960_720-1-300x225.jpg",300,225,true],"medium_large":["https:\/\/dev.bassin-arcachon.com\/wp-content\/uploads\/2017\/08\/child-898040_960_720-1-768x576.jpg",768,576,true],"large":["https:\/\/dev.bassin-arcachon.com\/wp-content\/uploads\/2017\/08\/child-898040_960_720-1.jpg",960,720,false],"1536x1536":["https:\/\/dev.bassin-arcachon.com\/wp-content\/uploads\/2017\/08\/child-898040_960_720-1.jpg",960,720,false],"2048x2048":["https:\/\/dev.bassin-arcachon.com\/wp-content\/uploads\/2017\/08\/child-898040_960_720-1.jpg",960,720,false],"trp-custom-language-flag":["https:\/\/dev.bassin-arcachon.com\/wp-content\/uploads\/2017\/08\/child-898040_960_720-1-16x12.jpg",16,12,true],"fp-small":["https:\/\/dev.bassin-arcachon.com\/wp-content\/uploads\/2017\/08\/child-898040_960_720-1-640x480.jpg",640,480,true],"fp-large":["https:\/\/dev.bassin-arcachon.com\/wp-content\/uploads\/2017\/08\/child-898040_960_720-1.jpg",960,720,false],"fp-xlarge":["https:\/\/dev.bassin-arcachon.com\/wp-content\/uploads\/2017\/08\/child-898040_960_720-1.jpg",960,720,false]},"uagb_author_info":{"display_name":"Marie Clauzel","author_link":"https:\/\/dev.bassin-arcachon.com\/es\/author\/mariesiba\/"},"uagb_comment_info":0,"uagb_excerpt":"Chouette, il pleut ! Il pleut, d\u2019accord\u2026 mais votre s\u00e9jour sur le Bassin d\u2019Arcachon ne s\u2019arr\u00eate pas l\u00e0 ! Profitez de ces journ\u00e9es au temps couvert pour d\u00e9couvrir des activit\u00e9s [&hellip;]","_links":{"self":[{"href":"https:\/\/dev.bassin-arcachon.com\/es\/wp-json\/wp\/v2\/pages\/8409","targetHints":{"allow":["GET"]}}],"collection":[{"href":"https:\/\/dev.bassin-arcachon.com\/es\/wp-json\/wp\/v2\/pages"}],"about":[{"href":"https:\/\/dev.bassin-arcachon.com\/es\/wp-json\/wp\/v2\/types\/page"}],"author":[{"embeddable":true,"href":"https:\/\/dev.bassin-arcachon.com\/es\/wp-json\/wp\/v2\/users\/25"}],"replies":[{"embeddable":true,"href":"https:\/\/dev.bassin-arcachon.com\/es\/wp-json\/wp\/v2\/comments?post=8409"}],"version-history":[{"count":1,"href":"https:\/\/dev.bassin-arcachon.com\/es\/wp-json\/wp\/v2\/pages\/8409\/revisions"}],"predecessor-version":[{"id":152342,"href":"https:\/\/dev.bassin-arcachon.com\/es\/wp-json\/wp\/v2\/pages\/8409\/revisions\/152342"}],"wp:featuredmedia":[{"embeddable":true,"href":"https:\/\/dev.bassin-arcachon.com\/es\/wp-json\/wp\/v2\/media\/8421"}],"wp:attachment":[{"href":"https:\/\/dev.bassin-arcachon.com\/es\/wp-json\/wp\/v2\/media?parent=8409"}],"curies":[{"name":"wp","href":"https:\/\/api.w.org\/{rel}","templated":true}]}}