{"id":131,"date":"2017-02-08T09:54:55","date_gmt":"2017-02-08T08:54:55","guid":{"rendered":"https:\/\/dev.bassin-arcachon.com\/\/?page_id=131"},"modified":"2024-05-13T12:31:03","modified_gmt":"2024-05-13T10:31:03","slug":"il-faro-e-la-punta-di-cap-ferret","status":"publish","type":"page","link":"https:\/\/dev.bassin-arcachon.com\/it\/i-nostri-elementi-essenziali\/il-faro-e-la-punta-di-cap-ferret\/","title":{"rendered":"Il Faro e la Pointe du Cap Ferret"},"content":{"rendered":"<div class=\"wp-block-uagb-container uagb-block-d8155aed alignfull uagb-is-root-container\"><div class=\"uagb-container-inner-blocks-wrap\">\n<div class=\"wp-block-uagb-container uagb-block-b4230842\">\n<div class=\"wp-block-uagb-image uagb-block-92d88869 wp-block-uagb-image--layout-default wp-block-uagb-image--effect-static wp-block-uagb-image--align-none\"><figure class=\"wp-block-uagb-image__figure\"><img decoding=\"async\" srcset=\"https:\/\/dev.bassin-arcachon.com\/wp-content\/uploads\/2017\/02\/mini-map-phare-pointe.jpg \" sizes=\"auto, (max-width: 480px) 150px\" src=\"https:\/\/dev.bassin-arcachon.com\/wp-content\/uploads\/2017\/02\/mini-map-phare-pointe.jpg\" alt=\"- - Bassin d&#039;Arcachon\" class=\"uag-image-1900\" width=\"278\" height=\"278\" title=\"- - Bassin d&#039;Arcachon\" loading=\"lazy\" role=\"img\"><\/figure><\/div>\n\n\n\n<p><strong>In tutte le stagioni, questo \u00e8 il posto da non perdere a L\u00e8ge-Cap Ferret! Dalle alture del faro di Cap Ferret o dalla punta, potrete ammirare i panorami pi\u00f9 belli del Bassin di Arcachon.<\/strong><\/p>\n\n\n\n<h2 class=\"wp-block-heading\">Prendi l&#039;altezza<\/h2>\n\n\n\n<p>Direzione il&nbsp;<strong>Faro di Cap Ferret&nbsp;<\/strong>prendere gli occhi pieni! Impossibile perdersi questo luogo essenziale dell&#039;Bassin. \u00c8 ora di fare un po&#039; di sport e scalare il&nbsp;<strong>258 passi dal Faro<\/strong>&nbsp;! Una volta in cima, la vista \u00e8 mozzafiato. Da qui puoi goderti un&nbsp;<strong>Visione a 360\u00b0<\/strong>&nbsp;pi\u00f9 di 53 m di altezza sulla conche du Mimbeau, il&nbsp;<a href=\"https:\/\/www.bassin-arcachon.com\/nos-incontournables\/la-dune-du-pilat\/\">Duna di Pilat<\/a>, e letti di ostriche.<\/p>\n\n\n\n<p><strong>Prezzi<\/strong>&nbsp;: 4\u20ac\/bambino, 7\u20ac\/adulto<\/p>\n<\/div>\n\n\n\n<div class=\"wp-block-uagb-container uagb-block-f398ede0\">\n<div class=\"wp-block-uagb-image uagb-block-17584f11 wp-block-uagb-image--layout-default wp-block-uagb-image--effect-static wp-block-uagb-image--align-none\"><figure class=\"wp-block-uagb-image__figure\"><img decoding=\"async\" srcset=\"https:\/\/dev.bassin-arcachon.com\/wp-content\/uploads\/2017\/10\/velo-cap-ferret-SIBA-agence-les-conteurs-6-683x1024.jpg \" sizes=\"auto, (max-width: 480px) 150px\" src=\"https:\/\/dev.bassin-arcachon.com\/wp-content\/uploads\/2017\/10\/velo-cap-ferret-SIBA-agence-les-conteurs-6-683x1024.jpg\" alt=\"Cap Ferret faro in bicicletta\" class=\"uag-image-10402\" width=\"683\" height=\"1024\" title=\"- - Bassin d&#039;Arcachon\" loading=\"lazy\" role=\"img\"><\/figure><\/div>\n<\/div>\n<\/div><\/div>\n\n\n\n<div style=\"height:40px\" aria-hidden=\"true\" class=\"wp-block-spacer\"><\/div>\n\n\n\n<div class=\"wp-block-uagb-container uagb-block-3905ab67 alignfull uagb-is-root-container\">\n<div class=\"wp-block-cover has-parallax\"><span aria-hidden=\"true\" class=\"wp-block-cover__background has-background-dim-0 has-background-dim\"><\/span><div class=\"wp-block-cover__image-background wp-image-1061 has-parallax\" style=\"background-position:50% 50%;background-image:url(https:\/\/dev.bassin-arcachon.com\/wp-content\/uploads\/2017\/02\/phare-du-cap-ferret.jpg)\"><\/div><div class=\"wp-block-cover__inner-container is-layout-flow wp-block-cover-is-layout-flow\">\n<h2 class=\"wp-block-heading has-text-align-center has-white-color has-text-color has-background has-large-font-size\" style=\"background-color:#000000b3\">Preferisci l&#039;inizio o la fine della giornata, quando il cielo cambia colore!<\/h2>\n<\/div><\/div>\n<\/div>\n\n\n\n<div style=\"height:40px\" aria-hidden=\"true\" class=\"wp-block-spacer\"><\/div>\n\n\n\n<div class=\"wp-block-uagb-container uagb-block-d6e90228 alignfull uagb-is-root-container\"><div class=\"uagb-container-inner-blocks-wrap\">\n<div class=\"wp-block-uagb-container uagb-block-e7e617d5\">\n<div class=\"wp-block-uagb-image uagb-block-5b4f7557 wp-block-uagb-image--layout-default wp-block-uagb-image--effect-static wp-block-uagb-image--align-none\"><figure class=\"wp-block-uagb-image__figure\"><img decoding=\"async\" srcset=\"https:\/\/dev.bassin-arcachon.com\/wp-content\/uploads\/2017\/02\/boutique-phare-lege.jpg ,https:\/\/dev.bassin-arcachon.com\/wp-content\/uploads\/2017\/02\/boutique-phare-lege.jpg 780w, https:\/\/dev.bassin-arcachon.com\/wp-content\/uploads\/2017\/02\/boutique-phare-lege.jpg 360w\" sizes=\"auto, (max-width: 480px) 150px\" src=\"https:\/\/dev.bassin-arcachon.com\/wp-content\/uploads\/2017\/02\/boutique-phare-lege.jpg\" alt=\"- - Bassin d&#039;Arcachon\" class=\"uag-image-1064\" width=\"1024\" height=\"767\" title=\"- - Bassin d&#039;Arcachon\" loading=\"lazy\" role=\"img\"><\/figure><\/div>\n<\/div>\n\n\n\n<div class=\"wp-block-uagb-container uagb-block-e2e34a34\">\n<h2 class=\"wp-block-heading\">Visita il museo e fai acquisti nel negozio del faro<\/h2>\n\n\n\n<p>Dopo la salita, fai una passeggiata interattiva attraverso il monumento, attraverso la navigazione e l&#039;evoluzione della cartografia nautica. E prima di partire, fai un salto al negozio del Faro per trovare dei regali che non troverai da nessun&#039;altra parte. \u00c8 anche uno dei negozi preferiti dai locali che si fermano l\u00ec per trovare regali per i loro ospiti!<\/p>\n<\/div>\n<\/div><\/div>\n\n\n\n<div style=\"height:60px\" aria-hidden=\"true\" class=\"wp-block-spacer\"><\/div>\n\n\n\n<div class=\"wp-block-uagb-container uagb-block-22c34bf5 alignfull uagb-is-root-container\"><div class=\"uagb-container-inner-blocks-wrap\">\n<div class=\"wp-block-uagb-container uagb-block-8d327173\">\n<h2 class=\"wp-block-heading\">Segui il sentiero \u201cAb\u00e9c\u00e9daire des Dunes\u201d.<\/h2>\n\n\n\n<p>E se ne approfitti per fare una passeggiata in mezzo alle dune di sabbia? Percorrere il sentiero (all\u00e9e des dunes) per 5 km per scoprire la fauna e la flora di Cap Ferret. Dall&#039;ingresso di Cap Ferret fino alla punta estrema della penisola, pannelli che rappresentano ogni lettera dell&#039;alfabeto spiegano tutto sulla duna, le maree, la vita marittima e la migrazione degli uccelli... altrove perch\u00e9 si chiama &quot;&nbsp;<a href=\"https:\/\/www.lege-capferret.com\/wp-content\/uploads\/2017\/08\/Balade_pied_AbecedaireDesDunes.pdf\" target=\"_blank\" rel=\"noreferrer noopener\">il Primer delle Dune<\/a> !<\/p>\n<\/div>\n\n\n\n<div class=\"wp-block-uagb-container uagb-block-236142b1\">\n<div class=\"wp-block-uagb-image uagb-block-9010d749 wp-block-uagb-image--layout-default wp-block-uagb-image--effect-static wp-block-uagb-image--align-none\"><figure class=\"wp-block-uagb-image__figure\"><img decoding=\"async\" srcset=\"\" sizes=\"auto, (max-width: 480px) 150px\" src=\"Italiano: https:\/\/dev.bassin-arcachon.com\/wp-content\/uploads\/2018\/07\/ab\u00e9c\u00e9daire-des-dunes-cap-ferret-1024x683.jpg\" alt=\"- - Bassin d&#039;Arcachon\" class=\"uag-image-23722\" width=\"1024\" height=\"683\" title=\"- - Bassin d&#039;Arcachon\" loading=\"lazy\" role=\"img\" data-srcset=\"\"><\/figure><\/div>\n<\/div>\n<\/div><\/div>\n\n\n\n<div style=\"height:60px\" aria-hidden=\"true\" class=\"wp-block-spacer\"><\/div>\n\n\n\n<div class=\"wp-block-uagb-container uagb-block-111066f8 alignfull uagb-is-root-container\"><div class=\"uagb-container-inner-blocks-wrap\">\n<div class=\"wp-block-uagb-container uagb-block-9a4a99d4\">\n<div class=\"wp-block-uagb-image uagb-block-dc573222 wp-block-uagb-image--layout-default wp-block-uagb-image--effect-static wp-block-uagb-image--align-none\"><figure class=\"wp-block-uagb-image__figure\"><img decoding=\"async\" srcset=\"https:\/\/dev.bassin-arcachon.com\/wp-content\/uploads\/2018\/07\/plage-pointe-cap-ferret-e1546594665964.jpg ,https:\/\/dev.bassin-arcachon.com\/wp-content\/uploads\/2018\/07\/plage-pointe-cap-ferret-e1546594665964.jpg 780w, https:\/\/dev.bassin-arcachon.com\/wp-content\/uploads\/2018\/07\/plage-pointe-cap-ferret-e1546594665964.jpg 360w\" sizes=\"auto, (max-width: 480px) 150px\" src=\"https:\/\/dev.bassin-arcachon.com\/wp-content\/uploads\/2018\/07\/plage-pointe-cap-ferret-e1546594665964.jpg\" alt=\"Spiaggia sulla punta di Cap Ferret\" class=\"uag-image-24875\" width=\"1000\" height=\"667\" title=\"- - Bassin d&#039;Arcachon\" loading=\"lazy\" role=\"img\"><\/figure><\/div>\n<\/div>\n\n\n\n<div class=\"wp-block-uagb-container uagb-block-8614e705\">\n<h2 class=\"wp-block-heading\">Lasciati stupire dalla Pointe du Cap Ferret<\/h2>\n\n\n\n<p>Per un momento, accomodati sulla sabbia o su un fortino e goditi la vista a 180\u00b0 della Dune du Pilat, la&nbsp;<a href=\"https:\/\/www.bassin-arcachon.com\/nos-incontournables\/le-banc-darguin\/\">Banca d&#039;Arguin<\/a>&nbsp;e passa, al suono dello sciabordio dell&#039;acqua. \u00c8 qui che l&#039;acqua calma Bassin incontra l&#039;Oceano Atlantico.<\/p>\n\n\n\n<p>E se guardi da vicino, puoi vedere le correnti che si intrecciano, \u00e8 magnifico!<\/p>\n<\/div>\n<\/div><\/div>\n\n\n\n<div style=\"height:40px\" aria-hidden=\"true\" class=\"wp-block-spacer\"><\/div>\n\n\n\n<div class=\"wp-block-uagb-container uagb-block-514828b2 alignfull uagb-is-root-container\"><div class=\"uagb-container-inner-blocks-wrap\">\n<figure class=\"wp-block-pullquote\" style=\"border-radius:0px;border-top-style:none;border-top-width:0px;border-right-style:none;border-right-width:0px;border-bottom-style:none;border-bottom-width:0px;border-left-width:2px\"><blockquote><p>Vieni al mattino, \u00e8 magia a Pointe de la peninsula!<\/p><\/blockquote><\/figure>\n<\/div><\/div>\n\n\n\n<div style=\"height:20px\" aria-hidden=\"true\" class=\"wp-block-spacer\"><\/div>\n\n\n\n<div class=\"wp-block-uagb-container uagb-block-0f6b7a7c alignfull uagb-is-root-container\"><div class=\"uagb-container-inner-blocks-wrap\">\n<div class=\"wp-block-uagb-container uagb-block-c957af83\">\n<h2 class=\"wp-block-heading\">I nostri link utili per preparare le vostre vacanze a L\u00e8ge-Cap Ferret<\/h2>\n\n\n\n<p><a href=\"https:\/\/www.bassin-arcachon.com\/ou-dormir\/camping\/lege-cap-ferret\/\">Un campeggio<\/a>,\u00a0<a href=\"https:\/\/www.bassin-arcachon.com\/ou-dormir\/locations-chambres-hotes\/cap-ferret\/\">una pensione<\/a>,\u00a0<a href=\"https:\/\/www.bassin-arcachon.com\/ou-dormir\/hotels\/cap-ferret\/\">Hotel<\/a>,\u00a0<a href=\"https:\/\/www.bassin-arcachon.com\/ou-dormir\/locations\/cap-ferret\/\">i nostri cottage<\/a>,\u00a0<a href=\"https:\/\/dev.bassin-arcachon.com\/it\/agenda-uscite-mercati\/i-mercati-di-lege-cap-ferret\/\">i mercati della penisola<\/a>,\u00a0<a href=\"https:\/\/www.bassin-arcachon.com\/ou-manger\/lege-cap-ferret\/\">Ristoranti a L\u00e9ge Cap Ferret<\/a>.<\/p>\n\n\n\n<p>Per gli appassionati di ciclismo, scopri&nbsp;<a href=\"https:\/\/www.bassin-arcachon.com\/circuit\/de-belisaire-a-pointe\/\">il nostro itinerario che parte dal molo del B\u00e9lisaire fino alla Pointe du Cap Ferret<\/a>.<\/p>\n<\/div>\n\n\n\n<div class=\"wp-block-uagb-container uagb-block-21836a80\">\t\t\t\t\t<div\n\t\t\t\t\t\tclass=\"wp-block-uagb-image-gallery uagb-block-10ddf0f1\"\n\t\t\t\t\t\tstyle=\"\"\n\t\t\t\t\t>\n\t\t\t\t\t\t\t\t\t\t\t<div class=\"spectra-image-gallery spectra-image-gallery__layout--carousel\">\n\t\t\t\t\t\t\t\t<div class=\"uagb-slick-carousel uagb-block-10ddf0f1\">\n\t\t\t\t\t\t\t\t\t\t\t\t<div class='spectra-image-gallery__media-wrapper' data-spectra-gallery-image-id='37780'>\n\t\t\t\t\t\t\t<div class=\"spectra-image-gallery__media spectra-image-gallery__media--carousel\">\n\t\t\t\t<picture>\n\t\t\t\t\t<source media=\"(min-width: 1024px)\" srcset=\"https:\/\/dev.bassin-arcachon.com\/wp-content\/uploads\/2019\/09\/plage-pointe-siba-agence-les-conteurs-47-1024x683.jpg\">\n\t\t\t\t\t<source media=\"(min-width: 768px)\" srcset=\"https:\/\/dev.bassin-arcachon.com\/wp-content\/uploads\/2019\/09\/plage-pointe-siba-agence-les-conteurs-47-1024x683.jpg\">\n\t\t\t\t\t<img decoding=\"async\" class=\"spectra-image-gallery__media-thumbnail spectra-image-gallery__media-thumbnail--carousel\" src=\"https:\/\/dev.bassin-arcachon.com\/wp-content\/uploads\/2019\/09\/plage-pointe-siba-agence-les-conteurs-47-450x300.jpg\" alt=\"La spiaggia di Cap Ferret\" loading=\"lazy\" title=\"- - Bassin d&#039;Arcachon\">\n\t\t\t\t<\/picture>\n\t\t\t\t<div class=\"spectra-image-gallery__media-thumbnail-blurrer\"><\/div>\n\t\t\t\t\t\t\t\t\t\t\t<div class=\"spectra-image-gallery__media-thumbnail-caption-wrapper spectra-image-gallery__media-thumbnail-caption-wrapper--overlay\"><\/div>\n\t\t\t\t\t\t\t\t<\/div>\n\t\t\t\t\t\t<\/div>\n\t\t\t\t\t\t<div class='spectra-image-gallery__media-wrapper' data-spectra-gallery-image-id='26169'>\n\t\t\t\t\t\t\t<div class=\"spectra-image-gallery__media spectra-image-gallery__media--carousel\">\n\t\t\t\t<picture>\n\t\t\t\t\t<source media=\"(min-width: 1024px)\" srcset=\"https:\/\/dev.bassin-arcachon.com\/wp-content\/uploads\/2018\/09\/nourri-a-lhu\u00eetre-\u00e9lev\u00e9-sous-les-pins-Bassin-dArcachon.jpg\">\n\t\t\t\t\t<source media=\"(min-width: 768px)\" srcset=\"https:\/\/dev.bassin-arcachon.com\/wp-content\/uploads\/2018\/09\/nourri-a-lhu\u00eetre-\u00e9lev\u00e9-sous-les-pins-Bassin-dArcachon.jpg\">\n\t\t\t\t\t<img decoding=\"async\" class=\"spectra-image-gallery__media-thumbnail spectra-image-gallery__media-thumbnail--carousel\" src=\"https:\/\/dev.bassin-arcachon.com\/wp-content\/uploads\/2018\/09\/nourri-a-lhu\u00eetre-\u00e9lev\u00e9-sous-les-pins-Bassin-dArcachon-450x300.jpg\" alt=\"- - Bassin d&#039;Arcachon\" loading=\"lazy\" title=\"- - Bassin d&#039;Arcachon\">\n\t\t\t\t<\/picture>\n\t\t\t\t<div class=\"spectra-image-gallery__media-thumbnail-blurrer\"><\/div>\n\t\t\t\t\t\t\t\t\t\t\t<div class=\"spectra-image-gallery__media-thumbnail-caption-wrapper spectra-image-gallery__media-thumbnail-caption-wrapper--overlay\"><\/div>\n\t\t\t\t\t\t\t\t<\/div>\n\t\t\t\t\t\t<\/div>\n\t\t\t\t\t\t\t\t\t\t\t<\/div>\n\t\t\t\t\t\t\t<\/div>\n\t\t\t\t\t\t\t\t\t\t\t<\/div>\n\t\t\t\t\t\t\t\t\t<\/div>\n<\/div><\/div>\n\n\n\n<div style=\"height:60px\" aria-hidden=\"true\" class=\"wp-block-spacer\"><\/div>","protected":false},"excerpt":{"rendered":"<p>\u00c0 toutes les saisons, c\u2019est l\u2019endroit \u00e0 ne pas manquer \u00e0 L\u00e8ge-Cap Ferret&nbsp;! Sur les hauteurs du Phare du Cap Ferret ou depuis la Pointe, vous pourrez y admirer les [&hellip;]<\/p>","protected":false},"author":25,"featured_media":7327,"parent":27,"menu_order":0,"comment_status":"closed","ping_status":"closed","template":"","meta":{"_acf_changed":false,"_uag_custom_page_level_css":"","footnotes":""},"class_list":["post-131","page","type-page","status-publish","has-post-thumbnail","hentry"],"acf":[],"uagb_featured_image_src":{"full":["https:\/\/dev.bassin-arcachon.com\/wp-content\/uploads\/2017\/02\/Phare_N0491.jpg",2048,1365,false],"thumbnail":["https:\/\/dev.bassin-arcachon.com\/wp-content\/uploads\/2017\/02\/Phare_N0491-150x150.jpg",150,150,true],"medium":["https:\/\/dev.bassin-arcachon.com\/wp-content\/uploads\/2017\/02\/Phare_N0491-300x200.jpg",300,200,true],"medium_large":["https:\/\/dev.bassin-arcachon.com\/wp-content\/uploads\/2017\/02\/Phare_N0491-768x512.jpg",768,512,true],"large":["https:\/\/dev.bassin-arcachon.com\/wp-content\/uploads\/2017\/02\/Phare_N0491-1024x683.jpg",1024,683,true],"1536x1536":["https:\/\/dev.bassin-arcachon.com\/wp-content\/uploads\/2017\/02\/Phare_N0491-1536x1024.jpg",1536,1024,true],"2048x2048":["https:\/\/dev.bassin-arcachon.com\/wp-content\/uploads\/2017\/02\/Phare_N0491.jpg",2048,1365,false],"trp-custom-language-flag":["https:\/\/dev.bassin-arcachon.com\/wp-content\/uploads\/2017\/02\/Phare_N0491-18x12.jpg",18,12,true],"fp-small":["https:\/\/dev.bassin-arcachon.com\/wp-content\/uploads\/2017\/02\/Phare_N0491-640x427.jpg",640,427,true],"fp-large":["https:\/\/dev.bassin-arcachon.com\/wp-content\/uploads\/2017\/02\/Phare_N0491-1200x800.jpg",1200,800,true],"fp-xlarge":["https:\/\/dev.bassin-arcachon.com\/wp-content\/uploads\/2017\/02\/Phare_N0491-1920x1280.jpg",1920,1280,true]},"uagb_author_info":{"display_name":"Marie Clauzel","author_link":"https:\/\/dev.bassin-arcachon.com\/it\/author\/mariesiba\/"},"uagb_comment_info":0,"uagb_excerpt":"\u00c0 toutes les saisons, c\u2019est l\u2019endroit \u00e0 ne pas manquer \u00e0 L\u00e8ge-Cap Ferret&nbsp;! Sur les hauteurs du Phare du Cap Ferret ou depuis la Pointe, vous pourrez y admirer les [&hellip;]","_links":{"self":[{"href":"https:\/\/dev.bassin-arcachon.com\/it\/wp-json\/wp\/v2\/pages\/131","targetHints":{"allow":["GET"]}}],"collection":[{"href":"https:\/\/dev.bassin-arcachon.com\/it\/wp-json\/wp\/v2\/pages"}],"about":[{"href":"https:\/\/dev.bassin-arcachon.com\/it\/wp-json\/wp\/v2\/types\/page"}],"author":[{"embeddable":true,"href":"https:\/\/dev.bassin-arcachon.com\/it\/wp-json\/wp\/v2\/users\/25"}],"replies":[{"embeddable":true,"href":"https:\/\/dev.bassin-arcachon.com\/it\/wp-json\/wp\/v2\/comments?post=131"}],"version-history":[{"count":0,"href":"https:\/\/dev.bassin-arcachon.com\/it\/wp-json\/wp\/v2\/pages\/131\/revisions"}],"up":[{"embeddable":true,"href":"https:\/\/dev.bassin-arcachon.com\/it\/wp-json\/wp\/v2\/pages\/27"}],"wp:featuredmedia":[{"embeddable":true,"href":"https:\/\/dev.bassin-arcachon.com\/it\/wp-json\/wp\/v2\/media\/7327"}],"wp:attachment":[{"href":"https:\/\/dev.bassin-arcachon.com\/it\/wp-json\/wp\/v2\/media?parent=131"}],"curies":[{"name":"wp","href":"https:\/\/api.w.org\/{rel}","templated":true}]}}