{"id":153,"date":"2017-08-09T17:35:19","date_gmt":"2017-08-09T15:35:19","guid":{"rendered":"https:\/\/dev.bassin-arcachon.com\/\/?page_id=153"},"modified":"2024-11-06T10:36:09","modified_gmt":"2024-11-06T09:36:09","slug":"autunno","status":"publish","type":"page","link":"https:\/\/dev.bassin-arcachon.com\/it\/la-piscina-e-per-tutta-la-stagione\/autunno\/","title":{"rendered":"Arcachon Bassin in autunno"},"content":{"rendered":"<div class=\"wp-block-uagb-container uagb-block-6cd820a2 alignfull uagb-is-root-container\"><div class=\"uagb-container-inner-blocks-wrap\">\n<div class=\"wp-block-uagb-container uagb-block-e76a9633\">\n<h2 class=\"wp-block-heading\">Raccolta dei funghi<\/h2>\n\n\n\n<p>Ogni anno \u00e8 lo stesso ritornello, quello della stagione dei funghi e dei buoni piattini che l&#039;accompagnano!<\/p>\n\n\n\n<p>Ci sono diversi angoli &quot;segreti&quot; per la raccolta dei funghi sulla Bassin, come la foresta di Lanton, Gujan-Mestras o Ar\u00e8s.<\/p>\n\n\n\n<p>Smart Bassin: l&#039;Ufficio del Turismo di Ar\u00e8s organizza ogni autunno&nbsp;<a href=\"http:\/\/www.ares-tourisme.com\/se-divertir\/visites-guidees.html#sortie_champignons\" target=\"_blank\" rel=\"noreferrer noopener\">raccogliendo gite di iniziazione!<\/a><\/p>\n<\/div>\n\n\n\n<div class=\"wp-block-uagb-container uagb-block-4accb076\">\n<div class=\"wp-block-uagb-image uagb-block-419aaff0 wp-block-uagb-image--layout-default wp-block-uagb-image--effect-static wp-block-uagb-image--align-none\"><figure class=\"wp-block-uagb-image__figure\"><img decoding=\"async\" srcset=\"https:\/\/dev.bassin-arcachon.com\/wp-content\/uploads\/2017\/10\/champignons-siba-agence-les-conteurs-113-1024x683.jpg \" sizes=\"auto, (max-width: 480px) 150px\" src=\"https:\/\/dev.bassin-arcachon.com\/wp-content\/uploads\/2017\/10\/champignons-siba-agence-les-conteurs-113-1024x683.jpg\" alt=\"Funghi-ares\" class=\"uag-image-9849\" width=\"1024\" height=\"683\" title=\"- - Bassin d&#039;Arcachon\" loading=\"lazy\"><\/figure><\/div>\n<\/div>\n<\/div><\/div>\n\n\n\n<div style=\"height:60px\" aria-hidden=\"true\" class=\"wp-block-spacer\"><\/div>\n\n\n\n<div class=\"wp-block-uagb-container uagb-block-bf8f0075 alignfull uagb-is-root-container\"><div class=\"uagb-container-inner-blocks-wrap\">\n<div class=\"wp-block-uagb-container uagb-block-3d90f421\">\n<div class=\"wp-block-uagb-image uagb-block-721a48d4 wp-block-uagb-image--layout-default wp-block-uagb-image--effect-static wp-block-uagb-image--align-none\"><figure class=\"wp-block-uagb-image__figure\"><img decoding=\"async\" srcset=\"https:\/\/dev.bassin-arcachon.com\/wp-content\/uploads\/2017\/02\/oiseau-bassin-arccahon.jpg \" sizes=\"auto, (max-width: 480px) 150px\" src=\"https:\/\/dev.bassin-arcachon.com\/wp-content\/uploads\/2017\/02\/oiseau-bassin-arccahon.jpg\" alt=\"- - Bassin d&#039;Arcachon\" class=\"uag-image-23564\" width=\"1000\" height=\"666\" title=\"- - Bassin d&#039;Arcachon\" loading=\"lazy\"><\/figure><\/div>\n<\/div>\n\n\n\n<div class=\"wp-block-uagb-container uagb-block-643e7826\">\n<h2 class=\"wp-block-heading\">Per guardare gli uccelli<\/h2>\n\n\n\n<p>Prendi la macchina fotografica, o meglio ancora, il tuo binocolo per osservare gli uccelli&nbsp;<a href=\"https:\/\/www.bassin-arcachon.com\/nos-incontournables\/la-reserve-ornithologique\/\">Riserva ornitologica di Teich<\/a>, Agli&nbsp;<a href=\"https:\/\/www.bassin-arcachon.com\/nos-incontournables\/les-domaines-de-certes-graveyron\/\">Certamente domini di Graveyron<\/a>&nbsp;o anche a&nbsp;<a href=\"https:\/\/www.bassin-arcachon.com\/nos-incontournables\/les-pres-sales-dares-lege\/\">Vicino a Sal\u00e9s d&#039;Ar\u00e8s-L\u00e8ge<\/a>. Inizia la migrazione per alcune specie che verranno a trascorrere un piacevolissimo inverno sull&#039;Bassin! Questo \u00e8 ad esempio il caso del Bernache Cravant che potete osservare vicino al&nbsp;<a href=\"https:\/\/www.bassin-arcachon.com\/nos-incontournables\/les-cabanes-tchanquees\/\">cabine su palafitte<\/a>&nbsp;o vicino al molo di Andernos-les-Bains.<\/p>\n<\/div>\n<\/div><\/div>\n\n\n\n<div style=\"height:60px\" aria-hidden=\"true\" class=\"wp-block-spacer\"><\/div>\n\n\n\n<div class=\"wp-block-uagb-container uagb-block-d159c8fe alignfull uagb-is-root-container\"><div class=\"uagb-container-inner-blocks-wrap\">\n<div class=\"wp-block-uagb-container uagb-block-ca61f051\">\n<h2 class=\"wp-block-heading\">Sali sulla cima della Dune du Pilat<\/h2>\n\n\n\n<p>In autunno, una sessione sportiva di&nbsp;<a href=\"https:\/\/www.bassin-arcachon.com\/nos-incontournables\/la-dune-du-pilat\/\">la Duna di Pilat<\/a>&nbsp;ti aspetto ! Le scale vengono rimosse ogni anno dopo Ognissanti e la salita sar\u00e0 ancora pi\u00f9 piacevole.<\/p>\n\n\n\n<p>In questo periodo dell&#039;anno avrete la piacevole sensazione che la Duna sar\u00e0 solo vostra. Cogli l&#039;occasione per avventurarti pi\u00f9 lontano e camminare lungo il crinale.<\/p>\n<\/div>\n\n\n\n<div class=\"wp-block-uagb-container uagb-block-36f599ef\">\n<div class=\"wp-block-uagb-image uagb-block-17974086 wp-block-uagb-image--layout-default wp-block-uagb-image--effect-static wp-block-uagb-image--align-none\"><figure class=\"wp-block-uagb-image__figure\"><img decoding=\"async\" srcset=\"https:\/\/dev.bassin-arcachon.com\/wp-content\/uploads\/2017\/10\/Dune-du-Pilat-N0059-1024x683.jpg \" sizes=\"auto, (max-width: 480px) 150px\" src=\"https:\/\/dev.bassin-arcachon.com\/wp-content\/uploads\/2017\/10\/Dune-du-Pilat-N0059-1024x683.jpg\" alt=\"- - Bassin d&#039;Arcachon\" class=\"uag-image-9857\" width=\"1024\" height=\"683\" title=\"- - Bassin d&#039;Arcachon\" loading=\"lazy\"><\/figure><\/div>\n<\/div>\n<\/div><\/div>\n\n\n\n<div style=\"height:60px\" aria-hidden=\"true\" class=\"wp-block-spacer\"><\/div>\n\n\n\n<div class=\"wp-block-uagb-container uagb-block-fed67777 alignfull uagb-is-root-container\"><div class=\"uagb-container-inner-blocks-wrap\">\n<div class=\"wp-block-uagb-container uagb-block-cbe31b1e\">\n<div class=\"wp-block-uagb-image uagb-block-4c7d378a wp-block-uagb-image--layout-default wp-block-uagb-image--effect-static wp-block-uagb-image--align-none\"><figure class=\"wp-block-uagb-image__figure\"><img decoding=\"async\" srcset=\"https:\/\/dev.bassin-arcachon.com\/wp-content\/uploads\/2017\/02\/ostreiculteur-bassin-arcachon-1024x683.jpg \" sizes=\"auto, (max-width: 480px) 150px\" src=\"https:\/\/dev.bassin-arcachon.com\/wp-content\/uploads\/2017\/02\/ostreiculteur-bassin-arcachon-1024x683.jpg\" alt=\"- - Bassin d&#039;Arcachon\" class=\"uag-image-1838\" width=\"1024\" height=\"683\" title=\"- - Bassin d&#039;Arcachon\" loading=\"lazy\"><\/figure><\/div>\n<\/div>\n\n\n\n<div class=\"wp-block-uagb-container uagb-block-d39e6a4b\">\n<h2 class=\"wp-block-heading\">Prenditi il tempo per chiacchierare con gli allevatori di ostriche<\/h2>\n\n\n\n<p>L&#039;estate scorsa c&#039;era una certa calma nei villaggi delle ostriche. Non \u00e8 che gli allevatori di ostriche abbiano meno lavoro, anzi, perch\u00e9 stanno cominciando a prepararsi per le vacanze di Natale. Ma il tempo sembra allungarsi in autunno, e puoi prenderti un po&#039; del loro tempo per chiacchierare con loro, saperne di pi\u00f9 su come allevare le ostriche.<\/p>\n<\/div>\n<\/div><\/div>\n\n\n\n<div style=\"height:60px\" aria-hidden=\"true\" class=\"wp-block-spacer\"><\/div>\n\n\n\n<div class=\"wp-block-uagb-container uagb-block-190e1b6b alignfull uagb-is-root-container\">\n<div class=\"wp-block-cover is-light has-parallax\"><span aria-hidden=\"true\" class=\"wp-block-cover__background has-background-dim-0 has-background-dim\"><\/span><div class=\"wp-block-cover__image-background wp-image-8349 has-parallax\" style=\"background-position:50% 50%;background-image:url(https:\/\/dev.bassin-arcachon.com\/wp-content\/uploads\/2017\/02\/hotel-les-bains-darguin-thalazur-arcachon-divers-3.jpg)\"><\/div><div class=\"wp-block-cover__inner-container is-layout-flow wp-block-cover-is-layout-flow\">\n<div class=\"wp-block-uagb-container uagb-block-357a445e\">\n<h2 class=\"wp-block-heading has-text-align-center has-white-color has-text-color has-large-font-size\">Trova gli alloggi disponibili su Bassin<\/h2>\n\n\n\n<p class=\"has-text-align-center has-white-color has-text-color\"><a href=\"https:\/\/dev.bassin-arcachon.com\/it\/dove-dormire\/\">Consulta l&#039;elenco<\/a><\/p>\n<\/div>\n<\/div><\/div>\n<\/div>\n\n\n\n<div style=\"height:60px\" aria-hidden=\"true\" class=\"wp-block-spacer\"><\/div>\n\n\n\n<div class=\"wp-block-uagb-container uagb-block-1a7b2071 alignfull uagb-is-root-container\"><div class=\"uagb-container-inner-blocks-wrap\">\n<div class=\"wp-block-uagb-container uagb-block-2cf99f48\">\n<h2 class=\"wp-block-heading\"><br>Fai un giro in bicicletta per ammirare i colori dell&#039;autunno<\/h2>\n\n\n\n<p>Con il&nbsp;<a href=\"https:\/\/www.bassin-arcachon.com\/le-bassin-a-toute-saison\/printemps\/\">primavera<\/a>, l&#039;autunno \u00e8 una delle stagioni pi\u00f9 belle per osservare la natura. E che piacere salire in bicicletta in una bella giornata, dirigersi verso il sito naturale di Quinconces ad Andernos o il parco Ch\u00eaneraie a Gujan-Mestras, oa piedi nella foresta di dune di Camicas (Arcachon e La Teste de Buch).<\/p>\n\n\n\n<p>Trovare&nbsp;<a href=\"https:\/\/www.bassin-arcachon.com\/tous-les-circuits\/\">la tua pista ciclabile ideale<\/a>&nbsp;Da questa parte.<\/p>\n<\/div>\n\n\n\n<div class=\"wp-block-uagb-container uagb-block-7ac50067\">\n<div class=\"wp-block-uagb-image uagb-block-e26c961e wp-block-uagb-image--layout-default wp-block-uagb-image--effect-static wp-block-uagb-image--align-none\"><figure class=\"wp-block-uagb-image__figure\"><img decoding=\"async\" srcset=\"https:\/\/dev.bassin-arcachon.com\/wp-content\/uploads\/2018\/10\/port-andernos.jpg \" sizes=\"auto, (max-width: 480px) 150px\" src=\"https:\/\/dev.bassin-arcachon.com\/wp-content\/uploads\/2018\/10\/port-andernos.jpg\" alt=\"Autunno sul porto di Andernos\" class=\"uag-image-26681\" width=\"1000\" height=\"800\" title=\"- - Bassin d&#039;Arcachon\" loading=\"lazy\"><\/figure><\/div>\n<\/div>\n<\/div><\/div>\n\n\n\n<div style=\"height:60px\" aria-hidden=\"true\" class=\"wp-block-spacer\"><\/div>\n\n\n\n<div class=\"wp-block-uagb-container uagb-block-95dfc2a1 alignfull uagb-is-root-container\"><div class=\"uagb-container-inner-blocks-wrap\">\n<div class=\"wp-block-uagb-container uagb-block-77b78e36\">\n<div class=\"wp-block-uagb-image uagb-block-41366014 wp-block-uagb-image--layout-default wp-block-uagb-image--effect-static wp-block-uagb-image--align-none\"><figure class=\"wp-block-uagb-image__figure\"><img decoding=\"async\" srcset=\"https:\/\/dev.bassin-arcachon.com\/wp-content\/uploads\/2017\/03\/plages-detente.jpg \" sizes=\"auto, (max-width: 480px) 150px\" src=\"https:\/\/dev.bassin-arcachon.com\/wp-content\/uploads\/2017\/03\/plages-detente.jpg\" alt=\"- - Bassin d&#039;Arcachon\" class=\"uag-image-405\" width=\"772\" height=\"515\" title=\"- - Bassin d&#039;Arcachon\" loading=\"lazy\"><\/figure><\/div>\n<\/div>\n\n\n\n<div class=\"wp-block-uagb-container uagb-block-24a4051f\">\n<h2 class=\"wp-block-heading\">Sfrutta al meglio la stagione sulle spiagge di Bassin<\/h2>\n\n\n\n<p>Se il vento rinfresca lo spirito durante le passeggiate, \u00e8 anche un alleato perfetto per una sessione di sand yachting sulla spiaggia oceanica di La Salie a La Teste de Buch! Se ti senti pi\u00f9 a tuo agio a terra che in acqua, tira fuori il tuo kite alla spiaggia di Suzette a Lanton o alla spiaggia di B\u00e9tey ad Andernos. Gli appassionati di surf ti daranno anche i loro indirizzi, come le spiagge oceaniche di La Teste de Buch o quelle di L\u00e8ge-Cap Ferret!<\/p>\n<\/div>\n<\/div><\/div>\n\n\n\n<div style=\"height:60px\" aria-hidden=\"true\" class=\"wp-block-spacer\"><\/div>\n\n\n\n<div class=\"wp-block-uagb-container uagb-block-3fac7b08 alignfull uagb-is-root-container\"><div class=\"uagb-container-inner-blocks-wrap\">\n<div class=\"wp-block-uagb-container uagb-block-969e46ff\">\n<h2 class=\"wp-block-heading\">Affitta un bed and breakfast per incontrarsi per un fine settimana<\/h2>\n\n\n\n<p>Per approfittare di tutte queste attivit\u00e0, perch\u00e9 no\u00a0<a href=\"https:\/\/www.bassin-arcachon.com\/hebergements\/chambres-dhotes\/\">affittare un bed and breakfast<\/a>\u00a0per il fine settimana? Se prenoti in anticipo potresti imbatterti in bellissimi indirizzi con vista sull&#039;Bassin, luoghi suggestivi, vicini a\u00a0<a href=\"https:\/\/www.bassin-arcachon.com\/nos-incontournables\/les-villages-et-ports-ostreicoles\/\">villaggi di ostriche<\/a>, e anche a prezzi bassi.<\/p>\n<\/div>\n\n\n\n<div class=\"wp-block-uagb-container uagb-block-86ac5dd5\">\n<div class=\"wp-block-uagb-image uagb-block-d9782776 wp-block-uagb-image--layout-default wp-block-uagb-image--effect-static wp-block-uagb-image--align-none\"><figure class=\"wp-block-uagb-image__figure\"><img decoding=\"async\" srcset=\"https:\/\/dev.bassin-arcachon.com\/wp-content\/uploads\/2017\/10\/2.jpg \" sizes=\"auto, (max-width: 480px) 150px\" src=\"https:\/\/dev.bassin-arcachon.com\/wp-content\/uploads\/2017\/10\/2.jpg\" alt=\"- - Bassin d&#039;Arcachon\" class=\"uag-image-9855\" width=\"640\" height=\"425\" title=\"- - Bassin d&#039;Arcachon\" loading=\"lazy\"><\/figure><\/div>\n<\/div>\n<\/div><\/div>\n\n\n\n<div style=\"height:60px\" aria-hidden=\"true\" class=\"wp-block-spacer\"><\/div>","protected":false},"excerpt":{"rendered":"<p>La raccolta dei funghi Ogni anno \u00e8 lo stesso ritornello, quello della stagione dei funghi e dei buonissimi piatti che l&#039;accompagnano! Ci sono diversi angoli \u201csegreti\u201d per [\u2026]<\/p>","protected":false},"author":25,"featured_media":8864,"parent":33,"menu_order":1,"comment_status":"closed","ping_status":"closed","template":"","meta":{"_acf_changed":false,"_uag_custom_page_level_css":"","footnotes":""},"class_list":["post-153","page","type-page","status-publish","has-post-thumbnail","hentry"],"acf":[],"uagb_featured_image_src":{"full":["https:\/\/dev.bassin-arcachon.com\/wp-content\/uploads\/2017\/02\/Port-de-gujan.jpg",1200,800,false],"thumbnail":["https:\/\/dev.bassin-arcachon.com\/wp-content\/uploads\/2017\/02\/Port-de-gujan-150x150.jpg",150,150,true],"medium":["https:\/\/dev.bassin-arcachon.com\/wp-content\/uploads\/2017\/02\/Port-de-gujan-300x200.jpg",300,200,true],"medium_large":["https:\/\/dev.bassin-arcachon.com\/wp-content\/uploads\/2017\/02\/Port-de-gujan-768x512.jpg",768,512,true],"large":["https:\/\/dev.bassin-arcachon.com\/wp-content\/uploads\/2017\/02\/Port-de-gujan-1024x683.jpg",1024,683,true],"1536x1536":["https:\/\/dev.bassin-arcachon.com\/wp-content\/uploads\/2017\/02\/Port-de-gujan.jpg",1200,800,false],"2048x2048":["https:\/\/dev.bassin-arcachon.com\/wp-content\/uploads\/2017\/02\/Port-de-gujan.jpg",1200,800,false],"trp-custom-language-flag":["https:\/\/dev.bassin-arcachon.com\/wp-content\/uploads\/2017\/02\/Port-de-gujan-18x12.jpg",18,12,true],"fp-small":["https:\/\/dev.bassin-arcachon.com\/wp-content\/uploads\/2017\/02\/Port-de-gujan-640x427.jpg",640,427,true],"fp-large":["https:\/\/dev.bassin-arcachon.com\/wp-content\/uploads\/2017\/02\/Port-de-gujan.jpg",1200,800,false],"fp-xlarge":["https:\/\/dev.bassin-arcachon.com\/wp-content\/uploads\/2017\/02\/Port-de-gujan.jpg",1200,800,false]},"uagb_author_info":{"display_name":"Marie Clauzel","author_link":"https:\/\/dev.bassin-arcachon.com\/it\/author\/mariesiba\/"},"uagb_comment_info":0,"uagb_excerpt":"La cueillette des champignons C\u2019est la m\u00eame ritournelle chaque ann\u00e9e, celle de la p\u00e9riode des champignons et des bons petits plats qui vont avec&nbsp;! Il existe plusieurs coins \u00ab&nbsp;secrets&nbsp;\u00bb pour [&hellip;]","_links":{"self":[{"href":"https:\/\/dev.bassin-arcachon.com\/it\/wp-json\/wp\/v2\/pages\/153","targetHints":{"allow":["GET"]}}],"collection":[{"href":"https:\/\/dev.bassin-arcachon.com\/it\/wp-json\/wp\/v2\/pages"}],"about":[{"href":"https:\/\/dev.bassin-arcachon.com\/it\/wp-json\/wp\/v2\/types\/page"}],"author":[{"embeddable":true,"href":"https:\/\/dev.bassin-arcachon.com\/it\/wp-json\/wp\/v2\/users\/25"}],"replies":[{"embeddable":true,"href":"https:\/\/dev.bassin-arcachon.com\/it\/wp-json\/wp\/v2\/comments?post=153"}],"version-history":[{"count":1,"href":"https:\/\/dev.bassin-arcachon.com\/it\/wp-json\/wp\/v2\/pages\/153\/revisions"}],"predecessor-version":[{"id":68226,"href":"https:\/\/dev.bassin-arcachon.com\/it\/wp-json\/wp\/v2\/pages\/153\/revisions\/68226"}],"up":[{"embeddable":true,"href":"https:\/\/dev.bassin-arcachon.com\/it\/wp-json\/wp\/v2\/pages\/33"}],"wp:featuredmedia":[{"embeddable":true,"href":"https:\/\/dev.bassin-arcachon.com\/it\/wp-json\/wp\/v2\/media\/8864"}],"wp:attachment":[{"href":"https:\/\/dev.bassin-arcachon.com\/it\/wp-json\/wp\/v2\/media?parent=153"}],"curies":[{"name":"wp","href":"https:\/\/api.w.org\/{rel}","templated":true}]}}