{"id":155,"date":"2017-08-09T17:44:49","date_gmt":"2017-08-09T15:44:49","guid":{"rendered":"https:\/\/dev.bassin-arcachon.com\/\/?page_id=155"},"modified":"2024-11-06T10:40:10","modified_gmt":"2024-11-06T09:40:10","slug":"inverno","status":"publish","type":"page","link":"https:\/\/dev.bassin-arcachon.com\/it\/la-piscina-e-per-tutta-la-stagione\/inverno\/","title":{"rendered":"Arcachon Bassin in inverno"},"content":{"rendered":"<div class=\"wp-block-uagb-container uagb-block-19dca13a alignfull uagb-is-root-container\"><div class=\"uagb-container-inner-blocks-wrap\">\n<div class=\"wp-block-uagb-container uagb-block-16a53095\">\n<h2 class=\"wp-block-heading\">Prenditi un momento per te<\/h2>\n\n\n\n<p>Niente di meglio di un fine settimana coccoloso da vivere insieme.<\/p>\n\n\n\n<p>In questo periodo dell&#039;anno, ti piacer\u00e0 prenotare un trattamento in uno degli stabilimenti Balneo &amp; Thalasso.<\/p>\n\n\n\n<p>Vi aspetta un bel momento di relax<\/p>\n<\/div>\n\n\n\n<div class=\"wp-block-uagb-container uagb-block-6ad1740f\">\n<div class=\"wp-block-uagb-image uagb-block-1cf71d7d wp-block-uagb-image--layout-default wp-block-uagb-image--effect-static wp-block-uagb-image--align-none\"><figure class=\"wp-block-uagb-image__figure\"><img decoding=\"async\" srcset=\"https:\/\/dev.bassin-arcachon.com\/wp-content\/uploads\/2017\/12\/balneo-serge-blanco-lege-cap-ferret-33-1024x683.jpg \" sizes=\"auto, (max-width: 480px) 150px\" src=\"https:\/\/dev.bassin-arcachon.com\/wp-content\/uploads\/2017\/12\/balneo-serge-blanco-lege-cap-ferret-33-1024x683.jpg\" alt=\"- - Bassin d&#039;Arcachon\" class=\"uag-image-11599\" width=\"1024\" height=\"683\" title=\"- - Bassin d&#039;Arcachon\" loading=\"lazy\" role=\"img\"><\/figure><\/div>\n<\/div>\n<\/div><\/div>\n\n\n\n<div style=\"height:60px\" aria-hidden=\"true\" class=\"wp-block-spacer\"><\/div>\n\n\n\n<div class=\"wp-block-uagb-container uagb-block-a267d877 alignfull uagb-is-root-container\"><div class=\"uagb-container-inner-blocks-wrap\">\n<div class=\"wp-block-uagb-container uagb-block-13cb7ec7\">\n<div class=\"wp-block-uagb-image uagb-block-f2dab386 wp-block-uagb-image--layout-default wp-block-uagb-image--effect-static wp-block-uagb-image--align-none\"><figure class=\"wp-block-uagb-image__figure\"><img decoding=\"async\" srcset=\"https:\/\/dev.bassin-arcachon.com\/wp-content\/uploads\/2017\/02\/plage-bassin-arcachon-1024x516.jpg \" sizes=\"auto, (max-width: 480px) 150px\" src=\"https:\/\/dev.bassin-arcachon.com\/wp-content\/uploads\/2017\/02\/plage-bassin-arcachon-1024x516.jpg\" alt=\"- - Bassin d&#039;Arcachon\" class=\"uag-image-1844\" width=\"1024\" height=\"516\" title=\"- - Bassin d&#039;Arcachon\" loading=\"lazy\" role=\"img\"><\/figure><\/div>\n<\/div>\n\n\n\n<div class=\"wp-block-uagb-container uagb-block-0bcefc13\">\n<h2 class=\"wp-block-heading\">Cammina sulle spiagge<\/h2>\n\n\n\n<p>Prendi una boccata d&#039;aria fresca! In inverno, le spiagge di Bassin offrono un&#039;atmosfera completamente nuova.<\/p>\n\n\n\n<p>L&#039;azzurro dell&#039;estate \u00e8 sostituito dai colori viola, soprattutto a fine giornata.<\/p>\n\n\n\n<p>Approfitta di questa passeggiata all&#039;aria aperta per raccogliere i legni, un must per la decorazione d&#039;interni in stile Arcachonnais!<\/p>\n<\/div>\n<\/div><\/div>\n\n\n\n<div style=\"height:60px\" aria-hidden=\"true\" class=\"wp-block-spacer\"><\/div>\n\n\n\n<div class=\"wp-block-uagb-container uagb-block-22168545 alignfull uagb-is-root-container\"><div class=\"uagb-container-inner-blocks-wrap\">\n<div class=\"wp-block-uagb-container uagb-block-71bd5e46\">\n<h2 class=\"wp-block-heading\">Tranquilla passeggiata nella foresta<\/h2>\n\n\n\n<p>In questo momento, le foglie cadono in autunno e solo le conifere resistono con orgoglio ai venti freddi.<\/p>\n\n\n\n<p>Questo ambiente \u00e8 perfetto per una bella passeggiata nella foresta, raccogliendo pigne o semplicemente godendosi questo ambiente naturale nella calma invernale.<\/p>\n<\/div>\n\n\n\n<div class=\"wp-block-uagb-container uagb-block-a65fd5bf\">\n<div class=\"wp-block-uagb-image uagb-block-8039130f wp-block-uagb-image--layout-default wp-block-uagb-image--effect-static wp-block-uagb-image--align-none\"><figure class=\"wp-block-uagb-image__figure\"><img decoding=\"async\" srcset=\"https:\/\/dev.bassin-arcachon.com\/wp-content\/uploads\/2017\/11\/pres-sales-hiver-12-1024x683.jpg \" sizes=\"auto, (max-width: 480px) 150px\" src=\"https:\/\/dev.bassin-arcachon.com\/wp-content\/uploads\/2017\/11\/pres-sales-hiver-12-1024x683.jpg\" alt=\"- - Bassin d&#039;Arcachon\" class=\"uag-image-10671\" width=\"1024\" height=\"683\" title=\"- - Bassin d&#039;Arcachon\" loading=\"lazy\" role=\"img\"><\/figure><\/div>\n<\/div>\n<\/div><\/div>\n\n\n\n<div style=\"height:60px\" aria-hidden=\"true\" class=\"wp-block-spacer\"><\/div>\n\n\n\n<div class=\"wp-block-uagb-container uagb-block-01451b0b alignfull uagb-is-root-container\"><div class=\"uagb-container-inner-blocks-wrap\">\n<div class=\"wp-block-uagb-container uagb-block-95108259\">\n<div class=\"wp-block-uagb-image uagb-block-0a05a591 wp-block-uagb-image--layout-default wp-block-uagb-image--effect-static wp-block-uagb-image--align-none\"><figure class=\"wp-block-uagb-image__figure\"><img decoding=\"async\" srcset=\"https:\/\/dev.bassin-arcachon.com\/wp-content\/uploads\/2018\/07\/halte-gourmandise-cap-ferret-e1546595136670.jpg ,https:\/\/dev.bassin-arcachon.com\/wp-content\/uploads\/2018\/07\/halte-gourmandise-cap-ferret-e1546595136670.jpg 780w, https:\/\/dev.bassin-arcachon.com\/wp-content\/uploads\/2018\/07\/halte-gourmandise-cap-ferret-e1546595136670.jpg 360w\" sizes=\"auto, (max-width: 480px) 150px\" src=\"https:\/\/dev.bassin-arcachon.com\/wp-content\/uploads\/2018\/07\/halte-gourmandise-cap-ferret-e1546595136670.jpg\" alt=\"Fai una sosta gourmet a Cap Ferret\" class=\"uag-image-24868\" width=\"1024\" height=\"683\" title=\"Fai una sosta gourmet a Cap Ferret\" loading=\"lazy\" role=\"img\"\/><\/figure><\/div>\n<\/div>\n\n\n\n<div class=\"wp-block-uagb-container uagb-block-c89e772e\">\n<h2 class=\"wp-block-heading\">Leggere un libro, accompagnato da una buona cioccolata calda<\/h2>\n\n\n\n<p>Il piacere di scegliere un buon libro, prima di andare in un caff\u00e8 o in una brasserie a divorarlo caldo. Il piccolo piacere in pi\u00f9? Quella di una cioccolata calda o di un caff\u00e8 viennese e qualche prelibatezza, e hai tutti gli ingredienti per una giornata invernale di successo!<\/p>\n<\/div>\n<\/div><\/div>\n\n\n\n<div style=\"height:60px\" aria-hidden=\"true\" class=\"wp-block-spacer\"><\/div>\n\n\n\n<div class=\"wp-block-uagb-container uagb-block-bd82ce65 alignfull uagb-is-root-container\"><div class=\"uagb-container-inner-blocks-wrap\">\n<div class=\"wp-block-uagb-container uagb-block-531b9d36\">\n<h2 class=\"wp-block-heading\">Cinema\/Teatro<\/h2>\n\n\n\n<p>Tutto l&#039;anno e ancora di pi\u00f9 in inverno, prenota il tuo posto per lo spettacolo del momento o l&#039;ultimo film in programmazione&nbsp;<a href=\"https:\/\/www.bassin-arcachon.com\/agenda-sorties-marches\/les-sorties\">uno dei nostri cinema<\/a>.<\/p>\n\n\n\n<p><strong>Concerto, teatro, danza, opera<\/strong>\u2026 Tutto intorno all&#039;Arcachon Bassin, un bellissimo&nbsp;<strong>programmazione<\/strong>&nbsp;ti aspetto !&nbsp;<a href=\"https:\/\/www.bassin-arcachon.com\/agenda-sorties-marches\/\">Consulta l&#039;agenda del Bassin di Arcachon.<\/a><\/p>\n<\/div>\n\n\n\n<div class=\"wp-block-uagb-container uagb-block-6e5a64b4\">\n<div class=\"wp-block-uagb-image uagb-block-53397aa1 wp-block-uagb-image--layout-default wp-block-uagb-image--effect-static wp-block-uagb-image--align-none\"><figure class=\"wp-block-uagb-image__figure\"><img decoding=\"async\" srcset=\"https:\/\/dev.bassin-arcachon.com\/wp-content\/uploads\/2017\/02\/visite-au-theatre-Arcachon.jpg \" sizes=\"auto, (max-width: 480px) 150px\" src=\"https:\/\/dev.bassin-arcachon.com\/wp-content\/uploads\/2017\/02\/visite-au-theatre-Arcachon.jpg\" alt=\"- - Bassin d&#039;Arcachon\" class=\"uag-image-1220\" width=\"529\" height=\"301\" title=\"- - Bassin d&#039;Arcachon\" loading=\"lazy\" role=\"img\"><\/figure><\/div>\n<\/div>\n<\/div><\/div>\n\n\n\n<div style=\"height:60px\" aria-hidden=\"true\" class=\"wp-block-spacer\"><\/div>\n\n\n\n<div class=\"wp-block-uagb-container uagb-block-90d75334 alignfull uagb-is-root-container\"><div class=\"uagb-container-inner-blocks-wrap\">\n<div class=\"wp-block-uagb-container uagb-block-024b39f0\">\n<div class=\"wp-block-uagb-image uagb-block-f151724d wp-block-uagb-image--layout-default wp-block-uagb-image--effect-static wp-block-uagb-image--align-none\"><figure class=\"wp-block-uagb-image__figure\"><img decoding=\"async\" srcset=\"https:\/\/dev.bassin-arcachon.com\/wp-content\/uploads\/2017\/02\/balade-en-pinasse-1-1024x683.jpg \" sizes=\"auto, (max-width: 480px) 150px\" src=\"https:\/\/dev.bassin-arcachon.com\/wp-content\/uploads\/2017\/02\/balade-en-pinasse-1-1024x683.jpg\" alt=\"- - Bassin d&#039;Arcachon\" class=\"uag-image-1846\" width=\"1024\" height=\"683\" title=\"- - Bassin d&#039;Arcachon\" loading=\"lazy\" role=\"img\"><\/figure><\/div>\n<\/div>\n\n\n\n<div class=\"wp-block-uagb-container uagb-block-48605417\">\n<h2 class=\"wp-block-heading\">Cammina su una chiatta, su una lancia...<\/h2>\n\n\n\n<p>Se non conosci ancora i colori dell&#039;Bassin in inverno, inizia con a&nbsp;<a href=\"https:\/\/www.bassin-arcachon.com\/quoi-faire\/sur-leau\/?cat=excursion_bateau\">tradizionale giro in barca<\/a>. Una volta in acqua, la vastit\u00e0 del luogo e la sensazione di essere soli al mondo sono incredibili. Sicuramente incontrerete allevatori di ostriche al lavoro nei porti, uccelli che si posano sui frontoni o sui tetti delle capanne... Tirate fuori la macchina fotografica per immortalare il momento, con i colori invernali della Bassin sullo sfondo.<\/p>\n<\/div>\n<\/div><\/div>\n\n\n\n<div style=\"height:60px\" aria-hidden=\"true\" class=\"wp-block-spacer\"><\/div>\n\n\n\n<div class=\"wp-block-uagb-container uagb-block-c3319ced alignfull uagb-is-root-container\">\n<div class=\"wp-block-cover is-light has-parallax\"><span aria-hidden=\"true\" class=\"wp-block-cover__background has-background-dim-0 has-background-dim\"><\/span><div class=\"wp-block-cover__image-background wp-image-8349 has-parallax\" style=\"background-position:50% 50%;background-image:url(https:\/\/dev.bassin-arcachon.com\/wp-content\/uploads\/2017\/02\/hotel-les-bains-darguin-thalazur-arcachon-divers-3.jpg)\"><\/div><div class=\"wp-block-cover__inner-container is-layout-flow wp-block-cover-is-layout-flow\">\n<div class=\"wp-block-uagb-container uagb-block-dd953b33\">\n<h2 class=\"wp-block-heading has-text-align-center has-white-color has-text-color has-large-font-size\">Voglia di respirare l&#039;aria iodata dell&#039;Bassin?<\/h2>\n\n\n\n<p class=\"has-text-align-center has-white-color has-text-color\"><a href=\"https:\/\/www.bassin-arcachon.com\/nos-incontournables\/les-jetees\/\"><\/a><a href=\"https:\/\/www.bassin-arcachon.com\/nos-incontournables\/les-jetees\/\" target=\"_blank\" rel=\"noreferrer noopener\">Passeggia sui moli<\/a><\/p>\n<\/div>\n<\/div><\/div>\n<\/div>\n\n\n\n<div style=\"height:60px\" aria-hidden=\"true\" class=\"wp-block-spacer\"><\/div>\n\n\n\n<div class=\"wp-block-uagb-container uagb-block-e9433a70 alignfull uagb-is-root-container\"><div class=\"uagb-container-inner-blocks-wrap\">\n<div class=\"wp-block-uagb-container uagb-block-3ef6d655\">\n<h2 class=\"wp-block-heading\">Escursione sulla Dune du Pilat<\/h2>\n\n\n\n<p>Per una vista magica dell&#039;Bassin in inverno, dirigiti verso la Dune du Pilat. Le scale non saranno pi\u00f9 l\u00ec ad aiutarti, ma sar\u00e0 l&#039;occasione per una salita sportiva prima di raggiungere la cima. Approfitta di questo periodo di calma per camminare sulla cresta della Duna e scendere ai suoi piedi, sulla spiaggia. Avventurati il pi\u00f9 lontano possibile, lo scenario ne vale la pena.<\/p>\n<\/div>\n\n\n\n<div class=\"wp-block-uagb-container uagb-block-9fcca49d\">\n<div class=\"wp-block-uagb-image uagb-block-97db7b28 wp-block-uagb-image--layout-default wp-block-uagb-image--effect-static wp-block-uagb-image--align-none\"><figure class=\"wp-block-uagb-image__figure\"><img decoding=\"async\" srcset=\"https:\/\/dev.bassin-arcachon.com\/wp-content\/uploads\/2017\/02\/17017116_1705522186128351_7205716539590127516_o-1024x683.jpg \" sizes=\"auto, (max-width: 480px) 150px\" src=\"https:\/\/dev.bassin-arcachon.com\/wp-content\/uploads\/2017\/02\/17017116_1705522186128351_7205716539590127516_o-1024x683.jpg\" alt=\"- - Bassin d&#039;Arcachon\" class=\"uag-image-6978\" width=\"1024\" height=\"683\" title=\"- - Bassin d&#039;Arcachon\" loading=\"lazy\" role=\"img\"><\/figure><\/div>\n<\/div>\n<\/div><\/div>\n\n\n\n<div style=\"height:60px\" aria-hidden=\"true\" class=\"wp-block-spacer\"><\/div>\n\n\n\n<div class=\"wp-block-uagb-container uagb-block-d0829c67 alignfull uagb-is-root-container\"><div class=\"uagb-container-inner-blocks-wrap\">\n<div class=\"wp-block-uagb-container uagb-block-74988d52\">\n<div class=\"wp-block-uagb-image uagb-block-a0cc5f1a wp-block-uagb-image--layout-default wp-block-uagb-image--effect-static wp-block-uagb-image--align-none\"><figure class=\"wp-block-uagb-image__figure\"><img decoding=\"async\" srcset=\"https:\/\/dev.bassin-arcachon.com\/wp-content\/uploads\/2022\/11\/noel-bassin-arcachon-les-conteurs-1024x1024.jpg \" sizes=\"auto, (max-width: 480px) 150px\" src=\"https:\/\/dev.bassin-arcachon.com\/wp-content\/uploads\/2022\/11\/noel-bassin-arcachon-les-conteurs-1024x1024.jpg\" alt=\"- - Bassin d&#039;Arcachon\" class=\"uag-image-52568\" width=\"1024\" height=\"1024\" title=\"- - Bassin d&#039;Arcachon\" loading=\"lazy\" role=\"img\"><\/figure><\/div>\n<\/div>\n\n\n\n<div class=\"wp-block-uagb-container uagb-block-f983ceb7\">\n<h2 class=\"wp-block-heading\">Festeggia il Natale in anticipo<\/h2>\n\n\n\n<p>Prima di festeggiare il Natale con la famiglia, cosa succede se decidi di andare un po&#039; avanti?<\/p>\n\n\n\n<p>Vai a comprare qualche ostrica e prenotane una\u00a0<a href=\"https:\/\/www.bassin-arcachon.com\/hebergements\/chambres-dhotes\/\">bed and breakfast<\/a>\u00a0o un cottage per trascorrere un buon fine settimana con la famiglia o gli amici!<\/p>\n<\/div>\n<\/div><\/div>\n\n\n\n<div style=\"height:60px\" aria-hidden=\"true\" class=\"wp-block-spacer\"><\/div>\n\n\n\n<div class=\"wp-block-uagb-container uagb-block-7b84df9a alignfull uagb-is-root-container\"><div class=\"uagb-container-inner-blocks-wrap\">\n<div class=\"wp-block-uagb-container uagb-block-f22dd070\">\n<h2 class=\"wp-block-heading\">Una sessione di pattinaggio sul ghiaccio<\/h2>\n\n\n\n<p>Da dicembre, le piste di pattinaggio vengono allestite ad Arcachon e nel villaggio di L\u00e8ge per la gioia di bambini e genitori!<\/p>\n\n\n\n<p>\u00c8 anche possibile vedere Babbo Natale, che arriva un po&#039; in anticipo per fare le foto con i bambini.<\/p>\n\n\n\n<p>Ad Arcachon arriva anche in barca sabato 12 dicembre!<\/p>\n<\/div>\n\n\n\n<div class=\"wp-block-uagb-container uagb-block-a0e28e1d\">\n<div class=\"wp-block-uagb-image uagb-block-fa52b6d3 wp-block-uagb-image--layout-default wp-block-uagb-image--effect-static wp-block-uagb-image--align-none\"><figure class=\"wp-block-uagb-image__figure\"><img decoding=\"async\" srcset=\"https:\/\/dev.bassin-arcachon.com\/wp-content\/uploads\/2017\/11\/Patinoire-L\u00e8ge-Cap-Ferret-1024x683.jpg \" sizes=\"auto, (max-width: 480px) 150px\" src=\"https:\/\/dev.bassin-arcachon.com\/wp-content\/uploads\/2017\/11\/Patinoire-L\u00e8ge-Cap-Ferret-1024x683.jpg\" alt=\"- - Bassin d&#039;Arcachon\" class=\"uag-image-39191\" width=\"1024\" height=\"683\" title=\"- - Bassin d&#039;Arcachon\" loading=\"lazy\" role=\"img\"><\/figure><\/div>\n<\/div>\n<\/div><\/div>\n\n\n\n<div style=\"height:60px\" aria-hidden=\"true\" class=\"wp-block-spacer\"><\/div>\n\n\n\n<div class=\"wp-block-uagb-container uagb-block-309d93af alignfull uagb-is-root-container\"><div class=\"uagb-container-inner-blocks-wrap\">\n<div class=\"wp-block-uagb-container uagb-block-b0b8d4c4\">\n<div class=\"wp-block-uagb-image uagb-block-b48b44dc wp-block-uagb-image--layout-default wp-block-uagb-image--effect-static wp-block-uagb-image--align-none\"><figure class=\"wp-block-uagb-image__figure\"><img decoding=\"async\" srcset=\"https:\/\/dev.bassin-arcachon.com\/wp-content\/uploads\/2017\/02\/shopping-pendant-les-soldes-1024x683.jpg \" sizes=\"auto, (max-width: 480px) 150px\" src=\"https:\/\/dev.bassin-arcachon.com\/wp-content\/uploads\/2017\/02\/shopping-pendant-les-soldes-1024x683.jpg\" alt=\"- - Bassin d&#039;Arcachon\" class=\"uag-image-1228\" width=\"1024\" height=\"683\" title=\"- - Bassin d&#039;Arcachon\" loading=\"lazy\" role=\"img\"><\/figure><\/div>\n<\/div>\n\n\n\n<div class=\"wp-block-uagb-container uagb-block-07a5396e\">\n<h2 class=\"wp-block-heading\">Fai la spesa natalizia<\/h2>\n\n\n\n<p>Dirigetevi verso i negozi di Arcachon, Andernos-les-Bains o L\u00e8ge-Cap Ferret per gli ultimi acquisti natalizi!<\/p>\n\n\n\n<p>Sar\u00e0 l&#039;occasione per unire l&#039;utile al dilettevole, facendo una passeggiata sui moli dopo la meritata sessione di shopping.<\/p>\n<\/div>\n<\/div><\/div>\n\n\n\n<div style=\"height:60px\" aria-hidden=\"true\" class=\"wp-block-spacer\"><\/div>\n\n\n\n<div class=\"wp-block-uagb-container uagb-block-c051fe9b alignfull uagb-is-root-container\"><div class=\"uagb-container-inner-blocks-wrap\">\n<div class=\"wp-block-uagb-container uagb-block-49b5cd48\">\n<h2 class=\"wp-block-heading\">Uno shopping sfrenato durante i saldi<\/h2>\n\n\n\n<p>Dopo Natale c&#039;\u00e8 un altro appuntamento da non perdere: i saldi! Ad Arcachon, ma anche nei negozi di decorazioni di Grand Piquey, o anche nei graziosi mercatini delle pulci e nei negozi dell&#039;Bassin come ad Andernos.<\/p>\n\n\n\n<p>Approfitta di un&#039;intera giornata per alternare lo shopping, una pausa cioccolata calda in un bar o una passeggiata in un villaggio.<\/p>\n<\/div>\n\n\n\n<div class=\"wp-block-uagb-container uagb-block-e765dea5\">\n<div class=\"wp-block-uagb-image uagb-block-8ed7121e wp-block-uagb-image--layout-default wp-block-uagb-image--effect-static wp-block-uagb-image--align-none\"><figure class=\"wp-block-uagb-image__figure\"><img decoding=\"async\" srcset=\"https:\/\/dev.bassin-arcachon.com\/wp-content\/uploads\/2018\/11\/soldes-bassin-arcachon-1024x997.jpg ,https:\/\/dev.bassin-arcachon.com\/wp-content\/uploads\/2018\/11\/soldes-bassin-arcachon.jpg 780w, https:\/\/dev.bassin-arcachon.com\/wp-content\/uploads\/2018\/11\/soldes-bassin-arcachon.jpg 360w\" sizes=\"auto, (max-width: 480px) 150px\" src=\"https:\/\/dev.bassin-arcachon.com\/wp-content\/uploads\/2018\/11\/soldes-bassin-arcachon-1024x997.jpg\" alt=\"vendita piscine arcachon\" class=\"uag-image-27050\" width=\"1024\" height=\"997\" title=\"vendita piscine arcachon\" loading=\"lazy\" role=\"img\"\/><\/figure><\/div>\n<\/div>\n<\/div><\/div>\n\n\n\n<div style=\"height:60px\" aria-hidden=\"true\" class=\"wp-block-spacer\"><\/div>","protected":false},"excerpt":{"rendered":"<p>Prendetevi un momento per voi Non c&#039;\u00e8 niente di meglio di un week-end di coccole da vivere insieme. In questo periodo dell\u2019anno adorerai prenotare un trattamento in uno degli stabilimenti [\u2026]<\/p>","protected":false},"author":25,"featured_media":1841,"parent":33,"menu_order":4,"comment_status":"closed","ping_status":"closed","template":"","meta":{"_acf_changed":false,"_uag_custom_page_level_css":"","footnotes":""},"class_list":["post-155","page","type-page","status-publish","has-post-thumbnail","hentry"],"acf":[],"uagb_featured_image_src":{"full":["https:\/\/dev.bassin-arcachon.com\/wp-content\/uploads\/2017\/02\/pignots-bassin-darcachon.jpg",1200,800,false],"thumbnail":["https:\/\/dev.bassin-arcachon.com\/wp-content\/uploads\/2017\/02\/pignots-bassin-darcachon-150x150.jpg",150,150,true],"medium":["https:\/\/dev.bassin-arcachon.com\/wp-content\/uploads\/2017\/02\/pignots-bassin-darcachon-300x200.jpg",300,200,true],"medium_large":["https:\/\/dev.bassin-arcachon.com\/wp-content\/uploads\/2017\/02\/pignots-bassin-darcachon-768x512.jpg",768,512,true],"large":["https:\/\/dev.bassin-arcachon.com\/wp-content\/uploads\/2017\/02\/pignots-bassin-darcachon-1024x683.jpg",1024,683,true],"1536x1536":["https:\/\/dev.bassin-arcachon.com\/wp-content\/uploads\/2017\/02\/pignots-bassin-darcachon.jpg",1200,800,false],"2048x2048":["https:\/\/dev.bassin-arcachon.com\/wp-content\/uploads\/2017\/02\/pignots-bassin-darcachon.jpg",1200,800,false],"trp-custom-language-flag":["https:\/\/dev.bassin-arcachon.com\/wp-content\/uploads\/2017\/02\/pignots-bassin-darcachon-18x12.jpg",18,12,true],"fp-small":["https:\/\/dev.bassin-arcachon.com\/wp-content\/uploads\/2017\/02\/pignots-bassin-darcachon-640x427.jpg",640,427,true],"fp-large":["https:\/\/dev.bassin-arcachon.com\/wp-content\/uploads\/2017\/02\/pignots-bassin-darcachon.jpg",1200,800,false],"fp-xlarge":["https:\/\/dev.bassin-arcachon.com\/wp-content\/uploads\/2017\/02\/pignots-bassin-darcachon.jpg",1200,800,false]},"uagb_author_info":{"display_name":"Marie Clauzel","author_link":"https:\/\/dev.bassin-arcachon.com\/it\/author\/mariesiba\/"},"uagb_comment_info":0,"uagb_excerpt":"Prendre un moment pour soi Rien de mieux qu\u2019un week-end cocooning pour profiter \u00e0 deux. \u00c0 cette p\u00e9riode de l\u2019ann\u00e9e, vous allez adorez r\u00e9server un soin dans l\u2019un des \u00e9tablissements [&hellip;]","_links":{"self":[{"href":"https:\/\/dev.bassin-arcachon.com\/it\/wp-json\/wp\/v2\/pages\/155","targetHints":{"allow":["GET"]}}],"collection":[{"href":"https:\/\/dev.bassin-arcachon.com\/it\/wp-json\/wp\/v2\/pages"}],"about":[{"href":"https:\/\/dev.bassin-arcachon.com\/it\/wp-json\/wp\/v2\/types\/page"}],"author":[{"embeddable":true,"href":"https:\/\/dev.bassin-arcachon.com\/it\/wp-json\/wp\/v2\/users\/25"}],"replies":[{"embeddable":true,"href":"https:\/\/dev.bassin-arcachon.com\/it\/wp-json\/wp\/v2\/comments?post=155"}],"version-history":[{"count":1,"href":"https:\/\/dev.bassin-arcachon.com\/it\/wp-json\/wp\/v2\/pages\/155\/revisions"}],"predecessor-version":[{"id":68231,"href":"https:\/\/dev.bassin-arcachon.com\/it\/wp-json\/wp\/v2\/pages\/155\/revisions\/68231"}],"up":[{"embeddable":true,"href":"https:\/\/dev.bassin-arcachon.com\/it\/wp-json\/wp\/v2\/pages\/33"}],"wp:featuredmedia":[{"embeddable":true,"href":"https:\/\/dev.bassin-arcachon.com\/it\/wp-json\/wp\/v2\/media\/1841"}],"wp:attachment":[{"href":"https:\/\/dev.bassin-arcachon.com\/it\/wp-json\/wp\/v2\/media?parent=155"}],"curies":[{"name":"wp","href":"https:\/\/api.w.org\/{rel}","templated":true}]}}