{"id":27342,"date":"2018-11-21T17:44:13","date_gmt":"2018-11-21T16:44:13","guid":{"rendered":"https:\/\/dev.bassin-arcachon.com\/\/?page_id=27342"},"modified":"2024-11-06T11:02:48","modified_gmt":"2024-11-06T10:02:48","slug":"anderno","status":"publish","type":"page","link":"https:\/\/dev.bassin-arcachon.com\/it\/dove-dormire\/camere-degli-ospiti\/anderno\/","title":{"rendered":"Le nostre camere ad Andernos"},"content":{"rendered":"<div class=\"wp-block-uagb-container uagb-block-bb8281fe alignfull uagb-is-root-container\"><div class=\"uagb-container-inner-blocks-wrap\">\n<div class=\"wp-block-uagb-container uagb-block-2f3515ac\">\n<h2 class=\"wp-block-heading\">Le nostre camere ad Andernos con piscina<\/h2>\n\n\n\n<p>Goditi un soggiorno intimo in un bed and breakfast ad Andernos e rilassati a bordo piscina! Con i bambini o in coppia, ricaricate le batterie in un ambiente idilliaco a due passi dalla spiaggia! Che ne dici di guardare il tramonto, i piedi nell&#039;acqua in piscina? In inverno apprezzerete la piscina riscaldata del vostro bed and breakfast ad Andernos!<\/p>\n\n\n\n<div class=\"wp-block-buttons is-layout-flex wp-block-buttons-is-layout-flex\">\n<div class=\"wp-block-button\"><a class=\"wp-block-button__link wp-element-button\" href=\"https:\/\/dev.bassin-arcachon.com\/it\/alloggio\/pernottamento-e-prima-colazione-e-piscina-2\/\">Bed and breakfast con piscina<\/a><\/div>\n<\/div>\n<\/div>\n\n\n\n<div class=\"wp-block-uagb-container uagb-block-fdd31a9a\">\n<div class=\"wp-block-uagb-image uagb-block-d52328a5 wp-block-uagb-image--layout-default wp-block-uagb-image--effect-static wp-block-uagb-image--align-none\"><figure class=\"wp-block-uagb-image__figure\"><img decoding=\"async\" srcset=\"https:\/\/dev.bassin-arcachon.com\/wp-content\/uploads\/2017\/08\/happy3.jpg \" sizes=\"auto, (max-width: 480px) 150px\" src=\"https:\/\/dev.bassin-arcachon.com\/wp-content\/uploads\/2017\/08\/happy3.jpg\" alt=\"Luisa Anderno\" class=\"uag-image-7499\" width=\"700\" height=\"465\" title=\"- - Bassin d&#039;Arcachon\" loading=\"lazy\" role=\"img\"><\/figure><\/div>\n<\/div>\n<\/div><\/div>\n\n\n\n<div style=\"height:60px\" aria-hidden=\"true\" class=\"wp-block-spacer\"><\/div>\n\n\n\n<div class=\"wp-block-uagb-container uagb-block-78cf63ae alignfull uagb-is-root-container\"><div class=\"uagb-container-inner-blocks-wrap\">\n<div class=\"wp-block-uagb-container uagb-block-3f35cde6\">\n<div class=\"wp-block-uagb-image uagb-block-bcceae7a wp-block-uagb-image--layout-default wp-block-uagb-image--effect-static wp-block-uagb-image--align-none\"><figure class=\"wp-block-uagb-image__figure\"><img decoding=\"async\" srcset=\"https:\/\/dev.bassin-arcachon.com\/wp-content\/uploads\/2018\/07\/Jetee-andernos-les-bains-bassin-arcachon.jpg \" sizes=\"auto, (max-width: 480px) 150px\" src=\"https:\/\/dev.bassin-arcachon.com\/wp-content\/uploads\/2018\/07\/Jetee-andernos-les-bains-bassin-arcachon.jpg\" alt=\"- - Bassin d&#039;Arcachon\" class=\"uag-image-23915\" width=\"1000\" height=\"750\" title=\"- - Bassin d&#039;Arcachon\" loading=\"lazy\" role=\"img\"><\/figure><\/div>\n<\/div>\n\n\n\n<div class=\"wp-block-uagb-container uagb-block-7aa87f8d\">\n<h2 class=\"wp-block-heading\">Le nostre camere ad Andernos con giardino<\/h2>\n\n\n\n<p>Fuggi nell&#039;Bassin di Arcachon scegliendo una delle nostre camere con giardino ad Andernos! Crogiolarsi all&#039;ombra degli alberi in giardino, cullati dal canto degli uccelli! Le nostre camere con giardino sono l&#039;ideale per un soggiorno rilassante ad Andernos, per due o con la famiglia!<\/p>\n\n\n\n<div class=\"wp-block-buttons is-layout-flex wp-block-buttons-is-layout-flex\">\n<div class=\"wp-block-button\"><a class=\"wp-block-button__link wp-element-button\" href=\"https:\/\/dev.bassin-arcachon.com\/it\/alloggio\/bed-and-breakfast-e-giardino\/\">Bed and breakfast con giardino<\/a><\/div>\n<\/div>\n<\/div>\n<\/div><\/div>\n\n\n\n<div style=\"height:60px\" aria-hidden=\"true\" class=\"wp-block-spacer\"><\/div>\n\n\n\n<div class=\"wp-block-uagb-container uagb-block-ac65806f alignfull uagb-is-root-container\"><div class=\"uagb-container-inner-blocks-wrap\">\n<div class=\"wp-block-uagb-container uagb-block-41f0971d\">\n<h2 class=\"wp-block-heading\">Le nostre camere ad Andernos sono aperte tutto l&#039;anno<\/h2>\n\n\n\n<p>Vuoi una fuga romantica<a href=\"https:\/\/dev.bassin-arcachon.com\/it\/le-nostre-citta-e-i-nostri-villaggi\/andernos-i-bagni\/\"> ad Andernos<\/a> ? \u00c8 possibile, con le nostre camere aperte tutto l&#039;anno ad Andernos! Tra i colori caldi dell&#039;autunno e i primi raggi di sole della primavera, la piscina svela la sua magia in tutte le stagioni... Approfitta delle nostre camere aperte tutto l&#039;anno ad Andernos e scegli il momento perfetto per una pausa magica e intima!<\/p>\n\n\n\n<div class=\"wp-block-buttons is-layout-flex wp-block-buttons-is-layout-flex\">\n<div class=\"wp-block-button\"><a class=\"wp-block-button__link wp-element-button\" href=\"https:\/\/dev.bassin-arcachon.com\/it\/alloggio\/camere-degli-ospiti-2\/\">Camere aperte tutto l&#039;anno<\/a><\/div>\n<\/div>\n<\/div>\n\n\n\n<div class=\"wp-block-uagb-container uagb-block-8837f0c7\">\n<div class=\"wp-block-uagb-image uagb-block-f31d9910 wp-block-uagb-image--layout-default wp-block-uagb-image--effect-static wp-block-uagb-image--align-none\"><figure class=\"wp-block-uagb-image__figure\"><img decoding=\"async\" srcset=\"https:\/\/dev.bassin-arcachon.com\/wp-content\/uploads\/2018\/10\/andernos-velo-SIBA-agence-les-conteurs-50-1024x683.jpg \" sizes=\"auto, (max-width: 480px) 150px\" src=\"https:\/\/dev.bassin-arcachon.com\/wp-content\/uploads\/2018\/10\/andernos-velo-SIBA-agence-les-conteurs-50-1024x683.jpg\" alt=\"Le bellissime ville di Andernos\" class=\"uag-image-26668\" width=\"1024\" height=\"683\" title=\"- - Bassin d&#039;Arcachon\" loading=\"lazy\" role=\"img\"><\/figure><\/div>\n<\/div>\n<\/div><\/div>\n\n\n\n<div style=\"height:60px\" aria-hidden=\"true\" class=\"wp-block-spacer\"><\/div>\n\n\n\n<div class=\"wp-block-uagb-container uagb-block-d345a656 alignfull uagb-is-root-container\">\n<div class=\"wp-block-cover is-light has-parallax\"><span aria-hidden=\"true\" class=\"wp-block-cover__background has-background-dim-0 has-background-dim\"><\/span><div class=\"wp-block-cover__image-background wp-image-1345 has-parallax\" style=\"background-position:50% 50%;background-image:url(https:\/\/dev.bassin-arcachon.com\/wp-content\/uploads\/2017\/03\/Camping-Panorama-du-Pyla-cottage-vue-mer-coin-farniente.jpg)\"><\/div><div class=\"wp-block-cover__inner-container is-layout-flow wp-block-cover-is-layout-flow\">\n<div class=\"wp-block-uagb-container uagb-block-4d31af8a\">\n<h2 class=\"wp-block-heading has-text-align-center has-white-color has-text-color has-large-font-size\">Trascorri le tue vacanze in tutta tranquillit\u00e0 in una delle camere Bassin ad Arcachon!<\/h2>\n\n\n\n<p class=\"has-text-align-center has-white-color has-text-color\"><a href=\"https:\/\/dev.bassin-arcachon.com\/it\/alloggio\/camere-degli-ospiti-2\/\">INIZIA LA TUA RICERCA<\/a><\/p>\n<\/div>\n<\/div><\/div>\n<\/div>\n\n\n\n<div style=\"height:60px\" aria-hidden=\"true\" class=\"wp-block-spacer\"><\/div>\n\n\n\n<div class=\"wp-block-uagb-container uagb-block-9e872abe alignfull uagb-is-root-container\"><div class=\"uagb-container-inner-blocks-wrap\">\n<div class=\"wp-block-uagb-container uagb-block-b19425a5\">\n<h3 class=\"wp-block-heading\">Vuoi prenotare un bed and breakfast nei dintorni di Andernos?<\/h3>\n\n\n\n<p>Scopri tutte le camere dell&#039;Bassin Arcachon:&nbsp;<a href=\"https:\/\/dev.bassin-arcachon.com\/it\/dove-dormire\/affitti-di-bed-and-breakfast\/?commune=arcachon\">Arcachon<\/a>,&nbsp;<a href=\"https:\/\/dev.bassin-arcachon.com\/it\/dove-dormire\/affitti-di-bed-and-breakfast\/?commune=ares\">Ares<\/a>,&nbsp;<a href=\"https:\/\/dev.bassin-arcachon.com\/it\/dove-dormire\/affitti-di-bed-and-breakfast\/?commune=lanton\">lanto<\/a>,&nbsp;<a href=\"https:\/\/dev.bassin-arcachon.com\/it\/dove-dormire\/affitti-di-bed-and-breakfast\/?commune=gujan-mestras\">Gujan-Mestras<\/a>,&nbsp;<a href=\"https:\/\/dev.bassin-arcachon.com\/it\/dove-dormire\/affitti-di-bed-and-breakfast\/?commune=la-teste-de-buch\">La Teste de Buch<\/a>,&nbsp;<a href=\"https:\/\/dev.bassin-arcachon.com\/it\/dove-dormire\/affitti-di-bed-and-breakfast\/?commune=audenge\">Audenge,<\/a>&nbsp;e&nbsp;<a href=\"https:\/\/dev.bassin-arcachon.com\/it\/dove-dormire\/affitti-di-bed-and-breakfast\/?commune=lege-cap-ferret\">Cap-Ferret<\/a>&nbsp;!<\/p>\n<\/div>\n\n\n\n<div class=\"wp-block-uagb-container uagb-block-3ea3d19f\">\n<div class=\"wp-block-uagb-image uagb-block-d2f4f1c8 wp-block-uagb-image--layout-default wp-block-uagb-image--effect-static wp-block-uagb-image--align-none\"><figure class=\"wp-block-uagb-image__figure\"><img decoding=\"async\" srcset=\"https:\/\/dev.bassin-arcachon.com\/wp-content\/uploads\/2018\/09\/nourri-a-lhu\u00eetre-\u00e9lev\u00e9-sous-les-pins-Bassin-dArcachon.jpg 1000w, https:\/\/dev.bassin-arcachon.com\/wp-content\/uploads\/2018\/09\/nourri-a-lhu\u00eetre-\u00e9lev\u00e9-sous-les-pins-Bassin-dArcachon-300x200.jpg 300w, https:\/\/dev.bassin-arcachon.com\/wp-content\/uploads\/2018\/09\/nourri-a-lhu\u00eetre-\u00e9lev\u00e9-sous-les-pins-Bassin-dArcachon-768x511.jpg 768w, https:\/\/dev.bassin-arcachon.com\/wp-content\/uploads\/2018\/09\/nourri-a-lhu\u00eetre-\u00e9lev\u00e9-sous-les-pins-Bassin-dArcachon-18x12.jpg 18w, https:\/\/dev.bassin-arcachon.com\/wp-content\/uploads\/2018\/09\/nourri-a-lhu\u00eetre-\u00e9lev\u00e9-sous-les-pins-Bassin-dArcachon-640x426.jpg 640w\" sizes=\"auto, (max-width: 480px) 150px\" src=\"https:\/\/dev.bassin-arcachon.com\/wp-content\/uploads\/2018\/09\/nourri-a-lhu\u00eetre-\u00e9lev\u00e9-sous-les-pins-Bassin-dArcachon.jpg\" alt=\"- - Bassin d&#039;Arcachon\" class=\"uag-image-26169\" width=\"1000\" height=\"666\" title=\"- - Bassin d&#039;Arcachon\" loading=\"lazy\" role=\"img\"><\/figure><\/div>\n<\/div>\n<\/div><\/div>\n\n\n\n<div style=\"height:60px\" aria-hidden=\"true\" class=\"wp-block-spacer\"><\/div>","protected":false},"excerpt":{"rendered":"<p>Le nostre camere ad Andernos con piscina Godetevi un soggiorno intimo in una camera ad Andernos e rilassatevi a bordo piscina! Con i bambini o [\u2026]<\/p>","protected":false},"author":24,"featured_media":2217,"parent":398,"menu_order":1,"comment_status":"closed","ping_status":"closed","template":"","meta":{"_acf_changed":false,"_uag_custom_page_level_css":"","footnotes":""},"class_list":["post-27342","page","type-page","status-publish","has-post-thumbnail","hentry"],"acf":[],"uagb_featured_image_src":{"full":["https:\/\/dev.bassin-arcachon.com\/wp-content\/uploads\/2017\/03\/camping-bassin-arcachon.jpg",1200,800,false],"thumbnail":["https:\/\/dev.bassin-arcachon.com\/wp-content\/uploads\/2017\/03\/camping-bassin-arcachon-150x150.jpg",150,150,true],"medium":["https:\/\/dev.bassin-arcachon.com\/wp-content\/uploads\/2017\/03\/camping-bassin-arcachon-300x200.jpg",300,200,true],"medium_large":["https:\/\/dev.bassin-arcachon.com\/wp-content\/uploads\/2017\/03\/camping-bassin-arcachon-768x512.jpg",768,512,true],"large":["https:\/\/dev.bassin-arcachon.com\/wp-content\/uploads\/2017\/03\/camping-bassin-arcachon-1024x683.jpg",1024,683,true],"1536x1536":["https:\/\/dev.bassin-arcachon.com\/wp-content\/uploads\/2017\/03\/camping-bassin-arcachon.jpg",1200,800,false],"2048x2048":["https:\/\/dev.bassin-arcachon.com\/wp-content\/uploads\/2017\/03\/camping-bassin-arcachon.jpg",1200,800,false],"trp-custom-language-flag":["https:\/\/dev.bassin-arcachon.com\/wp-content\/uploads\/2017\/03\/camping-bassin-arcachon-18x12.jpg",18,12,true],"fp-small":["https:\/\/dev.bassin-arcachon.com\/wp-content\/uploads\/2017\/03\/camping-bassin-arcachon-640x427.jpg",640,427,true],"fp-large":["https:\/\/dev.bassin-arcachon.com\/wp-content\/uploads\/2017\/03\/camping-bassin-arcachon.jpg",1200,800,false],"fp-xlarge":["https:\/\/dev.bassin-arcachon.com\/wp-content\/uploads\/2017\/03\/camping-bassin-arcachon.jpg",1200,800,false]},"uagb_author_info":{"display_name":"Audrey RAMBAUT","author_link":"https:\/\/dev.bassin-arcachon.com\/it\/author\/audrey-siba\/"},"uagb_comment_info":0,"uagb_excerpt":"Nos chambres d\u2019h\u00f4tes \u00e0 Andernos avec piscine Profitez d\u2019un s\u00e9jour intimiste dans une chambre d\u2019h\u00f4tes \u00e0 Andernos et d\u00e9tendez-vous au bord de la piscine ! Avec les enfants ou \u00e0 [&hellip;]","_links":{"self":[{"href":"https:\/\/dev.bassin-arcachon.com\/it\/wp-json\/wp\/v2\/pages\/27342","targetHints":{"allow":["GET"]}}],"collection":[{"href":"https:\/\/dev.bassin-arcachon.com\/it\/wp-json\/wp\/v2\/pages"}],"about":[{"href":"https:\/\/dev.bassin-arcachon.com\/it\/wp-json\/wp\/v2\/types\/page"}],"author":[{"embeddable":true,"href":"https:\/\/dev.bassin-arcachon.com\/it\/wp-json\/wp\/v2\/users\/24"}],"replies":[{"embeddable":true,"href":"https:\/\/dev.bassin-arcachon.com\/it\/wp-json\/wp\/v2\/comments?post=27342"}],"version-history":[{"count":1,"href":"https:\/\/dev.bassin-arcachon.com\/it\/wp-json\/wp\/v2\/pages\/27342\/revisions"}],"predecessor-version":[{"id":68250,"href":"https:\/\/dev.bassin-arcachon.com\/it\/wp-json\/wp\/v2\/pages\/27342\/revisions\/68250"}],"up":[{"embeddable":true,"href":"https:\/\/dev.bassin-arcachon.com\/it\/wp-json\/wp\/v2\/pages\/398"}],"wp:featuredmedia":[{"embeddable":true,"href":"https:\/\/dev.bassin-arcachon.com\/it\/wp-json\/wp\/v2\/media\/2217"}],"wp:attachment":[{"href":"https:\/\/dev.bassin-arcachon.com\/it\/wp-json\/wp\/v2\/media?parent=27342"}],"curies":[{"name":"wp","href":"https:\/\/api.w.org\/{rel}","templated":true}]}}