{"id":29,"date":"2017-02-06T14:51:28","date_gmt":"2017-02-06T13:51:28","guid":{"rendered":"https:\/\/dev.bassin-arcachon.com\/\/?page_id=29"},"modified":"2023-11-30T11:42:26","modified_gmt":"2023-11-30T10:42:26","slug":"le-nostre-citta-e-i-nostri-villaggi","status":"publish","type":"page","link":"https:\/\/dev.bassin-arcachon.com\/it\/le-nostre-citta-e-i-nostri-villaggi\/","title":{"rendered":"I nostri paesi e paesi"},"content":{"rendered":"<div class=\"wp-block-uagb-table-of-contents uagb-toc__align-center uagb-toc__columns-1  uagb-block-5deb6baa toc_sticky    uag-blocks-common-selector\"\n\t\t\t\t\tdata-scroll= \"1\"\n\t\t\t\t\tdata-offset= \"30\"\n\t\t\t\t\tstyle=\"--z-index-desktop:3;\"\n\t\t\t\t>\n\t\t\t\t<div class=\"uagb-toc__wrap\">\n\t\t\t\t\t\t<div class=\"uagb-toc__title\">\n\t\t\t\t\t\t\tSommario\t\t\t\t\t\t<\/div>\n\t\t\t\t\t\t\t\t\t\t\t\t\t\t\t\t\t\t\t\t\t\t<div class=\"uagb-toc__list-wrap\">\n\t\t\t\t\t\t<ol class=\"uagb-toc__list\"><li class=\"uagb-toc__list\"><a href=\"#arcachon\" class=\"uagb-toc-link__trigger\">Arcachon<\/a><li class=\"uagb-toc__list\"><a href=\"#la-teste-de-buch\" class=\"uagb-toc-link__trigger\">La Teste de Buch<\/a><li class=\"uagb-toc__list\"><a href=\"#gujan-mestras\" class=\"uagb-toc-link__trigger\">Gujan-Mestras<\/a><li class=\"uagb-toc__list\"><a href=\"#le-teich\" class=\"uagb-toc-link__trigger\">Le Teich<\/a><li class=\"uagb-toc__list\"><a href=\"#c\u0153ur-du-bassin\" class=\"uagb-toc-link__trigger\">Cuore di Bassin<\/a><li class=\"uagb-toc__list\"><a href=\"#andernos-les-bains\" class=\"uagb-toc-link__trigger\">Andernos les Bains<\/a><li class=\"uagb-toc__list\"><a href=\"#ar\u00e8s\" class=\"uagb-toc-link__trigger\">Ares<\/a><li class=\"uagb-toc__list\"><a href=\"#l\u00e8ge-cap-ferret\" class=\"uagb-toc-link__trigger\">Furetto Lege-Cap<\/a><\/ol>\t\t\t\t\t<\/div>\n\t\t\t\t\t\t\t\t\t<\/div>\n\t\t\t\t<\/div>\n\t\t\t\n\n\n<div style=\"height:60px\" aria-hidden=\"true\" class=\"wp-block-spacer\"><\/div>\n\n\n\n<div class=\"wp-block-uagb-container uagb-block-b6bcfc7d alignfull uagb-is-root-container\"><div class=\"uagb-container-inner-blocks-wrap\">\n<div class=\"wp-block-uagb-container uagb-block-ed936d9c\">\n<div class=\"wp-block-uagb-image uagb-block-0b3e73a2 wp-block-uagb-image--layout-default wp-block-uagb-image--effect-static wp-block-uagb-image--align-none\"><figure class=\"wp-block-uagb-image__figure\"><img decoding=\"async\" srcset=\"https:\/\/dev.bassin-arcachon.com\/wp-content\/uploads\/2018\/07\/Villa-Trocadero-ville-dhiver-arcachon.jpg \" sizes=\"auto, (max-width: 480px) 150px\" src=\"https:\/\/dev.bassin-arcachon.com\/wp-content\/uploads\/2018\/07\/Villa-Trocadero-ville-dhiver-arcachon.jpg\" alt=\"- - Bassin d&#039;Arcachon\" class=\"uag-image-23420\" width=\"1000\" height=\"666\" title=\"- - Bassin d&#039;Arcachon\" loading=\"lazy\"><\/figure><\/div>\n<\/div>\n\n\n\n<div class=\"wp-block-uagb-container uagb-block-55745e9c\">\n<h2 class=\"wp-block-heading\" style=\"font-size:50px\">Arcachon<\/h2>\n\n\n\n<p>Vivace luogo di villeggiatura, Arcachon \u00e8 la dolce cittadina di mare dove si ama passeggiare lungo i suoi moli, fare acquisti nel centro citt\u00e0 e perdersi nelle stradine tortuose della sua Ville d&#039;Hiver. Pertanto, \u00e8 una delle citt\u00e0 del Bassin di Arcachon popolare tra i visitatori estivi.<\/p>\n\n\n\n<div class=\"wp-block-buttons is-layout-flex wp-block-buttons-is-layout-flex\">\n<div class=\"wp-block-button\"><a class=\"wp-block-button__link wp-element-button\" href=\"https:\/\/dev.bassin-arcachon.com\/it\/le-nostre-citta-e-i-nostri-villaggi\/arcachon\/\">Arcachon<\/a><\/div>\n<\/div>\n<\/div>\n<\/div><\/div>\n\n\n\n<div style=\"height:40px\" aria-hidden=\"true\" class=\"wp-block-spacer\"><\/div>\n\n\n\n<div class=\"wp-block-uagb-container uagb-block-43daddf0 alignfull uagb-is-root-container\"><div class=\"uagb-container-inner-blocks-wrap\">\n<div class=\"wp-block-uagb-container uagb-block-0c320d41\">\n<h2 class=\"wp-block-heading\" style=\"font-size:50px\">La Teste de Buch<\/h2>\n\n\n\n<p>Con la sua famosa Dune du Pilat e la sua favolosa vista sul Bassin di Arcachon, La Teste de Buch \u00e8 anche un luogo segreto in luoghi che possono essere rivelati ai viaggiatori curiosi.<\/p>\n\n\n\n<div class=\"wp-block-buttons is-layout-flex wp-block-buttons-is-layout-flex\">\n<div class=\"wp-block-button\"><a class=\"wp-block-button__link wp-element-button\" href=\"https:\/\/dev.bassin-arcachon.com\/it\/le-nostre-citta-e-i-nostri-villaggi\/il-test-del-libro\/\">La Teste de Buch<\/a><\/div>\n<\/div>\n<\/div>\n\n\n\n<div class=\"wp-block-uagb-container uagb-block-f901f082\">\n<div class=\"wp-block-uagb-image uagb-block-a06db440 wp-block-uagb-image--layout-default wp-block-uagb-image--effect-static wp-block-uagb-image--align-none\"><figure class=\"wp-block-uagb-image__figure\"><img decoding=\"async\" srcset=\"https:\/\/dev.bassin-arcachon.com\/wp-content\/uploads\/2018\/06\/Plage-oceane-Bassin.jpg \" sizes=\"auto, (max-width: 480px) 150px\" src=\"https:\/\/dev.bassin-arcachon.com\/wp-content\/uploads\/2018\/06\/Plage-oceane-Bassin.jpg\" alt=\"Bassin d&#039;Arcachon spiaggia dell&#039;oceano\" class=\"uag-image-22319\" width=\"1000\" height=\"666\" title=\"- - Bassin d&#039;Arcachon\" loading=\"lazy\"><\/figure><\/div>\n<\/div>\n<\/div><\/div>\n\n\n\n<div style=\"height:40px\" aria-hidden=\"true\" class=\"wp-block-spacer\"><\/div>\n\n\n\n<div class=\"wp-block-uagb-container uagb-block-1048c5b5 alignfull uagb-is-root-container\"><div class=\"uagb-container-inner-blocks-wrap\">\n<div class=\"wp-block-uagb-container uagb-block-d16a6de5\">\n<div class=\"wp-block-uagb-image uagb-block-afde7bc3 wp-block-uagb-image--layout-default wp-block-uagb-image--effect-static wp-block-uagb-image--align-none\"><figure class=\"wp-block-uagb-image__figure\"><img decoding=\"async\" srcset=\"https:\/\/dev.bassin-arcachon.com\/wp-content\/uploads\/2017\/02\/Sentier_littoral_Gujan_N6825-1024x683.jpg \" sizes=\"auto, (max-width: 480px) 150px\" src=\"https:\/\/dev.bassin-arcachon.com\/wp-content\/uploads\/2017\/02\/Sentier_littoral_Gujan_N6825-1024x683.jpg\" alt=\"- - Bassin d&#039;Arcachon\" class=\"uag-image-11174\" width=\"1024\" height=\"683\" title=\"- - Bassin d&#039;Arcachon\" loading=\"lazy\"><\/figure><\/div>\n<\/div>\n\n\n\n<div class=\"wp-block-uagb-container uagb-block-14ec2df4\">\n<h2 class=\"wp-block-heading\" style=\"font-size:50px\">Gujan-Mestras<\/h2>\n\n\n\n<p>Tra le citt\u00e0 della Bassin di Arcachon, troviamo Gujan-Mestras che \u00e8 chiamata la citt\u00e0 dei 7 porti. \u00c8 il luogo preferito per osservare quotidianamente il vero lavoro degli allevatori di ostriche. \u00c8 anche l&#039;occasione per fare una pausa per una degustazione di ostriche con la gente del posto.<\/p>\n\n\n\n<div class=\"wp-block-buttons is-layout-flex wp-block-buttons-is-layout-flex\">\n<div class=\"wp-block-button\"><a class=\"wp-block-button__link wp-element-button\" href=\"https:\/\/dev.bassin-arcachon.com\/it\/le-nostre-citta-e-i-nostri-villaggi\/gujan-mestras\/\">Gujan-Mestras<\/a><\/div>\n<\/div>\n<\/div>\n<\/div><\/div>\n\n\n\n<div style=\"height:40px\" aria-hidden=\"true\" class=\"wp-block-spacer\"><\/div>\n\n\n\n<div class=\"wp-block-uagb-container uagb-block-15ef96d7 alignfull uagb-is-root-container\"><div class=\"uagb-container-inner-blocks-wrap\">\n<div class=\"wp-block-uagb-container uagb-block-0f94eda3\">\n<h2 class=\"wp-block-heading\" style=\"font-size:50px\">Le Teich<\/h2>\n\n\n\n<p>Qui la natura \u00e8 totalmente regina. Una riserva ornitologica amata dagli uccelli migratori. Le Teich confina anche con La Leyre che ci piace attraversare in canoa.<\/p>\n\n\n\n<div class=\"wp-block-buttons is-layout-flex wp-block-buttons-is-layout-flex\">\n<div class=\"wp-block-button\"><a class=\"wp-block-button__link wp-element-button\" href=\"https:\/\/dev.bassin-arcachon.com\/it\/le-nostre-citta-e-i-nostri-villaggi\/il-teico\/\">Le Teich<\/a><\/div>\n<\/div>\n<\/div>\n\n\n\n<div class=\"wp-block-uagb-container uagb-block-de9108ef\">\n<div class=\"wp-block-uagb-image uagb-block-cd6c8d40 wp-block-uagb-image--layout-default wp-block-uagb-image--effect-static wp-block-uagb-image--align-none\"><figure class=\"wp-block-uagb-image__figure\"><img decoding=\"async\" srcset=\"https:\/\/dev.bassin-arcachon.com\/wp-content\/uploads\/2017\/02\/le-teich_vue-1024x683.jpg \" sizes=\"auto, (max-width: 480px) 150px\" src=\"https:\/\/dev.bassin-arcachon.com\/wp-content\/uploads\/2017\/02\/le-teich_vue-1024x683.jpg\" alt=\"- - Bassin d&#039;Arcachon\" class=\"uag-image-1133\" width=\"1024\" height=\"683\" title=\"- - Bassin d&#039;Arcachon\" loading=\"lazy\"><\/figure><\/div>\n<\/div>\n<\/div><\/div>\n\n\n\n<div style=\"height:40px\" aria-hidden=\"true\" class=\"wp-block-spacer\"><\/div>\n\n\n\n<div class=\"wp-block-uagb-container uagb-block-e807e648 alignfull uagb-is-root-container\">\n<div class=\"wp-block-cover is-light has-parallax\"><span aria-hidden=\"true\" class=\"wp-block-cover__background has-background-dim-0 has-background-dim\"><\/span><div role=\"img\" class=\"wp-block-cover__image-background wp-image-281 has-parallax\" style=\"background-position:50% 50%;background-image:url(https:\/\/dev.bassin-arcachon.com\/wp-content\/uploads\/2017\/02\/section-large-immersive.jpg)\"><\/div><div class=\"wp-block-cover__inner-container is-layout-flow wp-block-cover-is-layout-flow\">\n<div class=\"wp-block-uagb-container uagb-block-85f22a67\">\n<h3 class=\"wp-block-heading has-text-align-center has-white-color has-text-color\" style=\"font-size:45px\">Ti piacerebbe assaggiare i piatti locali in un ambiente idilliaco?<\/h3>\n\n\n\n<p class=\"button large plusblanc has-white-color has-text-color\"><a href=\"https:\/\/dev.bassin-arcachon.com\/it\/scarica-la-nostra-applicazione\/\">Scarica la nostra app mobile!<\/a><\/p>\n<\/div>\n<\/div><\/div>\n<\/div>\n\n\n\n<div style=\"height:40px\" aria-hidden=\"true\" class=\"wp-block-spacer\"><\/div>\n\n\n\n<div class=\"wp-block-uagb-container uagb-block-375f7760 alignfull uagb-is-root-container\"><div class=\"uagb-container-inner-blocks-wrap\">\n<div class=\"wp-block-uagb-container uagb-block-52a45196\">\n<div class=\"wp-block-uagb-image uagb-block-4d1ef7d2 wp-block-uagb-image--layout-default wp-block-uagb-image--effect-static wp-block-uagb-image--align-none\"><figure class=\"wp-block-uagb-image__figure\"><img decoding=\"async\" srcset=\"https:\/\/dev.bassin-arcachon.com\/wp-content\/uploads\/2018\/07\/Sentier-littoral-de-Lanton.jpg \" sizes=\"auto, (max-width: 480px) 150px\" src=\"https:\/\/dev.bassin-arcachon.com\/wp-content\/uploads\/2018\/07\/Sentier-littoral-de-Lanton.jpg\" alt=\"- - Bassin d&#039;Arcachon\" class=\"uag-image-23939\" width=\"1000\" height=\"666\" title=\"- - Bassin d&#039;Arcachon\" loading=\"lazy\"><\/figure><\/div>\n<\/div>\n\n\n\n<div class=\"wp-block-uagb-container uagb-block-c3c5ba43\">\n<h2 class=\"wp-block-heading\" style=\"font-size:50px\"><a href=\"https:\/\/dev.bassin-arcachon.com\/it\/le-nostre-citta-e-i-nostri-villaggi\/cuore-del-bacino\/\">Cuore di Bassin<\/a><\/h2>\n\n\n\n<p>Bellissimi spazi naturali, un&#039;occasione per prendere una boccata d&#039;aria fresca. Passeggia nei villaggi di Biganos, Audenge, Lanton, Mios o Marcheprime.<\/p>\n\n\n\n<div class=\"wp-block-buttons is-layout-flex wp-block-buttons-is-layout-flex\">\n<div class=\"wp-block-button\"><a class=\"wp-block-button__link wp-element-button\" href=\"https:\/\/dev.bassin-arcachon.com\/it\/le-nostre-citta-e-i-nostri-villaggi\/cuore-del-bacino\/\">Cuore del bacino<\/a><\/div>\n<\/div>\n<\/div>\n<\/div><\/div>\n\n\n\n<div style=\"height:40px\" aria-hidden=\"true\" class=\"wp-block-spacer\"><\/div>\n\n\n\n<div class=\"wp-block-uagb-container uagb-block-9f2fc325 alignfull uagb-is-root-container\"><div class=\"uagb-container-inner-blocks-wrap\">\n<div class=\"wp-block-uagb-container uagb-block-238ce845\">\n<h2 class=\"wp-block-heading\" style=\"font-size:50px\">Andernos les Bains<\/h2>\n\n\n\n<p>Andernos \u00e8 il luogo preferito per unire gli eventi! Nel frattempo, adorerai Andernos per il suo porto di ostriche, le sue vie dello shopping e il suo lungo molo.<\/p>\n\n\n\n<div class=\"wp-block-buttons is-layout-flex wp-block-buttons-is-layout-flex\">\n<div class=\"wp-block-button\"><a class=\"wp-block-button__link wp-element-button\" href=\"https:\/\/dev.bassin-arcachon.com\/it\/le-nostre-citta-e-i-nostri-villaggi\/andernos-i-bagni\/\">Andernos les Bains<\/a><\/div>\n<\/div>\n<\/div>\n\n\n\n<div class=\"wp-block-uagb-container uagb-block-30654205\">\n<div class=\"wp-block-uagb-image uagb-block-9adff6f9 wp-block-uagb-image--layout-default wp-block-uagb-image--effect-static wp-block-uagb-image--align-none\"><figure class=\"wp-block-uagb-image__figure\"><img decoding=\"async\" srcset=\"https:\/\/dev.bassin-arcachon.com\/wp-content\/uploads\/2018\/04\/jetee-andernos-e1548069968302.jpg ,https:\/\/dev.bassin-arcachon.com\/wp-content\/uploads\/2018\/04\/jetee-andernos-e1548069968302.jpg 780w, https:\/\/dev.bassin-arcachon.com\/wp-content\/uploads\/2018\/04\/jetee-andernos-e1548069968302.jpg 360w\" sizes=\"auto, (max-width: 480px) 150px\" src=\"https:\/\/dev.bassin-arcachon.com\/wp-content\/uploads\/2018\/04\/jetee-andernos-e1548069968302.jpg\" alt=\"Vista dal molo di Andernos\" class=\"uag-image-19923\" width=\"1000\" height=\"667\" title=\"- - Bassin d&#039;Arcachon\" loading=\"lazy\"><\/figure><\/div>\n<\/div>\n<\/div><\/div>\n\n\n\n<div style=\"height:40px\" aria-hidden=\"true\" class=\"wp-block-spacer\"><\/div>\n\n\n\n<div class=\"wp-block-uagb-container uagb-block-93020d46 alignfull uagb-is-root-container\"><div class=\"uagb-container-inner-blocks-wrap\">\n<div class=\"wp-block-uagb-container uagb-block-57a5e65b\">\n<div class=\"wp-block-uagb-image uagb-block-50d6d643 wp-block-uagb-image--layout-default wp-block-uagb-image--effect-static wp-block-uagb-image--align-none\"><figure class=\"wp-block-uagb-image__figure\"><img decoding=\"async\" srcset=\"https:\/\/dev.bassin-arcachon.com\/wp-content\/uploads\/2020\/07\/pres-sales-ares-17-1024x683.jpg \" sizes=\"auto, (max-width: 480px) 150px\" src=\"https:\/\/dev.bassin-arcachon.com\/wp-content\/uploads\/2020\/07\/pres-sales-ares-17-1024x683.jpg\" alt=\"- - Bassin d&#039;Arcachon\" class=\"uag-image-44400\" width=\"1024\" height=\"683\" title=\"- - Bassin d&#039;Arcachon\" loading=\"lazy\"><\/figure><\/div>\n<\/div>\n\n\n\n<div class=\"wp-block-uagb-container uagb-block-1dcd4587\">\n<h2 class=\"wp-block-heading\" style=\"font-size:50px\">Ares<\/h2>\n\n\n\n<p>Delimitato dalla Bassin da un lato e da un&#039;area naturale dall&#039;altro, Ar\u00e8s \u00e8 soprattutto il villaggio ideale per le famiglie in cerca di attivit\u00e0 con i bambini. Tra le citt\u00e0 del Bassin di Arcachon, Ar\u00e8s vi far\u00e0 vivere l&#039;intensit\u00e0 delle vacanze in famiglia circondati da un ambiente naturale.<\/p>\n\n\n\n<div class=\"wp-block-buttons is-layout-flex wp-block-buttons-is-layout-flex\">\n<div class=\"wp-block-button\"><a class=\"wp-block-button__link wp-element-button\" href=\"https:\/\/dev.bassin-arcachon.com\/it\/le-nostre-citta-e-i-nostri-villaggi\/ares\/\">Ares<\/a><\/div>\n<\/div>\n<\/div>\n<\/div><\/div>\n\n\n\n<div style=\"height:40px\" aria-hidden=\"true\" class=\"wp-block-spacer\"><\/div>\n\n\n\n<div class=\"wp-block-uagb-container uagb-block-8d52cb4b alignfull uagb-is-root-container\"><div class=\"uagb-container-inner-blocks-wrap\">\n<div class=\"wp-block-uagb-container uagb-block-7cd9f098\">\n<h2 class=\"wp-block-heading\" style=\"font-size:50px\">Furetto Lege-Cap<\/h2>\n\n\n\n<p>25 km separano L\u00e8ge dalla Pointe du Cap Ferret. Tanti spazi per passeggiare, scoprire gli angoli segreti di questa penisola emblematica e riscoprire i piaceri memorabili dell&#039;infanzia.<\/p>\n\n\n\n<div class=\"wp-block-buttons is-layout-flex wp-block-buttons-is-layout-flex\">\n<div class=\"wp-block-button\"><a class=\"wp-block-button__link wp-element-button\" href=\"https:\/\/dev.bassin-arcachon.com\/it\/le-nostre-citta-e-i-nostri-villaggi\/furetto-lege-cap\/\">Furetto Lege-Cap<\/a><\/div>\n<\/div>\n<\/div>\n\n\n\n<div class=\"wp-block-uagb-container uagb-block-99f5e7ff\">\n<div class=\"wp-block-uagb-image uagb-block-739a9ee9 wp-block-uagb-image--layout-default wp-block-uagb-image--effect-static wp-block-uagb-image--align-none\"><figure class=\"wp-block-uagb-image__figure\"><img decoding=\"async\" srcset=\"https:\/\/dev.bassin-arcachon.com\/wp-content\/uploads\/2017\/09\/pique-nique-plage-truquette-petit-piquey-1024x683.jpg \" sizes=\"auto, (max-width: 480px) 150px\" src=\"https:\/\/dev.bassin-arcachon.com\/wp-content\/uploads\/2017\/09\/pique-nique-plage-truquette-petit-piquey-1024x683.jpg\" alt=\"- - Bassin d&#039;Arcachon\" class=\"uag-image-9683\" width=\"1024\" height=\"683\" title=\"- - Bassin d&#039;Arcachon\" loading=\"lazy\"><\/figure><\/div>\n<\/div>\n<\/div><\/div>\n\n\n\n<div style=\"height:40px\" aria-hidden=\"true\" class=\"wp-block-spacer\"><\/div>\n\n\n\n<div class=\"wp-block-uagb-container uagb-block-8794d0ca alignfull uagb-is-root-container\">\n<div class=\"wp-block-cover is-light has-parallax\"><span aria-hidden=\"true\" class=\"wp-block-cover__background has-background-dim-0 has-background-dim\"><\/span><div role=\"img\" class=\"wp-block-cover__image-background wp-image-281 has-parallax\" style=\"background-position:50% 50%;background-image:url(https:\/\/dev.bassin-arcachon.com\/wp-content\/uploads\/2017\/02\/section-large-immersive.jpg)\"><\/div><div class=\"wp-block-cover__inner-container is-layout-flow wp-block-cover-is-layout-flow\">\n<div class=\"wp-block-uagb-container uagb-block-a956755b\">\n<h3 class=\"wp-block-heading has-text-align-center has-white-color has-text-color\" style=\"font-size:45px\">Hai bisogno di spostarti tra le citt\u00e0 del Bassin di Arcachon?<\/h3>\n\n\n\n<p class=\"button large plusblanc has-white-color has-text-color\"><a href=\"https:\/\/dev.bassin-arcachon.com\/it\/muoversi-in-piscina\/\">Alcuni suggerimenti<\/a><\/p>\n<\/div>\n<\/div><\/div>\n<\/div>\n\n\n\n<div style=\"height:40px\" aria-hidden=\"true\" class=\"wp-block-spacer\"><\/div>","protected":false},"excerpt":{"rendered":"<p>Arcachon Luogo di divertimento per le vacanze, Arcachon \u00e8 la dolce cittadina di mare dove ci piace passeggiare lungo i suoi moli, fare shopping nel centro della citt\u00e0 e perderci [\u2026]<\/p>","protected":false},"author":25,"featured_media":24021,"parent":0,"menu_order":3,"comment_status":"closed","ping_status":"closed","template":"","meta":{"_acf_changed":false,"_uag_custom_page_level_css":"","footnotes":""},"class_list":["post-29","page","type-page","status-publish","has-post-thumbnail","hentry"],"acf":[],"uagb_featured_image_src":{"full":["https:\/\/dev.bassin-arcachon.com\/wp-content\/uploads\/2018\/07\/Balade-dans-les-ports-de-Gujan-Mestras.jpg",1000,666,false],"thumbnail":["https:\/\/dev.bassin-arcachon.com\/wp-content\/uploads\/2018\/07\/Balade-dans-les-ports-de-Gujan-Mestras-150x150.jpg",150,150,true],"medium":["https:\/\/dev.bassin-arcachon.com\/wp-content\/uploads\/2018\/07\/Balade-dans-les-ports-de-Gujan-Mestras-300x200.jpg",300,200,true],"medium_large":["https:\/\/dev.bassin-arcachon.com\/wp-content\/uploads\/2018\/07\/Balade-dans-les-ports-de-Gujan-Mestras-768x511.jpg",768,511,true],"large":["https:\/\/dev.bassin-arcachon.com\/wp-content\/uploads\/2018\/07\/Balade-dans-les-ports-de-Gujan-Mestras.jpg",1000,666,false],"1536x1536":["https:\/\/dev.bassin-arcachon.com\/wp-content\/uploads\/2018\/07\/Balade-dans-les-ports-de-Gujan-Mestras.jpg",1000,666,false],"2048x2048":["https:\/\/dev.bassin-arcachon.com\/wp-content\/uploads\/2018\/07\/Balade-dans-les-ports-de-Gujan-Mestras.jpg",1000,666,false],"trp-custom-language-flag":["https:\/\/dev.bassin-arcachon.com\/wp-content\/uploads\/2018\/07\/Balade-dans-les-ports-de-Gujan-Mestras-18x12.jpg",18,12,true],"fp-small":["https:\/\/dev.bassin-arcachon.com\/wp-content\/uploads\/2018\/07\/Balade-dans-les-ports-de-Gujan-Mestras-640x426.jpg",640,426,true],"fp-large":["https:\/\/dev.bassin-arcachon.com\/wp-content\/uploads\/2018\/07\/Balade-dans-les-ports-de-Gujan-Mestras.jpg",1000,666,false],"fp-xlarge":["https:\/\/dev.bassin-arcachon.com\/wp-content\/uploads\/2018\/07\/Balade-dans-les-ports-de-Gujan-Mestras.jpg",1000,666,false]},"uagb_author_info":{"display_name":"Marie Clauzel","author_link":"https:\/\/dev.bassin-arcachon.com\/it\/author\/mariesiba\/"},"uagb_comment_info":0,"uagb_excerpt":"Arcachon Lieu d\u2019effervescence pour les vacances, Arcachon est la douce ville baln\u00e9aire o\u00f9 l\u2019on aime fl\u00e2ner le long de ses jet\u00e9es, faire les boutiques du centre-ville et se perdre dans [&hellip;]","_links":{"self":[{"href":"https:\/\/dev.bassin-arcachon.com\/it\/wp-json\/wp\/v2\/pages\/29","targetHints":{"allow":["GET"]}}],"collection":[{"href":"https:\/\/dev.bassin-arcachon.com\/it\/wp-json\/wp\/v2\/pages"}],"about":[{"href":"https:\/\/dev.bassin-arcachon.com\/it\/wp-json\/wp\/v2\/types\/page"}],"author":[{"embeddable":true,"href":"https:\/\/dev.bassin-arcachon.com\/it\/wp-json\/wp\/v2\/users\/25"}],"replies":[{"embeddable":true,"href":"https:\/\/dev.bassin-arcachon.com\/it\/wp-json\/wp\/v2\/comments?post=29"}],"version-history":[{"count":0,"href":"https:\/\/dev.bassin-arcachon.com\/it\/wp-json\/wp\/v2\/pages\/29\/revisions"}],"wp:featuredmedia":[{"embeddable":true,"href":"https:\/\/dev.bassin-arcachon.com\/it\/wp-json\/wp\/v2\/media\/24021"}],"wp:attachment":[{"href":"https:\/\/dev.bassin-arcachon.com\/it\/wp-json\/wp\/v2\/media?parent=29"}],"curies":[{"name":"wp","href":"https:\/\/api.w.org\/{rel}","templated":true}]}}