{"id":45702,"date":"2020-07-10T16:08:06","date_gmt":"2020-07-10T14:08:06","guid":{"rendered":"https:\/\/dev.bassin-arcachon.com\/\/?page_id=45702"},"modified":"2024-11-06T11:55:51","modified_gmt":"2024-11-06T10:55:51","slug":"i-nostri-affitti-vacanze-a-cap-ferret","status":"publish","type":"page","link":"https:\/\/dev.bassin-arcachon.com\/it\/dove-dormire\/affitti\/i-nostri-affitti-vacanze-a-cap-ferret\/","title":{"rendered":"Le nostre case vacanze a Cap Ferret"},"content":{"rendered":"<div class=\"wp-block-uagb-container uagb-block-45f324aa alignfull uagb-is-root-container\"><div class=\"uagb-container-inner-blocks-wrap\">\n<div class=\"wp-block-uagb-container uagb-block-7e1aff46\">\n<h2 class=\"wp-block-heading\">Le nostre case vacanze a Cap Ferret con giardino<\/h2>\n\n\n\n<p>Trascorri momenti autentici in un ambiente naturale a Cap Ferret con i nostri alloggi e case vacanze. Con la famiglia o gli amici, goditi la calma nel giardino del tuo alloggio. Scegli una casa vacanza a Cap Ferret e ricarica le batterie all&#039;ombra dei pini del giardino!<\/p>\n\n\n\n<div class=\"wp-block-buttons is-layout-flex wp-block-buttons-is-layout-flex\">\n<div class=\"wp-block-button\"><a class=\"wp-block-button__link wp-element-button\" href=\"https:\/\/www.bassin-arcachon.com\/hebergements\/locations-de-vacances@lege-cap-ferret&amp;jardin\">Affitti con giardino<\/a><\/div>\n<\/div>\n<\/div>\n\n\n\n<div class=\"wp-block-uagb-container uagb-block-41dd1fde\">\n<div class=\"wp-block-uagb-image uagb-block-b6d16b43 wp-block-uagb-image--layout-default wp-block-uagb-image--effect-static wp-block-uagb-image--align-none\"><figure class=\"wp-block-uagb-image__figure\"><img decoding=\"async\" srcset=\"https:\/\/dev.bassin-arcachon.com\/wp-content\/uploads\/2018\/04\/velo-cap-ferret-foret-e1548070226272.jpg \" sizes=\"auto, (max-width: 480px) 150px\" src=\"https:\/\/dev.bassin-arcachon.com\/wp-content\/uploads\/2018\/04\/velo-cap-ferret-foret-e1548070226272.jpg\" alt=\"In bicicletta nella foresta di Cap Ferret\" class=\"uag-image-19907\" width=\"1000\" height=\"667\" title=\"- - Bassin d&#039;Arcachon\" loading=\"lazy\" role=\"img\"><\/figure><\/div>\n<\/div>\n<\/div><\/div>\n\n\n\n<div style=\"height:60px\" aria-hidden=\"true\" class=\"wp-block-spacer\"><\/div>\n\n\n\n<div class=\"wp-block-uagb-container uagb-block-1c839896 alignfull uagb-is-root-container\"><div class=\"uagb-container-inner-blocks-wrap\">\n<div class=\"wp-block-uagb-container uagb-block-ad32c273\">\n<div class=\"wp-block-uagb-image uagb-block-216ac2be wp-block-uagb-image--layout-default wp-block-uagb-image--effect-static wp-block-uagb-image--align-none\"><figure class=\"wp-block-uagb-image__figure\"><img decoding=\"async\" srcset=\"https:\/\/dev.bassin-arcachon.com\/wp-content\/uploads\/2019\/09\/plage-pointe-siba-agence-les-conteurs-47-1024x683.jpg \" sizes=\"auto, (max-width: 480px) 150px\" src=\"https:\/\/dev.bassin-arcachon.com\/wp-content\/uploads\/2019\/09\/plage-pointe-siba-agence-les-conteurs-47-1024x683.jpg\" alt=\"La spiaggia di Cap Ferret\" class=\"uag-image-37780\" width=\"1024\" height=\"683\" title=\"- - Bassin d&#039;Arcachon\" loading=\"lazy\" role=\"img\"><\/figure><\/div>\n<\/div>\n\n\n\n<div class=\"wp-block-uagb-container uagb-block-41f796c9\">\n<h2 class=\"wp-block-heading\">Le nostre case vacanze a Cap Ferret con piscina<\/h2>\n\n\n\n<p>Nella tua casa vacanza con piscina, goditi il sole e trascorri un&#039;indimenticabile vacanza in famiglia a Cap Ferret! Piscina riscaldata, piscina piccola o grande, giochi gonfiabili e lettini vi garantiscono una vacanza di successo a bordo piscina del vostro g\u00eete a Cap Ferret!<\/p>\n\n\n\n<div class=\"wp-block-buttons is-layout-flex wp-block-buttons-is-layout-flex\">\n<div class=\"wp-block-button\"><a class=\"wp-block-button__link wp-element-button\" href=\"https:\/\/www.bassin-arcachon.com\/hebergements\/locations-de-vacances@lege-cap-ferret&amp;piscine\">Affitti con piscina<\/a><\/div>\n<\/div>\n<\/div>\n<\/div><\/div>\n\n\n\n<div style=\"height:60px\" aria-hidden=\"true\" class=\"wp-block-spacer\"><\/div>\n\n\n\n<div class=\"wp-block-uagb-container uagb-block-4fc7f961 alignfull uagb-is-root-container\"><div class=\"uagb-container-inner-blocks-wrap\">\n<div class=\"wp-block-uagb-container uagb-block-e1bb86a4\">\n<h2 class=\"wp-block-heading\">Le nostre case vacanze a Cap Ferret sono aperte tutto l&#039;anno<\/h2>\n\n\n\n<p>Una passeggiata sul molo, nella foresta o sulla spiaggia seguita da una degustazione di ostriche, sarai solo al mondo durante il tuo soggiorno invernale a Cap Ferret. Goditi momenti preziosi, in coppia o con i bambini, e scegli uno dei nostri affitti aperti tutto l&#039;anno a Cap Ferret.<\/p>\n\n\n\n<div class=\"wp-block-buttons is-layout-flex wp-block-buttons-is-layout-flex\">\n<div class=\"wp-block-button\"><a class=\"wp-block-button__link wp-element-button\" href=\"https:\/\/www.bassin-arcachon.com\/hebergements\/locations-de-vacances@lege-cap-ferret\">Affitti aperti tutto l&#039;anno<\/a><\/div>\n<\/div>\n<\/div>\n\n\n\n<div class=\"wp-block-uagb-container uagb-block-3296e21d\">\n<div class=\"wp-block-uagb-image uagb-block-82f93c0c wp-block-uagb-image--layout-default wp-block-uagb-image--effect-static wp-block-uagb-image--align-none\"><figure class=\"wp-block-uagb-image__figure\"><img decoding=\"async\" srcset=\"https:\/\/dev.bassin-arcachon.com\/wp-content\/uploads\/2017\/02\/Balade-en-automne-\u00e9t\u00e9-indien-Cap-Ferret.jpg \" sizes=\"auto, (max-width: 480px) 150px\" src=\"https:\/\/dev.bassin-arcachon.com\/wp-content\/uploads\/2017\/02\/Balade-en-automne-\u00e9t\u00e9-indien-Cap-Ferret.jpg\" alt=\"case vacanze a cap ferret vista della duna di pilat\" class=\"uag-image-23752\" width=\"1000\" height=\"666\" title=\"- - Bassin d&#039;Arcachon\" loading=\"lazy\" role=\"img\"><\/figure><\/div>\n<\/div>\n<\/div><\/div>\n\n\n\n<div style=\"height:60px\" aria-hidden=\"true\" class=\"wp-block-spacer\"><\/div>\n\n\n\n<div class=\"wp-block-uagb-container uagb-block-3af7bd3b alignfull uagb-is-root-container\">\n<div class=\"wp-block-cover is-light has-parallax\"><span aria-hidden=\"true\" class=\"wp-block-cover__background has-background-dim-0 has-background-dim\"><\/span><div class=\"wp-block-cover__image-background wp-image-1345 has-parallax\" style=\"background-position:50% 50%;background-image:url(https:\/\/dev.bassin-arcachon.com\/wp-content\/uploads\/2017\/03\/Camping-Panorama-du-Pyla-cottage-vue-mer-coin-farniente.jpg)\"><\/div><div class=\"wp-block-cover__inner-container is-layout-flow wp-block-cover-is-layout-flow\">\n<div class=\"wp-block-uagb-container uagb-block-a416cbf8\">\n<h2 class=\"wp-block-heading has-text-align-center has-white-color has-text-color has-large-font-size\">Trascorri le tue vacanze con facilit\u00e0 in una delle case vacanze Bassin ad Arcachon<\/h2>\n\n\n\n<p class=\"has-text-align-center has-white-color has-text-color\"><a href=\"https:\/\/www.bassin-arcachon.com\/hebergements\/locations-de-vacances\">INIZIA LA TUA RICERCA<\/a><\/p>\n<\/div>\n<\/div><\/div>\n<\/div>\n\n\n\n<div style=\"height:60px\" aria-hidden=\"true\" class=\"wp-block-spacer\"><\/div>\n\n\n\n<div class=\"wp-block-uagb-container uagb-block-5bc354f6 alignfull uagb-is-root-container\"><div class=\"uagb-container-inner-blocks-wrap\">\n<div class=\"wp-block-uagb-container uagb-block-014e0810\">\n<h2 class=\"wp-block-heading\">Desideri prenotare una casa vacanze nei dintorni di L\u00e8ge-Cap Ferret?<\/h2>\n\n\n\n<p>Scopri tutti i nostri affitti per le vacanze a Bassin Arcachon:&nbsp;<a href=\"https:\/\/www.bassin-arcachon.com\/hebergements\/locations-de-vacances+ares\">Ares<\/a>,&nbsp;<a href=\"https:\/\/www.bassin-arcachon.com\/hebergements\/locations-de-vacances+arcachon\/\">Arcachon<\/a>,&nbsp;<a href=\"https:\/\/www.bassin-arcachon.com\/hebergements\/locations-de-vacances+lege-cap-ferret\/\">Furetto Lege-Cap<\/a>,&nbsp;<a href=\"https:\/\/www.bassin-arcachon.com\/hebergements\/locations-de-vacances+andernos\">Anderno<\/a>,&nbsp;<a href=\"https:\/\/www.bassin-arcachon.com\/hebergements\/locations-de-vacances+gujan-mestras\/\">Gujan-Mestras,<\/a>&nbsp;<a href=\"https:\/\/www.bassin-arcachon.com\/hebergements\/locations-de-vacances+coeur-de-bassin\/\">Bigano,<\/a>&nbsp;<a href=\"https:\/\/www.bassin-arcachon.com\/hebergements\/locations-de-vacances+coeur-de-bassin\/\">Audenge<\/a>,<a href=\"https:\/\/www.bassin-arcachon.com\/hebergements\/locations-de-vacances+coeur-de-bassin\/\">&nbsp;lanto&nbsp;<\/a>e&nbsp;<a href=\"https:\/\/www.bassin-arcachon.com\/hebergements\/locations-de-vacances+lege-cap-ferret\/\">Cap-Ferret<\/a>&nbsp;!<\/p>\n<\/div>\n\n\n\n<div class=\"wp-block-uagb-container uagb-block-7d2b4334\">\n<div class=\"wp-block-uagb-image uagb-block-d9b547aa wp-block-uagb-image--layout-default wp-block-uagb-image--effect-static wp-block-uagb-image--align-none\"><figure class=\"wp-block-uagb-image__figure\"><img decoding=\"async\" srcset=\"https:\/\/dev.bassin-arcachon.com\/wp-content\/uploads\/2018\/09\/nourri-a-lhu\u00eetre-\u00e9lev\u00e9-sous-les-pins-Bassin-dArcachon.jpg 1000w, https:\/\/dev.bassin-arcachon.com\/wp-content\/uploads\/2018\/09\/nourri-a-lhu\u00eetre-\u00e9lev\u00e9-sous-les-pins-Bassin-dArcachon-300x200.jpg 300w, https:\/\/dev.bassin-arcachon.com\/wp-content\/uploads\/2018\/09\/nourri-a-lhu\u00eetre-\u00e9lev\u00e9-sous-les-pins-Bassin-dArcachon-768x511.jpg 768w, https:\/\/dev.bassin-arcachon.com\/wp-content\/uploads\/2018\/09\/nourri-a-lhu\u00eetre-\u00e9lev\u00e9-sous-les-pins-Bassin-dArcachon-18x12.jpg 18w, https:\/\/dev.bassin-arcachon.com\/wp-content\/uploads\/2018\/09\/nourri-a-lhu\u00eetre-\u00e9lev\u00e9-sous-les-pins-Bassin-dArcachon-640x426.jpg 640w\" sizes=\"auto, (max-width: 480px) 150px\" src=\"https:\/\/dev.bassin-arcachon.com\/wp-content\/uploads\/2018\/09\/nourri-a-lhu\u00eetre-\u00e9lev\u00e9-sous-les-pins-Bassin-dArcachon.jpg\" alt=\"- - Bassin d&#039;Arcachon\" class=\"uag-image-26169\" width=\"1000\" height=\"666\" title=\"- - Bassin d&#039;Arcachon\" loading=\"lazy\" role=\"img\"><\/figure><\/div>\n<\/div>\n<\/div><\/div>\n\n\n\n<div style=\"height:60px\" aria-hidden=\"true\" class=\"wp-block-spacer\"><\/div>","protected":false},"excerpt":{"rendered":"<p>Nos locations de vacances au Cap Ferret avec un jardin Passez des moments authentiques dans un cadre naturel au Cap Ferret avec nos g\u00eetes et locations de vacances. En famille [&hellip;]<\/p>","protected":false},"author":25,"featured_media":2217,"parent":508,"menu_order":1,"comment_status":"closed","ping_status":"closed","template":"","meta":{"_acf_changed":false,"_uag_custom_page_level_css":"","footnotes":""},"class_list":["post-45702","page","type-page","status-publish","has-post-thumbnail","hentry"],"acf":[],"uagb_featured_image_src":{"full":["https:\/\/dev.bassin-arcachon.com\/wp-content\/uploads\/2017\/03\/camping-bassin-arcachon.jpg",1200,800,false],"thumbnail":["https:\/\/dev.bassin-arcachon.com\/wp-content\/uploads\/2017\/03\/camping-bassin-arcachon-150x150.jpg",150,150,true],"medium":["https:\/\/dev.bassin-arcachon.com\/wp-content\/uploads\/2017\/03\/camping-bassin-arcachon-300x200.jpg",300,200,true],"medium_large":["https:\/\/dev.bassin-arcachon.com\/wp-content\/uploads\/2017\/03\/camping-bassin-arcachon-768x512.jpg",768,512,true],"large":["https:\/\/dev.bassin-arcachon.com\/wp-content\/uploads\/2017\/03\/camping-bassin-arcachon-1024x683.jpg",1024,683,true],"1536x1536":["https:\/\/dev.bassin-arcachon.com\/wp-content\/uploads\/2017\/03\/camping-bassin-arcachon.jpg",1200,800,false],"2048x2048":["https:\/\/dev.bassin-arcachon.com\/wp-content\/uploads\/2017\/03\/camping-bassin-arcachon.jpg",1200,800,false],"trp-custom-language-flag":["https:\/\/dev.bassin-arcachon.com\/wp-content\/uploads\/2017\/03\/camping-bassin-arcachon-18x12.jpg",18,12,true],"fp-small":["https:\/\/dev.bassin-arcachon.com\/wp-content\/uploads\/2017\/03\/camping-bassin-arcachon-640x427.jpg",640,427,true],"fp-large":["https:\/\/dev.bassin-arcachon.com\/wp-content\/uploads\/2017\/03\/camping-bassin-arcachon.jpg",1200,800,false],"fp-xlarge":["https:\/\/dev.bassin-arcachon.com\/wp-content\/uploads\/2017\/03\/camping-bassin-arcachon.jpg",1200,800,false]},"uagb_author_info":{"display_name":"Marie Clauzel","author_link":"https:\/\/dev.bassin-arcachon.com\/it\/author\/mariesiba\/"},"uagb_comment_info":0,"uagb_excerpt":"Nos locations de vacances au Cap Ferret avec un jardin Passez des moments authentiques dans un cadre naturel au Cap Ferret avec nos g\u00eetes et locations de vacances. En famille [&hellip;]","_links":{"self":[{"href":"https:\/\/dev.bassin-arcachon.com\/it\/wp-json\/wp\/v2\/pages\/45702","targetHints":{"allow":["GET"]}}],"collection":[{"href":"https:\/\/dev.bassin-arcachon.com\/it\/wp-json\/wp\/v2\/pages"}],"about":[{"href":"https:\/\/dev.bassin-arcachon.com\/it\/wp-json\/wp\/v2\/types\/page"}],"author":[{"embeddable":true,"href":"https:\/\/dev.bassin-arcachon.com\/it\/wp-json\/wp\/v2\/users\/25"}],"replies":[{"embeddable":true,"href":"https:\/\/dev.bassin-arcachon.com\/it\/wp-json\/wp\/v2\/comments?post=45702"}],"version-history":[{"count":2,"href":"https:\/\/dev.bassin-arcachon.com\/it\/wp-json\/wp\/v2\/pages\/45702\/revisions"}],"predecessor-version":[{"id":68286,"href":"https:\/\/dev.bassin-arcachon.com\/it\/wp-json\/wp\/v2\/pages\/45702\/revisions\/68286"}],"up":[{"embeddable":true,"href":"https:\/\/dev.bassin-arcachon.com\/it\/wp-json\/wp\/v2\/pages\/508"}],"wp:featuredmedia":[{"embeddable":true,"href":"https:\/\/dev.bassin-arcachon.com\/it\/wp-json\/wp\/v2\/media\/2217"}],"wp:attachment":[{"href":"https:\/\/dev.bassin-arcachon.com\/it\/wp-json\/wp\/v2\/media?parent=45702"}],"curies":[{"name":"wp","href":"https:\/\/api.w.org\/{rel}","templated":true}]}}