{"id":754,"date":"2017-04-04T12:21:37","date_gmt":"2017-04-04T10:21:37","guid":{"rendered":"https:\/\/dev.bassin-arcachon.com\/\/?page_id=754"},"modified":"2024-12-16T14:02:22","modified_gmt":"2024-12-16T13:02:22","slug":"wifi-ares","status":"publish","type":"page","link":"https:\/\/dev.bassin-arcachon.com\/it\/trova-il-tuo-punto-wifi\/wifi-ares\/","title":{"rendered":"Benvenuto ad Ares"},"content":{"rendered":"<div class=\"wp-block-uagb-container uagb-block-153fbf96 alignfull uagb-is-root-container\"><div class=\"uagb-container-inner-blocks-wrap\">\n<div class=\"wp-block-uagb-container uagb-block-7810a821\">\n<h2 class=\"wp-block-heading\">Ar\u00e8s ti offre un accesso WiFi gratuito e sicuro per navigare liberamente in Internet in tutti i luoghi pubblici attrezzati.<\/h2>\n\n\n\n<p>Tra spiagge, boschi e aree naturali preservate:&nbsp;<a href=\"https:\/\/www.bassin-arcachon.com\/nos-villes-et-villages\/ares\/\">Ares<\/a>, un villaggio autentico, offre tutto l&#039;anno un programma di attivit\u00e0 e intrattenimento &quot;Natura&quot; per tutta la famiglia. Attraversato dal V\u00e9lodyss\u00e9, Ares \u00e8 l&#039;ideale per gli appassionati di bicicletta.<\/p>\n<\/div>\n\n\n\n<div class=\"wp-block-uagb-container uagb-block-b1de9fbd\">\n<div class=\"wp-block-uagb-image uagb-block-ef8820b0 wp-block-uagb-image--layout-default wp-block-uagb-image--effect-static wp-block-uagb-image--align-none\"><figure class=\"wp-block-uagb-image__figure\"><img decoding=\"async\" srcset=\"https:\/\/dev.bassin-arcachon.com\/wp-content\/uploads\/2020\/07\/Flaner-sur-le-port-ostreicole-Ares-Bassin-Arcachon-1024x683-1.jpg \" sizes=\"auto, (max-width: 480px) 150px\" src=\"https:\/\/dev.bassin-arcachon.com\/wp-content\/uploads\/2020\/07\/Flaner-sur-le-port-ostreicole-Ares-Bassin-Arcachon-1024x683-1.jpg\" alt=\"- - Bassin d&#039;Arcachon\" class=\"uag-image-44399\" width=\"1024\" height=\"683\" title=\"- - Bassin d&#039;Arcachon\" loading=\"lazy\" role=\"img\"><\/figure><\/div>\n<\/div>\n<\/div><\/div>\n\n\n\n<div style=\"height:40px\" aria-hidden=\"true\" class=\"wp-block-spacer\"><\/div>\n\n\n\n<div class=\"wp-block-uagb-container uagb-block-d5780c99 alignfull uagb-is-root-container\"><div class=\"uagb-container-inner-blocks-wrap\">\n<figure class=\"wp-block-pullquote\"><blockquote><p>Scopri la citt\u00e0 di Ar\u00e8s su&nbsp;<a href=\"http:\/\/www.ares-tourisme.com\/\" target=\"_blank\" rel=\"noreferrer noopener\">www.ares-tourisme.com<\/a>.<br>Sfoglia questo&nbsp;<a href=\"https:\/\/www.bassin-arcachon.com\/\">sito web, quello del Bassin di Arcachon<\/a>. Non \u00e8 necessario identificarsi!<\/p><\/blockquote><\/figure>\n<\/div><\/div>\n\n\n\n<div style=\"height:40px\" aria-hidden=\"true\" class=\"wp-block-spacer\"><\/div>\n\n\n\n<div class=\"wp-block-uagb-container uagb-block-566dc536 alignfull uagb-is-root-container\"><div class=\"uagb-container-inner-blocks-wrap\">\n<h3 class=\"wp-block-heading\">Naviga in modo intelligente!<\/h3>\n\n\n\n<p>La rete WiFi_Bassin_Arcachon ti ricorda! La connessione verr\u00e0 effettuata automaticamente sullo stesso dispositivo ogni volta che ti trovi nei pressi di uno dei nostri terminali WiFi, indipendentemente dal comune dell&#039;Bassin. Ricordati di riavviare il browser.<\/p>\n<\/div><\/div>\n\n\n\n<div class=\"wp-block-uagb-container uagb-block-216b45c7 alignfull uagb-is-root-container\"><div class=\"uagb-container-inner-blocks-wrap\">\n<h3 class=\"wp-block-heading\">Sobriet\u00e0 digitale<\/h3>\n\n\n\n<p>Adottiamo le azioni giuste per un mondo digitale pi\u00f9 verde! Insieme, riduciamo il nostro impatto ambientale adottando semplici azioni per un mondo digitale pi\u00f9 responsabile. Scopri i nostri consigli pratici\u00a0<strong><a href=\"https:\/\/www.ecologie.gouv.fr\/sites\/default\/files\/guide-en-route-vers-sobriete-numerique.pdf\" target=\"_blank\" rel=\"noreferrer noopener\">su questo sito\u00a0<\/a>!<\/strong><\/p>\n<\/div><\/div>\n\n\n\n<div style=\"height:40px\" aria-hidden=\"true\" class=\"wp-block-spacer\"><\/div>","protected":false},"excerpt":{"rendered":"<p>Ar\u00e8s ti offre l&#039;accesso WiFi gratuito e sicuro per navigare liberamente su Internet in tutti i luoghi pubblici attrezzati. Tra spiagge, foreste e spazi naturali preservati: Ar\u00e8s, villaggio autentico, [\u2026]<\/p>","protected":false},"author":25,"featured_media":23617,"parent":69,"menu_order":10,"comment_status":"closed","ping_status":"closed","template":"","meta":{"_acf_changed":false,"_uag_custom_page_level_css":"","footnotes":""},"class_list":["post-754","page","type-page","status-publish","has-post-thumbnail","hentry"],"acf":[],"uagb_featured_image_src":{"full":["https:\/\/dev.bassin-arcachon.com\/wp-content\/uploads\/2018\/07\/Vue-depuis-la-jet\u00e9e-dAr\u00e8s.jpg",1000,666,false],"thumbnail":["https:\/\/dev.bassin-arcachon.com\/wp-content\/uploads\/2018\/07\/Vue-depuis-la-jet\u00e9e-dAr\u00e8s-150x150.jpg",150,150,true],"medium":["https:\/\/dev.bassin-arcachon.com\/wp-content\/uploads\/2018\/07\/Vue-depuis-la-jet\u00e9e-dAr\u00e8s-300x200.jpg",300,200,true],"medium_large":["https:\/\/dev.bassin-arcachon.com\/wp-content\/uploads\/2018\/07\/Vue-depuis-la-jet\u00e9e-dAr\u00e8s-768x511.jpg",768,511,true],"large":["https:\/\/dev.bassin-arcachon.com\/wp-content\/uploads\/2018\/07\/Vue-depuis-la-jet\u00e9e-dAr\u00e8s.jpg",1000,666,false],"1536x1536":["https:\/\/dev.bassin-arcachon.com\/wp-content\/uploads\/2018\/07\/Vue-depuis-la-jet\u00e9e-dAr\u00e8s.jpg",1000,666,false],"2048x2048":["https:\/\/dev.bassin-arcachon.com\/wp-content\/uploads\/2018\/07\/Vue-depuis-la-jet\u00e9e-dAr\u00e8s.jpg",1000,666,false],"trp-custom-language-flag":["https:\/\/dev.bassin-arcachon.com\/wp-content\/uploads\/2018\/07\/Vue-depuis-la-jet\u00e9e-dAr\u00e8s-18x12.jpg",18,12,true],"fp-small":["https:\/\/dev.bassin-arcachon.com\/wp-content\/uploads\/2018\/07\/Vue-depuis-la-jet\u00e9e-dAr\u00e8s-640x426.jpg",640,426,true],"fp-large":["https:\/\/dev.bassin-arcachon.com\/wp-content\/uploads\/2018\/07\/Vue-depuis-la-jet\u00e9e-dAr\u00e8s.jpg",1000,666,false],"fp-xlarge":["https:\/\/dev.bassin-arcachon.com\/wp-content\/uploads\/2018\/07\/Vue-depuis-la-jet\u00e9e-dAr\u00e8s.jpg",1000,666,false]},"uagb_author_info":{"display_name":"Marie Clauzel","author_link":"https:\/\/dev.bassin-arcachon.com\/it\/author\/mariesiba\/"},"uagb_comment_info":0,"uagb_excerpt":"Ar\u00e8s vous offre un acc\u00e8s WiFi gratuit et s\u00e9curis\u00e9 pour surfer sur Internet librement dans tous les lieux publics \u00e9quip\u00e9s. Entre plages, for\u00eats et espaces naturels pr\u00e9serv\u00e9s :&nbsp;Ar\u00e8s, village authentique, [&hellip;]","_links":{"self":[{"href":"https:\/\/dev.bassin-arcachon.com\/it\/wp-json\/wp\/v2\/pages\/754","targetHints":{"allow":["GET"]}}],"collection":[{"href":"https:\/\/dev.bassin-arcachon.com\/it\/wp-json\/wp\/v2\/pages"}],"about":[{"href":"https:\/\/dev.bassin-arcachon.com\/it\/wp-json\/wp\/v2\/types\/page"}],"author":[{"embeddable":true,"href":"https:\/\/dev.bassin-arcachon.com\/it\/wp-json\/wp\/v2\/users\/25"}],"replies":[{"embeddable":true,"href":"https:\/\/dev.bassin-arcachon.com\/it\/wp-json\/wp\/v2\/comments?post=754"}],"version-history":[{"count":1,"href":"https:\/\/dev.bassin-arcachon.com\/it\/wp-json\/wp\/v2\/pages\/754\/revisions"}],"predecessor-version":[{"id":119039,"href":"https:\/\/dev.bassin-arcachon.com\/it\/wp-json\/wp\/v2\/pages\/754\/revisions\/119039"}],"up":[{"embeddable":true,"href":"https:\/\/dev.bassin-arcachon.com\/it\/wp-json\/wp\/v2\/pages\/69"}],"wp:featuredmedia":[{"embeddable":true,"href":"https:\/\/dev.bassin-arcachon.com\/it\/wp-json\/wp\/v2\/media\/23617"}],"wp:attachment":[{"href":"https:\/\/dev.bassin-arcachon.com\/it\/wp-json\/wp\/v2\/media?parent=754"}],"curies":[{"name":"wp","href":"https:\/\/api.w.org\/{rel}","templated":true}]}}