{"id":772,"date":"2017-04-04T12:38:31","date_gmt":"2017-04-04T10:38:31","guid":{"rendered":"https:\/\/dev.bassin-arcachon.com\/\/?page_id=772"},"modified":"2024-05-06T16:48:15","modified_gmt":"2024-05-06T14:48:15","slug":"wifi-mios","status":"publish","type":"page","link":"https:\/\/dev.bassin-arcachon.com\/it\/trova-il-tuo-punto-wifi\/wifi-mios\/","title":{"rendered":"Benvenuti a Mios"},"content":{"rendered":"<div class=\"wp-block-uagb-container uagb-block-2bb682b0 alignfull uagb-is-root-container\"><div class=\"uagb-container-inner-blocks-wrap\">\n<h2 class=\"wp-block-heading\">L&#039;Ufficio del Turismo di Mios ti offre un accesso WiFi gratuito e sicuro per navigare liberamente in Internet all&#039;interno dei confini dell&#039;ufficio informazioni.<\/h2>\n<\/div><\/div>\n\n\n\n<div style=\"height:40px\" aria-hidden=\"true\" class=\"wp-block-spacer\"><\/div>\n\n\n\n<div class=\"wp-block-uagb-container uagb-block-49df3d4d alignfull uagb-is-root-container\"><div class=\"uagb-container-inner-blocks-wrap\">\n<div class=\"wp-block-uagb-container uagb-block-91170351\">\n<p>Alle porte del delta di Leyre, la foresta \u00e8 onnipresente e ospita una fauna eccezionale a Mios. Cammina lungo le rive del fiume, il Leyre, e approfitta dei sentieri ombreggiati per un&#039;escursione rigenerante.<\/p>\n\n\n\n<p><strong>Incontra i tuoi consulenti per le vacanze presso l&#039;Ufficio del Turismo<\/strong>&nbsp;e&nbsp;<strong>scopri il Cuore di Bassin su&nbsp;<\/strong><a href=\"http:\/\/www.tourisme-coeurdubassin.com\/\" target=\"_blank\" rel=\"noreferrer noopener\"><strong>www.tourisme-coeurdubassin.com<\/strong><\/a><\/p>\n\n\n\n<p><strong>Sfoglia anche il sito web di Bassin Arcachon. Non \u00e8 necessario identificarsi!<\/strong><\/p>\n<\/div>\n\n\n\n<div class=\"wp-block-uagb-container uagb-block-ff9a1c91\">\n<h3 class=\"wp-block-heading\">Come accedere?<\/h3>\n\n\n\n<p>Per controllare la tua posta elettronica e navigare liberamente, identificati sul portale cliccando sulla scheda \u201cAccesso a Internet\u201d in alto a destra del tuo schermo. Inserisci la tua email o usa il tuo account Facebook, Twitter e Google+ e accetta i termini di utilizzo.<\/p>\n\n\n\n<p>Buona navigazione, gratis e illimitata\u2026<\/p>\n<\/div>\n<\/div><\/div>\n\n\n\n<div style=\"height:40px\" aria-hidden=\"true\" class=\"wp-block-spacer\"><\/div>\n\n\n\n<div class=\"wp-block-uagb-container uagb-block-3001b7a7 alignfull uagb-is-root-container\"><div class=\"uagb-container-inner-blocks-wrap\">\n<h3 class=\"wp-block-heading\">Naviga in modo intelligente!<\/h3>\n\n\n\n<p>La rete WiFi_Bassin_Arcachon ti ricorda! La connessione verr\u00e0 effettuata automaticamente sullo stesso dispositivo ogni volta che ti trovi nei pressi di uno dei nostri terminali WiFi, indipendentemente dal comune dell&#039;Bassin. Ricordati di riavviare il browser.<\/p>\n\n\n\n<h3 class=\"wp-block-heading\">Sobriet\u00e0 digitale<\/h3>\n\n\n\n<p>Adottiamo le azioni giuste per un mondo digitale pi\u00f9 verde! Insieme, riduciamo il nostro impatto ambientale adottando semplici azioni per un mondo digitale pi\u00f9 responsabile. Scopri i nostri consigli pratici&nbsp;<strong><a href=\"https:\/\/www.ecologie.gouv.fr\/sites\/default\/files\/guide-en-route-vers-sobriete-numerique.pdf\" target=\"_blank\" rel=\"noreferrer noopener\">su questo sito&nbsp;<\/a>!<\/strong><\/p>\n<\/div><\/div>\n\n\n\n<div style=\"height:40px\" aria-hidden=\"true\" class=\"wp-block-spacer\"><\/div>","protected":false},"excerpt":{"rendered":"<p>L\u2019Office de Tourisme de Mios vous offre un acc\u00e8s WiFi gratuit et s\u00e9curis\u00e9 pour surfer sur Internet librement dans l\u2019enceinte du bureau d\u2019information. Aux portes du delta de la Leyre, [&hellip;]<\/p>","protected":false},"author":25,"featured_media":1576,"parent":69,"menu_order":17,"comment_status":"closed","ping_status":"closed","template":"","meta":{"_acf_changed":false,"_uag_custom_page_level_css":"","footnotes":""},"class_list":["post-772","page","type-page","status-publish","has-post-thumbnail","hentry"],"acf":[],"uagb_featured_image_src":{"full":["https:\/\/dev.bassin-arcachon.com\/wp-content\/uploads\/2017\/04\/header-wifi-light.jpg",1200,612,false],"thumbnail":["https:\/\/dev.bassin-arcachon.com\/wp-content\/uploads\/2017\/04\/header-wifi-light-150x150.jpg",150,150,true],"medium":["https:\/\/dev.bassin-arcachon.com\/wp-content\/uploads\/2017\/04\/header-wifi-light-300x153.jpg",300,153,true],"medium_large":["https:\/\/dev.bassin-arcachon.com\/wp-content\/uploads\/2017\/04\/header-wifi-light-768x392.jpg",768,392,true],"large":["https:\/\/dev.bassin-arcachon.com\/wp-content\/uploads\/2017\/04\/header-wifi-light-1024x522.jpg",1024,522,true],"1536x1536":["https:\/\/dev.bassin-arcachon.com\/wp-content\/uploads\/2017\/04\/header-wifi-light.jpg",1200,612,false],"2048x2048":["https:\/\/dev.bassin-arcachon.com\/wp-content\/uploads\/2017\/04\/header-wifi-light.jpg",1200,612,false],"trp-custom-language-flag":["https:\/\/dev.bassin-arcachon.com\/wp-content\/uploads\/2017\/04\/header-wifi-light-18x9.jpg",18,9,true],"fp-small":["https:\/\/dev.bassin-arcachon.com\/wp-content\/uploads\/2017\/04\/header-wifi-light-640x326.jpg",640,326,true],"fp-large":["https:\/\/dev.bassin-arcachon.com\/wp-content\/uploads\/2017\/04\/header-wifi-light.jpg",1200,612,false],"fp-xlarge":["https:\/\/dev.bassin-arcachon.com\/wp-content\/uploads\/2017\/04\/header-wifi-light.jpg",1200,612,false]},"uagb_author_info":{"display_name":"Marie Clauzel","author_link":"https:\/\/dev.bassin-arcachon.com\/it\/author\/mariesiba\/"},"uagb_comment_info":0,"uagb_excerpt":"L\u2019Office de Tourisme de Mios vous offre un acc\u00e8s WiFi gratuit et s\u00e9curis\u00e9 pour surfer sur Internet librement dans l\u2019enceinte du bureau d\u2019information. Aux portes du delta de la Leyre, [&hellip;]","_links":{"self":[{"href":"https:\/\/dev.bassin-arcachon.com\/it\/wp-json\/wp\/v2\/pages\/772","targetHints":{"allow":["GET"]}}],"collection":[{"href":"https:\/\/dev.bassin-arcachon.com\/it\/wp-json\/wp\/v2\/pages"}],"about":[{"href":"https:\/\/dev.bassin-arcachon.com\/it\/wp-json\/wp\/v2\/types\/page"}],"author":[{"embeddable":true,"href":"https:\/\/dev.bassin-arcachon.com\/it\/wp-json\/wp\/v2\/users\/25"}],"replies":[{"embeddable":true,"href":"https:\/\/dev.bassin-arcachon.com\/it\/wp-json\/wp\/v2\/comments?post=772"}],"version-history":[{"count":0,"href":"https:\/\/dev.bassin-arcachon.com\/it\/wp-json\/wp\/v2\/pages\/772\/revisions"}],"up":[{"embeddable":true,"href":"https:\/\/dev.bassin-arcachon.com\/it\/wp-json\/wp\/v2\/pages\/69"}],"wp:featuredmedia":[{"embeddable":true,"href":"https:\/\/dev.bassin-arcachon.com\/it\/wp-json\/wp\/v2\/media\/1576"}],"wp:attachment":[{"href":"https:\/\/dev.bassin-arcachon.com\/it\/wp-json\/wp\/v2\/media?parent=772"}],"curies":[{"name":"wp","href":"https:\/\/api.w.org\/{rel}","templated":true}]}}