{"id":98630,"date":"2024-11-18T12:22:45","date_gmt":"2024-11-18T11:22:45","guid":{"rendered":"https:\/\/dev.bassin-arcachon.com\/?page_id=98630"},"modified":"2024-12-06T12:39:57","modified_gmt":"2024-12-06T11:39:57","slug":"informazioni-pratiche-per-muoversi-in-bicicletta","status":"publish","type":"page","link":"https:\/\/dev.bassin-arcachon.com\/it\/informazioni-pratiche-per-muoversi-in-bicicletta\/","title":{"rendered":"Informazioni pratiche per viaggiare in bicicletta"},"content":{"rendered":"<div class=\"wp-block-uagb-container uagb-block-c7651c20 alignfull uagb-is-root-container\"><div class=\"uagb-container-inner-blocks-wrap\">\n<p>In questa pagina trovi tutte le informazioni utili e pratiche per<strong> per fare i tuoi viaggi in bicicletta nelle migliori condizioni.<\/strong><\/p>\n<\/div><\/div>\n\n\n\n<div class=\"wp-block-uagb-container uagb-block-a9138734 alignfull uagb-is-root-container\"><div class=\"uagb-container-inner-blocks-wrap\">\n<h2 class=\"wp-block-heading\">1) Pompe di gonfiaggio self-service<\/h2>\n<\/div><\/div>\n\n\n\n<div class=\"wp-block-uagb-container uagb-block-832224e8 alignfull uagb-is-root-container\"><div class=\"uagb-container-inner-blocks-wrap\">\n<div class=\"wp-block-uagb-container uagb-block-cf1714b1\">\n<figure class=\"wp-block-image size-full\"><img loading=\"lazy\" decoding=\"async\" width=\"480\" height=\"640\" src=\"https:\/\/dev.bassin-arcachon.com\/wp-content\/uploads\/2024\/11\/N\u00b05-Station-de-Gonflage-Mairie-duTeich.jpg\" alt=\"- - Bassin d&#039;Arcachon\" class=\"wp-image-98633\" title=\"- - Bassin d&#039;Arcachon\" srcset=\"https:\/\/dev.bassin-arcachon.com\/wp-content\/uploads\/2024\/11\/N\u00b05-Station-de-Gonflage-Mairie-duTeich.jpg 480w, https:\/\/dev.bassin-arcachon.com\/wp-content\/uploads\/2024\/11\/N\u00b05-Station-de-Gonflage-Mairie-duTeich-225x300.jpg 225w, https:\/\/dev.bassin-arcachon.com\/wp-content\/uploads\/2024\/11\/N\u00b05-Station-de-Gonflage-Mairie-duTeich-9x12.jpg 9w\" sizes=\"auto, (max-width: 480px) 100vw, 480px\" \/><figcaption class=\"wp-element-caption\">\u00a9 COBAS<\/figcaption><\/figure>\n<\/div>\n\n\n\n<div class=\"wp-block-uagb-container uagb-block-732da1a7\">\n<h3 class=\"wp-block-heading\"><strong>Sulla South-Bassin:<\/strong><\/h3>\n\n\n\n<ul class=\"wp-block-list\">\n<li><strong>Arcachon:<\/strong><br>Pereire, Place Peyneau, Stazione ferroviaria SNCF, Molo Moulleau, Porticciolo di Arcachon<\/li>\n\n\n\n<li><strong>La Teste de Buch:<\/strong><br>Place Meller a Pyla, scalo nautico di Cazaux, porto di La Teste, Intermarch\u00e9 Les Miquelots, West Salt Meadows<\/li>\n\n\n\n<li><strong>Gujan-Mestras:<\/strong><br>Rotonda Chante-Cigale, stazione ferroviaria La Hume, La Ch\u00eaneraie, area ricreativa, stazione ferroviaria Gujan-Mestras (nord e sud), municipio di Gujan-Mestras<\/li>\n\n\n\n<li><strong>Le Teich:<\/strong><br>Municipio di Le Teich, Stazione ferroviaria SNCF, Super U, Porto di Le Teich<\/li>\n<\/ul>\n<\/div>\n<\/div><\/div>\n\n\n\n<div class=\"wp-block-uagb-container uagb-block-9a502bd6 alignfull uagb-is-root-container\"><div class=\"uagb-container-inner-blocks-wrap\">\n<div class=\"wp-block-uagb-container uagb-block-68dec60e\">\n<h3 class=\"wp-block-heading\"><a href=\"https:\/\/coban-atlantique.fr\/la-coban\/services-equipements\/\" target=\"_blank\" rel=\"noopener\">Sulla linea Nord Bassin: <\/a><\/h3>\n\n\n\n<ul class=\"wp-block-list\">\n<li><strong>Andernos les Bains:<\/strong><br>Ufficio del turismo (Esplanade du Broustic), di fronte alla mediateca Andr\u00e9e Chedid<\/li>\n\n\n\n<li><strong>Ares:<\/strong><br>Ex fermata ferroviaria (rue Jean Templier) sulla V\u00e9lodyss\u00e9e<\/li>\n\n\n\n<li><strong>udienza:<\/strong><br>Area balneabile Bassin, vicino alla rotonda del centro citt\u00e0 (2, tutte Ernest de Boissi\u00e8re), di fronte al complesso sportivo Ballion (rue des fauvettes).<\/li>\n\n\n\n<li><strong>Biganos:<\/strong><br>Sul piazzale della stazione, all&#039;incrocio tra Av de le Lib\u00e9ration e Rue Charles Lecoq (vicino alle rastrelliere per biciclette), presso la Maison des adolescents de la Gironde (Rue P. de Coubertin), all&#039;ingresso del parco Lecoq.<\/li>\n\n\n\n<li><strong>Lanton:<\/strong><br>Cuore dell&#039;Ufficio del Turismo Bassin \u2013 1 route du Stade (nel parcheggio), alla fermata Cassy (All\u00e9e de la halte \u2013 sulla V\u00e9lodyss\u00e9e).<\/li>\n\n\n\n<li><strong>Luce \u2013 Cap Ferret:<\/strong><br>Mercato di Claouey (Avenue des Halles), al mercato di Cap Ferret (Avenue du monument Saliens), all&#039;altezza dell&#039;antica stazione del faro.<\/li>\n\n\n\n<li><strong>Marcheprime:<\/strong><br>Scuola elementare Croix d&#039;Hins (rue Lafayette), presso il municipio\/polo scolastico (vicino al deposito biciclette sicuro, rue J.Blieck), vicino all&#039;ingresso del college (rue L.Delagrange).<\/li>\n\n\n\n<li><strong>Mio:<\/strong><br>Piazzale dell&#039;ufficio turistico (Allee de Val de San Vicente).<\/li>\n<\/ul>\n<\/div>\n\n\n\n<div class=\"wp-block-uagb-container uagb-block-67e8edc7\">\n<figure class=\"wp-block-image size-large\"><img loading=\"lazy\" decoding=\"async\" width=\"506\" height=\"1024\" src=\"https:\/\/dev.bassin-arcachon.com\/wp-content\/uploads\/2024\/11\/mobilier-type-62668ba9b5506298122291-1-506x1024.jpg\" alt=\"- - Bassin d&#039;Arcachon\" class=\"wp-image-98636\" title=\"- - Bassin d&#039;Arcachon\" srcset=\"https:\/\/dev.bassin-arcachon.com\/wp-content\/uploads\/2024\/11\/mobilier-type-62668ba9b5506298122291-1-506x1024.jpg 506w, https:\/\/dev.bassin-arcachon.com\/wp-content\/uploads\/2024\/11\/mobilier-type-62668ba9b5506298122291-1-148x300.jpg 148w, https:\/\/dev.bassin-arcachon.com\/wp-content\/uploads\/2024\/11\/mobilier-type-62668ba9b5506298122291-1-768x1553.jpg 768w, https:\/\/dev.bassin-arcachon.com\/wp-content\/uploads\/2024\/11\/mobilier-type-62668ba9b5506298122291-1-759x1536.jpg 759w, https:\/\/dev.bassin-arcachon.com\/wp-content\/uploads\/2024\/11\/mobilier-type-62668ba9b5506298122291-1-1013x2048.jpg 1013w, https:\/\/dev.bassin-arcachon.com\/wp-content\/uploads\/2024\/11\/mobilier-type-62668ba9b5506298122291-1-6x12.jpg 6w, https:\/\/dev.bassin-arcachon.com\/wp-content\/uploads\/2024\/11\/mobilier-type-62668ba9b5506298122291-1-640x1294.jpg 640w, https:\/\/dev.bassin-arcachon.com\/wp-content\/uploads\/2024\/11\/mobilier-type-62668ba9b5506298122291-1.jpg 1024w\" sizes=\"auto, (max-width: 506px) 100vw, 506px\" \/><\/figure>\n<\/div>\n<\/div><\/div>\n\n\n\n<div class=\"wp-block-uagb-container uagb-block-4c786e10 alignfull uagb-is-root-container\"><div class=\"uagb-container-inner-blocks-wrap\">\n<h2 class=\"wp-block-heading\">Parcheggio sicuro per biciclette<\/h2>\n<\/div><\/div>\n\n\n\n<div class=\"wp-block-uagb-container uagb-block-0b113335 alignfull uagb-is-root-container\"><div class=\"uagb-container-inner-blocks-wrap\">\n<div class=\"wp-block-uagb-container uagb-block-e639cbfa\">\n<figure class=\"wp-block-image size-full\"><img loading=\"lazy\" decoding=\"async\" width=\"380\" height=\"285\" src=\"https:\/\/dev.bassin-arcachon.com\/wp-content\/uploads\/2024\/11\/PEI-audenge-380x285-1.jpg\" alt=\"- - Bassin d&#039;Arcachon\" class=\"wp-image-98640\" title=\"- - Bassin d&#039;Arcachon\" srcset=\"https:\/\/dev.bassin-arcachon.com\/wp-content\/uploads\/2024\/11\/PEI-audenge-380x285-1.jpg 380w, https:\/\/dev.bassin-arcachon.com\/wp-content\/uploads\/2024\/11\/PEI-audenge-380x285-1-300x225.jpg 300w, https:\/\/dev.bassin-arcachon.com\/wp-content\/uploads\/2024\/11\/PEI-audenge-380x285-1-16x12.jpg 16w\" sizes=\"auto, (max-width: 380px) 100vw, 380px\" \/><\/figure>\n<\/div>\n<\/div><\/div>\n\n\n\n<div class=\"wp-block-uagb-container uagb-block-0d2dcc91 alignfull uagb-is-root-container\"><div class=\"uagb-container-inner-blocks-wrap\">\n<p><strong>Parcheggiare in sicurezza \u00e8 meglio!<\/strong><\/p>\n\n\n\n<p>Parcheggio custodito, spazi riservati alle biciclette, accessibili:<\/p>\n\n\n\n<ul class=\"wp-block-list\">\n<li>Nelle stazioni di: <strong>L&#039;Hume,<\/strong> <strong>Biganos-Facture, Le Teich, Gujan-Mestras e Arcachon<\/strong>. Alla fine tutte le stazioni ne saranno dotate.<\/li>\n\n\n\n<li>Sulle aree di carpooling di <strong>Querquillas (Andernos) e Mios A660 A660 <\/strong>cos\u00ec come a livello di<strong>fermata dell&#039;autobus in Boulevard de l\u2019a\u00e9rium d\u2019Ar\u00e8s.<\/strong><\/li>\n\n\n\n<li>Sul <strong>Hub di scambio intermodale Audenge Cardolle (PEI)<\/strong> situato vicino al campeggio Braou. Nel lungo termine,&nbsp;<a href=\"https:\/\/coban-atlantique.fr\/nouveau-reseau-transport-travaux-amenagement\/?fbclid=IwZXh0bgNhZW0CMTAAAR0rrwRiSQksB4ThKWNg1tos8c3_1ESQa5mZWyaA9-Q4GVCnDu29w-WU1X4_aem_AfY64Wc0C-_0WVAwPDUzRr0xLD542tIjzxO9PygULqMUs8X0DMtEnhOKvoabE81Oad1gbyABhfeyqQEDyQUQM-Oa\" target=\"_blank\" rel=\"noreferrer noopener\">3 COBAN PEI<\/a>&nbsp;saranno dotati di ripostigli e armadietti sicuri per le biciclette.<\/li>\n\n\n\n<li>Parcheggio bici a <strong>Moulleau (Arcachon)<\/strong><\/li>\n<\/ul>\n<\/div><\/div>\n\n\n\n<div class=\"wp-block-uagb-container uagb-block-40fa4ca0 alignfull uagb-is-root-container\"><div class=\"uagb-container-inner-blocks-wrap\">\n<h2 class=\"wp-block-heading\">Buono a sapersi: stazioni di ricarica elettrica<\/h2>\n<\/div><\/div>\n\n\n\n<div class=\"wp-block-uagb-container uagb-block-26b285ea alignfull uagb-is-root-container\"><div class=\"uagb-container-inner-blocks-wrap\">\n<p>Il piccolo porto di<strong>Arcachon<\/strong>, la zona di ricevimento del&nbsp;<strong>Grande sito della Dune du Pilat<\/strong>, <strong>Stazione di ronzio<\/strong>e o anche il<strong>Ufficio del Turismo di L\u00e8ge-Cap Ferret<\/strong>&nbsp;situati a Claouey dispongono di un terminale per biciclette elettriche.<br><\/p>\n<\/div><\/div>","protected":false},"excerpt":{"rendered":"<p>Sur cette page, retrouvez toutes les informations utiles et pratiques pour r\u00e9aliser vos d\u00e9placements \u00e0 v\u00e9lo dans les meilleures conditions. 1) Les pompes de gonflage en libre-service Sur le Sud-Bassin [&hellip;]<\/p>","protected":false},"author":25,"featured_media":112032,"parent":0,"menu_order":0,"comment_status":"closed","ping_status":"closed","template":"","meta":{"_acf_changed":false,"_uag_custom_page_level_css":"","footnotes":""},"class_list":["post-98630","page","type-page","status-publish","has-post-thumbnail","hentry"],"acf":[],"uagb_featured_image_src":{"full":["https:\/\/dev.bassin-arcachon.com\/wp-content\/uploads\/2024\/12\/2015_HD_Viree-velo-Bassin_BIETTE-10-scaled.jpg",2560,1707,false],"thumbnail":["https:\/\/dev.bassin-arcachon.com\/wp-content\/uploads\/2024\/12\/2015_HD_Viree-velo-Bassin_BIETTE-10-150x150.jpg",150,150,true],"medium":["https:\/\/dev.bassin-arcachon.com\/wp-content\/uploads\/2024\/12\/2015_HD_Viree-velo-Bassin_BIETTE-10-300x200.jpg",300,200,true],"medium_large":["https:\/\/dev.bassin-arcachon.com\/wp-content\/uploads\/2024\/12\/2015_HD_Viree-velo-Bassin_BIETTE-10-768x512.jpg",768,512,true],"large":["https:\/\/dev.bassin-arcachon.com\/wp-content\/uploads\/2024\/12\/2015_HD_Viree-velo-Bassin_BIETTE-10-1024x683.jpg",1024,683,true],"1536x1536":["https:\/\/dev.bassin-arcachon.com\/wp-content\/uploads\/2024\/12\/2015_HD_Viree-velo-Bassin_BIETTE-10-1536x1024.jpg",1536,1024,true],"2048x2048":["https:\/\/dev.bassin-arcachon.com\/wp-content\/uploads\/2024\/12\/2015_HD_Viree-velo-Bassin_BIETTE-10-2048x1365.jpg",2048,1365,true],"trp-custom-language-flag":["https:\/\/dev.bassin-arcachon.com\/wp-content\/uploads\/2024\/12\/2015_HD_Viree-velo-Bassin_BIETTE-10-18x12.jpg",18,12,true],"fp-small":["https:\/\/dev.bassin-arcachon.com\/wp-content\/uploads\/2024\/12\/2015_HD_Viree-velo-Bassin_BIETTE-10-640x427.jpg",640,427,true],"fp-large":["https:\/\/dev.bassin-arcachon.com\/wp-content\/uploads\/2024\/12\/2015_HD_Viree-velo-Bassin_BIETTE-10-1200x800.jpg",1200,800,true],"fp-xlarge":["https:\/\/dev.bassin-arcachon.com\/wp-content\/uploads\/2024\/12\/2015_HD_Viree-velo-Bassin_BIETTE-10-1920x1280.jpg",1920,1280,true]},"uagb_author_info":{"display_name":"Marie Clauzel","author_link":"https:\/\/dev.bassin-arcachon.com\/it\/author\/mariesiba\/"},"uagb_comment_info":0,"uagb_excerpt":"Sur cette page, retrouvez toutes les informations utiles et pratiques pour r\u00e9aliser vos d\u00e9placements \u00e0 v\u00e9lo dans les meilleures conditions. 1) Les pompes de gonflage en libre-service Sur le Sud-Bassin [&hellip;]","_links":{"self":[{"href":"https:\/\/dev.bassin-arcachon.com\/it\/wp-json\/wp\/v2\/pages\/98630","targetHints":{"allow":["GET"]}}],"collection":[{"href":"https:\/\/dev.bassin-arcachon.com\/it\/wp-json\/wp\/v2\/pages"}],"about":[{"href":"https:\/\/dev.bassin-arcachon.com\/it\/wp-json\/wp\/v2\/types\/page"}],"author":[{"embeddable":true,"href":"https:\/\/dev.bassin-arcachon.com\/it\/wp-json\/wp\/v2\/users\/25"}],"replies":[{"embeddable":true,"href":"https:\/\/dev.bassin-arcachon.com\/it\/wp-json\/wp\/v2\/comments?post=98630"}],"version-history":[{"count":27,"href":"https:\/\/dev.bassin-arcachon.com\/it\/wp-json\/wp\/v2\/pages\/98630\/revisions"}],"predecessor-version":[{"id":112260,"href":"https:\/\/dev.bassin-arcachon.com\/it\/wp-json\/wp\/v2\/pages\/98630\/revisions\/112260"}],"wp:featuredmedia":[{"embeddable":true,"href":"https:\/\/dev.bassin-arcachon.com\/it\/wp-json\/wp\/v2\/media\/112032"}],"wp:attachment":[{"href":"https:\/\/dev.bassin-arcachon.com\/it\/wp-json\/wp\/v2\/media?parent=98630"}],"curies":[{"name":"wp","href":"https:\/\/api.w.org\/{rel}","templated":true}]}}