{"id":26974,"date":"2018-11-15T16:44:29","date_gmt":"2018-11-15T15:44:29","guid":{"rendered":"https:\/\/dev.bassin-arcachon.com\/\/?page_id=26974"},"modified":"2024-11-06T11:35:49","modified_gmt":"2024-11-06T10:35:49","slug":"%d0%b0%d1%80%d0%ba%d0%b0%d1%88%d0%be%d0%bd","status":"publish","type":"page","link":"https:\/\/dev.bassin-arcachon.com\/ru\/%d0%b8%d0%bb%d0%b8-%d1%81%d0%bf%d0%b0%d1%82%d1%8c\/%d0%be%d1%82%d0%b4%d1%8b%d1%85-%d0%bd%d0%b0-%d0%bf%d1%80%d0%b8%d1%80%d0%be%d0%b4%d0%b5\/%d0%b0%d1%80%d0%ba%d0%b0%d1%88%d0%be%d0%bd\/","title":{"rendered":"\u041d\u0430\u0448\u0438 \u043a\u0435\u043c\u043f\u0438\u043d\u0433\u0438 \u0432 \u0410\u0440\u043a\u0430\u0448\u043e\u043d\u0435"},"content":{"rendered":"<div class=\"wp-block-uagb-container uagb-block-4d59246b alignfull uagb-is-root-container\"><div class=\"uagb-container-inner-blocks-wrap\">\n<div class=\"wp-block-uagb-container uagb-block-566c8e73\">\n<h3 class=\"wp-block-heading\">\u041d\u0430\u0448\u0438 \u043a\u0435\u043c\u043f\u0438\u043d\u0433\u0438 \u0432 \u0410\u0440\u043a\u0430\u0448\u043e\u043d\u0435 \u0441 \u043f\u043e\u0434\u043a\u043b\u044e\u0447\u0435\u043d\u0438\u0435\u043c \u043a Wi-Fi<\/h3>\n\n\n\n<p>\u0427\u0442\u043e, \u0435\u0441\u043b\u0438 \u0431\u044b \u0432\u044b \u0432\u0441\u0435\u0433\u0434\u0430 \u043e\u0441\u0442\u0430\u0432\u0430\u043b\u0438\u0441\u044c \u043d\u0430 \u0441\u0432\u044f\u0437\u0438 \u0432\u043e \u0432\u0440\u0435\u043c\u044f \u043e\u0442\u043f\u0443\u0441\u043a\u0430 \u0432 \u0410\u0440\u043a\u0430\u0448\u043e\u043d\u0435? \u0412\u044b\u0431\u0435\u0440\u0438\u0442\u0435 \u043e\u0434\u0438\u043d \u0438\u0437 \u043d\u0430\u0448\u0438\u0445 \u043a\u0435\u043c\u043f\u0438\u043d\u0433\u043e\u0432 \u0432 \u0410\u0440\u043a\u0430\u0448\u043e\u043d\u0435 \u0441 WIFI \u0438 \u043f\u043e\u0434\u0435\u043b\u0438\u0442\u0435\u0441\u044c \u0441\u0432\u043e\u0438\u043c\u0438 \u043b\u0443\u0447\u0448\u0438\u043c\u0438 \u0444\u043e\u0442\u043e\u0433\u0440\u0430\u0444\u0438\u044f\u043c\u0438 \u0441 \u0434\u0440\u0443\u0437\u044c\u044f\u043c\u0438! \u041f\u043e\u0434\u043a\u043b\u044e\u0447\u0438\u0432\u0448\u0438\u0441\u044c \u043a Wi-Fi \u0432 \u043a\u0435\u043c\u043f\u0438\u043d\u0433\u0435, \u0432\u044b \u043c\u043e\u0436\u0435\u0442\u0435 \u043e\u0440\u0433\u0430\u043d\u0438\u0437\u043e\u0432\u0430\u0442\u044c \u0441\u0432\u043e\u0435 \u043f\u0440\u0435\u0431\u044b\u0432\u0430\u043d\u0438\u0435 \u0438 \u0437\u0430\u043d\u044f\u0442\u0438\u044f \u043f\u0440\u044f\u043c\u043e \u0438\u0437 \u0431\u0430\u0441\u0441\u0435\u0439\u043d\u0430! \u041f\u043e\u0442\u043e\u043c\u0443 \u0447\u0442\u043e \u0432 \u043d\u0430\u0448\u0438\u0445 \u043a\u0435\u043c\u043f\u0438\u043d\u0433\u0430\u0445 \u0432 \u0410\u0440\u043a\u0430\u0448\u043e\u043d\u0435 \u0441 Wi-Fi \u043e\u0442\u0434\u044b\u0445 \u0433\u0430\u0440\u0430\u043d\u0442\u0438\u0440\u043e\u0432\u0430\u043d!<\/p>\n\n\n\n<div class=\"wp-block-buttons is-layout-flex wp-block-buttons-is-layout-flex\">\n<div class=\"wp-block-button\"><a class=\"wp-block-button__link wp-element-button\" href=\"https:\/\/www.bassin-arcachon.com\/hebergements\/campings@arcachon&amp;wifi\">\u041a\u0435\u043c\u043f\u0438\u043d\u0433 \u0441 Wi-Fi<\/a><\/div>\n<\/div>\n<\/div>\n\n\n\n<div class=\"wp-block-uagb-container uagb-block-008c935c\">\n<div class=\"wp-block-uagb-image uagb-block-7a7a80e2 wp-block-uagb-image--layout-default wp-block-uagb-image--effect-static wp-block-uagb-image--align-none\"><figure class=\"wp-block-uagb-image__figure\"><img decoding=\"async\" srcset=\"https:\/\/dev.bassin-arcachon.com\/wp-content\/uploads\/2017\/04\/header-wifi-light-1024x522.jpg \" sizes=\"auto, (max-width: 480px) 150px\" src=\"https:\/\/dev.bassin-arcachon.com\/wp-content\/uploads\/2017\/04\/header-wifi-light-1024x522.jpg\" alt=\"WIFI \u0413\u0443\u0436\u0430\u043d-\u041c\u0435\u0441\u0442\u0440\u0430\u0441\" class=\"uag-image-1576\" width=\"1024\" height=\"522\" title=\"- - Bassin d&#039;Arcachon\" loading=\"lazy\" role=\"img\"><\/figure><\/div>\n<\/div>\n<\/div><\/div>\n\n\n\n<div style=\"height:60px\" aria-hidden=\"true\" class=\"wp-block-spacer\"><\/div>\n\n\n\n<div class=\"wp-block-uagb-container uagb-block-496870a4 alignfull uagb-is-root-container\"><div class=\"uagb-container-inner-blocks-wrap\">\n<div class=\"wp-block-uagb-container uagb-block-3e63995b\">\n<div class=\"wp-block-uagb-image uagb-block-bb47d88f wp-block-uagb-image--layout-default wp-block-uagb-image--effect-static wp-block-uagb-image--align-none\"><figure class=\"wp-block-uagb-image__figure\"><img decoding=\"async\" srcset=\"https:\/\/dev.bassin-arcachon.com\/wp-content\/uploads\/2017\/03\/1-aqualand-j6-1024x680.jpg \" sizes=\"auto, (max-width: 480px) 150px\" src=\"https:\/\/dev.bassin-arcachon.com\/wp-content\/uploads\/2017\/03\/1-aqualand-j6-1024x680.jpg\" alt=\"- - Bassin d&#039;Arcachon\" class=\"uag-image-537\" width=\"1024\" height=\"680\" title=\"- - Bassin d&#039;Arcachon\" loading=\"lazy\" role=\"img\"><\/figure><\/div>\n<\/div>\n\n\n\n<div class=\"wp-block-uagb-container uagb-block-9250bf13\">\n<h3 class=\"wp-block-heading\">\u041d\u0430\u0448\u0438 \u043a\u0435\u043c\u043f\u0438\u043d\u0433\u0438 \u0432 \u0410\u0440\u043a\u0430\u0448\u043e\u043d\u0435 \u0441 \u0431\u0430\u0441\u0441\u0435\u0439\u043d\u043e\u043c<\/h3>\n\n\n\n<p>\u041f\u043e\u0441\u043b\u0435 \u0434\u043d\u044f, \u043f\u0440\u043e\u0432\u0435\u0434\u0435\u043d\u043d\u043e\u0433\u043e \u043d\u0430 \u043f\u043b\u044f\u0436\u0435 \u0438\u043b\u0438 \u043f\u0440\u043e\u0441\u043d\u0443\u0432\u0448\u0438\u0441\u044c \u0443\u0442\u0440\u043e\u043c, \u0437\u0430\u0440\u044f\u0434\u0438\u0442\u0435\u0441\u044c \u044d\u043d\u0435\u0440\u0433\u0438\u0435\u0439 \u0432&nbsp;<strong>\u0431\u0430\u0441\u0441\u0435\u0439\u043d<\/strong>&nbsp;\u0432\u0430\u0448\u0435\u0439&nbsp;<strong>\u041e\u0442\u0434\u044b\u0445 \u043d\u0430 \u043f\u0440\u0438\u0440\u043e\u0434\u0435<\/strong>&nbsp;\u0432&nbsp;<strong>\u0410\u0440\u043a\u0430\u0448\u043e\u043d<\/strong>&nbsp;! \u041a\u0440\u044b\u0442\u044b\u0439, \u0441 \u043f\u043e\u0434\u043e\u0433\u0440\u0435\u0432\u043e\u043c, \u0441 \u043d\u0435\u0431\u043e\u043b\u044c\u0448\u0438\u043c \u0431\u0430\u0441\u0441\u0435\u0439\u043d\u043e\u043c \u0438\u043b\u0438 \u0433\u043e\u0440\u043a\u0430\u043c\u0438 \u0434\u043b\u044f \u0434\u0435\u0442\u0435\u0439, \u043d\u0430\u0441\u043b\u0430\u0436\u0434\u0430\u0439\u0442\u0435\u0441\u044c \u0443\u043d\u0438\u043a\u0430\u043b\u044c\u043d\u044b\u043c\u0438 \u043c\u043e\u043c\u0435\u043d\u0442\u0430\u043c\u0438 \u043d\u0430&nbsp;<strong>\u0431\u0430\u0441\u0441\u0435\u0439\u043d<\/strong>&nbsp;\u0432\u0430\u0448\u0435\u0439&nbsp;<strong>\u041e\u0442\u0434\u044b\u0445 \u043d\u0430 \u043f\u0440\u0438\u0440\u043e\u0434\u0435<\/strong>, \u0441 \u0441\u0435\u043c\u044c\u0435\u0439 \u0438\u043b\u0438 \u0434\u0440\u0443\u0437\u044c\u044f\u043c\u0438! \u0421\u0434\u0435\u043b\u0430\u0439\u0442\u0435 \u0440\u0435\u0448\u0438\u0442\u0435\u043b\u044c\u043d\u044b\u0439 \u0448\u0430\u0433 \u0438 \u0437\u0430\u0431\u0440\u043e\u043d\u0438\u0440\u0443\u0439\u0442\u0435&nbsp;<strong>\u041e\u0442\u0434\u044b\u0445 \u043d\u0430 \u043f\u0440\u0438\u0440\u043e\u0434\u0435<\/strong>&nbsp;\u0441&nbsp;<strong>\u0431\u0430\u0441\u0441\u0435\u0439\u043d<\/strong>&nbsp;\u0432&nbsp;<strong>\u0410\u0440\u043a\u0430\u0448\u043e\u043d<\/strong>&nbsp;!<\/p>\n\n\n\n<div class=\"wp-block-buttons is-layout-flex wp-block-buttons-is-layout-flex\">\n<div class=\"wp-block-button\"><a class=\"wp-block-button__link wp-element-button\" href=\"https:\/\/www.bassin-arcachon.com\/hebergements\/campings@arcachon&amp;piscine\">\u041a\u0435\u043c\u043f\u0438\u043d\u0433\u0438 \u0441 \u0431\u0430\u0441\u0441\u0435\u0439\u043d\u043e\u043c<\/a><\/div>\n<\/div>\n<\/div>\n<\/div><\/div>\n\n\n\n<div style=\"height:60px\" aria-hidden=\"true\" class=\"wp-block-spacer\"><\/div>\n\n\n\n<div class=\"wp-block-uagb-container uagb-block-54402d54 alignfull uagb-is-root-container\"><div class=\"uagb-container-inner-blocks-wrap\">\n<div class=\"wp-block-uagb-container uagb-block-49b29bee\">\n<h3 class=\"wp-block-heading\">\u041d\u0430\u0448\u0438 \u043a\u0435\u043c\u043f\u0438\u043d\u0433\u0438 \u0432 \u0410\u0440\u043a\u0430\u0448\u043e\u043d\u0435 \u0441 \u043c\u0435\u0441\u0442\u0430\u043c\u0438 \u0434\u043b\u044f \u0430\u0432\u0442\u043e\u0434\u043e\u043c\u043e\u0432<\/h3>\n\n\n\n<p>\u0412\u044b \u043f\u0443\u0442\u0435\u0448\u0435\u0441\u0442\u0432\u0443\u0435\u0442\u0435 \u0432\u0441\u0435\u0439 \u0441\u0435\u043c\u044c\u0435\u0439 \u0432&nbsp;<strong>\u0410\u0440\u043a\u0430\u0448\u043e\u043d<\/strong>&nbsp;\u0438 \u043b\u044e\u0431\u0438\u0442\u0435\u043b\u0438 \u043e\u0442\u0434\u044b\u0445\u0430 \u0432&nbsp;<strong>\u043c\u0430\u0448\u0438\u043d\u0430 \u0434\u043b\u044f \u043a\u0435\u043c\u043f\u0438\u043d\u0433\u0430?<\/strong>&nbsp;\u0412\u044b \u043b\u044e\u0431\u0438\u0442\u0435 \u043c\u0438\u0440 \u0438 \u0441\u0432\u043e\u0431\u043e\u0434\u0443? \u0422\u0430\u043a \u0447\u0442\u043e \u043f\u043e\u0431\u0430\u043b\u0443\u0439\u0442\u0435 \u0441\u0435\u0431\u044f \u0441\u043f\u043e\u043a\u043e\u0439\u043d\u043e\u0439 \u043d\u043e\u0447\u044c\u044e \u043d\u0430 \u043f\u043e\u043b\u0435 \u043e\u0434\u043d\u043e\u0433\u043e \u0438\u0437 \u043d\u0430\u0448\u0438\u0445&nbsp;<strong>\u043a\u0435\u043c\u043f\u0438\u043d\u0433\u0438&nbsp;<\/strong>! \u041d\u0430\u0441\u043b\u0430\u0436\u0434\u0430\u0439\u0442\u0435\u0441\u044c \u0438\u0441\u043a\u043b\u044e\u0447\u0438\u0442\u0435\u043b\u044c\u043d\u044b\u043c \u043c\u043e\u043c\u0435\u043d\u0442\u043e\u043c \u0432 \u0441\u0430\u043c\u043e\u043c \u0441\u0435\u0440\u0434\u0446\u0435 \u043f\u0440\u0438\u0440\u043e\u0434\u044b \u0441 \u0434\u0435\u0442\u044c\u043c\u0438, \u0432&nbsp;<strong>\u041e\u0442\u0434\u044b\u0445 \u043d\u0430 \u043f\u0440\u0438\u0440\u043e\u0434\u0435<\/strong>&nbsp;\u0438\u0437<strong>\u0410\u0440\u043a\u0430\u0448\u043e\u043d<\/strong>, \u0440\u044f\u0434\u043e\u043c \u0441 \u0431\u0430\u0441\u0441\u0435\u0439\u043d\u043e\u043c! \u0423\u0441\u0442\u0440\u043e\u0439\u0442\u0435\u0441\u044c \u043f\u043e\u0443\u0434\u043e\u0431\u043d\u0435\u0435 \u0432 \u0441\u0432\u043e\u0435\u043c&nbsp;<strong>\u041e\u0442\u0434\u044b\u0445 \u043d\u0430 \u043f\u0440\u0438\u0440\u043e\u0434\u0435<\/strong>&nbsp;\u0438 \u043d\u0430\u0441\u043b\u0430\u0436\u0434\u0430\u0439\u0442\u0435\u0441\u044c \u043f\u0440\u043e\u0441\u0442\u0440\u0430\u043d\u0441\u0442\u0432\u043e\u043c, \u043f\u043e\u0441\u0432\u044f\u0449\u0435\u043d\u043d\u044b\u043c \u0432\u0430\u0448\u0435\u043c\u0443&nbsp;<strong>\u043a\u0435\u043c\u043f\u0438\u043d\u0433 \u0430\u0432\u0442\u043e\u043c\u043e\u0431\u0438\u043b\u044c<\/strong>&nbsp;!<\/p>\n\n\n\n<div class=\"wp-block-buttons is-layout-flex wp-block-buttons-is-layout-flex\">\n<div class=\"wp-block-button\"><a class=\"wp-block-button__link wp-element-button\" href=\"https:\/\/www.bassin-arcachon.com\/hebergements\/campings@arcachon\">\u041a\u0435\u043c\u043f\u0438\u043d\u0433\u0438 \u0441 \u043f\u043b\u043e\u0449\u0430\u0434\u043a\u0430\u043c\u0438 \u0434\u043b\u044f \u0430\u0432\u0442\u043e\u0434\u043e\u043c\u043e\u0432<\/a><\/div>\n<\/div>\n<\/div>\n\n\n\n<div class=\"wp-block-uagb-container uagb-block-f5f5e240\">\n<div class=\"wp-block-uagb-image uagb-block-6af89bd3 wp-block-uagb-image--layout-default wp-block-uagb-image--effect-static wp-block-uagb-image--align-none\"><figure class=\"wp-block-uagb-image__figure\"><img decoding=\"async\" srcset=\"https:\/\/dev.bassin-arcachon.com\/wp-content\/uploads\/2017\/03\/aires-de-camping-cars-bassin-arcachon-1024x646.jpg \" sizes=\"auto, (max-width: 480px) 150px\" src=\"https:\/\/dev.bassin-arcachon.com\/wp-content\/uploads\/2017\/03\/aires-de-camping-cars-bassin-arcachon-1024x646.jpg\" alt=\"- - Bassin d&#039;Arcachon\" class=\"uag-image-1991\" width=\"1024\" height=\"646\" title=\"- - Bassin d&#039;Arcachon\" loading=\"lazy\" role=\"img\"><\/figure><\/div>\n<\/div>\n<\/div><\/div>\n\n\n\n<div style=\"height:60px\" aria-hidden=\"true\" class=\"wp-block-spacer\"><\/div>\n\n\n\n<div class=\"wp-block-uagb-container uagb-block-137ba2f7 alignfull uagb-is-root-container\">\n<div class=\"wp-block-cover is-light has-parallax\"><span aria-hidden=\"true\" class=\"wp-block-cover__background has-background-dim-0 has-background-dim\"><\/span><div class=\"wp-block-cover__image-background wp-image-1345 has-parallax\" style=\"background-position:50% 50%;background-image:url(https:\/\/dev.bassin-arcachon.com\/wp-content\/uploads\/2017\/03\/Camping-Panorama-du-Pyla-cottage-vue-mer-coin-farniente.jpg)\"><\/div><div class=\"wp-block-cover__inner-container is-layout-flow wp-block-cover-is-layout-flow\">\n<div class=\"wp-block-uagb-container uagb-block-9d6c483a\">\n<h2 class=\"wp-block-heading has-text-align-center has-white-color has-text-color has-large-font-size\">\u041f\u0440\u043e\u0432\u0435\u0434\u0438\u0442\u0435 \u0441\u0432\u043e\u0439 \u043e\u0442\u043f\u0443\u0441\u043a \u0441 \u043b\u0435\u0433\u043a\u043e\u0441\u0442\u044c\u044e \u0432 \u043e\u0434\u043d\u043e\u043c \u0438\u0437 \u043a\u0435\u043c\u043f\u0438\u043d\u0433\u043e\u0432 Bassin \u0432 \u0410\u0440\u043a\u0430\u0448\u043e\u043d\u0435!<\/h2>\n\n\n\n<p class=\"has-text-align-center has-white-color has-text-color\"><a href=\"https:\/\/www.bassin-arcachon.com\/hebergements\/campings\">\u041d\u0410\u0427\u041d\u0418\u0422\u0415 \u041f\u041e\u0418\u0421\u041a<\/a><\/p>\n<\/div>\n<\/div><\/div>\n<\/div>\n\n\n\n<div style=\"height:60px\" aria-hidden=\"true\" class=\"wp-block-spacer\"><\/div>\n\n\n\n<div class=\"wp-block-uagb-container uagb-block-ebba802f alignfull uagb-is-root-container\"><div class=\"uagb-container-inner-blocks-wrap\">\n<div class=\"wp-block-uagb-container uagb-block-756660f0\">\n<h3 class=\"wp-block-heading\">\u0425\u043e\u0442\u0438\u0442\u0435 \u0437\u0430\u0431\u0440\u043e\u043d\u0438\u0440\u043e\u0432\u0430\u0442\u044c \u043a\u0435\u043c\u043f\u0438\u043d\u0433 \u0432 \u043e\u043a\u0440\u0435\u0441\u0442\u043d\u043e\u0441\u0442\u044f\u0445 \u0410\u0440\u043a\u0430\u0448\u043e\u043d\u0430?<\/h3>\n\n\n\n<p>\u041e\u0442\u043a\u0440\u043e\u0439\u0442\u0435 \u0434\u043b\u044f \u0441\u0435\u0431\u044f \u0432\u0441\u0435 \u043d\u0430\u0448\u0438 \u043a\u0435\u043c\u043f\u0438\u043d\u0433\u0438 \u0432 Bassin \u0410\u0440\u043a\u0430\u0448\u043e\u043d:&nbsp;<a href=\"https:\/\/www.bassin-arcachon.com\/ou-dormir\/camping\/ares\/\">\u0410\u0440\u0435\u0441<\/a>,&nbsp;<a href=\"https:\/\/www.bassin-arcachon.com\/ou-dormir\/camping\/andernos\/\">\u0410\u043d\u0434\u0435\u0440\u043d\u043e\u0441<\/a>,&nbsp;<a href=\"https:\/\/www.bassin-arcachon.com\/ou-dormir\/camping\/gujan-mestras\/\">\u0413\u0443\u0436\u0430\u043d-\u041c\u0435\u0441\u0442\u0440\u0430\u0441<\/a>,&nbsp;<a href=\"https:\/\/www.bassin-arcachon.com\/ou-dormir\/camping\/teich\/\">Le Teich<\/a>,&nbsp;<a href=\"https:\/\/www.bassin-arcachon.com\/ou-dormir\/camping\/biganos\/\">\u0411\u0438\u0433\u0430\u043d\u043e\u0441,<\/a>&nbsp;<a href=\"https:\/\/www.bassin-arcachon.com\/ou-dormir\/camping\/audenge\/\">\u041e\u0434\u0435\u043d\u0436<\/a>,<a href=\"https:\/\/www.bassin-arcachon.com\/ou-dormir\/camping\/lanton\/\">&nbsp;\u041b\u0430\u043d\u0442\u043e\u043d&nbsp;<\/a>\u0430 \u0442\u0430\u043a\u0436\u0435&nbsp;<a href=\"https:\/\/www.bassin-arcachon.com\/ou-dormir\/camping\/lege-cap-ferret\/\">\u041b\u0435\u0433\u0435 \u041a\u0430\u043f \u0424\u0435\u0440\u0440\u0435<\/a>&nbsp;!<\/p>\n<\/div>\n\n\n\n<div class=\"wp-block-uagb-container uagb-block-245929a0\">\n<div class=\"wp-block-uagb-image uagb-block-b385ea68 wp-block-uagb-image--layout-default wp-block-uagb-image--effect-static wp-block-uagb-image--align-none\"><figure class=\"wp-block-uagb-image__figure\"><img decoding=\"async\" srcset=\"https:\/\/dev.bassin-arcachon.com\/wp-content\/uploads\/2018\/09\/nourri-a-lhu\u00eetre-\u00e9lev\u00e9-sous-les-pins-Bassin-dArcachon.jpg 1000w, https:\/\/dev.bassin-arcachon.com\/wp-content\/uploads\/2018\/09\/nourri-a-lhu\u00eetre-\u00e9lev\u00e9-sous-les-pins-Bassin-dArcachon-300x200.jpg 300w, https:\/\/dev.bassin-arcachon.com\/wp-content\/uploads\/2018\/09\/nourri-a-lhu\u00eetre-\u00e9lev\u00e9-sous-les-pins-Bassin-dArcachon-768x511.jpg 768w, https:\/\/dev.bassin-arcachon.com\/wp-content\/uploads\/2018\/09\/nourri-a-lhu\u00eetre-\u00e9lev\u00e9-sous-les-pins-Bassin-dArcachon-18x12.jpg 18w, https:\/\/dev.bassin-arcachon.com\/wp-content\/uploads\/2018\/09\/nourri-a-lhu\u00eetre-\u00e9lev\u00e9-sous-les-pins-Bassin-dArcachon-640x426.jpg 640w\" sizes=\"auto, (max-width: 480px) 150px\" src=\"https:\/\/dev.bassin-arcachon.com\/wp-content\/uploads\/2018\/09\/nourri-a-lhu\u00eetre-\u00e9lev\u00e9-sous-les-pins-Bassin-dArcachon.jpg\" alt=\"- - Bassin d&#039;Arcachon\" class=\"uag-image-26169\" width=\"1000\" height=\"666\" title=\"- - Bassin d&#039;Arcachon\" loading=\"lazy\" role=\"img\"><\/figure><\/div>\n<\/div>\n<\/div><\/div>\n\n\n\n<div style=\"height:60px\" aria-hidden=\"true\" class=\"wp-block-spacer\"><\/div>","protected":false},"excerpt":{"rendered":"<p>\u041d\u0430\u0448\u0438 \u043a\u0435\u043c\u043f\u0438\u043d\u0433\u0438 \u0432 \u0410\u0440\u043a\u0430\u0448\u043e\u043d\u0435 \u0441 \u043f\u043e\u0434\u043a\u043b\u044e\u0447\u0435\u043d\u0438\u0435\u043c \u043a Wi-Fi \u0427\u0442\u043e, \u0435\u0441\u043b\u0438 \u0432\u043e \u0432\u0440\u0435\u043c\u044f \u043e\u0442\u043f\u0443\u0441\u043a\u0430 \u0432 \u0410\u0440\u043a\u0430\u0448\u043e\u043d\u0435 \u0432\u044b \u0432\u0441\u0435\u0433\u0434\u0430 \u043e\u0441\u0442\u0430\u0432\u0430\u043b\u0438\u0441\u044c \u043d\u0430 \u0441\u0432\u044f\u0437\u0438? \u0412\u044b\u0431\u0435\u0440\u0438\u0442\u0435 \u043e\u0434\u0438\u043d \u0438\u0437 \u043d\u0430\u0448\u0438\u0445 \u043a\u0435\u043c\u043f\u0438\u043d\u0433\u043e\u0432 \u0432 \u0410\u0440\u043a\u0430\u0448\u043e\u043d\u0435 \u0441 WIFI \u0438 [\u2026]<\/p>","protected":false},"author":24,"featured_media":2217,"parent":392,"menu_order":1,"comment_status":"closed","ping_status":"closed","template":"","meta":{"_acf_changed":false,"_uag_custom_page_level_css":"","footnotes":""},"class_list":["post-26974","page","type-page","status-publish","has-post-thumbnail","hentry"],"acf":[],"uagb_featured_image_src":{"full":["https:\/\/dev.bassin-arcachon.com\/wp-content\/uploads\/2017\/03\/camping-bassin-arcachon.jpg",1200,800,false],"thumbnail":["https:\/\/dev.bassin-arcachon.com\/wp-content\/uploads\/2017\/03\/camping-bassin-arcachon-150x150.jpg",150,150,true],"medium":["https:\/\/dev.bassin-arcachon.com\/wp-content\/uploads\/2017\/03\/camping-bassin-arcachon-300x200.jpg",300,200,true],"medium_large":["https:\/\/dev.bassin-arcachon.com\/wp-content\/uploads\/2017\/03\/camping-bassin-arcachon-768x512.jpg",768,512,true],"large":["https:\/\/dev.bassin-arcachon.com\/wp-content\/uploads\/2017\/03\/camping-bassin-arcachon-1024x683.jpg",1024,683,true],"1536x1536":["https:\/\/dev.bassin-arcachon.com\/wp-content\/uploads\/2017\/03\/camping-bassin-arcachon.jpg",1200,800,false],"2048x2048":["https:\/\/dev.bassin-arcachon.com\/wp-content\/uploads\/2017\/03\/camping-bassin-arcachon.jpg",1200,800,false],"trp-custom-language-flag":["https:\/\/dev.bassin-arcachon.com\/wp-content\/uploads\/2017\/03\/camping-bassin-arcachon-18x12.jpg",18,12,true],"fp-small":["https:\/\/dev.bassin-arcachon.com\/wp-content\/uploads\/2017\/03\/camping-bassin-arcachon-640x427.jpg",640,427,true],"fp-large":["https:\/\/dev.bassin-arcachon.com\/wp-content\/uploads\/2017\/03\/camping-bassin-arcachon.jpg",1200,800,false],"fp-xlarge":["https:\/\/dev.bassin-arcachon.com\/wp-content\/uploads\/2017\/03\/camping-bassin-arcachon.jpg",1200,800,false]},"uagb_author_info":{"display_name":"Audrey RAMBAUT","author_link":"https:\/\/dev.bassin-arcachon.com\/ru\/author\/audrey-siba\/"},"uagb_comment_info":0,"uagb_excerpt":"Nos campings \u00e0 Arcachon avec une connexion Wifi Et si vous restiez toujours connect\u00e9s pendant vos vacances \u00e0 Arcachon&nbsp;? Choisissez parmi l\u2019un de nos campings \u00e0 Arcachon avec WIFI et [&hellip;]","_links":{"self":[{"href":"https:\/\/dev.bassin-arcachon.com\/ru\/wp-json\/wp\/v2\/pages\/26974","targetHints":{"allow":["GET"]}}],"collection":[{"href":"https:\/\/dev.bassin-arcachon.com\/ru\/wp-json\/wp\/v2\/pages"}],"about":[{"href":"https:\/\/dev.bassin-arcachon.com\/ru\/wp-json\/wp\/v2\/types\/page"}],"author":[{"embeddable":true,"href":"https:\/\/dev.bassin-arcachon.com\/ru\/wp-json\/wp\/v2\/users\/24"}],"replies":[{"embeddable":true,"href":"https:\/\/dev.bassin-arcachon.com\/ru\/wp-json\/wp\/v2\/comments?post=26974"}],"version-history":[{"count":2,"href":"https:\/\/dev.bassin-arcachon.com\/ru\/wp-json\/wp\/v2\/pages\/26974\/revisions"}],"predecessor-version":[{"id":68265,"href":"https:\/\/dev.bassin-arcachon.com\/ru\/wp-json\/wp\/v2\/pages\/26974\/revisions\/68265"}],"up":[{"embeddable":true,"href":"https:\/\/dev.bassin-arcachon.com\/ru\/wp-json\/wp\/v2\/pages\/392"}],"wp:featuredmedia":[{"embeddable":true,"href":"https:\/\/dev.bassin-arcachon.com\/ru\/wp-json\/wp\/v2\/media\/2217"}],"wp:attachment":[{"href":"https:\/\/dev.bassin-arcachon.com\/ru\/wp-json\/wp\/v2\/media?parent=26974"}],"curies":[{"name":"WP","href":"https:\/\/api.w.org\/{rel}","templated":true}]}}