{"id":44448,"date":"2020-07-06T14:22:32","date_gmt":"2020-07-06T12:22:32","guid":{"rendered":"https:\/\/dev.bassin-arcachon.com\/\/?page_id=44448"},"modified":"2024-11-06T11:42:44","modified_gmt":"2024-11-06T10:42:44","slug":"%d0%bb%d1%8d%d0%bd%d1%82%d0%be%d0%bd-2","status":"publish","type":"page","link":"https:\/\/dev.bassin-arcachon.com\/ru\/%d0%b8%d0%bb%d0%b8-%d1%81%d0%bf%d0%b0%d1%82%d1%8c\/%d0%be%d1%82%d0%b4%d1%8b%d1%85-%d0%bd%d0%b0-%d0%bf%d1%80%d0%b8%d1%80%d0%be%d0%b4%d0%b5\/%d0%bb%d1%8d%d0%bd%d1%82%d0%be%d0%bd-2\/","title":{"rendered":"\u041d\u0430\u0448\u0438 \u043a\u0435\u043c\u043f\u0438\u043d\u0433\u0438 \u0432 \u041b\u0430\u043d\u0442\u043e\u043d\u0435"},"content":{"rendered":"<div class=\"wp-block-uagb-container uagb-block-ed203fa7 alignfull uagb-is-root-container\"><div class=\"uagb-container-inner-blocks-wrap\">\n<div class=\"wp-block-uagb-container uagb-block-4ace7f2d\">\n<h2 class=\"wp-block-heading\">\u041d\u0430\u0448\u0438 \u043a\u0435\u043c\u043f\u0438\u043d\u0433\u0438 \u0441 \u0432\u0438\u0434\u043e\u043c \u0432 \u041b\u0430\u043d\u0442\u043e\u043d\u0435 \u0438\u043b\u0438 \u043e\u043a\u0440\u0435\u0441\u0442\u043d\u043e\u0441\u0442\u044f\u0445<\/h2>\n\n\n\n<p>\u0425\u043e\u0442\u0435\u043b\u0438 \u0431\u044b \u0432\u044b \u0437\u0430\u0431\u0440\u043e\u043d\u0438\u0440\u043e\u0432\u0430\u0442\u044c \u043a\u0435\u043c\u043f\u0438\u043d\u0433 \u0432 \u041b\u0430\u043d\u0442\u043e\u043d\u0435 \u0438\u043b\u0438 \u043f\u043e\u0431\u043b\u0438\u0437\u043e\u0441\u0442\u0438 \u0441 \u043f\u0440\u044f\u043c\u044b\u043c \u0432\u0438\u0434\u043e\u043c \u043d\u0430 Bassin \u0410\u0440\u043a\u0430\u0448\u043e\u043d\u0430? \u0422\u044b \u043f\u0440\u0430\u0432 ! \u041d\u0430\u0441\u043b\u0430\u0436\u0434\u0430\u0439\u0442\u0435\u0441\u044c \u043f\u0440\u044f\u043c\u044b\u043c \u0434\u043e\u0441\u0442\u0443\u043f\u043e\u043c \u043a \u043f\u043b\u044f\u0436\u0443 \u0438 \u043f\u0440\u043e\u0441\u044b\u043f\u0430\u0439\u0442\u0435\u0441\u044c \u043a\u0430\u0436\u0434\u043e\u0435 \u0443\u0442\u0440\u043e \u0441 \u0432\u0438\u0434\u043e\u043c \u043d\u0430&nbsp;<strong>\u0431\u0430\u0441\u0441\u0435\u0439\u043d.<\/strong>&nbsp;\u041f\u043e\u043b\u044e\u0431\u0443\u0439\u0442\u0435\u0441\u044c \u044d\u0442\u0438\u043c \u043f\u0435\u0439\u0437\u0430\u0436\u0435\u043c, \u043a\u043e\u0442\u043e\u0440\u044b\u0439 \u043c\u0435\u043d\u044f\u0435\u0442\u0441\u044f \u043a\u0430\u0436\u0434\u044b\u0439 \u0434\u0435\u043d\u044c! \u0412 \u043f\u0430\u043b\u0430\u0442\u043a\u0435 \u0438\u043b\u0438 \u0434\u043e\u043c\u0435-\u0444\u0443\u0440\u0433\u043e\u043d\u0435 \u0437\u0430\u0431\u0440\u043e\u043d\u0438\u0440\u0443\u0439\u0442\u0435&nbsp;<strong>\u041e\u0442\u0434\u044b\u0445 \u043d\u0430 \u043f\u0440\u0438\u0440\u043e\u0434\u0435<\/strong>&nbsp;\u0432&nbsp;<strong>\u041b\u0430\u043d\u0442\u043e\u043d \u0438\u043b\u0438 \u043f\u043e\u0431\u043b\u0438\u0437\u043e\u0441\u0442\u0438<\/strong>&nbsp;!<\/p>\n\n\n\n<div class=\"wp-block-buttons is-layout-flex wp-block-buttons-is-layout-flex\">\n<div class=\"wp-block-button\"><a class=\"wp-block-button__link wp-element-button\" href=\"https:\/\/www.bassin-arcachon.com\/hebergements\/campings@coeur-de-bassin&amp;vuemer\">\u041a\u0435\u043c\u043f\u0438\u043d\u0433 \u043d\u0430 \u0431\u0435\u0440\u0435\u0433\u0443<\/a><\/div>\n<\/div>\n<\/div>\n\n\n\n<div class=\"wp-block-uagb-container uagb-block-4606889d\">\n<div class=\"wp-block-uagb-image uagb-block-79596707 wp-block-uagb-image--layout-default wp-block-uagb-image--effect-static wp-block-uagb-image--align-none\"><figure class=\"wp-block-uagb-image__figure\"><img decoding=\"async\" srcset=\"https:\/\/dev.bassin-arcachon.com\/wp-content\/uploads\/2017\/08\/devant-le-bassin-velo-1024x683.jpg \" sizes=\"auto, (max-width: 480px) 150px\" src=\"https:\/\/dev.bassin-arcachon.com\/wp-content\/uploads\/2017\/08\/devant-le-bassin-velo-1024x683.jpg\" alt=\"- - Bassin d&#039;Arcachon\" class=\"uag-image-7542\" width=\"1024\" height=\"683\" title=\"- - Bassin d&#039;Arcachon\" loading=\"lazy\" role=\"img\"><\/figure><\/div>\n<\/div>\n<\/div><\/div>\n\n\n\n<div style=\"height:60px\" aria-hidden=\"true\" class=\"wp-block-spacer\"><\/div>\n\n\n\n<div class=\"wp-block-uagb-container uagb-block-add14a80 alignfull uagb-is-root-container\"><div class=\"uagb-container-inner-blocks-wrap\">\n<div class=\"wp-block-uagb-container uagb-block-80990708\">\n<div class=\"wp-block-uagb-image uagb-block-2114fdf6 wp-block-uagb-image--layout-default wp-block-uagb-image--effect-static wp-block-uagb-image--align-none\"><figure class=\"wp-block-uagb-image__figure\"><img decoding=\"async\" srcset=\"https:\/\/dev.bassin-arcachon.com\/wp-content\/uploads\/2020\/07\/Plage-suzette-Lanton.jpg \" sizes=\"auto, (max-width: 480px) 150px\" src=\"https:\/\/dev.bassin-arcachon.com\/wp-content\/uploads\/2020\/07\/Plage-suzette-Lanton.jpg\" alt=\"- - Bassin d&#039;Arcachon\" class=\"uag-image-44378\" width=\"1000\" height=\"666\" title=\"- - Bassin d&#039;Arcachon\" loading=\"lazy\" role=\"img\"><\/figure><\/div>\n<\/div>\n\n\n\n<div class=\"wp-block-uagb-container uagb-block-5078c1a9\">\n<h2 class=\"wp-block-heading\">\u041d\u0430\u0448\u0438 \u043a\u0435\u043c\u043f\u0438\u043d\u0433\u0438 \u0441 \u0431\u0430\u0441\u0441\u0435\u0439\u043d\u043e\u043c \u0432 \u041b\u0430\u043d\u0442\u043e\u043d\u0435<\/h2>\n\n\n\n<p>\u041e\u0442\u0434\u043e\u0445\u043d\u0438\u0442\u0435 \u0432 \u0441\u0430\u043c\u043e\u043c \u0441\u0435\u0440\u0434\u0446\u0435 \u0431\u0430\u0441\u0441\u0435\u0439\u043d\u0430, \u0432 \u0434\u0432\u0443\u0445 \u0448\u0430\u0433\u0430\u0445 \u043e\u0442 \u041e\u0434\u0435\u043d\u0436\u0430, \u0437\u0430\u0440\u0435\u0437\u0435\u0440\u0432\u0438\u0440\u043e\u0432\u0430\u0432 \u043e\u0434\u0438\u043d \u0438\u0437 \u043d\u0430\u0448\u0438\u0445&nbsp;<strong>\u043a\u0435\u043c\u043f\u0438\u043d\u0433\u0438 \u043f\u043e \u043d\u0430\u043f\u0440\u0430\u0432\u043b\u0435\u043d\u0438\u044e \u041b\u0430\u043d\u0442\u043e\u043d<\/strong>&nbsp;\u0441&nbsp;<strong>\u0431\u0430\u0441\u0441\u0435\u0439\u043d \u0438\u043b\u0438 \u043f\u043e\u0431\u043b\u0438\u0437\u043e\u0441\u0442\u0438<\/strong>&nbsp;! \u0412\u043e\u0441\u043f\u043e\u043b\u044c\u0437\u0443\u0439\u0442\u0435\u0441\u044c \u0437\u043e\u043d\u0430\u043c\u0438, \u043f\u0440\u0435\u0434\u043d\u0430\u0437\u043d\u0430\u0447\u0435\u043d\u043d\u044b\u043c\u0438 \u0434\u043b\u044f \u0434\u0435\u0442\u0435\u0439 \u0438 \u0432\u0437\u0440\u043e\u0441\u043b\u044b\u0445: \u0432\u043e\u0434\u043d\u044b\u0435 \u0438\u0433\u0440\u044b, \u0433\u043e\u0440\u043a\u0438, \u0437\u0430\u043d\u044f\u0442\u0438\u044f \u0430\u043a\u0432\u0430\u0430\u044d\u0440\u043e\u0431\u0438\u043a\u043e\u0439 \u2014 \u0432\u0441\u0435 \u0441\u0434\u0435\u043b\u0430\u043d\u043e \u0434\u043b\u044f \u0442\u043e\u0433\u043e, \u0447\u0442\u043e\u0431\u044b \u0432\u0430\u0448 \u0441\u0435\u043c\u0435\u0439\u043d\u044b\u0439 \u043e\u0442\u0434\u044b\u0445 \u0441\u0442\u0430\u043b \u043d\u0435\u0437\u0430\u0431\u044b\u0432\u0430\u0435\u043c\u044b\u043c.&nbsp;<strong>\u041e\u0442\u0434\u044b\u0445 \u043d\u0430 \u043f\u0440\u0438\u0440\u043e\u0434\u0435<\/strong><\/p>\n\n\n\n<div class=\"wp-block-buttons is-layout-flex wp-block-buttons-is-layout-flex\">\n<div class=\"wp-block-button\"><a class=\"wp-block-button__link wp-element-button\" href=\"https:\/\/www.bassin-arcachon.com\/hebergements\/campings@coeur-de-bassin&amp;piscine\">\u041a\u0435\u043c\u043f\u0438\u043d\u0433\u0438 \u0441 \u0431\u0430\u0441\u0441\u0435\u0439\u043d\u043e\u043c<\/a><\/div>\n<\/div>\n<\/div>\n<\/div><\/div>\n\n\n\n<div style=\"height:60px\" aria-hidden=\"true\" class=\"wp-block-spacer\"><\/div>\n\n\n\n<div class=\"wp-block-uagb-container uagb-block-731488c7 alignfull uagb-is-root-container\"><div class=\"uagb-container-inner-blocks-wrap\">\n<div class=\"wp-block-uagb-container uagb-block-a97a9785\">\n<h2 class=\"wp-block-heading\">\u041d\u0430\u0448\u0438 \u043a\u0435\u043c\u043f\u0438\u043d\u0433\u0438 \u0434\u043b\u044f \u0430\u0432\u0442\u043e\u0434\u043e\u043c\u043e\u0432 \u0432 \u041b\u0430\u043d\u0442\u043e\u043d\u0435<\/h2>\n\n\n\n<p>\u0412\u044b \u043f\u0443\u0442\u0435\u0448\u0435\u0441\u0442\u0432\u0443\u0435\u0442\u0435 \u043d\u0430 \u0430\u0432\u0442\u043e\u0434\u043e\u043c\u0435? \u041f\u0440\u0438\u0445\u043e\u0434\u0438\u0442\u0435 \u0438 \u0437\u0430\u0440\u044f\u0434\u0438\u0442\u0435\u0441\u044c \u044d\u043d\u0435\u0440\u0433\u0438\u0435\u0439 \u043d\u0430 \u043e\u0434\u043d\u043e\u043c \u0438\u0437 \u043d\u0430\u0448\u0438\u0445 \u0441\u0442\u043e\u044f\u043d\u043e\u043a \u0434\u043b\u044f \u043a\u0435\u043c\u043f\u0435\u0440\u043e\u0432 \u0432 \u041b\u044d\u043d\u0442\u043e\u043d\u0435 \u0438\u043b\u0438 \u043f\u043e\u0431\u043b\u0438\u0437\u043e\u0441\u0442\u0438! \u041c\u0435\u0436\u0434\u0443 \u0441\u043e\u0441\u043d\u0430\u043c\u0438 \u0438 \u043f\u043b\u044f\u0436\u0430\u043c\u0438 \u0431\u0430\u0441\u0441\u0435\u0439\u043d\u0430 \u0437\u0430\u0440\u044f\u0434\u0438\u0442\u0435\u0441\u044c \u044d\u043d\u0435\u0440\u0433\u0438\u0435\u0439 \u043d\u0430 \u043d\u0435\u0441\u043a\u043e\u043b\u044c\u043a\u043e \u0434\u043d\u0435\u0439 \u0432 \u0438\u0434\u0438\u043b\u043b\u0438\u0447\u0435\u0441\u043a\u043e\u0439 \u043e\u0431\u0441\u0442\u0430\u043d\u043e\u0432\u043a\u0435, \u043f\u0440\u0435\u0436\u0434\u0435 \u0447\u0435\u043c \u0441\u043d\u043e\u0432\u0430 \u043e\u0442\u043f\u0440\u0430\u0432\u0438\u0442\u044c\u0441\u044f \u0432 \u043f\u0443\u0442\u044c \u043d\u0430 \u0441\u0432\u043e\u0435\u043c \u0430\u0432\u0442\u043e\u0444\u0443\u0440\u0433\u043e\u043d\u0435!<\/p>\n\n\n\n<div class=\"wp-block-buttons is-layout-flex wp-block-buttons-is-layout-flex\">\n<div class=\"wp-block-button\"><a class=\"wp-block-button__link wp-element-button\" href=\"https:\/\/www.bassin-arcachon.com\/hebergements\/campings@coeur-de-bassin\">\u041a\u0435\u043c\u043f\u0438\u043d\u0433\u0438 \u0441 \u043f\u043b\u043e\u0449\u0430\u0434\u043a\u0430\u043c\u0438 \u0434\u043b\u044f \u0430\u0432\u0442\u043e\u0434\u043e\u043c\u043e\u0432<\/a><\/div>\n<\/div>\n<\/div>\n\n\n\n<div class=\"wp-block-uagb-container uagb-block-96fe018c\">\n<div class=\"wp-block-uagb-image uagb-block-1b1f2cec wp-block-uagb-image--layout-default wp-block-uagb-image--effect-static wp-block-uagb-image--align-none\"><figure class=\"wp-block-uagb-image__figure\"><img decoding=\"async\" srcset=\"https:\/\/dev.bassin-arcachon.com\/wp-content\/uploads\/2018\/04\/velo-lanton-photo-de-une-e1546601388171-1024x683.jpg ,https:\/\/dev.bassin-arcachon.com\/wp-content\/uploads\/2018\/04\/velo-lanton-photo-de-une-e1546601388171.jpg 780w, https:\/\/dev.bassin-arcachon.com\/wp-content\/uploads\/2018\/04\/velo-lanton-photo-de-une-e1546601388171.jpg 360w\" sizes=\"auto, (max-width: 480px) 150px\" src=\"https:\/\/dev.bassin-arcachon.com\/wp-content\/uploads\/2018\/04\/velo-lanton-photo-de-une-e1546601388171-1024x683.jpg\" alt=\"\u0412\u0435\u043b\u043e\u043f\u0440\u043e\u0433\u0443\u043b\u043a\u0430 \u043f\u043e \u043d\u0430\u0431\u0435\u0440\u0435\u0436\u043d\u043e\u0439 \u041b\u0430\u043d\u0442\u043e\u043d\u0430\" class=\"uag-image-19955\" width=\"1024\" height=\"683\" title=\"\u0412\u0435\u043b\u043e\u043f\u0440\u043e\u0433\u0443\u043b\u043a\u0430 \u043f\u043e \u043d\u0430\u0431\u0435\u0440\u0435\u0436\u043d\u043e\u0439 \u041b\u0430\u043d\u0442\u043e\u043d\u0430\" loading=\"lazy\" role=\"img\"\/><\/figure><\/div>\n<\/div>\n<\/div><\/div>\n\n\n\n<div style=\"height:60px\" aria-hidden=\"true\" class=\"wp-block-spacer\"><\/div>\n\n\n\n<div class=\"wp-block-uagb-container uagb-block-91886311 alignfull uagb-is-root-container\">\n<div class=\"wp-block-cover is-light has-parallax\"><span aria-hidden=\"true\" class=\"wp-block-cover__background has-background-dim-0 has-background-dim\"><\/span><div class=\"wp-block-cover__image-background wp-image-1345 has-parallax\" style=\"background-position:50% 50%;background-image:url(https:\/\/dev.bassin-arcachon.com\/wp-content\/uploads\/2017\/03\/Camping-Panorama-du-Pyla-cottage-vue-mer-coin-farniente.jpg)\"><\/div><div class=\"wp-block-cover__inner-container is-layout-flow wp-block-cover-is-layout-flow\">\n<div class=\"wp-block-uagb-container uagb-block-c1453dc2\">\n<h2 class=\"wp-block-heading has-text-align-center has-white-color has-text-color has-large-font-size\">\u041f\u0440\u043e\u0432\u0435\u0434\u0438\u0442\u0435 \u0441\u0432\u043e\u0439 \u043e\u0442\u043f\u0443\u0441\u043a \u0441 \u043b\u0435\u0433\u043a\u043e\u0441\u0442\u044c\u044e \u0432 \u043e\u0434\u043d\u043e\u043c \u0438\u0437 \u043a\u0435\u043c\u043f\u0438\u043d\u0433\u043e\u0432 Bassin \u0432 \u0410\u0440\u043a\u0430\u0448\u043e\u043d\u0435!<\/h2>\n\n\n\n<p class=\"has-text-align-center has-white-color has-text-color\"><a href=\"https:\/\/www.bassin-arcachon.com\/hebergements\/campings\">\u041d\u0410\u0427\u041d\u0418\u0422\u0415 \u041f\u041e\u0418\u0421\u041a<\/a><\/p>\n<\/div>\n<\/div><\/div>\n<\/div>\n\n\n\n<div style=\"height:60px\" aria-hidden=\"true\" class=\"wp-block-spacer\"><\/div>\n\n\n\n<div class=\"wp-block-uagb-container uagb-block-02e6a164 alignfull uagb-is-root-container\"><div class=\"uagb-container-inner-blocks-wrap\">\n<div class=\"wp-block-uagb-container uagb-block-8edb6d7d\">\n<h3 class=\"wp-block-heading\">\u0425\u043e\u0442\u0438\u0442\u0435 \u0437\u0430\u0431\u0440\u043e\u043d\u0438\u0440\u043e\u0432\u0430\u0442\u044c \u043a\u0435\u043c\u043f\u0438\u043d\u0433 \u0432 \u043e\u043a\u0440\u0435\u0441\u0442\u043d\u043e\u0441\u0442\u044f\u0445 \u041b\u0430\u043d\u0442\u043e\u043d\u0430?<\/h3>\n\n\n\n<p>\u041e\u0442\u043a\u0440\u043e\u0439\u0442\u0435 \u0434\u043b\u044f \u0441\u0435\u0431\u044f \u0432\u0441\u0435 \u043d\u0430\u0448\u0438 \u043a\u0435\u043c\u043f\u0438\u043d\u0433\u0438 \u0432 Bassin \u0410\u0440\u043a\u0430\u0448\u043e\u043d:&nbsp;<a href=\"https:\/\/www.bassin-arcachon.com\/hebergements\/hotels+ares\">\u0410\u0440\u0435\u0441<\/a>,&nbsp;<a href=\"https:\/\/www.bassin-arcachon.com\/hebergements\/hotels+arcachon\/\">\u0410\u0440\u043a\u0430\u0448\u043e\u043d<\/a>,&nbsp;<a href=\"https:\/\/www.bassin-arcachon.com\/hebergements\/hotels+la-teste-de-buch\/\">La Teste de Buch<\/a>,&nbsp;<a href=\"https:\/\/www.bassin-arcachon.com\/hebergements\/hotels+andernos\">\u0410\u043d\u0434\u0435\u0440\u043d\u043e\u0441<\/a>,&nbsp;<a href=\"https:\/\/www.bassin-arcachon.com\/hebergements\/hotels+gujan-mestras\/\">\u0413\u0443\u0436\u0430\u043d-\u041c\u0435\u0441\u0442\u0440\u0430\u0441,<\/a>&nbsp;<a href=\"https:\/\/www.bassin-arcachon.com\/hebergements\/hotels+coeur-de-bassin\/\">\u0411\u0438\u0433\u0430\u043d\u043e\u0441,<\/a>&nbsp;<a href=\"https:\/\/www.bassin-arcachon.com\/hebergements\/hotels+coeur-de-bassin\/\">\u041e\u0434\u0435\u043d\u0436<\/a>, &lt;a href=&quot;https:\/\/www.bassin-arcachon.com\/hebergements\/hotels+le-teich\/&quot;Le Teich&nbsp;<\/a>\u0430 \u0442\u0430\u043a\u0436\u0435&nbsp;<a href=\"https:\/\/www.bassin-arcachon.com\/hebergements\/hotels+lege-cap-ferret\/\">\u041a\u0430\u043f-\u0424\u0435\u0440\u0440\u0435<\/a>&nbsp;!<\/p>\n<\/div>\n\n\n\n<div class=\"wp-block-uagb-container uagb-block-2e52a006\">\n<div class=\"wp-block-uagb-image uagb-block-a755267c wp-block-uagb-image--layout-default wp-block-uagb-image--effect-static wp-block-uagb-image--align-none\"><figure class=\"wp-block-uagb-image__figure\"><img decoding=\"async\" srcset=\"https:\/\/dev.bassin-arcachon.com\/wp-content\/uploads\/2018\/09\/nourri-a-lhu\u00eetre-\u00e9lev\u00e9-sous-les-pins-Bassin-dArcachon.jpg 1000w, https:\/\/dev.bassin-arcachon.com\/wp-content\/uploads\/2018\/09\/nourri-a-lhu\u00eetre-\u00e9lev\u00e9-sous-les-pins-Bassin-dArcachon-300x200.jpg 300w, https:\/\/dev.bassin-arcachon.com\/wp-content\/uploads\/2018\/09\/nourri-a-lhu\u00eetre-\u00e9lev\u00e9-sous-les-pins-Bassin-dArcachon-768x511.jpg 768w, https:\/\/dev.bassin-arcachon.com\/wp-content\/uploads\/2018\/09\/nourri-a-lhu\u00eetre-\u00e9lev\u00e9-sous-les-pins-Bassin-dArcachon-18x12.jpg 18w, https:\/\/dev.bassin-arcachon.com\/wp-content\/uploads\/2018\/09\/nourri-a-lhu\u00eetre-\u00e9lev\u00e9-sous-les-pins-Bassin-dArcachon-640x426.jpg 640w\" sizes=\"auto, (max-width: 480px) 150px\" src=\"https:\/\/dev.bassin-arcachon.com\/wp-content\/uploads\/2018\/09\/nourri-a-lhu\u00eetre-\u00e9lev\u00e9-sous-les-pins-Bassin-dArcachon.jpg\" alt=\"- - Bassin d&#039;Arcachon\" class=\"uag-image-26169\" width=\"1000\" height=\"666\" title=\"- - Bassin d&#039;Arcachon\" loading=\"lazy\" role=\"img\"><\/figure><\/div>\n<\/div>\n<\/div><\/div>\n\n\n\n<div style=\"height:60px\" aria-hidden=\"true\" class=\"wp-block-spacer\"><\/div>","protected":false},"excerpt":{"rendered":"<p>Nos campings avec vue \u00e0 Lanton, ou \u00e0 proximit\u00e9 Vous souhaitez r\u00e9server un camping \u00e0 Lanton, ou \u00e0 proximit\u00e9, qui dispose d\u2019une vue directe sur le Bassin d\u2019Arcachon ? Vous [&hellip;]<\/p>","protected":false},"author":25,"featured_media":2217,"parent":392,"menu_order":1,"comment_status":"closed","ping_status":"closed","template":"","meta":{"_acf_changed":false,"_uag_custom_page_level_css":"","footnotes":""},"class_list":["post-44448","page","type-page","status-publish","has-post-thumbnail","hentry"],"acf":[],"uagb_featured_image_src":{"full":["https:\/\/dev.bassin-arcachon.com\/wp-content\/uploads\/2017\/03\/camping-bassin-arcachon.jpg",1200,800,false],"thumbnail":["https:\/\/dev.bassin-arcachon.com\/wp-content\/uploads\/2017\/03\/camping-bassin-arcachon-150x150.jpg",150,150,true],"medium":["https:\/\/dev.bassin-arcachon.com\/wp-content\/uploads\/2017\/03\/camping-bassin-arcachon-300x200.jpg",300,200,true],"medium_large":["https:\/\/dev.bassin-arcachon.com\/wp-content\/uploads\/2017\/03\/camping-bassin-arcachon-768x512.jpg",768,512,true],"large":["https:\/\/dev.bassin-arcachon.com\/wp-content\/uploads\/2017\/03\/camping-bassin-arcachon-1024x683.jpg",1024,683,true],"1536x1536":["https:\/\/dev.bassin-arcachon.com\/wp-content\/uploads\/2017\/03\/camping-bassin-arcachon.jpg",1200,800,false],"2048x2048":["https:\/\/dev.bassin-arcachon.com\/wp-content\/uploads\/2017\/03\/camping-bassin-arcachon.jpg",1200,800,false],"trp-custom-language-flag":["https:\/\/dev.bassin-arcachon.com\/wp-content\/uploads\/2017\/03\/camping-bassin-arcachon-18x12.jpg",18,12,true],"fp-small":["https:\/\/dev.bassin-arcachon.com\/wp-content\/uploads\/2017\/03\/camping-bassin-arcachon-640x427.jpg",640,427,true],"fp-large":["https:\/\/dev.bassin-arcachon.com\/wp-content\/uploads\/2017\/03\/camping-bassin-arcachon.jpg",1200,800,false],"fp-xlarge":["https:\/\/dev.bassin-arcachon.com\/wp-content\/uploads\/2017\/03\/camping-bassin-arcachon.jpg",1200,800,false]},"uagb_author_info":{"display_name":"Marie Clauzel","author_link":"https:\/\/dev.bassin-arcachon.com\/ru\/author\/mariesiba\/"},"uagb_comment_info":0,"uagb_excerpt":"Nos campings avec vue \u00e0 Lanton, ou \u00e0 proximit\u00e9 Vous souhaitez r\u00e9server un camping \u00e0 Lanton, ou \u00e0 proximit\u00e9, qui dispose d\u2019une vue directe sur le Bassin d\u2019Arcachon ? Vous [&hellip;]","_links":{"self":[{"href":"https:\/\/dev.bassin-arcachon.com\/ru\/wp-json\/wp\/v2\/pages\/44448","targetHints":{"allow":["GET"]}}],"collection":[{"href":"https:\/\/dev.bassin-arcachon.com\/ru\/wp-json\/wp\/v2\/pages"}],"about":[{"href":"https:\/\/dev.bassin-arcachon.com\/ru\/wp-json\/wp\/v2\/types\/page"}],"author":[{"embeddable":true,"href":"https:\/\/dev.bassin-arcachon.com\/ru\/wp-json\/wp\/v2\/users\/25"}],"replies":[{"embeddable":true,"href":"https:\/\/dev.bassin-arcachon.com\/ru\/wp-json\/wp\/v2\/comments?post=44448"}],"version-history":[{"count":2,"href":"https:\/\/dev.bassin-arcachon.com\/ru\/wp-json\/wp\/v2\/pages\/44448\/revisions"}],"predecessor-version":[{"id":68274,"href":"https:\/\/dev.bassin-arcachon.com\/ru\/wp-json\/wp\/v2\/pages\/44448\/revisions\/68274"}],"up":[{"embeddable":true,"href":"https:\/\/dev.bassin-arcachon.com\/ru\/wp-json\/wp\/v2\/pages\/392"}],"wp:featuredmedia":[{"embeddable":true,"href":"https:\/\/dev.bassin-arcachon.com\/ru\/wp-json\/wp\/v2\/media\/2217"}],"wp:attachment":[{"href":"https:\/\/dev.bassin-arcachon.com\/ru\/wp-json\/wp\/v2\/media?parent=44448"}],"curies":[{"name":"WP","href":"https:\/\/api.w.org\/{rel}","templated":true}]}}