{"id":44840,"date":"2020-07-08T11:31:48","date_gmt":"2020-07-08T09:31:48","guid":{"rendered":"https:\/\/dev.bassin-arcachon.com\/\/?page_id=44840"},"modified":"2023-05-11T14:41:13","modified_gmt":"2023-05-11T12:41:13","slug":"%d1%81%d0%bf%d0%b0%d1%81%d0%b8%d0%b1%d0%be","status":"publish","type":"page","link":"https:\/\/dev.bassin-arcachon.com\/ru\/%d1%81%d0%bf%d0%b0%d1%81%d0%b8%d0%b1%d0%be\/","title":{"rendered":"\u0421\u043f\u0430\u0441\u0438\u0431\u043e"},"content":{"rendered":"<div class=\"wp-block-uagb-container uagb-block-af32873c alignfull uagb-is-root-container\"><div class=\"uagb-container-inner-blocks-wrap\">\n<p class=\"has-text-align-center\">\u0412\u0430\u0448 \u0437\u0430\u043f\u0440\u043e\u0441 \u0431\u044b\u043b \u043e\u0442\u043f\u0440\u0430\u0432\u043b\u0435\u043d.<\/p>\n<\/div><\/div>","protected":false},"excerpt":{"rendered":"<p>\u0412\u0430\u0448 \u0437\u0430\u043f\u0440\u043e\u0441 \u0431\u044b\u043b \u043e\u0442\u043f\u0440\u0430\u0432\u043b\u0435\u043d.<\/p>","protected":false},"author":25,"featured_media":44388,"parent":0,"menu_order":30,"comment_status":"closed","ping_status":"closed","template":"","meta":{"_acf_changed":false,"_uag_custom_page_level_css":"","footnotes":""},"class_list":["post-44840","page","type-page","status-publish","has-post-thumbnail","hentry"],"acf":[],"uagb_featured_image_src":{"full":["https:\/\/dev.bassin-arcachon.com\/wp-content\/uploads\/2020\/07\/Saint-Brice-Bassin-de-baignade-Are\u0300s-1024x683-1.jpg",1024,683,false],"thumbnail":["https:\/\/dev.bassin-arcachon.com\/wp-content\/uploads\/2020\/07\/Saint-Brice-Bassin-de-baignade-Are\u0300s-1024x683-1-150x150.jpg",150,150,true],"medium":["https:\/\/dev.bassin-arcachon.com\/wp-content\/uploads\/2020\/07\/Saint-Brice-Bassin-de-baignade-Are\u0300s-1024x683-1-300x200.jpg",300,200,true],"medium_large":["https:\/\/dev.bassin-arcachon.com\/wp-content\/uploads\/2020\/07\/Saint-Brice-Bassin-de-baignade-Are\u0300s-1024x683-1-768x512.jpg",768,512,true],"large":["https:\/\/dev.bassin-arcachon.com\/wp-content\/uploads\/2020\/07\/Saint-Brice-Bassin-de-baignade-Are\u0300s-1024x683-1.jpg",1024,683,false],"1536x1536":["https:\/\/dev.bassin-arcachon.com\/wp-content\/uploads\/2020\/07\/Saint-Brice-Bassin-de-baignade-Are\u0300s-1024x683-1.jpg",1024,683,false],"2048x2048":["https:\/\/dev.bassin-arcachon.com\/wp-content\/uploads\/2020\/07\/Saint-Brice-Bassin-de-baignade-Are\u0300s-1024x683-1.jpg",1024,683,false],"trp-custom-language-flag":["https:\/\/dev.bassin-arcachon.com\/wp-content\/uploads\/2020\/07\/Saint-Brice-Bassin-de-baignade-Are\u0300s-1024x683-1-18x12.jpg",18,12,true],"fp-small":["https:\/\/dev.bassin-arcachon.com\/wp-content\/uploads\/2020\/07\/Saint-Brice-Bassin-de-baignade-Are\u0300s-1024x683-1-640x427.jpg",640,427,true],"fp-large":["https:\/\/dev.bassin-arcachon.com\/wp-content\/uploads\/2020\/07\/Saint-Brice-Bassin-de-baignade-Are\u0300s-1024x683-1.jpg",1024,683,false],"fp-xlarge":["https:\/\/dev.bassin-arcachon.com\/wp-content\/uploads\/2020\/07\/Saint-Brice-Bassin-de-baignade-Are\u0300s-1024x683-1.jpg",1024,683,false]},"uagb_author_info":{"display_name":"Marie Clauzel","author_link":"https:\/\/dev.bassin-arcachon.com\/ru\/author\/mariesiba\/"},"uagb_comment_info":0,"uagb_excerpt":"Votre demande a bien \u00e9t\u00e9 envoy\u00e9e.","_links":{"self":[{"href":"https:\/\/dev.bassin-arcachon.com\/ru\/wp-json\/wp\/v2\/pages\/44840","targetHints":{"allow":["GET"]}}],"collection":[{"href":"https:\/\/dev.bassin-arcachon.com\/ru\/wp-json\/wp\/v2\/pages"}],"about":[{"href":"https:\/\/dev.bassin-arcachon.com\/ru\/wp-json\/wp\/v2\/types\/page"}],"author":[{"embeddable":true,"href":"https:\/\/dev.bassin-arcachon.com\/ru\/wp-json\/wp\/v2\/users\/25"}],"replies":[{"embeddable":true,"href":"https:\/\/dev.bassin-arcachon.com\/ru\/wp-json\/wp\/v2\/comments?post=44840"}],"version-history":[{"count":0,"href":"https:\/\/dev.bassin-arcachon.com\/ru\/wp-json\/wp\/v2\/pages\/44840\/revisions"}],"wp:featuredmedia":[{"embeddable":true,"href":"https:\/\/dev.bassin-arcachon.com\/ru\/wp-json\/wp\/v2\/media\/44388"}],"wp:attachment":[{"href":"https:\/\/dev.bassin-arcachon.com\/ru\/wp-json\/wp\/v2\/media?parent=44840"}],"curies":[{"name":"WP","href":"https:\/\/api.w.org\/{rel}","templated":true}]}}