{"id":47842,"date":"2020-10-02T16:51:10","date_gmt":"2020-10-02T14:51:10","guid":{"rendered":"https:\/\/dev.bassin-arcachon.com\/\/?page_id=47842"},"modified":"2024-09-02T10:49:06","modified_gmt":"2024-09-02T08:49:06","slug":"%d0%be%d1%81%d0%b5%d0%bd%d1%8c-%d0%b7%d0%b8%d0%bc%d0%b0-%d1%81%d0%b5%d0%bc%d0%b8%d0%bd%d0%b0%d1%80-%d0%bf%d1%80%d0%b5%d0%b4%d0%bb%d0%be%d0%b6%d0%b5%d0%bd%d0%b8%d0%b5","status":"publish","type":"page","link":"https:\/\/dev.bassin-arcachon.com\/ru\/%d1%81%d0%b5%d0%bc%d0%b8%d0%bd%d0%b0%d1%80%d1%8b-%d0%ba%d0%be%d0%bd%d0%b3%d1%80%d0%b5%d1%81%d1%81%d1%8b\/%d0%bf%d1%80%d0%b5%d0%b4%d0%bb%d0%be%d0%b6%d0%b5%d0%bd%d0%b8%d1%8f-%d1%81%d0%b5%d0%bc%d0%b8%d0%bd%d0%b0%d1%80%d0%be%d0%b2\/%d0%be%d1%81%d0%b5%d0%bd%d1%8c-%d0%b7%d0%b8%d0%bc%d0%b0-%d1%81%d0%b5%d0%bc%d0%b8%d0%bd%d0%b0%d1%80-%d0%bf%d1%80%d0%b5%d0%b4%d0%bb%d0%be%d0%b6%d0%b5%d0%bd%d0%b8%d0%b5\/","title":{"rendered":"\u041f\u0440\u0435\u0434\u043b\u043e\u0436\u0435\u043d\u0438\u0435 \u043e\u0441\u0435\u043d\u043d\u0435-\u0437\u0438\u043c\u043d\u0435\u0433\u043e \u0441\u0435\u043c\u0438\u043d\u0430\u0440\u0430"},"content":{"rendered":"<div class=\"wp-block-uagb-container uagb-block-ff218b1b alignfull uagb-is-root-container\"><div class=\"uagb-container-inner-blocks-wrap\">\n<div class=\"wp-block-uagb-container uagb-block-4d5a226b\">\t\t\t\t\t<div\n\t\t\t\t\t\tclass=\"wp-block-uagb-image-gallery uagb-block-693c9f41\"\n\t\t\t\t\t\tstyle=\"\"\n\t\t\t\t\t>\n\t\t\t\t\t\t\t\t\t\t\t<div class=\"spectra-image-gallery spectra-image-gallery__layout--carousel\">\n\t\t\t\t\t\t\t\t<div class=\"uagb-slick-carousel uagb-block-693c9f41\">\n\t\t\t\t\t\t\t\t\t\t\t\t<div class='spectra-image-gallery__media-wrapper' data-spectra-gallery-image-id='47845'>\n\t\t\t\t\t\t\t<div class=\"spectra-image-gallery__media spectra-image-gallery__media--carousel\">\n\t\t\t\t<picture>\n\t\t\t\t\t<source media=\"(min-width: 1024px)\" srcset=\"https:\/\/dev.bassin-arcachon.com\/wp-content\/uploads\/2020\/09\/1-ville-hiver-1024x682.jpg\">\n\t\t\t\t\t<source media=\"(min-width: 768px)\" srcset=\"https:\/\/dev.bassin-arcachon.com\/wp-content\/uploads\/2020\/09\/1-ville-hiver-1024x682.jpg\">\n\t\t\t\t\t<img decoding=\"async\" class=\"spectra-image-gallery__media-thumbnail spectra-image-gallery__media-thumbnail--carousel\" src=\"https:\/\/dev.bassin-arcachon.com\/wp-content\/uploads\/2020\/09\/1-ville-hiver-300x200.jpg\" alt=\"- - Bassin d&#039;Arcachon\" loading=\"lazy\" title=\"- - Bassin d&#039;Arcachon\">\n\t\t\t\t<\/picture>\n\t\t\t\t<div class=\"spectra-image-gallery__media-thumbnail-blurrer\"><\/div>\n\t\t\t\t\t\t\t\t\t\t\t<div class=\"spectra-image-gallery__media-thumbnail-caption-wrapper spectra-image-gallery__media-thumbnail-caption-wrapper--overlay\"><\/div>\n\t\t\t\t\t\t\t\t<\/div>\n\t\t\t\t\t\t<\/div>\n\t\t\t\t\t\t<div class='spectra-image-gallery__media-wrapper' data-spectra-gallery-image-id='23415'>\n\t\t\t\t\t\t\t<div class=\"spectra-image-gallery__media spectra-image-gallery__media--carousel\">\n\t\t\t\t<picture>\n\t\t\t\t\t<source media=\"(min-width: 1024px)\" srcset=\"https:\/\/dev.bassin-arcachon.com\/wp-content\/uploads\/2017\/02\/ville-hiver-arcachon-1024x683.jpg\">\n\t\t\t\t\t<source media=\"(min-width: 768px)\" srcset=\"https:\/\/dev.bassin-arcachon.com\/wp-content\/uploads\/2017\/02\/ville-hiver-arcachon-1024x683.jpg\">\n\t\t\t\t\t<img decoding=\"async\" class=\"spectra-image-gallery__media-thumbnail spectra-image-gallery__media-thumbnail--carousel\" src=\"https:\/\/dev.bassin-arcachon.com\/wp-content\/uploads\/2017\/02\/ville-hiver-arcachon-450x300.jpg\" alt=\"- - Bassin d&#039;Arcachon\" loading=\"lazy\" title=\"- - Bassin d&#039;Arcachon\">\n\t\t\t\t<\/picture>\n\t\t\t\t<div class=\"spectra-image-gallery__media-thumbnail-blurrer\"><\/div>\n\t\t\t\t\t\t\t\t\t\t\t<div class=\"spectra-image-gallery__media-thumbnail-caption-wrapper spectra-image-gallery__media-thumbnail-caption-wrapper--overlay\"><\/div>\n\t\t\t\t\t\t\t\t<\/div>\n\t\t\t\t\t\t<\/div>\n\t\t\t\t\t\t<div class='spectra-image-gallery__media-wrapper' data-spectra-gallery-image-id='47846'>\n\t\t\t\t\t\t\t<div class=\"spectra-image-gallery__media spectra-image-gallery__media--carousel\">\n\t\t\t\t<picture>\n\t\t\t\t\t<source media=\"(min-width: 1024px)\" srcset=\"https:\/\/dev.bassin-arcachon.com\/wp-content\/uploads\/2020\/09\/1b-port-de-la-teste-de-buch-1024x682.jpg\">\n\t\t\t\t\t<source media=\"(min-width: 768px)\" srcset=\"https:\/\/dev.bassin-arcachon.com\/wp-content\/uploads\/2020\/09\/1b-port-de-la-teste-de-buch-1024x682.jpg\">\n\t\t\t\t\t<img decoding=\"async\" class=\"spectra-image-gallery__media-thumbnail spectra-image-gallery__media-thumbnail--carousel\" src=\"https:\/\/dev.bassin-arcachon.com\/wp-content\/uploads\/2020\/09\/1b-port-de-la-teste-de-buch-300x200.jpg\" alt=\"- - Bassin d&#039;Arcachon\" loading=\"lazy\" title=\"- - Bassin d&#039;Arcachon\">\n\t\t\t\t<\/picture>\n\t\t\t\t<div class=\"spectra-image-gallery__media-thumbnail-blurrer\"><\/div>\n\t\t\t\t\t\t\t\t\t\t\t<div class=\"spectra-image-gallery__media-thumbnail-caption-wrapper spectra-image-gallery__media-thumbnail-caption-wrapper--overlay\"><\/div>\n\t\t\t\t\t\t\t\t<\/div>\n\t\t\t\t\t\t<\/div>\n\t\t\t\t\t\t<div class='spectra-image-gallery__media-wrapper' data-spectra-gallery-image-id='47848'>\n\t\t\t\t\t\t\t<div class=\"spectra-image-gallery__media spectra-image-gallery__media--carousel\">\n\t\t\t\t<picture>\n\t\t\t\t\t<source media=\"(min-width: 1024px)\" srcset=\"https:\/\/dev.bassin-arcachon.com\/wp-content\/uploads\/2020\/09\/3-fat-bike-lege-cap-ferret-1024x683.jpg\">\n\t\t\t\t\t<source media=\"(min-width: 768px)\" srcset=\"https:\/\/dev.bassin-arcachon.com\/wp-content\/uploads\/2020\/09\/3-fat-bike-lege-cap-ferret-1024x683.jpg\">\n\t\t\t\t\t<img decoding=\"async\" class=\"spectra-image-gallery__media-thumbnail spectra-image-gallery__media-thumbnail--carousel\" src=\"https:\/\/dev.bassin-arcachon.com\/wp-content\/uploads\/2020\/09\/3-fat-bike-lege-cap-ferret-300x200.jpg\" alt=\"- - Bassin d&#039;Arcachon\" loading=\"lazy\" title=\"- - Bassin d&#039;Arcachon\">\n\t\t\t\t<\/picture>\n\t\t\t\t<div class=\"spectra-image-gallery__media-thumbnail-blurrer\"><\/div>\n\t\t\t\t\t\t\t\t\t\t\t<div class=\"spectra-image-gallery__media-thumbnail-caption-wrapper spectra-image-gallery__media-thumbnail-caption-wrapper--overlay\"><\/div>\n\t\t\t\t\t\t\t\t<\/div>\n\t\t\t\t\t\t<\/div>\n\t\t\t\t\t\t<div class='spectra-image-gallery__media-wrapper' data-spectra-gallery-image-id='47849'>\n\t\t\t\t\t\t\t<div class=\"spectra-image-gallery__media spectra-image-gallery__media--carousel\">\n\t\t\t\t<picture>\n\t\t\t\t\t<source media=\"(min-width: 1024px)\" srcset=\"https:\/\/dev.bassin-arcachon.com\/wp-content\/uploads\/2020\/09\/4-gastronomie-bassin-darcachon-1024x682.jpg\">\n\t\t\t\t\t<source media=\"(min-width: 768px)\" srcset=\"https:\/\/dev.bassin-arcachon.com\/wp-content\/uploads\/2020\/09\/4-gastronomie-bassin-darcachon-1024x682.jpg\">\n\t\t\t\t\t<img decoding=\"async\" class=\"spectra-image-gallery__media-thumbnail spectra-image-gallery__media-thumbnail--carousel\" src=\"https:\/\/dev.bassin-arcachon.com\/wp-content\/uploads\/2020\/09\/4-gastronomie-bassin-darcachon-300x200.jpg\" alt=\"- - Bassin d&#039;Arcachon\" loading=\"lazy\" title=\"- - Bassin d&#039;Arcachon\">\n\t\t\t\t<\/picture>\n\t\t\t\t<div class=\"spectra-image-gallery__media-thumbnail-blurrer\"><\/div>\n\t\t\t\t\t\t\t\t\t\t\t<div class=\"spectra-image-gallery__media-thumbnail-caption-wrapper spectra-image-gallery__media-thumbnail-caption-wrapper--overlay\"><\/div>\n\t\t\t\t\t\t\t\t<\/div>\n\t\t\t\t\t\t<\/div>\n\t\t\t\t\t\t<div class='spectra-image-gallery__media-wrapper' data-spectra-gallery-image-id='47847'>\n\t\t\t\t\t\t\t<div class=\"spectra-image-gallery__media spectra-image-gallery__media--carousel\">\n\t\t\t\t<picture>\n\t\t\t\t\t<source media=\"(min-width: 1024px)\" srcset=\"https:\/\/dev.bassin-arcachon.com\/wp-content\/uploads\/2020\/09\/2-Hotel-MICE-Bassin-dArcachon-1024x684.jpg\">\n\t\t\t\t\t<source media=\"(min-width: 768px)\" srcset=\"https:\/\/dev.bassin-arcachon.com\/wp-content\/uploads\/2020\/09\/2-Hotel-MICE-Bassin-dArcachon-1024x684.jpg\">\n\t\t\t\t\t<img decoding=\"async\" class=\"spectra-image-gallery__media-thumbnail spectra-image-gallery__media-thumbnail--carousel\" src=\"https:\/\/dev.bassin-arcachon.com\/wp-content\/uploads\/2020\/09\/2-Hotel-MICE-Bassin-dArcachon-300x200.jpg\" alt=\"- - Bassin d&#039;Arcachon\" loading=\"lazy\" title=\"- - Bassin d&#039;Arcachon\">\n\t\t\t\t<\/picture>\n\t\t\t\t<div class=\"spectra-image-gallery__media-thumbnail-blurrer\"><\/div>\n\t\t\t\t\t\t\t\t\t\t\t<div class=\"spectra-image-gallery__media-thumbnail-caption-wrapper spectra-image-gallery__media-thumbnail-caption-wrapper--overlay\"><\/div>\n\t\t\t\t\t\t\t\t<\/div>\n\t\t\t\t\t\t<\/div>\n\t\t\t\t\t\t<div class='spectra-image-gallery__media-wrapper' data-spectra-gallery-image-id='47856'>\n\t\t\t\t\t\t\t<div class=\"spectra-image-gallery__media spectra-image-gallery__media--carousel\">\n\t\t\t\t<picture>\n\t\t\t\t\t<source media=\"(min-width: 1024px)\" srcset=\"https:\/\/dev.bassin-arcachon.com\/wp-content\/uploads\/2020\/09\/ville-hiver-restaurant--1024x683.jpg\">\n\t\t\t\t\t<source media=\"(min-width: 768px)\" srcset=\"https:\/\/dev.bassin-arcachon.com\/wp-content\/uploads\/2020\/09\/ville-hiver-restaurant--1024x683.jpg\">\n\t\t\t\t\t<img decoding=\"async\" class=\"spectra-image-gallery__media-thumbnail spectra-image-gallery__media-thumbnail--carousel\" src=\"https:\/\/dev.bassin-arcachon.com\/wp-content\/uploads\/2020\/09\/ville-hiver-restaurant--300x200.jpg\" alt=\"- - Bassin d&#039;Arcachon\" loading=\"lazy\" title=\"- - Bassin d&#039;Arcachon\">\n\t\t\t\t<\/picture>\n\t\t\t\t<div class=\"spectra-image-gallery__media-thumbnail-blurrer\"><\/div>\n\t\t\t\t\t\t\t\t\t\t\t<div class=\"spectra-image-gallery__media-thumbnail-caption-wrapper spectra-image-gallery__media-thumbnail-caption-wrapper--overlay\"><\/div>\n\t\t\t\t\t\t\t\t<\/div>\n\t\t\t\t\t\t<\/div>\n\t\t\t\t\t\t<div class='spectra-image-gallery__media-wrapper' data-spectra-gallery-image-id='47855'>\n\t\t\t\t\t\t\t<div class=\"spectra-image-gallery__media spectra-image-gallery__media--carousel\">\n\t\t\t\t<picture>\n\t\t\t\t\t<source media=\"(min-width: 1024px)\" srcset=\"https:\/\/dev.bassin-arcachon.com\/wp-content\/uploads\/2020\/09\/ville-hiver--1024x683.jpg\">\n\t\t\t\t\t<source media=\"(min-width: 768px)\" srcset=\"https:\/\/dev.bassin-arcachon.com\/wp-content\/uploads\/2020\/09\/ville-hiver--1024x683.jpg\">\n\t\t\t\t\t<img decoding=\"async\" class=\"spectra-image-gallery__media-thumbnail spectra-image-gallery__media-thumbnail--carousel\" src=\"https:\/\/dev.bassin-arcachon.com\/wp-content\/uploads\/2020\/09\/ville-hiver--300x200.jpg\" alt=\"- - Bassin d&#039;Arcachon\" loading=\"lazy\" title=\"- - Bassin d&#039;Arcachon\">\n\t\t\t\t<\/picture>\n\t\t\t\t<div class=\"spectra-image-gallery__media-thumbnail-blurrer\"><\/div>\n\t\t\t\t\t\t\t\t\t\t\t<div class=\"spectra-image-gallery__media-thumbnail-caption-wrapper spectra-image-gallery__media-thumbnail-caption-wrapper--overlay\"><\/div>\n\t\t\t\t\t\t\t\t<\/div>\n\t\t\t\t\t\t<\/div>\n\t\t\t\t\t\t<div class='spectra-image-gallery__media-wrapper' data-spectra-gallery-image-id='47851'>\n\t\t\t\t\t\t\t<div class=\"spectra-image-gallery__media spectra-image-gallery__media--carousel\">\n\t\t\t\t<picture>\n\t\t\t\t\t<source media=\"(min-width: 1024px)\" srcset=\"https:\/\/dev.bassin-arcachon.com\/wp-content\/uploads\/2020\/09\/dune-pilat-hiver-2-1024x683.jpg\">\n\t\t\t\t\t<source media=\"(min-width: 768px)\" srcset=\"https:\/\/dev.bassin-arcachon.com\/wp-content\/uploads\/2020\/09\/dune-pilat-hiver-2-1024x683.jpg\">\n\t\t\t\t\t<img decoding=\"async\" class=\"spectra-image-gallery__media-thumbnail spectra-image-gallery__media-thumbnail--carousel\" src=\"https:\/\/dev.bassin-arcachon.com\/wp-content\/uploads\/2020\/09\/dune-pilat-hiver-2-300x200.jpg\" alt=\"- - Bassin d&#039;Arcachon\" loading=\"lazy\" title=\"- - Bassin d&#039;Arcachon\">\n\t\t\t\t<\/picture>\n\t\t\t\t<div class=\"spectra-image-gallery__media-thumbnail-blurrer\"><\/div>\n\t\t\t\t\t\t\t\t\t\t\t<div class=\"spectra-image-gallery__media-thumbnail-caption-wrapper spectra-image-gallery__media-thumbnail-caption-wrapper--overlay\"><\/div>\n\t\t\t\t\t\t\t\t<\/div>\n\t\t\t\t\t\t<\/div>\n\t\t\t\t\t\t\t\t\t\t\t<\/div>\n\t\t\t\t\t\t\t<\/div>\n\t\t\t\t\t\t\t\t\t\t\t<\/div>\n\t\t\t\t\t\t\t\t\t<\/div>\n\n\n\n<div class=\"wp-block-uagb-container uagb-block-9fbba44f\">\n<div class=\"wp-block-uagb-container uagb-block-ae6e1d58\">\n<p class=\"has-white-color has-text-color\">\u0423\u043c\u0435\u0440\u0435\u043d\u043d\u044b\u0435 \u0442\u0435\u043c\u043f\u0435\u0440\u0430\u0442\u0443\u0440\u044b<br><br>\u041f\u0435\u0441\u0447\u0430\u043d\u044b\u0435 \u0438 \u0432\u0435\u043b\u043e\u0441\u0438\u043f\u0435\u0434\u043d\u044b\u0435 \u0434\u043e\u0440\u043e\u0436\u043a\u0438 \u0442\u043e\u043b\u044c\u043a\u043e \u0434\u043b\u044f \u0432\u0430\u0441<br><br>\u041b\u044c\u0433\u043e\u0442\u043d\u044b\u0435 \u0442\u0430\u0440\u0438\u0444\u044b \u0441 \u043d\u043e\u044f\u0431\u0440\u044f \u043f\u043e \u043c\u0430\u0440\u0442<br><br>\u0420\u0430\u0441\u0441\u043b\u0430\u0431\u043b\u044f\u044e\u0449\u0435\u0435 \u0434\u0440\u0443\u0436\u0435\u043b\u044e\u0431\u0438\u0435<br><br>\u042d\u043a\u043e\u043b\u043e\u0433\u0438\u0447\u0435\u0441\u043a\u0438 \u043e\u0442\u0432\u0435\u0442\u0441\u0442\u0432\u0435\u043d\u043d\u043e\u0435 \u043e\u0442\u043a\u0440\u044b\u0442\u0438\u0435<\/p>\n<\/div>\n\n\n\n<div class=\"wp-block-uagb-container uagb-block-15e89180\">\n<h4 class=\"wp-block-heading\">\u0421\u0432\u044f\u0436\u0438\u0442\u0435\u0441\u044c \u0441 \u043d\u0430\u043c\u0438<\/h4>\n\n\n\n<p class=\"has-black-color has-text-color\"><a href=\"mailto:mice@siba-bassin-arcachon.fr\">mouse@siba-bassin-arcachon.fr<\/a><\/p>\n<\/div>\n<\/div>\n<\/div><\/div>\n\n\n\n<div style=\"height:40px\" aria-hidden=\"true\" class=\"wp-block-spacer\"><\/div>\n\n\n\n<div class=\"wp-block-uagb-container uagb-block-39f91012 alignfull uagb-is-root-container\"><div class=\"uagb-container-inner-blocks-wrap\">\n<div class=\"wp-block-uagb-container uagb-block-c5f55f68\">\n<h3 class=\"wp-block-heading\">\u041f\u0440\u0435\u0434\u043b\u0430\u0433\u0430\u0435\u043c\u0430\u044f \u043f\u0440\u043e\u0433\u0440\u0430\u043c\u043c\u0430<\/h3>\n\n\n\n<h3 class=\"wp-block-heading\">1 \u0434\u0435\u043d\u044c<strong><\/strong><\/h3>\n\n\n\n<ul class=\"wp-block-list\">\n<li>\u041f\u0440\u0438\u0431\u044b\u0442\u0438\u0435 \u0443\u0447\u0430\u0441\u0442\u043d\u0438\u043a\u043e\u0432 \u0443\u0442\u0440\u043e\u043c<\/li>\n\n\n\n<li>\u0423\u0441\u0442\u0430\u043d\u043e\u0432\u043a\u0430 \u0432<strong>\u043f\u0440\u0438\u043c\u043e\u0440\u0441\u043a\u0438\u0439 \u043e\u0442\u0435\u043b\u044c&nbsp;<\/strong>(\u043b\u0438\u0446\u043e\u043c&nbsp;<strong>Bassin \u0438\u0437 \u0410\u0440\u043a\u0430\u0448\u043e\u043d\u0430<\/strong>) \u0438\u043b\u0438 \u043a&nbsp;<strong>\u0414\u043e\u043c\u0435\u043d \u0445\u043e\u0440\u044c\u043a\u0430<\/strong>&nbsp;(Light-Cap Ferret - Claouey)<\/li>\n\n\n\n<li>\u041e\u0431\u0435\u0434 &quot;\u0448\u0432\u0435\u0434\u0441\u043a\u0438\u0439 \u0441\u0442\u043e\u043b&quot; \u0438\u0437 \u043c\u0435\u0441\u0442\u043d\u044b\u0445 \u0431\u043b\u044e\u0434<\/li>\n\n\n\n<li>\u0412\u044b\u0435\u0437\u0434 \u0438\u0437 \u043e\u0442\u0435\u043b\u044f \u0434\u043b\u044f \u0437\u043d\u0430\u043a\u043e\u043c\u0441\u0442\u0432\u0430 \u0441 \u0442\u0435\u0440\u0440\u0438\u0442\u043e\u0440\u0438\u0435\u0439 \u0432 \u00ab&nbsp;<strong>\u043c\u0438\u0442\u0438\u043d\u0433<\/strong>&nbsp;\u00bb&nbsp;<strong>\u043f\u0435\u0448\u043a\u043e\u043c \u0438\u043b\u0438 \u043d\u0430 \u0432\u0435\u043b\u043e\u0441\u0438\u043f\u0435\u0434\u0435<\/strong>&nbsp;\u0441 \u0434\u0435\u0433\u0443\u0441\u0442\u0430\u0446\u0438\u043e\u043d\u043d\u043e\u0439 \u043e\u0441\u0442\u0430\u043d\u043e\u0432\u043a\u043e\u0439 \u0438\u043b\u0438 \u043f\u043e&nbsp;<strong>\u043a\u0432\u0435\u0441\u0442 \u043a\u043e\u043c\u043d\u0430\u0442\u0430<\/strong>.<\/li>\n\n\n\n<li>\u0418\u0437\u044b\u0441\u043a\u0430\u043d\u043d\u044b\u0439 \u0443\u0436\u0438\u043d \u0441 \u0432\u0438\u0434\u043e\u043c \u043d\u0430 Bassin.<\/li>\n<\/ul>\n\n\n\n<p>\u0427\u0442\u043e\u0431\u044b \u043f\u043e\u043b\u0443\u0447\u0438\u0442\u044c \u0434\u043e\u0441\u0442\u0443\u043f \u043a \u0441\u043f\u0438\u0441\u043a\u0443&nbsp;<a href=\"https:\/\/fr.calameo.com\/read\/0000244211152a79deb84\" target=\"_blank\" rel=\"noreferrer noopener\">\u0437\u0430\u0432\u0435\u0434\u0435\u043d\u0438\u044f&nbsp;<strong>MICE<\/strong>&nbsp;<strong>Bassin \u0438\u0437 \u0410\u0440\u043a\u0430\u0448\u043e\u043d\u0430<\/strong>,&nbsp;<strong>\u043a\u043b\u0438\u043a\u043d\u0438\u0442\u0435 \u0441\u044e\u0434\u0430<em>.<\/em><\/strong><\/a><\/p>\n\n\n\n<h3 class=\"wp-block-heading\">\u0414\u0435\u043d\u044c 2<strong><\/strong><\/h3>\n\n\n\n<ul class=\"wp-block-list\">\n<li>\u0417\u0430\u0432\u0442\u0440\u0430\u043a &quot;\u0448\u0432\u0435\u0434\u0441\u043a\u0438\u0439 \u0441\u0442\u043e\u043b&quot;<\/li>\n\n\n\n<li>\u0420\u0430\u0431\u043e\u0447\u0430\u044f \u0432\u0441\u0442\u0440\u0435\u0447\u0430 \u0438 \u043a\u043e\u0444\u0435-\u0431\u0440\u0435\u0439\u043a \u0441 \u043c\u0435\u0441\u0442\u043d\u044b\u043c\u0438 \u043f\u0440\u043e\u0434\u0443\u043a\u0442\u0430\u043c\u0438<\/li>\n\n\n\n<li>\u041e\u0442\u043f\u0440\u0430\u0432\u043b\u0435\u043d\u0438\u0435 \u043d\u0430 \u043e\u0431\u0435\u0434 \u043d\u0430 \u0431\u043e\u0440\u0442\u0443&nbsp;<strong>\u043f\u0438\u043d\u043d\u0430\u0441<\/strong>&nbsp;\u043a\u0440\u044b\u0442\u0430\u044f \u0438 \u043e\u0442\u0430\u043f\u043b\u0438\u0432\u0430\u0435\u043c\u0430\u044f (\u0442\u0440\u0430\u0434\u0438\u0446\u0438\u043e\u043d\u043d\u0430\u044f \u0430\u0440\u043a\u0430\u0448\u043e\u043d\u0441\u043a\u0430\u044f \u043b\u043e\u0434\u043a\u0430) \u0438\u043b\u0438&nbsp;<strong>\u043a\u0430\u0442\u0430\u043c\u0430\u0440\u0430\u043d<\/strong>&nbsp;\u0447\u044c\u044f \u0446\u0435\u043d\u0442\u0440\u0430\u043b\u044c\u043d\u0430\u044f \u0447\u0430\u0441\u0442\u044c, \u043e\u0442\u0430\u043f\u043b\u0438\u0432\u0430\u0435\u043c\u0430\u044f \u0438 \u0441\u044a\u0435\u043c\u043d\u0430\u044f, \u043f\u0440\u0435\u0432\u0440\u0430\u0449\u0430\u0435\u0442\u0441\u044f \u0432 \u043f\u0440\u0438\u0435\u043c\u043d\u0443\u044e \u043f\u043b\u043e\u0449\u0430\u0434\u044c\u044e 120 \u043c\u00b2 \u0434\u043b\u044f \u043a\u0440\u0443\u0438\u0437\u0430 \u043d\u0430 Bassin \u0441 \u0434\u0435\u0433\u0443\u0441\u0442\u0430\u0446\u0438\u0435\u0439 \u0443\u0441\u0442\u0440\u0438\u0446.<\/li>\n\n\n\n<li>\u0412\u043e\u0437\u0432\u0440\u0430\u0449\u0435\u043d\u0438\u0435 \u043d\u0430 \u0437\u0430\u043a\u043b\u044e\u0447\u0438\u0442\u0435\u043b\u044c\u043d\u0443\u044e \u0432\u0441\u0442\u0440\u0435\u0447\u0443 \u0432 \u043e\u0442\u0435\u043b\u0435.<\/li>\n<\/ul>\n\n\n\n<p><strong>\u041a\u0423\u0414\u0410<\/strong><\/p>\n\n\n\n<ul class=\"wp-block-list\">\n<li>\u041f\u0440\u043e\u0434\u043e\u043b\u0436\u0435\u043d\u0438\u0435 \u0434\u043d\u044f \u0441&nbsp;<strong>\u0432\u043e\u0435\u043d\u043d\u043e-\u043c\u043e\u0440\u0441\u043a\u043e\u0439 \u0432\u044b\u0437\u043e\u0432<\/strong>&nbsp;\u043a\u0430\u043a \u043a\u043e\u043c\u0430\u043d\u0434\u0430 ! \u0421\u0442\u0430\u043d\u044c\u0442\u0435 \u0441\u0443\u0434\u043e\u0432\u043b\u0430\u0434\u0435\u043b\u044c\u0446\u0435\u043c \u0433\u043e\u0434\u0430. \u0421\u043e \u0441\u0432\u043e\u0435\u0439 \u00ab\u041a\u041e\u041c\u0410\u041d\u0414\u041e\u0419\u00bb \u043f\u0440\u0438\u0434\u0443\u043c\u0430\u0439\u0442\u0435 \u0438 \u043f\u043e\u0441\u0442\u0440\u043e\u0439\u0442\u0435 \u043d\u0430\u0441\u0442\u043e\u044f\u0449\u0438\u0439 \u0434\u0435\u0440\u0435\u0432\u044f\u043d\u043d\u044b\u0439 \u043a\u043e\u0440\u0430\u0431\u043b\u044c \u043d\u0430 \u0431\u0435\u0440\u0435\u0433\u0443 \u0438\u043b\u0438 \u0432 \u043f\u043e\u043c\u0435\u0449\u0435\u043d\u0438\u0438! (\u0432 \u0437\u0430\u0432\u0438\u0441\u0438\u043c\u043e\u0441\u0442\u0438 \u043e\u0442 \u043f\u043e\u0433\u043e\u0434\u044b \u0434\u043d\u044f).<\/li>\n\n\n\n<li>\u041e\u0442\u044a\u0435\u0437\u0434 \u0443\u0447\u0430\u0441\u0442\u043d\u0438\u043a\u043e\u0432 \u0432 \u043a\u043e\u043d\u0446\u0435 \u0434\u043d\u044f.<\/li>\n<\/ul>\n\n\n\n<p>\u0412 \u043a\u0430\u0447\u0435\u0441\u0442\u0432\u0435 \u043f\u0440\u0438\u043c\u0435\u0440\u043e\u0432 \u043f\u0440\u0438\u0432\u043e\u0434\u044f\u0442\u0441\u044f \u043e\u0431\u044a\u0435\u0434\u0438\u043d\u044f\u044e\u0449\u0438\u0435 \u043c\u0435\u0440\u043e\u043f\u0440\u0438\u044f\u0442\u0438\u044f, \u043f\u0440\u0435\u0434\u043b\u0430\u0433\u0430\u0435\u043c\u044b\u0435 \u0432 \u044d\u0442\u043e\u0439 \u043f\u0440\u043e\u0433\u0440\u0430\u043c\u043c\u0435. \u041e\u0442\u043a\u0440\u043e\u0439\u0442\u0435 \u0434\u043b\u044f \u0441\u0435\u0431\u044f&nbsp;<a href=\"https:\/\/fr.calameo.com\/read\/000024421f9dbe748c813\" target=\"_blank\" rel=\"noreferrer noopener\"><strong>\u043f\u0440\u0438\u043d\u0438\u043c\u0430\u044e\u0449\u0438\u0435 \u0430\u0433\u0435\u043d\u0442\u0441\u0442\u0432\u0430<\/strong>&nbsp;\u0432&nbsp;<strong>\u0420\u0443\u043a\u043e\u0432\u043e\u0434\u0441\u0442\u0432\u043e \u043e\u0440\u0433\u0430\u043d\u0430\u0439\u0437\u0435\u0440\u0430 Arcachon Bassin<\/strong>&nbsp;\u043d\u0430\u0436\u0430\u0432 \u0437\u0434\u0435\u0441\u044c<\/a><em>.<\/em><\/p>\n<\/div>\n\n\n\n<div class=\"wp-block-uagb-container uagb-block-639d5cbe\"><\/div>\n<\/div><\/div>\n\n\n\n<div style=\"height:60px\" aria-hidden=\"true\" class=\"wp-block-spacer\"><\/div>","protected":false},"excerpt":{"rendered":"<p>\u0423\u043c\u0435\u0440\u0435\u043d\u043d\u0430\u044f \u0442\u0435\u043c\u043f\u0435\u0440\u0430\u0442\u0443\u0440\u0430 \u041f\u0435\u0441\u043e\u043a \u0438 \u0432\u0435\u043b\u043e\u0441\u0438\u043f\u0435\u0434\u043d\u044b\u0435 \u0434\u043e\u0440\u043e\u0436\u043a\u0438 \u0442\u043e\u043b\u044c\u043a\u043e \u0434\u043b\u044f \u0432\u0430\u0441. \u041b\u044c\u0433\u043e\u0442\u043d\u044b\u0435 \u0442\u0430\u0440\u0438\u0444\u044b \u0441 \u043d\u043e\u044f\u0431\u0440\u044f \u043f\u043e \u043c\u0430\u0440\u0442. \u0420\u0430\u0441\u0441\u043b\u0430\u0431\u043b\u0435\u043d\u043d\u0430\u044f \u0432\u0435\u0441\u0435\u043b\u043e\u0441\u0442\u044c. \u042d\u043a\u043e\u043b\u043e\u0433\u0438\u0447\u043d\u043e\u0435 \u043e\u0442\u043a\u0440\u044b\u0442\u0438\u0435. \u0421\u0432\u044f\u0436\u0438\u0442\u0435\u0441\u044c \u0441 \u043d\u0430\u043c\u0438 mouse@siba-bassin-arcachon.fr \u041f\u0440\u0435\u0434\u043b\u0430\u0433\u0430\u0435\u043c\u0430\u044f \u043f\u0440\u043e\u0433\u0440\u0430\u043c\u043c\u0430 \u0414\u0435\u043d\u044c 1 [\u2026]<\/p>","protected":false},"author":12,"featured_media":47819,"parent":47807,"menu_order":0,"comment_status":"closed","ping_status":"closed","template":"","meta":{"_acf_changed":false,"_uag_custom_page_level_css":"","footnotes":""},"class_list":["post-47842","page","type-page","status-publish","has-post-thumbnail","hentry"],"acf":[],"uagb_featured_image_src":{"full":["https:\/\/dev.bassin-arcachon.com\/wp-content\/uploads\/2020\/09\/6-D\u00e9jeuner-en-bateau-en-hiver-scaled.jpg",1707,2560,false],"thumbnail":["https:\/\/dev.bassin-arcachon.com\/wp-content\/uploads\/2020\/09\/6-D\u00e9jeuner-en-bateau-en-hiver-scaled-150x150.jpg",150,150,true],"medium":["https:\/\/dev.bassin-arcachon.com\/wp-content\/uploads\/2020\/09\/6-D\u00e9jeuner-en-bateau-en-hiver-scaled-200x300.jpg",200,300,true],"medium_large":["https:\/\/dev.bassin-arcachon.com\/wp-content\/uploads\/2020\/09\/6-D\u00e9jeuner-en-bateau-en-hiver-scaled-768x1152.jpg",768,1152,true],"large":["https:\/\/dev.bassin-arcachon.com\/wp-content\/uploads\/2020\/09\/6-D\u00e9jeuner-en-bateau-en-hiver-scaled-683x1024.jpg",683,1024,true],"1536x1536":["https:\/\/dev.bassin-arcachon.com\/wp-content\/uploads\/2020\/09\/6-D\u00e9jeuner-en-bateau-en-hiver-scaled-1024x1536.jpg",1024,1536,true],"2048x2048":["https:\/\/dev.bassin-arcachon.com\/wp-content\/uploads\/2020\/09\/6-D\u00e9jeuner-en-bateau-en-hiver-scaled-1366x2048.jpg",1366,2048,true],"trp-custom-language-flag":["https:\/\/dev.bassin-arcachon.com\/wp-content\/uploads\/2020\/09\/6-D\u00e9jeuner-en-bateau-en-hiver-scaled-8x12.jpg",8,12,true],"fp-small":["https:\/\/dev.bassin-arcachon.com\/wp-content\/uploads\/2020\/09\/6-D\u00e9jeuner-en-bateau-en-hiver-scaled-640x960.jpg",640,960,true],"fp-large":["https:\/\/dev.bassin-arcachon.com\/wp-content\/uploads\/2020\/09\/6-D\u00e9jeuner-en-bateau-en-hiver-scaled-1200x1800.jpg",1200,1800,true],"fp-xlarge":["https:\/\/dev.bassin-arcachon.com\/wp-content\/uploads\/2020\/09\/6-D\u00e9jeuner-en-bateau-en-hiver-scaled.jpg",1707,2560,false]},"uagb_author_info":{"display_name":"Marine, habitante du Bassin d'Arcachon","author_link":"https:\/\/dev.bassin-arcachon.com\/ru\/author\/marinesiba\/"},"uagb_comment_info":0,"uagb_excerpt":"Temp\u00e9ratures douces Le sable et les pistes cyclables rien que pour vous Tarifs pr\u00e9f\u00e9rentiels de novembre \u00e0 mars Convivialit\u00e9 d\u00e9tente D\u00e9couverte \u00e9co-responsable Nous contacter mice@siba-bassin-arcachon.fr Suggestion de programme Jour 1 [&hellip;]","_links":{"self":[{"href":"https:\/\/dev.bassin-arcachon.com\/ru\/wp-json\/wp\/v2\/pages\/47842","targetHints":{"allow":["GET"]}}],"collection":[{"href":"https:\/\/dev.bassin-arcachon.com\/ru\/wp-json\/wp\/v2\/pages"}],"about":[{"href":"https:\/\/dev.bassin-arcachon.com\/ru\/wp-json\/wp\/v2\/types\/page"}],"author":[{"embeddable":true,"href":"https:\/\/dev.bassin-arcachon.com\/ru\/wp-json\/wp\/v2\/users\/12"}],"replies":[{"embeddable":true,"href":"https:\/\/dev.bassin-arcachon.com\/ru\/wp-json\/wp\/v2\/comments?post=47842"}],"version-history":[{"count":0,"href":"https:\/\/dev.bassin-arcachon.com\/ru\/wp-json\/wp\/v2\/pages\/47842\/revisions"}],"up":[{"embeddable":true,"href":"https:\/\/dev.bassin-arcachon.com\/ru\/wp-json\/wp\/v2\/pages\/47807"}],"wp:featuredmedia":[{"embeddable":true,"href":"https:\/\/dev.bassin-arcachon.com\/ru\/wp-json\/wp\/v2\/media\/47819"}],"wp:attachment":[{"href":"https:\/\/dev.bassin-arcachon.com\/ru\/wp-json\/wp\/v2\/media?parent=47842"}],"curies":[{"name":"WP","href":"https:\/\/api.w.org\/{rel}","templated":true}]}}