{"id":47959,"date":"2020-10-02T17:03:51","date_gmt":"2020-10-02T15:03:51","guid":{"rendered":"https:\/\/dev.bassin-arcachon.com\/\/?page_id=47959"},"modified":"2024-05-13T11:46:54","modified_gmt":"2024-05-13T09:46:54","slug":"%d0%bc%d0%b5%d1%81%d1%82%d0%b0-%d0%be%d1%81%d0%bd%d0%be%d0%b2%d0%bd%d1%8b%d0%b5-%d1%81%d0%be%d0%b1%d1%8b%d1%82%d0%b8%d1%8f-%d0%ba%d0%be%d0%bd%d0%b3%d1%80%d0%b5%d1%81%d1%81-%d0%ba%d0%be%d0%bc%d0%bf","status":"publish","type":"page","link":"https:\/\/dev.bassin-arcachon.com\/ru\/%d1%81%d0%b5%d0%bc%d0%b8%d0%bd%d0%b0%d1%80%d1%8b-%d0%ba%d0%be%d0%bd%d0%b3%d1%80%d0%b5%d1%81%d1%81%d1%8b\/%d0%bc%d0%b5%d1%81%d1%82%d0%b0-%d0%be%d1%81%d0%bd%d0%be%d0%b2%d0%bd%d1%8b%d0%b5-%d1%81%d0%be%d0%b1%d1%8b%d1%82%d0%b8%d1%8f-%d0%ba%d0%be%d0%bd%d0%b3%d1%80%d0%b5%d1%81%d1%81-%d0%ba%d0%be%d0%bc%d0%bf\/","title":{"rendered":"\u041e\u0441\u043d\u043e\u0432\u043d\u044b\u0435 \u043c\u0435\u0441\u0442\u0430 \u043f\u0440\u043e\u0432\u0435\u0434\u0435\u043d\u0438\u044f \u043c\u0435\u0440\u043e\u043f\u0440\u0438\u044f\u0442\u0438\u0439"},"content":{"rendered":"<div class=\"wp-block-uagb-container uagb-block-c1770b45 alignfull uagb-is-root-container\"><div class=\"uagb-container-inner-blocks-wrap\">\n<h2 class=\"wp-block-heading\">\u0423\u043d\u0438\u0432\u0435\u0440\u0441\u0430\u043b\u044c\u043d\u044b\u0435 \u0438 \u0432\u043c\u0435\u0441\u0442\u0438\u0442\u0435\u043b\u044c\u043d\u044b\u0435, \u043e\u0442\u043a\u0440\u043e\u0439\u0442\u0435 \u0434\u043b\u044f \u0441\u0435\u0431\u044f \u043c\u0435\u0441\u0442\u0430 \u043f\u0440\u043e\u0432\u0435\u0434\u0435\u043d\u0438\u044f \u0432\u0441\u0435\u0445 \u0432\u0438\u0434\u043e\u0432 \u043f\u0440\u043e\u0444\u0435\u0441\u0441\u0438\u043e\u043d\u0430\u043b\u044c\u043d\u044b\u0445 \u0438 \u043e\u0431\u0449\u0435\u0441\u0442\u0432\u0435\u043d\u043d\u044b\u0445 \u043c\u0435\u0440\u043e\u043f\u0440\u0438\u044f\u0442\u0438\u0439 \u043d\u0430 Bassin \u0432 \u0410\u0440\u043a\u0430\u0448\u043e\u043d\u0435.<\/h2>\n<\/div><\/div>\n\n\n\n<div style=\"height:40px\" aria-hidden=\"true\" class=\"wp-block-spacer\"><\/div>\n\n\n\n<div class=\"wp-block-uagb-container mos_links uagb-block-88128f21 alignfull uagb-is-root-container\"><div class=\"uagb-container-inner-blocks-wrap\">\n<div class=\"wp-block-uagb-container uagb-block-7d8e239c\">\n<div class=\"wp-block-uagb-image uagb-block-a6ca080b wp-block-uagb-image--layout-overlay wp-block-uagb-image--effect-static wp-block-uagb-image--align-none\"><figure class=\"wp-block-uagb-image__figure\"><a class=\"\" href=\"https:\/\/dev.bassin-arcachon.com\/\/wp-content\/uploads\/2020\/07\/Palais-des-Congr%C3%A8s-dArcachon_V3-2.pdf\" target=\"_blank\" rel=\"noreferrer noopener\"><img decoding=\"async\" srcset=\"https:\/\/dev.bassin-arcachon.com\/wp-content\/uploads\/2020\/09\/Salle-Ambassadeurs-ARCACHON-scaled-1024x768.jpeg ,https:\/\/dev.bassin-arcachon.com\/wp-content\/uploads\/2020\/09\/Salle-Ambassadeurs-ARCACHON-scaled.jpeg 780w, https:\/\/dev.bassin-arcachon.com\/wp-content\/uploads\/2020\/09\/Salle-Ambassadeurs-ARCACHON-scaled-1024x768.jpeg 360w\" sizes=\"auto, (max-width: 480px) 150px\" src=\"https:\/\/dev.bassin-arcachon.com\/wp-content\/uploads\/2020\/09\/Salle-Ambassadeurs-ARCACHON-scaled-1024x768.jpeg\" alt=\"- - Bassin d&#039;Arcachon\" class=\"uag-image-47882\" width=\"1024\" height=\"768\" title=\"\u041a\u043e\u043c\u043d\u0430\u0442\u0430 \u043f\u043e\u0441\u043b\u043e\u0432 ARCACHON\" loading=\"lazy\"><\/a><div class=\"wp-block-uagb-image--layout-overlay__color-wrapper\"><\/div><div class=\"wp-block-uagb-image--layout-overlay__inner bottom-left\"><a class=\"wp-block-uagb-image--layout-overlay-link\" href=\"https:\/\/dev.bassin-arcachon.com\/\/wp-content\/uploads\/2020\/07\/Palais-des-Congr%C3%A8s-dArcachon_V3-2.pdf\" target=\"_blank\" rel=\"noreferrer noopener\"><\/a><h3 class=\"uagb-image-heading\">\u041a\u043e\u043d\u0444\u0435\u0440\u0435\u043d\u0446-\u0446\u0435\u043d\u0442\u0440 \u0410\u0440\u043a\u0430\u0448\u043e\u043d\u0430<\/h3><\/div><\/figure><\/div>\n<\/div>\n\n\n\n<div class=\"wp-block-uagb-container uagb-block-12f35ae1\">\n<div class=\"wp-block-uagb-image uagb-block-36f484af wp-block-uagb-image--layout-overlay wp-block-uagb-image--effect-static wp-block-uagb-image--align-none\"><figure class=\"wp-block-uagb-image__figure\"><a class=\"\" href=\"https:\/\/dev.bassin-arcachon.com\/\/wp-content\/uploads\/2020\/07\/Th%C3%A9%C3%A2tre-Olympia_V4-1.pdf\" target=\"_blank\" rel=\"noreferrer noopener\"><img decoding=\"async\" srcset=\"https:\/\/dev.bassin-arcachon.com\/wp-content\/uploads\/2020\/09\/ALAIN-VACHERON-09.05.2010-PLAGE-AUX-ECRIVAIN-OLYMPIA-1024x683.jpg \" sizes=\"auto, (max-width: 480px) 150px\" src=\"https:\/\/dev.bassin-arcachon.com\/wp-content\/uploads\/2020\/09\/ALAIN-VACHERON-09.05.2010-PLAGE-AUX-ECRIVAIN-OLYMPIA-1024x683.jpg\" alt=\"- - Bassin d&#039;Arcachon\" class=\"uag-image-47965\" width=\"1024\" height=\"430\" title=\"- - Bassin d&#039;Arcachon\" loading=\"lazy\"><\/a><div class=\"wp-block-uagb-image--layout-overlay__color-wrapper\"><\/div><div class=\"wp-block-uagb-image--layout-overlay__inner bottom-left\"><a class=\"wp-block-uagb-image--layout-overlay-link\" href=\"https:\/\/dev.bassin-arcachon.com\/\/wp-content\/uploads\/2020\/07\/Th%C3%A9%C3%A2tre-Olympia_V4-1.pdf\" target=\"_blank\" rel=\"noreferrer noopener\"><\/a><h3 class=\"uagb-image-heading\">\u0422\u0435\u0430\u0442\u0440 \u041e\u043b\u0438\u043c\u043f\u0438\u044f \u0432 \u0410\u0440\u043a\u0430\u0448\u043e\u043d\u0435<\/h3><\/div><\/figure><\/div>\n<\/div>\n\n\n\n<div class=\"wp-block-uagb-container uagb-block-883c797d\">\n<div class=\"wp-block-uagb-image uagb-block-bc948bdb wp-block-uagb-image--layout-overlay wp-block-uagb-image--effect-static wp-block-uagb-image--align-none\"><figure class=\"wp-block-uagb-image__figure\"><img decoding=\"async\" srcset=\"https:\/\/dev.bassin-arcachon.com\/wp-content\/uploads\/2020\/09\/salle-du-tir-au-vol-1024x683.jpg \" sizes=\"auto, (max-width: 480px) 150px\" src=\"https:\/\/dev.bassin-arcachon.com\/wp-content\/uploads\/2020\/09\/salle-du-tir-au-vol-1024x683.jpg\" alt=\"- - Bassin d&#039;Arcachon\" class=\"uag-image-47945\" width=\"1024\" height=\"430\" title=\"- - Bassin d&#039;Arcachon\" loading=\"lazy\"><div class=\"wp-block-uagb-image--layout-overlay__color-wrapper\"><\/div><div class=\"wp-block-uagb-image--layout-overlay__inner bottom-left\"><h3 class=\"uagb-image-heading\">\u0410\u0440\u043a\u0430\u0448\u043e\u043d\u0441\u043a\u0430\u044f \u043b\u0435\u0442\u043d\u0430\u044f \u0441\u044a\u0435\u043c\u043e\u0447\u043d\u0430\u044f \u043a\u043e\u043c\u043d\u0430\u0442\u0430<\/h3><\/div><\/figure><\/div>\n<\/div>\n<\/div><\/div>\n\n\n\n<div style=\"height:40px\" aria-hidden=\"true\" class=\"wp-block-spacer uag-hide-mob\"><\/div>\n\n\n\n<div style=\"height:110px\" aria-hidden=\"true\" class=\"wp-block-spacer uag-hide-desktop uag-hide-tab\"><\/div>\n\n\n\n<div class=\"wp-block-uagb-container mos_links uagb-block-967d0399 alignfull uagb-is-root-container\"><div class=\"uagb-container-inner-blocks-wrap\">\n<div class=\"wp-block-uagb-container uagb-block-9c496016\">\n<div class=\"wp-block-uagb-image uagb-block-6bb167a7 wp-block-uagb-image--layout-overlay wp-block-uagb-image--effect-static wp-block-uagb-image--align-none\"><figure class=\"wp-block-uagb-image__figure\"><a class=\"\" href=\"https:\/\/dev.bassin-arcachon.com\/\/wp-content\/uploads\/2020\/07\/Parc-Expo-Bassin-Arcachon_V3-1.pdf\" target=\"_blank\" rel=\"noreferrer noopener\"><img decoding=\"async\" srcset=\"https:\/\/dev.bassin-arcachon.com\/wp-content\/uploads\/2020\/09\/Parc-des-Expositions-La-Teste-scaled-1024x683.jpg ,https:\/\/dev.bassin-arcachon.com\/wp-content\/uploads\/2020\/09\/Parc-des-Expositions-La-Teste-scaled.jpg 780w, https:\/\/dev.bassin-arcachon.com\/wp-content\/uploads\/2020\/09\/Parc-des-Expositions-La-Teste-scaled.jpg 360w\" sizes=\"auto, (max-width: 480px) 150px\" src=\"https:\/\/dev.bassin-arcachon.com\/wp-content\/uploads\/2020\/09\/Parc-des-Expositions-La-Teste-scaled-1024x683.jpg\" alt=\"- - Bassin d&#039;Arcachon\" class=\"uag-image-47962\" width=\"1024\" height=\"683\" title=\"\u0421\u041e\u041d\u0418 \u0414\u0421\u041a\" loading=\"lazy\"><\/a><div class=\"wp-block-uagb-image--layout-overlay__color-wrapper\"><\/div><div class=\"wp-block-uagb-image--layout-overlay__inner bottom-left\"><a class=\"wp-block-uagb-image--layout-overlay-link\" href=\"https:\/\/dev.bassin-arcachon.com\/\/wp-content\/uploads\/2020\/07\/Parc-Expo-Bassin-Arcachon_V3-1.pdf\" target=\"_blank\" rel=\"noreferrer noopener\"><\/a><h3 class=\"uagb-image-heading\">\u0412\u044b\u0441\u0442\u0430\u0432\u043e\u0447\u043d\u044b\u0439 \u043f\u0430\u0440\u043a \u043d\u0430 La Teste de Buch<\/h3><figcaption class=\"uagb-image-caption\">\u0421\u041e\u041d\u0418 \u0414\u0421\u041a<\/figcaption><\/div><\/figure><\/div>\n<\/div>\n\n\n\n<div class=\"wp-block-uagb-container uagb-block-3b43f168\">\n<div class=\"wp-block-uagb-image uagb-block-e5d9e626 wp-block-uagb-image--layout-overlay wp-block-uagb-image--effect-static wp-block-uagb-image--align-none\"><figure class=\"wp-block-uagb-image__figure\"><img decoding=\"async\" srcset=\"https:\/\/dev.bassin-arcachon.com\/wp-content\/uploads\/2020\/03\/hippodrome-du-Bassin-darcachon-1024x468.jpg \" sizes=\"auto, (max-width: 480px) 150px\" src=\"https:\/\/dev.bassin-arcachon.com\/wp-content\/uploads\/2020\/03\/hippodrome-du-Bassin-darcachon-1024x468.jpg\" alt=\"- - Bassin d&#039;Arcachon\" class=\"uag-image-42837\" width=\"1024\" height=\"430\" title=\"- - Bassin d&#039;Arcachon\" loading=\"lazy\"><div class=\"wp-block-uagb-image--layout-overlay__color-wrapper\"><\/div><div class=\"wp-block-uagb-image--layout-overlay__inner bottom-left\"><h3 class=\"uagb-image-heading\">\u0418\u043f\u043f\u043e\u0434\u0440\u043e\u043c 1\u0422\u041f2\u0422<\/h3><\/div><\/figure><\/div>\n<\/div>\n\n\n\n<div class=\"wp-block-uagb-container uagb-block-1cafb40a\">\n<div class=\"wp-block-uagb-image uagb-block-bdb1cd2b wp-block-uagb-image--layout-overlay wp-block-uagb-image--effect-static wp-block-uagb-image--align-none\"><figure class=\"wp-block-uagb-image__figure\"><a class=\"\" href=\"https:\/\/designspa-arcachon.com\/incentives-et-seminaires-hotel-arcachon-la-teste-de-buch\/\" target=\"_blank\" rel=\"noreferrer noopener\"><img decoding=\"async\" srcset=\"https:\/\/dev.bassin-arcachon.com\/wp-content\/uploads\/2020\/09\/Best-Western-design-spa.jpg \" sizes=\"auto, (max-width: 480px) 150px\" src=\"https:\/\/dev.bassin-arcachon.com\/wp-content\/uploads\/2020\/09\/Best-Western-design-spa.jpg\" alt=\"- - Bassin d&#039;Arcachon\" class=\"uag-image-47961\" width=\"800\" height=\"430\" title=\"- - Bassin d&#039;Arcachon\" loading=\"lazy\"><\/a><div class=\"wp-block-uagb-image--layout-overlay__color-wrapper\"><\/div><div class=\"wp-block-uagb-image--layout-overlay__inner bottom-left\"><a class=\"wp-block-uagb-image--layout-overlay-link\" href=\"https:\/\/designspa-arcachon.com\/incentives-et-seminaires-hotel-arcachon-la-teste-de-buch\/\" target=\"_blank\" rel=\"noreferrer noopener\"><\/a><h3 class=\"uagb-image-heading\">Best Western Design &amp; Spa \u0432 La Teste de Buch<\/h3><\/div><\/figure><\/div>\n<\/div>\n<\/div><\/div>\n\n\n\n<div style=\"height:60px\" aria-hidden=\"true\" class=\"wp-block-spacer\"><\/div>","protected":false},"excerpt":{"rendered":"<p>\u0423\u043d\u0438\u0432\u0435\u0440\u0441\u0430\u043b\u044c\u043d\u044b\u0435 \u0438 \u0432\u043c\u0435\u0441\u0442\u0438\u0442\u0435\u043b\u044c\u043d\u044b\u0435, \u043e\u0442\u043a\u0440\u043e\u0439\u0442\u0435 \u0434\u043b\u044f \u0441\u0435\u0431\u044f \u043c\u0435\u0441\u0442\u0430 \u043f\u0440\u043e\u0432\u0435\u0434\u0435\u043d\u0438\u044f \u0432\u0441\u0435\u0445 \u0432\u0438\u0434\u043e\u0432 \u043f\u0440\u043e\u0444\u0435\u0441\u0441\u0438\u043e\u043d\u0430\u043b\u044c\u043d\u044b\u0445 \u0438 \u043e\u0431\u0449\u0435\u0441\u0442\u0432\u0435\u043d\u043d\u044b\u0445 \u043c\u0435\u0440\u043e\u043f\u0440\u0438\u044f\u0442\u0438\u0439 \u043d\u0430 Bassin \u0432 \u0410\u0440\u043a\u0430\u0448\u043e\u043d\u0435.<\/p>","protected":false},"author":12,"featured_media":47824,"parent":47639,"menu_order":0,"comment_status":"closed","ping_status":"closed","template":"","meta":{"_acf_changed":false,"_uag_custom_page_level_css":"","footnotes":""},"class_list":["post-47959","page","type-page","status-publish","has-post-thumbnail","hentry"],"acf":[],"uagb_featured_image_src":{"full":["https:\/\/dev.bassin-arcachon.com\/wp-content\/uploads\/2020\/09\/PDG.jpg",2000,1333,false],"thumbnail":["https:\/\/dev.bassin-arcachon.com\/wp-content\/uploads\/2020\/09\/PDG-150x150.jpg",150,150,true],"medium":["https:\/\/dev.bassin-arcachon.com\/wp-content\/uploads\/2020\/09\/PDG-300x200.jpg",300,200,true],"medium_large":["https:\/\/dev.bassin-arcachon.com\/wp-content\/uploads\/2020\/09\/PDG-768x512.jpg",768,512,true],"large":["https:\/\/dev.bassin-arcachon.com\/wp-content\/uploads\/2020\/09\/PDG-1024x682.jpg",1024,682,true],"1536x1536":["https:\/\/dev.bassin-arcachon.com\/wp-content\/uploads\/2020\/09\/PDG-1536x1024.jpg",1536,1024,true],"2048x2048":["https:\/\/dev.bassin-arcachon.com\/wp-content\/uploads\/2020\/09\/PDG.jpg",2000,1333,false],"trp-custom-language-flag":["https:\/\/dev.bassin-arcachon.com\/wp-content\/uploads\/2020\/09\/PDG-18x12.jpg",18,12,true],"fp-small":["https:\/\/dev.bassin-arcachon.com\/wp-content\/uploads\/2020\/09\/PDG-640x427.jpg",640,427,true],"fp-large":["https:\/\/dev.bassin-arcachon.com\/wp-content\/uploads\/2020\/09\/PDG-1200x800.jpg",1200,800,true],"fp-xlarge":["https:\/\/dev.bassin-arcachon.com\/wp-content\/uploads\/2020\/09\/PDG-1920x1280.jpg",1920,1280,true]},"uagb_author_info":{"display_name":"Marine, habitante du Bassin d'Arcachon","author_link":"https:\/\/dev.bassin-arcachon.com\/ru\/author\/marinesiba\/"},"uagb_comment_info":0,"uagb_excerpt":"Polyvalents et de grande capacit\u00e9, d\u00e9couvrez les lieux accueillant tous types d&rsquo;\u00e9v\u00e9nements professionnels et grand public sur le Bassin d&rsquo;Arcachon.","_links":{"self":[{"href":"https:\/\/dev.bassin-arcachon.com\/ru\/wp-json\/wp\/v2\/pages\/47959","targetHints":{"allow":["GET"]}}],"collection":[{"href":"https:\/\/dev.bassin-arcachon.com\/ru\/wp-json\/wp\/v2\/pages"}],"about":[{"href":"https:\/\/dev.bassin-arcachon.com\/ru\/wp-json\/wp\/v2\/types\/page"}],"author":[{"embeddable":true,"href":"https:\/\/dev.bassin-arcachon.com\/ru\/wp-json\/wp\/v2\/users\/12"}],"replies":[{"embeddable":true,"href":"https:\/\/dev.bassin-arcachon.com\/ru\/wp-json\/wp\/v2\/comments?post=47959"}],"version-history":[{"count":0,"href":"https:\/\/dev.bassin-arcachon.com\/ru\/wp-json\/wp\/v2\/pages\/47959\/revisions"}],"up":[{"embeddable":true,"href":"https:\/\/dev.bassin-arcachon.com\/ru\/wp-json\/wp\/v2\/pages\/47639"}],"wp:featuredmedia":[{"embeddable":true,"href":"https:\/\/dev.bassin-arcachon.com\/ru\/wp-json\/wp\/v2\/media\/47824"}],"wp:attachment":[{"href":"https:\/\/dev.bassin-arcachon.com\/ru\/wp-json\/wp\/v2\/media?parent=47959"}],"curies":[{"name":"WP","href":"https:\/\/api.w.org\/{rel}","templated":true}]}}