{"id":743,"date":"2017-04-04T11:30:58","date_gmt":"2017-04-04T09:30:58","guid":{"rendered":"https:\/\/dev.bassin-arcachon.com\/\/?page_id=743"},"modified":"2024-12-16T14:03:28","modified_gmt":"2024-12-16T13:03:28","slug":"wi-fi-%d0%b0%d1%80%d0%ba%d0%b0%d1%88%d0%be%d0%bd","status":"publish","type":"page","link":"https:\/\/dev.bassin-arcachon.com\/ru\/%d0%bd%d0%b0%d0%b9%d0%b4%d0%b8-%d1%81%d0%b2%d0%be%d1%8e-%d1%82%d0%be%d1%87%d0%ba%d1%83-%d0%b4%d0%be%d1%81%d1%82%d1%83%d0%bf%d0%b0-wi-fi\/wi-fi-%d0%b0%d1%80%d0%ba%d0%b0%d1%88%d0%be%d0%bd\/","title":{"rendered":"\u0414\u043e\u0431\u0440\u043e \u043f\u043e\u0436\u0430\u043b\u043e\u0432\u0430\u0442\u044c \u0432 \u0410\u0440\u043a\u0430\u0448\u043e\u043d"},"content":{"rendered":"<div style=\"height:40px\" aria-hidden=\"true\" class=\"wp-block-spacer\"><\/div>\n\n\n\n<div class=\"wp-block-uagb-container uagb-block-55e89c32 alignfull uagb-is-root-container\"><div class=\"uagb-container-inner-blocks-wrap\">\n<h2 class=\"wp-block-heading\">\u0410\u0440\u043a\u0430\u0448\u043e\u043d \u043f\u0440\u0435\u0434\u043b\u0430\u0433\u0430\u0435\u0442 \u0432\u0430\u043c \u0431\u0435\u0441\u043f\u043b\u0430\u0442\u043d\u044b\u0439 \u0438 \u0431\u0435\u0437\u043e\u043f\u0430\u0441\u043d\u044b\u0439 \u0434\u043e\u0441\u0442\u0443\u043f \u043a Wi-Fi \u0434\u043b\u044f \u0441\u0432\u043e\u0431\u043e\u0434\u043d\u043e\u0433\u043e \u0434\u043e\u0441\u0442\u0443\u043f\u0430 \u0432 \u0418\u043d\u0442\u0435\u0440\u043d\u0435\u0442 \u0432 \u043e\u0431\u043e\u0440\u0443\u0434\u043e\u0432\u0430\u043d\u043d\u044b\u0445 \u043e\u0431\u0449\u0435\u0441\u0442\u0432\u0435\u043d\u043d\u044b\u0445 \u043c\u0435\u0441\u0442\u0430\u0445.<\/h2>\n<\/div><\/div>\n\n\n\n<div class=\"wp-block-uagb-container uagb-block-4700e32c alignfull uagb-is-root-container\"><div class=\"uagb-container-inner-blocks-wrap\">\n<div class=\"wp-block-uagb-container uagb-block-de8da834\">\n<p><\/p>\n\n\n\n<h3 class=\"wp-block-heading\">\u041d\u0435\u0437\u0430\u0432\u0438\u0441\u0438\u043c\u043e \u043e\u0442 \u0442\u043e\u0433\u043e, \u043f\u0440\u0438\u0435\u0445\u0430\u043b\u0438 \u043b\u0438 \u0432\u044b \u043e\u0441\u0435\u043d\u044c\u044e, \u0437\u0438\u043c\u043e\u0439, \u043b\u0435\u0442\u043e\u043c \u0438\u043b\u0438 \u0432\u0435\u0441\u043d\u043e\u0439, \u043a\u0430\u0436\u0434\u044b\u0439 \u0441\u0435\u0437\u043e\u043d \u0432 \u0410\u0440\u043a\u0430\u0448\u043e\u043d\u0435 \u043f\u043e\u0434\u0430\u0440\u0438\u0442 \u0432\u0430\u043c \u0443\u043d\u0438\u043a\u0430\u043b\u044c\u043d\u044b\u0435 \u0432\u043f\u0435\u0447\u0430\u0442\u043b\u0435\u043d\u0438\u044f.<\/h3>\n\n\n\n<p><br>\u041d\u0430\u0441\u043b\u0430\u0436\u0434\u0430\u0439\u0442\u0435\u0441\u044c \u0441\u043f\u043e\u043a\u043e\u0439\u0441\u0442\u0432\u0438\u0435\u043c \u043e\u0441\u0435\u043d\u0438 \u0441 \u0435\u0435 \u0442\u0435\u043f\u043b\u044b\u043c\u0438 \u043a\u0440\u0430\u0441\u043a\u0430\u043c\u0438, \u0440\u0430\u0441\u0441\u043b\u0430\u0431\u044c\u0442\u0435\u0441\u044c \u0437\u0438\u043c\u043e\u0439, \u043d\u0430\u0441\u043b\u0430\u0436\u0434\u0430\u044f\u0441\u044c \u043c\u043e\u043c\u0435\u043d\u0442\u0430\u043c\u0438 \u0431\u043b\u0430\u0433\u043e\u043f\u043e\u043b\u0443\u0447\u0438\u044f \u0438 \u043a\u0443\u043b\u044c\u0442\u0443\u0440\u044b, \u043f\u0440\u043e\u0432\u0435\u0434\u0438\u0442\u0435 \u043d\u0435\u0437\u0430\u0431\u044b\u0432\u0430\u0435\u043c\u044b\u0435 \u043b\u0435\u0442\u043d\u0438\u0435 \u043a\u0430\u043d\u0438\u043a\u0443\u043b\u044b \u043f\u043e\u0434 \u0441\u043e\u043b\u043d\u0446\u0435\u043c \u0438\u043b\u0438 \u0437\u0430\u043d\u043e\u0432\u043e \u043e\u0442\u043a\u0440\u043e\u0439\u0442\u0435 \u0434\u043b\u044f \u0441\u0435\u0431\u044f \u044f\u0440\u043a\u0443\u044e \u0432\u0435\u0441\u0435\u043d\u043d\u044e\u044e \u043f\u0440\u0438\u0440\u043e\u0434\u0443.<br>\u041f\u043b\u0430\u0432\u0430\u0439\u0442\u0435 \u043f\u043e \u0431\u0435\u0437\u043c\u044f\u0442\u0435\u0436\u043d\u043e\u043c\u0443 \u0432\u043e\u0434\u043e\u0435\u043c\u0443, \u0438\u0441\u0441\u043b\u0435\u0434\u0443\u0439\u0442\u0435 \u043a\u0443\u043b\u044c\u0442\u0443\u0440\u043d\u044b\u0435 \u043c\u0435\u0440\u043e\u043f\u0440\u0438\u044f\u0442\u0438\u044f, \u043d\u0430\u0441\u043b\u0430\u0436\u0434\u0430\u0439\u0442\u0435\u0441\u044c \u043c\u0435\u0441\u0442\u043d\u043e\u0439 \u0433\u0430\u0441\u0442\u0440\u043e\u043d\u043e\u043c\u0438\u0435\u0439 \u0438 \u043f\u043e\u0437\u0432\u043e\u043b\u044c\u0442\u0435 \u0441\u0435\u0431\u0435 \u0431\u044b\u0442\u044c \u043e\u0447\u0430\u0440\u043e\u0432\u0430\u043d\u043d\u044b\u043c\u0438 \u043f\u0435\u0439\u0437\u0430\u0436\u0430\u043c\u0438 \u0438 \u0430\u0442\u043c\u043e\u0441\u0444\u0435\u0440\u043e\u0439 Bassin \u0410\u0440\u043a\u0430\u0448\u043e\u043d\u0430. \u0414\u043b\u044f \u0431\u043e\u043b\u044c\u0448\u0435\u0433\u043e \u0432\u0434\u043e\u0445\u043d\u043e\u0432\u0435\u043d\u0438\u044f \u043f\u043e\u0441\u0435\u0442\u0438\u0442\u0435 <a href=\"http:\/\/www.arcachon.com\" target=\"_blank\" rel=\"noopener\">www.arcachon.com<\/a> \u0438\u043b\u0438 \u0441\u0432\u044f\u0436\u0438\u0442\u0435\u0441\u044c \u0441 \u0442\u0443\u0440\u0438\u0441\u0442\u0438\u0447\u0435\u0441\u043a\u0438\u043c \u043e\u0444\u0438\u0441\u043e\u043c \u0434\u043b\u044f \u0438\u043d\u0434\u0438\u0432\u0438\u0434\u0443\u0430\u043b\u044c\u043d\u043e\u0439 \u043f\u043e\u0434\u0434\u0435\u0440\u0436\u043a\u0438.<\/p>\n\n\n\n<p>\u0418 \u0445\u043e\u0440\u043e\u0448\u0430\u044f \u043d\u043e\u0432\u043e\u0441\u0442\u044c: \u0431\u043b\u0430\u0433\u043e\u0434\u0430\u0440\u044f \u0442\u0435\u0440\u0440\u0438\u0442\u043e\u0440\u0438\u0430\u043b\u044c\u043d\u043e\u043c\u0443 Wi-Fi \u0432\u044b \u043c\u043e\u0436\u0435\u0442\u0435 \u0438\u0441\u0441\u043b\u0435\u0434\u043e\u0432\u0430\u0442\u044c \u0441\u0430\u0439\u0442, \u043d\u0435 \u0438\u0434\u0435\u043d\u0442\u0438\u0444\u0438\u0446\u0438\u0440\u0443\u044f \u0441\u0435\u0431\u044f. \u041f\u043e\u043b\u0443\u0447\u0438\u0442\u0435 \u043c\u0430\u043a\u0441\u0438\u043c\u0443\u043c \u0443\u0434\u043e\u0432\u043e\u043b\u044c\u0441\u0442\u0432\u0438\u044f \u043e\u0442 \u043f\u0440\u0435\u0431\u044b\u0432\u0430\u043d\u0438\u044f \u0432 \u0410\u0440\u043a\u0430\u0448\u043e\u043d\u0435!<\/p>\n<\/div>\n\n\n\n<div class=\"wp-block-uagb-container uagb-block-8631efe1\">\n<figure class=\"wp-block-image size-large\"><img loading=\"lazy\" decoding=\"async\" width=\"1024\" height=\"1024\" src=\"https:\/\/dev.bassin-arcachon.com\/wp-content\/uploads\/2022\/10\/ville-dhiver-velo-arcachon-1024x1024.jpg\" alt=\"- - Bassin d&#039;Arcachon\" class=\"wp-image-52836\" title=\"- - Bassin d&#039;Arcachon\" srcset=\"https:\/\/dev.bassin-arcachon.com\/wp-content\/uploads\/2022\/10\/ville-dhiver-velo-arcachon-1024x1024.jpg 1024w, https:\/\/dev.bassin-arcachon.com\/wp-content\/uploads\/2022\/10\/ville-dhiver-velo-arcachon-300x300.jpg 300w, https:\/\/dev.bassin-arcachon.com\/wp-content\/uploads\/2022\/10\/ville-dhiver-velo-arcachon-150x150.jpg 150w, https:\/\/dev.bassin-arcachon.com\/wp-content\/uploads\/2022\/10\/ville-dhiver-velo-arcachon-768x768.jpg 768w, https:\/\/dev.bassin-arcachon.com\/wp-content\/uploads\/2022\/10\/ville-dhiver-velo-arcachon-12x12.jpg 12w, https:\/\/dev.bassin-arcachon.com\/wp-content\/uploads\/2022\/10\/ville-dhiver-velo-arcachon-640x640.jpg 640w, https:\/\/dev.bassin-arcachon.com\/wp-content\/uploads\/2022\/10\/ville-dhiver-velo-arcachon.jpg 1080w\" sizes=\"auto, (max-width: 1024px) 100vw, 1024px\" \/><\/figure>\n<\/div>\n<\/div><\/div>\n\n\n\n<div class=\"wp-block-uagb-container uagb-block-894d81b3 alignfull uagb-is-root-container\"><div class=\"uagb-container-inner-blocks-wrap\"><\/div><\/div>\n\n\n\n<div style=\"height:40px\" aria-hidden=\"true\" class=\"wp-block-spacer\"><\/div>\n\n\n\n<div class=\"wp-block-uagb-container uagb-block-f74ed760 alignfull uagb-is-root-container\"><div class=\"uagb-container-inner-blocks-wrap\">\n<h3 class=\"wp-block-heading\">\u0421\u0435\u0440\u0444\u0438\u043d\u0433 \u0441 \u0443\u043c\u043e\u043c!<\/h3>\n\n\n\n<p>\u0421\u0435\u0442\u044c WiFi_Bassin_Arcachon \u043f\u043e\u043c\u043d\u0438\u0442 \u0432\u0430\u0441! \u0421\u043e\u0435\u0434\u0438\u043d\u0435\u043d\u0438\u0435 \u0431\u0443\u0434\u0435\u0442 \u043f\u0440\u043e\u0438\u0437\u0432\u043e\u0434\u0438\u0442\u044c\u0441\u044f \u0430\u0432\u0442\u043e\u043c\u0430\u0442\u0438\u0447\u0435\u0441\u043a\u0438 \u043d\u0430 \u043e\u0434\u043d\u043e\u043c \u0438 \u0442\u043e\u043c \u0436\u0435 \u0443\u0441\u0442\u0440\u043e\u0439\u0441\u0442\u0432\u0435 \u043a\u0430\u0436\u0434\u044b\u0439 \u0440\u0430\u0437, \u043a\u043e\u0433\u0434\u0430 \u0432\u044b \u043d\u0430\u0445\u043e\u0434\u0438\u0442\u0435\u0441\u044c \u0440\u044f\u0434\u043e\u043c \u0441 \u043e\u0434\u043d\u0438\u043c \u0438\u0437 \u043d\u0430\u0448\u0438\u0445 WiFi-\u0442\u0435\u0440\u043c\u0438\u043d\u0430\u043b\u043e\u0432, \u043d\u0435\u0437\u0430\u0432\u0438\u0441\u0438\u043c\u043e \u043e\u0442 \u043c\u0443\u043d\u0438\u0446\u0438\u043f\u0430\u043b\u0438\u0442\u0435\u0442\u0430 Bassin. \u041d\u0435 \u0437\u0430\u0431\u0443\u0434\u044c\u0442\u0435 \u043f\u0435\u0440\u0435\u0437\u0430\u043f\u0443\u0441\u0442\u0438\u0442\u044c \u0431\u0440\u0430\u0443\u0437\u0435\u0440.<\/p>\n<\/div><\/div>\n\n\n\n<div class=\"wp-block-uagb-container uagb-block-c032b844 alignfull uagb-is-root-container\"><div class=\"uagb-container-inner-blocks-wrap\">\n<h3 class=\"wp-block-heading\">\u0426\u0438\u0444\u0440\u043e\u0432\u0430\u044f \u0442\u0440\u0435\u0437\u0432\u043e\u0441\u0442\u044c<\/h3>\n\n\n\n<p>\u0414\u0430\u0432\u0430\u0439\u0442\u0435 \u043f\u0440\u0435\u0434\u043f\u0440\u0438\u043c\u0435\u043c \u043f\u0440\u0430\u0432\u0438\u043b\u044c\u043d\u044b\u0435 \u0434\u0435\u0439\u0441\u0442\u0432\u0438\u044f \u0434\u043b\u044f \u0431\u043e\u043b\u0435\u0435 \u0437\u0435\u043b\u0435\u043d\u043e\u0433\u043e \u0446\u0438\u0444\u0440\u043e\u0432\u043e\u0433\u043e \u043c\u0438\u0440\u0430! \u0414\u0430\u0432\u0430\u0439\u0442\u0435 \u0432\u043c\u0435\u0441\u0442\u0435 \u0443\u043c\u0435\u043d\u044c\u0448\u0438\u043c \u043d\u0430\u0448\u0435 \u0432\u043e\u0437\u0434\u0435\u0439\u0441\u0442\u0432\u0438\u0435 \u043d\u0430 \u043e\u043a\u0440\u0443\u0436\u0430\u044e\u0449\u0443\u044e \u0441\u0440\u0435\u0434\u0443, \u043f\u0440\u0438\u043d\u044f\u0432 \u043f\u0440\u043e\u0441\u0442\u044b\u0435 \u043c\u0435\u0440\u044b \u0434\u043b\u044f \u0431\u043e\u043b\u0435\u0435 \u043e\u0442\u0432\u0435\u0442\u0441\u0442\u0432\u0435\u043d\u043d\u043e\u0433\u043e \u0446\u0438\u0444\u0440\u043e\u0432\u043e\u0433\u043e \u043c\u0438\u0440\u0430. \u041e\u0437\u043d\u0430\u043a\u043e\u043c\u044c\u0442\u0435\u0441\u044c \u0441 \u043d\u0430\u0448\u0438\u043c\u0438 \u043f\u0440\u0430\u043a\u0442\u0438\u0447\u0435\u0441\u043a\u0438\u043c\u0438 \u0441\u043e\u0432\u0435\u0442\u0430\u043c\u0438 <strong><a href=\"https:\/\/www.ecologie.gouv.fr\/sites\/default\/files\/guide-en-route-vers-sobriete-numerique.pdf\" target=\"_blank\" rel=\"noopener\">\u043d\u0430 \u044d\u0442\u043e\u043c \u0441\u0430\u0439\u0442\u0435 <\/a>! <\/strong><\/p>\n<\/div><\/div>\n\n\n\n<div style=\"height:40px\" aria-hidden=\"true\" class=\"wp-block-spacer\"><\/div>","protected":false},"excerpt":{"rendered":"<p>\u0412 \u0410\u0440\u043a\u0430\u0448\u043e\u043d\u0435 \u043f\u0440\u0435\u0434\u043e\u0441\u0442\u0430\u0432\u043b\u044f\u0435\u0442\u0441\u044f \u0431\u0435\u0441\u043f\u043b\u0430\u0442\u043d\u044b\u0439 \u0438 \u0431\u0435\u0437\u043e\u043f\u0430\u0441\u043d\u044b\u0439 \u0434\u043e\u0441\u0442\u0443\u043f \u043a Wi-Fi \u0434\u043b\u044f \u0441\u0432\u043e\u0431\u043e\u0434\u043d\u043e\u0433\u043e \u043f\u0440\u043e\u0441\u043c\u043e\u0442\u0440\u0430 \u0438\u043d\u0442\u0435\u0440\u043d\u0435\u0442\u0430 \u0432 \u043e\u0431\u043e\u0440\u0443\u0434\u043e\u0432\u0430\u043d\u043d\u044b\u0445 \u043e\u0431\u0449\u0435\u0441\u0442\u0432\u0435\u043d\u043d\u044b\u0445 \u043c\u0435\u0441\u0442\u0430\u0445. \u041d\u0435\u0437\u0430\u0432\u0438\u0441\u0438\u043c\u043e \u043e\u0442 \u0442\u043e\u0433\u043e, \u043f\u0440\u0438\u0435\u0445\u0430\u043b\u0438 \u0432\u044b \u0441\u044e\u0434\u0430 \u043e\u0441\u0435\u043d\u044c\u044e, \u0437\u0438\u043c\u043e\u0439, \u043b\u0435\u0442\u043e\u043c \u0438\u043b\u0438 \u0432\u0435\u0441\u043d\u043e\u0439, [\u2026]<\/p>","protected":false},"author":25,"featured_media":49131,"parent":69,"menu_order":9,"comment_status":"closed","ping_status":"closed","template":"","meta":{"_acf_changed":false,"_uag_custom_page_level_css":"","footnotes":""},"class_list":["post-743","page","type-page","status-publish","has-post-thumbnail","hentry"],"acf":[],"uagb_featured_image_src":{"full":["https:\/\/dev.bassin-arcachon.com\/wp-content\/uploads\/2021\/03\/pereire-arcachon-3-scaled.jpg",2560,1707,false],"thumbnail":["https:\/\/dev.bassin-arcachon.com\/wp-content\/uploads\/2021\/03\/pereire-arcachon-3-scaled-150x150.jpg",150,150,true],"medium":["https:\/\/dev.bassin-arcachon.com\/wp-content\/uploads\/2021\/03\/pereire-arcachon-3-scaled-300x200.jpg",300,200,true],"medium_large":["https:\/\/dev.bassin-arcachon.com\/wp-content\/uploads\/2021\/03\/pereire-arcachon-3-scaled-768x512.jpg",768,512,true],"large":["https:\/\/dev.bassin-arcachon.com\/wp-content\/uploads\/2021\/03\/pereire-arcachon-3-scaled-1024x683.jpg",1024,683,true],"1536x1536":["https:\/\/dev.bassin-arcachon.com\/wp-content\/uploads\/2021\/03\/pereire-arcachon-3-scaled-1536x1024.jpg",1536,1024,true],"2048x2048":["https:\/\/dev.bassin-arcachon.com\/wp-content\/uploads\/2021\/03\/pereire-arcachon-3-scaled-2048x1366.jpg",2048,1366,true],"trp-custom-language-flag":["https:\/\/dev.bassin-arcachon.com\/wp-content\/uploads\/2021\/03\/pereire-arcachon-3-scaled-18x12.jpg",18,12,true],"fp-small":["https:\/\/dev.bassin-arcachon.com\/wp-content\/uploads\/2021\/03\/pereire-arcachon-3-scaled-640x427.jpg",640,427,true],"fp-large":["https:\/\/dev.bassin-arcachon.com\/wp-content\/uploads\/2021\/03\/pereire-arcachon-3-scaled-1200x800.jpg",1200,800,true],"fp-xlarge":["https:\/\/dev.bassin-arcachon.com\/wp-content\/uploads\/2021\/03\/pereire-arcachon-3-scaled-1920x1280.jpg",1920,1280,true]},"uagb_author_info":{"display_name":"Marie Clauzel","author_link":"https:\/\/dev.bassin-arcachon.com\/ru\/author\/mariesiba\/"},"uagb_comment_info":0,"uagb_excerpt":"Arcachon vous offre un acc\u00e8s WiFi gratuit et s\u00e9curis\u00e9 pour surfer sur Internet librement dans les lieux publics \u00e9quip\u00e9s. Que vous soyez l\u00e0 pour l&rsquo;automne, l&rsquo;hiver, l&rsquo;\u00e9t\u00e9 ou le printemps, [&hellip;]","_links":{"self":[{"href":"https:\/\/dev.bassin-arcachon.com\/ru\/wp-json\/wp\/v2\/pages\/743","targetHints":{"allow":["GET"]}}],"collection":[{"href":"https:\/\/dev.bassin-arcachon.com\/ru\/wp-json\/wp\/v2\/pages"}],"about":[{"href":"https:\/\/dev.bassin-arcachon.com\/ru\/wp-json\/wp\/v2\/types\/page"}],"author":[{"embeddable":true,"href":"https:\/\/dev.bassin-arcachon.com\/ru\/wp-json\/wp\/v2\/users\/25"}],"replies":[{"embeddable":true,"href":"https:\/\/dev.bassin-arcachon.com\/ru\/wp-json\/wp\/v2\/comments?post=743"}],"version-history":[{"count":1,"href":"https:\/\/dev.bassin-arcachon.com\/ru\/wp-json\/wp\/v2\/pages\/743\/revisions"}],"predecessor-version":[{"id":119041,"href":"https:\/\/dev.bassin-arcachon.com\/ru\/wp-json\/wp\/v2\/pages\/743\/revisions\/119041"}],"up":[{"embeddable":true,"href":"https:\/\/dev.bassin-arcachon.com\/ru\/wp-json\/wp\/v2\/pages\/69"}],"wp:featuredmedia":[{"embeddable":true,"href":"https:\/\/dev.bassin-arcachon.com\/ru\/wp-json\/wp\/v2\/media\/49131"}],"wp:attachment":[{"href":"https:\/\/dev.bassin-arcachon.com\/ru\/wp-json\/wp\/v2\/media?parent=743"}],"curies":[{"name":"WP","href":"https:\/\/api.w.org\/{rel}","templated":true}]}}