{"id":752,"date":"2017-04-04T12:20:56","date_gmt":"2017-04-04T10:20:56","guid":{"rendered":"https:\/\/dev.bassin-arcachon.com\/\/?page_id=752"},"modified":"2024-12-16T14:01:58","modified_gmt":"2024-12-16T13:01:58","slug":"wi-fi-%d0%b0%d0%bd%d0%b4%d0%b5%d1%80%d0%bd%d0%be%d1%81-%d0%bb%d0%b5-%d0%b1%d0%b5%d0%bd","status":"publish","type":"page","link":"https:\/\/dev.bassin-arcachon.com\/ru\/%d0%bd%d0%b0%d0%b9%d0%b4%d0%b8-%d1%81%d0%b2%d0%be%d1%8e-%d1%82%d0%be%d1%87%d0%ba%d1%83-%d0%b4%d0%be%d1%81%d1%82%d1%83%d0%bf%d0%b0-wi-fi\/wi-fi-%d0%b0%d0%bd%d0%b4%d0%b5%d1%80%d0%bd%d0%be%d1%81-%d0%bb%d0%b5-%d0%b1%d0%b5%d0%bd\/","title":{"rendered":"\u0414\u043e\u0431\u0440\u043e \u043f\u043e\u0436\u0430\u043b\u043e\u0432\u0430\u0442\u044c \u0432 \u0410\u043d\u0434\u0435\u0440\u043d\u043e\u0441-\u043b\u0435-\u0411\u0435\u043d"},"content":{"rendered":"<div class=\"wp-block-uagb-container uagb-block-28c4200d alignfull uagb-is-root-container\"><div class=\"uagb-container-inner-blocks-wrap\">\n<div class=\"wp-block-uagb-container uagb-block-ac1923b3\">\n<h2 class=\"wp-block-heading\">\u0410\u043d\u0434\u0435\u0440\u043d\u043e\u0441 \u043f\u0440\u0435\u0434\u043b\u0430\u0433\u0430\u0435\u0442 \u0432\u0430\u043c \u0431\u0435\u0441\u043f\u043b\u0430\u0442\u043d\u044b\u0439 \u0438 \u0431\u0435\u0437\u043e\u043f\u0430\u0441\u043d\u044b\u0439 \u0434\u043e\u0441\u0442\u0443\u043f \u043a Wi-Fi \u0434\u043b\u044f \u0441\u0432\u043e\u0431\u043e\u0434\u043d\u043e\u0433\u043e \u0434\u043e\u0441\u0442\u0443\u043f\u0430 \u0432 \u0418\u043d\u0442\u0435\u0440\u043d\u0435\u0442 \u0432 \u0442\u0443\u0440\u0438\u0441\u0442\u0438\u0447\u0435\u0441\u043a\u043e\u043c \u043e\u0444\u0438\u0441\u0435.<\/h2>\n\n\n\n<p>\u041a \u0441\u0435\u0432\u0435\u0440\u0443 \u043e\u0442 Bassin \u0410\u0440\u043a\u0430\u0448\u043e\u043d\u0430 \u043c\u044b \u0438\u0441\u0441\u043b\u0435\u0434\u0443\u0435\u043c \u0443\u0441\u0442\u0440\u0438\u0447\u043d\u044b\u0439 \u043f\u043e\u0440\u0442 \u0410\u043d\u0434\u0435\u0440\u043d\u043e\u0441 \u043d\u0430 \u0432\u0435\u043b\u043e\u0441\u0438\u043f\u0435\u0434\u0435 \u0432 \u043f\u043e\u0438\u0441\u043a\u0430\u0445 \u0441\u0432\u0435\u0436\u0438\u0445 \u0443\u0441\u0442\u0440\u0438\u0446 \u0438 \u043f\u0440\u043e\u0433\u0443\u043b\u044f\u0435\u043c\u0441\u044f \u043f\u043e \u0431\u043e\u043b\u044c\u0448\u043e\u043c\u0443 \u043f\u0438\u0440\u0441\u0443, \u043f\u0440\u0435\u0436\u0434\u0435 \u0447\u0435\u043c \u0441\u0432\u0435\u0440\u043d\u0443\u0442\u044c \u0441 \u043f\u0440\u043e\u0442\u043e\u0440\u0435\u043d\u043d\u043e\u0439 \u0434\u043e\u0440\u043e\u0433\u0438 \u0432 \u043f\u043e\u0438\u0441\u043a\u0430\u0445 \u043d\u0430\u0433\u0433\u0435\u0442\u0441\u043e\u0432.&nbsp;<a href=\"https:\/\/www.bassin-arcachon.com\/nos-villes-et-villages\/andernos-les-bains\/\">\u0410\u043d\u0434\u0435\u0440\u043d\u043e\u0441-\u043b\u0435-\u0411\u0435\u043d<\/a>, \u043e\u0434\u0438\u043d \u0438\u0437 \u0441\u0430\u043c\u044b\u0445 \u043e\u0436\u0438\u0432\u043b\u0435\u043d\u043d\u044b\u0445 \u0433\u043e\u0440\u043e\u0434\u043e\u0432 Bassin, \u0433\u0434\u0435 \u043f\u0440\u043e\u0432\u043e\u0434\u0438\u0442\u0441\u044f \u0431\u043e\u043b\u0435\u0435 500 \u043c\u0435\u0440\u043e\u043f\u0440\u0438\u044f\u0442\u0438\u0439 \u0432 \u0433\u043e\u0434.<\/p>\n<\/div>\n\n\n\n<div class=\"wp-block-uagb-container uagb-block-9a1f3a06\">\n<div class=\"wp-block-uagb-image uagb-block-a215d8dc wp-block-uagb-image--layout-default wp-block-uagb-image--effect-static wp-block-uagb-image--align-none\"><figure class=\"wp-block-uagb-image__figure\"><img decoding=\"async\" srcset=\"https:\/\/dev.bassin-arcachon.com\/wp-content\/uploads\/2018\/10\/balades-amis-quinconces-andernos.jpg \" sizes=\"auto, (max-width: 480px) 150px\" src=\"https:\/\/dev.bassin-arcachon.com\/wp-content\/uploads\/2018\/10\/balades-amis-quinconces-andernos.jpg\" alt=\"\u0421 \u0434\u0440\u0443\u0437\u044c\u044f\u043c\u0438 \u0432 \u041a\u0438\u043d\u043a\u043e\u043d\u0441\u0435 \u0432 \u0410\u043d\u0434\u0435\u0440\u043d\u043e\u0441\u0435\" class=\"uag-image-26679\" width=\"1220\" height=\"600\" title=\"- - Bassin d&#039;Arcachon\" loading=\"lazy\" role=\"img\"><\/figure><\/div>\n<\/div>\n<\/div><\/div>\n\n\n\n<div style=\"height:40px\" aria-hidden=\"true\" class=\"wp-block-spacer\"><\/div>\n\n\n\n<div class=\"wp-block-uagb-container uagb-block-dcc38588 alignfull uagb-is-root-container\"><div class=\"uagb-container-inner-blocks-wrap\">\n<figure class=\"wp-block-pullquote\"><blockquote><p>\u041e\u0442\u043a\u0440\u043e\u0439\u0442\u0435 \u0434\u043b\u044f \u0441\u0435\u0431\u044f \u0433\u043e\u0440\u043e\u0434 \u0410\u043d\u0434\u0435\u0440\u043d\u043e\u0441-\u043b\u0435-\u0411\u0435\u043d \u043d\u0430&nbsp;<a href=\"https:\/\/andernos-tourisme.fr\/\" target=\"_blank\" rel=\"noreferrer noopener\">andernos-tourisme.fr<\/a>.<br>\u041f\u0440\u043e\u0441\u043c\u043e\u0442\u0440\u0438\u0442\u0435 \u044d\u0442\u043e&nbsp;<a href=\"https:\/\/www.bassin-arcachon.com\/\">\u0432\u0435\u0431-\u0441\u0430\u0439\u0442 Bassin \u0410\u0440\u043a\u0430\u0448\u043e\u043d\u0430<\/a>. <br>\u0412\u0430\u043c \u043d\u0435 \u043d\u0443\u0436\u043d\u043e \u0438\u0434\u0435\u043d\u0442\u0438\u0444\u0438\u0446\u0438\u0440\u043e\u0432\u0430\u0442\u044c \u0441\u0435\u0431\u044f!<\/p><\/blockquote><\/figure>\n<\/div><\/div>\n\n\n\n<div style=\"height:40px\" aria-hidden=\"true\" class=\"wp-block-spacer\"><\/div>\n\n\n\n<div class=\"wp-block-uagb-container uagb-block-9ca951b6 alignfull uagb-is-root-container\"><div class=\"uagb-container-inner-blocks-wrap\">\n<h3 class=\"wp-block-heading\">\u0421\u0435\u0440\u0444\u0438\u043d\u0433 \u0441 \u0443\u043c\u043e\u043c!<\/h3>\n\n\n\n<p>\u0421\u0435\u0442\u044c WiFi_Bassin_Arcachon \u043f\u043e\u043c\u043d\u0438\u0442 \u0432\u0430\u0441! \u0421\u043e\u0435\u0434\u0438\u043d\u0435\u043d\u0438\u0435 \u0431\u0443\u0434\u0435\u0442 \u043f\u0440\u043e\u0438\u0437\u0432\u043e\u0434\u0438\u0442\u044c\u0441\u044f \u0430\u0432\u0442\u043e\u043c\u0430\u0442\u0438\u0447\u0435\u0441\u043a\u0438 \u043d\u0430 \u043e\u0434\u043d\u043e\u043c \u0438 \u0442\u043e\u043c \u0436\u0435 \u0443\u0441\u0442\u0440\u043e\u0439\u0441\u0442\u0432\u0435 \u043a\u0430\u0436\u0434\u044b\u0439 \u0440\u0430\u0437, \u043a\u043e\u0433\u0434\u0430 \u0432\u044b \u043d\u0430\u0445\u043e\u0434\u0438\u0442\u0435\u0441\u044c \u0440\u044f\u0434\u043e\u043c \u0441 \u043e\u0434\u043d\u0438\u043c \u0438\u0437 \u043d\u0430\u0448\u0438\u0445 WiFi-\u0442\u0435\u0440\u043c\u0438\u043d\u0430\u043b\u043e\u0432, \u043d\u0435\u0437\u0430\u0432\u0438\u0441\u0438\u043c\u043e \u043e\u0442 \u043c\u0443\u043d\u0438\u0446\u0438\u043f\u0430\u043b\u0438\u0442\u0435\u0442\u0430 Bassin. \u041d\u0435 \u0437\u0430\u0431\u0443\u0434\u044c\u0442\u0435 \u043f\u0435\u0440\u0435\u0437\u0430\u043f\u0443\u0441\u0442\u0438\u0442\u044c \u0431\u0440\u0430\u0443\u0437\u0435\u0440.<\/p>\n<\/div><\/div>\n\n\n\n<div class=\"wp-block-uagb-container uagb-block-bca733d3 alignfull uagb-is-root-container\"><div class=\"uagb-container-inner-blocks-wrap\">\n<h3 class=\"wp-block-heading\">\u0426\u0438\u0444\u0440\u043e\u0432\u0430\u044f \u0442\u0440\u0435\u0437\u0432\u043e\u0441\u0442\u044c<\/h3>\n\n\n\n<p>\u0414\u0430\u0432\u0430\u0439\u0442\u0435 \u043f\u0440\u0435\u0434\u043f\u0440\u0438\u043c\u0435\u043c \u043f\u0440\u0430\u0432\u0438\u043b\u044c\u043d\u044b\u0435 \u0434\u0435\u0439\u0441\u0442\u0432\u0438\u044f \u0434\u043b\u044f \u0431\u043e\u043b\u0435\u0435 \u0437\u0435\u043b\u0435\u043d\u043e\u0433\u043e \u0446\u0438\u0444\u0440\u043e\u0432\u043e\u0433\u043e \u043c\u0438\u0440\u0430! \u0414\u0430\u0432\u0430\u0439\u0442\u0435 \u0432\u043c\u0435\u0441\u0442\u0435 \u0443\u043c\u0435\u043d\u044c\u0448\u0438\u043c \u043d\u0430\u0448\u0435 \u0432\u043e\u0437\u0434\u0435\u0439\u0441\u0442\u0432\u0438\u0435 \u043d\u0430 \u043e\u043a\u0440\u0443\u0436\u0430\u044e\u0449\u0443\u044e \u0441\u0440\u0435\u0434\u0443, \u043f\u0440\u0438\u043d\u044f\u0432 \u043f\u0440\u043e\u0441\u0442\u044b\u0435 \u043c\u0435\u0440\u044b \u0434\u043b\u044f \u0431\u043e\u043b\u0435\u0435 \u043e\u0442\u0432\u0435\u0442\u0441\u0442\u0432\u0435\u043d\u043d\u043e\u0433\u043e \u0446\u0438\u0444\u0440\u043e\u0432\u043e\u0433\u043e \u043c\u0438\u0440\u0430. \u041e\u0437\u043d\u0430\u043a\u043e\u043c\u044c\u0442\u0435\u0441\u044c \u0441 \u043d\u0430\u0448\u0438\u043c\u0438 \u043f\u0440\u0430\u043a\u0442\u0438\u0447\u0435\u0441\u043a\u0438\u043c\u0438 \u0441\u043e\u0432\u0435\u0442\u0430\u043c\u0438\u00a0<strong><a href=\"https:\/\/www.ecologie.gouv.fr\/sites\/default\/files\/guide-en-route-vers-sobriete-numerique.pdf\" target=\"_blank\" rel=\"noreferrer noopener\">\u043d\u0430 \u044d\u0442\u043e\u043c \u0441\u0430\u0439\u0442\u0435\u00a0<\/a>!<\/strong><\/p>\n<\/div><\/div>\n\n\n\n<div style=\"height:40px\" aria-hidden=\"true\" class=\"wp-block-spacer\"><\/div>","protected":false},"excerpt":{"rendered":"<p>\u0412 \u0442\u0443\u0440\u0438\u0441\u0442\u0438\u0447\u0435\u0441\u043a\u043e\u043c \u043e\u0444\u0438\u0441\u0435 Andernos \u043f\u0440\u0435\u0434\u043e\u0441\u0442\u0430\u0432\u043b\u044f\u0435\u0442\u0441\u044f \u0431\u0435\u0441\u043f\u043b\u0430\u0442\u043d\u044b\u0439 \u0438 \u0431\u0435\u0437\u043e\u043f\u0430\u0441\u043d\u044b\u0439 \u0434\u043e\u0441\u0442\u0443\u043f \u0432 \u0438\u043d\u0442\u0435\u0440\u043d\u0435\u0442 \u0447\u0435\u0440\u0435\u0437 Wi-Fi. \u041a \u0441\u0435\u0432\u0435\u0440\u0443 \u043e\u0442 Arcachon Bassin \u043c\u043e\u0436\u043d\u043e \u0441\u043e\u0432\u0435\u0440\u0448\u0438\u0442\u044c \u0432\u0435\u043b\u043e\u0441\u0438\u043f\u0435\u0434\u043d\u0443\u044e \u043f\u0440\u043e\u0433\u0443\u043b\u043a\u0443 \u043f\u043e \u0443\u0441\u0442\u0440\u0438\u0447\u043d\u043e\u043c\u0443 \u043f\u043e\u0440\u0442\u0443 [\u2026]<\/p>","protected":false},"author":25,"featured_media":23921,"parent":69,"menu_order":8,"comment_status":"closed","ping_status":"closed","template":"","meta":{"_acf_changed":false,"_uag_custom_page_level_css":"","footnotes":""},"class_list":["post-752","page","type-page","status-publish","has-post-thumbnail","hentry"],"acf":[],"uagb_featured_image_src":{"full":["https:\/\/dev.bassin-arcachon.com\/wp-content\/uploads\/2018\/07\/Les-Quinconces-coin-secret-Andernos-les-Bains.jpg",1000,784,false],"thumbnail":["https:\/\/dev.bassin-arcachon.com\/wp-content\/uploads\/2018\/07\/Les-Quinconces-coin-secret-Andernos-les-Bains-150x150.jpg",150,150,true],"medium":["https:\/\/dev.bassin-arcachon.com\/wp-content\/uploads\/2018\/07\/Les-Quinconces-coin-secret-Andernos-les-Bains-300x235.jpg",300,235,true],"medium_large":["https:\/\/dev.bassin-arcachon.com\/wp-content\/uploads\/2018\/07\/Les-Quinconces-coin-secret-Andernos-les-Bains-768x602.jpg",768,602,true],"large":["https:\/\/dev.bassin-arcachon.com\/wp-content\/uploads\/2018\/07\/Les-Quinconces-coin-secret-Andernos-les-Bains.jpg",1000,784,false],"1536x1536":["https:\/\/dev.bassin-arcachon.com\/wp-content\/uploads\/2018\/07\/Les-Quinconces-coin-secret-Andernos-les-Bains.jpg",1000,784,false],"2048x2048":["https:\/\/dev.bassin-arcachon.com\/wp-content\/uploads\/2018\/07\/Les-Quinconces-coin-secret-Andernos-les-Bains.jpg",1000,784,false],"trp-custom-language-flag":["https:\/\/dev.bassin-arcachon.com\/wp-content\/uploads\/2018\/07\/Les-Quinconces-coin-secret-Andernos-les-Bains-15x12.jpg",15,12,true],"fp-small":["https:\/\/dev.bassin-arcachon.com\/wp-content\/uploads\/2018\/07\/Les-Quinconces-coin-secret-Andernos-les-Bains-640x502.jpg",640,502,true],"fp-large":["https:\/\/dev.bassin-arcachon.com\/wp-content\/uploads\/2018\/07\/Les-Quinconces-coin-secret-Andernos-les-Bains.jpg",1000,784,false],"fp-xlarge":["https:\/\/dev.bassin-arcachon.com\/wp-content\/uploads\/2018\/07\/Les-Quinconces-coin-secret-Andernos-les-Bains.jpg",1000,784,false]},"uagb_author_info":{"display_name":"Marie Clauzel","author_link":"https:\/\/dev.bassin-arcachon.com\/ru\/author\/mariesiba\/"},"uagb_comment_info":0,"uagb_excerpt":"Andernos vous offre un acc\u00e8s WiFi gratuit et s\u00e9curis\u00e9 pour surfer sur Internet librement \u00e0 l&rsquo;office de tourisme. Au nord du Bassin d\u2019Arcachon, on explore \u00e0 v\u00e9lo le port ostr\u00e9icole [&hellip;]","_links":{"self":[{"href":"https:\/\/dev.bassin-arcachon.com\/ru\/wp-json\/wp\/v2\/pages\/752","targetHints":{"allow":["GET"]}}],"collection":[{"href":"https:\/\/dev.bassin-arcachon.com\/ru\/wp-json\/wp\/v2\/pages"}],"about":[{"href":"https:\/\/dev.bassin-arcachon.com\/ru\/wp-json\/wp\/v2\/types\/page"}],"author":[{"embeddable":true,"href":"https:\/\/dev.bassin-arcachon.com\/ru\/wp-json\/wp\/v2\/users\/25"}],"replies":[{"embeddable":true,"href":"https:\/\/dev.bassin-arcachon.com\/ru\/wp-json\/wp\/v2\/comments?post=752"}],"version-history":[{"count":1,"href":"https:\/\/dev.bassin-arcachon.com\/ru\/wp-json\/wp\/v2\/pages\/752\/revisions"}],"predecessor-version":[{"id":119038,"href":"https:\/\/dev.bassin-arcachon.com\/ru\/wp-json\/wp\/v2\/pages\/752\/revisions\/119038"}],"up":[{"embeddable":true,"href":"https:\/\/dev.bassin-arcachon.com\/ru\/wp-json\/wp\/v2\/pages\/69"}],"wp:featuredmedia":[{"embeddable":true,"href":"https:\/\/dev.bassin-arcachon.com\/ru\/wp-json\/wp\/v2\/media\/23921"}],"wp:attachment":[{"href":"https:\/\/dev.bassin-arcachon.com\/ru\/wp-json\/wp\/v2\/media?parent=752"}],"curies":[{"name":"WP","href":"https:\/\/api.w.org\/{rel}","templated":true}]}}