{"id":98630,"date":"2024-11-18T12:22:45","date_gmt":"2024-11-18T11:22:45","guid":{"rendered":"https:\/\/dev.bassin-arcachon.com\/?page_id=98630"},"modified":"2024-12-06T12:39:57","modified_gmt":"2024-12-06T11:39:57","slug":"%d0%bf%d1%80%d0%b0%d0%ba%d1%82%d0%b8%d1%87%d0%b5%d1%81%d0%ba%d0%b0%d1%8f-%d0%b8%d0%bd%d1%84%d0%be%d1%80%d0%bc%d0%b0%d1%86%d0%b8%d1%8f-%d0%be-%d0%bf%d0%b5%d1%80%d0%b5%d0%b4%d0%b2%d0%b8%d0%b6%d0%b5","status":"publish","type":"page","link":"https:\/\/dev.bassin-arcachon.com\/ru\/%d0%bf%d1%80%d0%b0%d0%ba%d1%82%d0%b8%d1%87%d0%b5%d1%81%d0%ba%d0%b0%d1%8f-%d0%b8%d0%bd%d1%84%d0%be%d1%80%d0%bc%d0%b0%d1%86%d0%b8%d1%8f-%d0%be-%d0%bf%d0%b5%d1%80%d0%b5%d0%b4%d0%b2%d0%b8%d0%b6%d0%b5\/","title":{"rendered":"\u041f\u0440\u0430\u043a\u0442\u0438\u0447\u0435\u0441\u043a\u0430\u044f \u0438\u043d\u0444\u043e\u0440\u043c\u0430\u0446\u0438\u044f \u0434\u043b\u044f \u043f\u0443\u0442\u0435\u0448\u0435\u0441\u0442\u0432\u0438\u0439 \u043d\u0430 \u0432\u0435\u043b\u043e\u0441\u0438\u043f\u0435\u0434\u0435"},"content":{"rendered":"<div class=\"wp-block-uagb-container uagb-block-c7651c20 alignfull uagb-is-root-container\"><div class=\"uagb-container-inner-blocks-wrap\">\n<p>\u041d\u0430 \u044d\u0442\u043e\u0439 \u0441\u0442\u0440\u0430\u043d\u0438\u0446\u0435 \u0432\u044b \u043d\u0430\u0439\u0434\u0435\u0442\u0435 \u0432\u0441\u044e \u043f\u043e\u043b\u0435\u0437\u043d\u0443\u044e \u0438 \u043f\u0440\u0430\u043a\u0442\u0438\u0447\u0435\u0441\u043a\u0443\u044e \u0438\u043d\u0444\u043e\u0440\u043c\u0430\u0446\u0438\u044e \u0434\u043b\u044f<strong> \u0441\u043e\u0432\u0435\u0440\u0448\u0430\u0439\u0442\u0435 \u043f\u043e\u0435\u0437\u0434\u043a\u0438 \u043d\u0430 \u0432\u0435\u043b\u043e\u0441\u0438\u043f\u0435\u0434\u0435 \u0432 \u043b\u0443\u0447\u0448\u0438\u0445 \u0443\u0441\u043b\u043e\u0432\u0438\u044f\u0445.<\/strong><\/p>\n<\/div><\/div>\n\n\n\n<div class=\"wp-block-uagb-container uagb-block-a9138734 alignfull uagb-is-root-container\"><div class=\"uagb-container-inner-blocks-wrap\">\n<h2 class=\"wp-block-heading\">1) \u0418\u043d\u0444\u043b\u044f\u0446\u0438\u043e\u043d\u043d\u044b\u0435 \u043d\u0430\u0441\u043e\u0441\u044b \u0441\u0430\u043c\u043e\u043e\u0431\u0441\u043b\u0443\u0436\u0438\u0432\u0430\u043d\u0438\u044f<\/h2>\n<\/div><\/div>\n\n\n\n<div class=\"wp-block-uagb-container uagb-block-832224e8 alignfull uagb-is-root-container\"><div class=\"uagb-container-inner-blocks-wrap\">\n<div class=\"wp-block-uagb-container uagb-block-cf1714b1\">\n<figure class=\"wp-block-image size-full\"><img loading=\"lazy\" decoding=\"async\" width=\"480\" height=\"640\" src=\"https:\/\/dev.bassin-arcachon.com\/wp-content\/uploads\/2024\/11\/N\u00b05-Station-de-Gonflage-Mairie-duTeich.jpg\" alt=\"- - Bassin d&#039;Arcachon\" class=\"wp-image-98633\" title=\"- - Bassin d&#039;Arcachon\" srcset=\"https:\/\/dev.bassin-arcachon.com\/wp-content\/uploads\/2024\/11\/N\u00b05-Station-de-Gonflage-Mairie-duTeich.jpg 480w, https:\/\/dev.bassin-arcachon.com\/wp-content\/uploads\/2024\/11\/N\u00b05-Station-de-Gonflage-Mairie-duTeich-225x300.jpg 225w, https:\/\/dev.bassin-arcachon.com\/wp-content\/uploads\/2024\/11\/N\u00b05-Station-de-Gonflage-Mairie-duTeich-9x12.jpg 9w\" sizes=\"auto, (max-width: 480px) 100vw, 480px\" \/><figcaption class=\"wp-element-caption\">\u00a9 \u041a\u041e\u0411\u0410\u0421<\/figcaption><\/figure>\n<\/div>\n\n\n\n<div class=\"wp-block-uagb-container uagb-block-732da1a7\">\n<h3 class=\"wp-block-heading\"><strong>\u041d\u0430 \u042e\u0433-1\u0422\u041f4\u0422:<\/strong><\/h3>\n\n\n\n<ul class=\"wp-block-list\">\n<li><strong>\u0410\u0440\u043a\u0430\u0448\u043e\u043d:<\/strong><br>\u041f\u0435\u0440\u0435\u0439\u0440, \u043f\u043b\u043e\u0449\u0430\u0434\u044c \u041f\u0435\u0439\u043d\u043e, \u0441\u0442\u0430\u043d\u0446\u0438\u044f SNCF, \u0416\u0435\u0442\u0435-\u0434\u044e-\u041c\u0443\u043b\u043b\u043e, \u043d\u0435\u0431\u043e\u043b\u044c\u0448\u043e\u0439 \u043f\u043e\u0440\u0442 \u0410\u0440\u043a\u0430\u0448\u043e\u043d.<\/li>\n\n\n\n<li><strong>1\u0422\u041f2\u0422:<\/strong><br>\u041f\u043b\u043e\u0449\u0430\u0434\u044c \u041c\u0435\u043b\u043b\u0435\u0440 \u0432 \u041f\u0438\u043b\u0435, \u041c\u043e\u0440\u0441\u043a\u043e\u0439 \u043f\u0440\u0438\u0447\u0430\u043b \u041a\u0430\u0437\u043e, \u041f\u043e\u0440\u0442 \u041b\u0430-\u0422\u0435\u0441\u0442, \u041c\u0435\u0436\u043c\u0430\u0440\u0448\u0441\u043a\u0438\u0435 \u041c\u0438\u043a\u0435\u043b\u043e, \u0412\u0435\u0441\u0442-\u0421\u043e\u043b\u0435\u043d\u044b\u0435 \u043b\u0443\u0433\u0430<\/li>\n\n\n\n<li><strong>\u0413\u0443\u0436\u0430\u043d-\u041c\u0435\u0441\u0442\u0440\u0430\u0441:<\/strong><br>\u041a\u043e\u043b\u044c\u0446\u0435\u0432\u0430\u044f \u0440\u0430\u0437\u0432\u044f\u0437\u043a\u0430 \u0428\u0430\u043d\u0442\u0435-\u0421\u0438\u0433\u0430\u043b\u0435, \u0441\u0442\u0430\u043d\u0446\u0438\u044f \u041b\u0430-\u042e\u043c, \u041b\u0430-\u0428\u0435\u043d\u0435\u0440\u0435, \u0437\u043e\u043d\u0430 \u043e\u0442\u0434\u044b\u0445\u0430, \u0441\u0442\u0430\u043d\u0446\u0438\u044f \u0413\u044e\u0436\u0430\u043d-\u041c\u0435\u0441\u0442\u0440\u0430\u0441 (\u0441\u0435\u0432\u0435\u0440 \u0438 \u044e\u0433), \u0440\u0430\u0442\u0443\u0448\u0430 \u0413\u044e\u0436\u0430\u043d-\u041c\u0435\u0441\u0442\u0440\u0430\u0441<\/li>\n\n\n\n<li><strong>1\u0422\u041f3\u0422:<\/strong><br>\u0420\u0430\u0442\u0443\u0448\u0430 \u041b\u0435-\u0422\u0435\u0439\u0445\u0430, \u0441\u0442\u0430\u043d\u0446\u0438\u044f SNCF, Super U, \u041f\u043e\u0440\u0442-\u0434\u044e-\u0422\u0435\u0439\u0448<\/li>\n<\/ul>\n<\/div>\n<\/div><\/div>\n\n\n\n<div class=\"wp-block-uagb-container uagb-block-9a502bd6 alignfull uagb-is-root-container\"><div class=\"uagb-container-inner-blocks-wrap\">\n<div class=\"wp-block-uagb-container uagb-block-68dec60e\">\n<h3 class=\"wp-block-heading\"><a href=\"https:\/\/coban-atlantique.fr\/la-coban\/services-equipements\/\" target=\"_blank\" rel=\"noopener\">\u041d\u0430 \u0421\u0435\u0432\u0435\u0440\u043d\u043e\u043c 1\u0422\u041f4\u0422: <\/a><\/h3>\n\n\n\n<ul class=\"wp-block-list\">\n<li><strong>\u0410\u043d\u0434\u0435\u0440\u043d\u043e\u0441 \u043b\u0435 \u0411\u0435\u043d:<\/strong><br>\u0422\u0443\u0440\u0438\u0441\u0442\u0438\u0447\u0435\u0441\u043a\u0438\u0439 \u043e\u0444\u0438\u0441 (\u042d\u0441\u043f\u043b\u0430\u043d\u0430\u0434\u0430 \u0434\u044e \u0411\u0440\u0443\u0441\u0442\u0438\u043a), \u043d\u0430\u043f\u0440\u043e\u0442\u0438\u0432 \u043c\u0435\u0434\u0438\u0430\u0431\u0438\u0431\u043b\u0438\u043e\u0442\u0435\u043a\u0438 \u0410\u043d\u0434\u0440\u0435 \u0428\u0435\u0434\u0438\u0434.<\/li>\n\n\n\n<li><strong>\u0410\u0440\u0435\u0441:<\/strong><br>\u0411\u044b\u0432\u0448\u0430\u044f \u0436\u0435\u043b\u0435\u0437\u043d\u043e\u0434\u043e\u0440\u043e\u0436\u043d\u0430\u044f \u043e\u0441\u0442\u0430\u043d\u043e\u0432\u043a\u0430 (\u0443\u043b\u0438\u0446\u0430 \u0416\u0430\u043d\u0430 \u0422\u0435\u043c\u043f\u043b\u0438\u0435) \u043d\u0430 \u0412\u0435\u043b\u043e\u0434\u0438\u0441\u0441\u0435.<\/li>\n\n\n\n<li><strong>\u041e\u0434\u0435\u043d\u0436:<\/strong><br>Bassin \u0434\u043b\u044f \u043a\u0443\u043f\u0430\u043d\u0438\u044f, \u043d\u0435\u0434\u0430\u043b\u0435\u043a\u043e \u043e\u0442 \u043a\u043e\u043b\u044c\u0446\u0435\u0432\u043e\u0439 \u0440\u0430\u0437\u0432\u044f\u0437\u043a\u0438 \u0432 \u0446\u0435\u043d\u0442\u0440\u0435 \u0433\u043e\u0440\u043e\u0434\u0430 (2, \u0432\u0441\u0435 \u042d\u0440\u043d\u0435\u0441\u0442 \u0434\u0435 \u0411\u0443\u0430\u0441\u044c\u0435\u0440), \u043f\u0435\u0440\u0435\u0434 \u0441\u043f\u043e\u0440\u0442\u0438\u0432\u043d\u044b\u043c \u043a\u043e\u043c\u043f\u043b\u0435\u043a\u0441\u043e\u043c Ballion (\u0443\u043b\u0438\u0446\u0430 \u0434\u0435 \u0424\u043e\u0432\u0435\u0442).<\/li>\n\n\n\n<li><strong>\u0411\u0438\u0433\u0430\u043d\u043e\u0441:<\/strong><br>\u041d\u0430 \u043f\u0440\u0438\u0432\u043e\u043a\u0437\u0430\u043b\u044c\u043d\u043e\u0439 \u043f\u043b\u043e\u0449\u0430\u0434\u0438, \u043d\u0430 \u043f\u0435\u0440\u0435\u0441\u0435\u0447\u0435\u043d\u0438\u0438 \u043f\u0440\u043e\u0441\u043f\u0435\u043a\u0442\u0430 \u041b\u0438\u0431\u0435\u0440\u0430\u0441\u044c\u043e\u043d \u0438 \u0443\u043b\u0438\u0446\u044b \u0428\u0430\u0440\u043b\u044c \u041b\u0435\u043a\u043e\u043a (\u0432\u043e\u0437\u043b\u0435 \u0432\u0435\u043b\u043e\u0441\u0438\u043f\u0435\u0434\u043d\u044b\u0445 \u043a\u043e\u043b\u0435\u0446), \u0443 \u0414\u043e\u043c\u0430 \u043f\u043e\u0434\u0440\u043e\u0441\u0442\u043a\u043e\u0432 \u0416\u0438\u0440\u043e\u043d\u0434\u044b (\u0443\u043b\u0438\u0446\u0430 \u041f. \u0434\u0435 \u041a\u0443\u0431\u0435\u0440\u0442\u0435\u043d), \u0443 \u0432\u0445\u043e\u0434\u0430 \u0432 \u043f\u0430\u0440\u043a \u041b\u0435\u043a\u043e\u043a.<\/li>\n\n\n\n<li><strong>\u041b\u044d\u043d\u0442\u043e\u043d:<\/strong><br>\u0422\u0443\u0440\u0438\u0441\u0442\u0438\u0447\u0435\u0441\u043a\u0438\u0439 \u043e\u0444\u0438\u0441 Coeur de Bassin \u2013 1 \u043c\u0430\u0440\u0448\u0440\u0443\u0442 du Stade (\u043d\u0430 \u0430\u0432\u0442\u043e\u0441\u0442\u043e\u044f\u043d\u043a\u0435), \u043d\u0430 \u043e\u0441\u0442\u0430\u043d\u043e\u0432\u043a\u0435 Cassy (All\u00e9e de lahalte \u2013 \u043d\u0430 \u0412\u0435\u043b\u043e\u0434\u0438\u0441\u0441\u0435).<\/li>\n\n\n\n<li><strong>\u041b\u0435\u0436 \u2013 \u041a\u0430\u043f-\u0424\u0435\u0440\u0440\u0435:<\/strong><br>\u0420\u044b\u043d\u043e\u043a \u041a\u043b\u0430\u0443\u044d (Avenue des Halles), \u0440\u044b\u043d\u043e\u043a \u041a\u0430\u043f-\u0424\u0435\u0440\u0440\u0435 (Avenue du Monument Saliens), \u0443 \u0441\u0442\u0430\u0440\u043e\u0439 \u0441\u0442\u0430\u043d\u0446\u0438\u0438-\u043c\u0430\u044f\u043a\u0430.<\/li>\n\n\n\n<li><strong>\u041c\u0430\u0440\u043a\u0435\u0442\u043f\u0440\u0430\u0439\u043c:<\/strong><br>\u041d\u0430\u0447\u0430\u043b\u044c\u043d\u0430\u044f \u0448\u043a\u043e\u043b\u0430 Croix d&#039;Hins (\u0443\u043b\u0438\u0446\u0430 \u041b\u0430\u0444\u0430\u0439\u0435\u0442), \u0432 \u0440\u0430\u0442\u0443\u0448\u0435\/\u0448\u043a\u043e\u043b\u044c\u043d\u043e\u043c \u0446\u0435\u043d\u0442\u0440\u0435 (\u0440\u044f\u0434\u043e\u043c \u0441 \u043e\u0445\u0440\u0430\u043d\u044f\u0435\u043c\u043e\u0439 \u043a\u0430\u043c\u0435\u0440\u043e\u0439 \u0445\u0440\u0430\u043d\u0435\u043d\u0438\u044f \u0434\u043b\u044f \u0432\u0435\u043b\u043e\u0441\u0438\u043f\u0435\u0434\u043e\u0432, \u0443\u043b\u0438\u0446\u0430 \u0416. \u0411\u043b\u0438\u043a), \u0432\u043e\u0437\u043b\u0435 \u0432\u0445\u043e\u0434\u0430 \u0432 \u043a\u043e\u043b\u043b\u0435\u0434\u0436 (\u0443\u043b\u0438\u0446\u0430 \u041b. \u0414\u0435\u043b\u0430\u0433\u0440\u0430\u043d\u0436).<\/li>\n\n\n\n<li><strong>\u041c\u0438\u043e\u0441:<\/strong><br>\u041f\u0435\u0440\u0435\u0434 \u0442\u0443\u0440\u0438\u0441\u0442\u0438\u0447\u0435\u0441\u043a\u0438\u043c \u043e\u0444\u0438\u0441\u043e\u043c (\u0430\u043b\u043b\u0435\u044f \u0412\u0430\u043b\u044c \u0434\u0435 \u0421\u0430\u043d \u0412\u0438\u0441\u0435\u043d\u0442\u0435).<\/li>\n<\/ul>\n<\/div>\n\n\n\n<div class=\"wp-block-uagb-container uagb-block-67e8edc7\">\n<figure class=\"wp-block-image size-large\"><img loading=\"lazy\" decoding=\"async\" width=\"506\" height=\"1024\" src=\"https:\/\/dev.bassin-arcachon.com\/wp-content\/uploads\/2024\/11\/mobilier-type-62668ba9b5506298122291-1-506x1024.jpg\" alt=\"- - Bassin d&#039;Arcachon\" class=\"wp-image-98636\" title=\"- - Bassin d&#039;Arcachon\" srcset=\"https:\/\/dev.bassin-arcachon.com\/wp-content\/uploads\/2024\/11\/mobilier-type-62668ba9b5506298122291-1-506x1024.jpg 506w, https:\/\/dev.bassin-arcachon.com\/wp-content\/uploads\/2024\/11\/mobilier-type-62668ba9b5506298122291-1-148x300.jpg 148w, https:\/\/dev.bassin-arcachon.com\/wp-content\/uploads\/2024\/11\/mobilier-type-62668ba9b5506298122291-1-768x1553.jpg 768w, https:\/\/dev.bassin-arcachon.com\/wp-content\/uploads\/2024\/11\/mobilier-type-62668ba9b5506298122291-1-759x1536.jpg 759w, https:\/\/dev.bassin-arcachon.com\/wp-content\/uploads\/2024\/11\/mobilier-type-62668ba9b5506298122291-1-1013x2048.jpg 1013w, https:\/\/dev.bassin-arcachon.com\/wp-content\/uploads\/2024\/11\/mobilier-type-62668ba9b5506298122291-1-6x12.jpg 6w, https:\/\/dev.bassin-arcachon.com\/wp-content\/uploads\/2024\/11\/mobilier-type-62668ba9b5506298122291-1-640x1294.jpg 640w, https:\/\/dev.bassin-arcachon.com\/wp-content\/uploads\/2024\/11\/mobilier-type-62668ba9b5506298122291-1.jpg 1024w\" sizes=\"auto, (max-width: 506px) 100vw, 506px\" \/><\/figure>\n<\/div>\n<\/div><\/div>\n\n\n\n<div class=\"wp-block-uagb-container uagb-block-4c786e10 alignfull uagb-is-root-container\"><div class=\"uagb-container-inner-blocks-wrap\">\n<h2 class=\"wp-block-heading\">\u041e\u0445\u0440\u0430\u043d\u044f\u0435\u043c\u0430\u044f \u043f\u0430\u0440\u043a\u043e\u0432\u043a\u0430 \u0434\u043b\u044f \u0432\u0435\u043b\u043e\u0441\u0438\u043f\u0435\u0434\u043e\u0432<\/h2>\n<\/div><\/div>\n\n\n\n<div class=\"wp-block-uagb-container uagb-block-0b113335 alignfull uagb-is-root-container\"><div class=\"uagb-container-inner-blocks-wrap\">\n<div class=\"wp-block-uagb-container uagb-block-e639cbfa\">\n<figure class=\"wp-block-image size-full\"><img loading=\"lazy\" decoding=\"async\" width=\"380\" height=\"285\" src=\"https:\/\/dev.bassin-arcachon.com\/wp-content\/uploads\/2024\/11\/PEI-audenge-380x285-1.jpg\" alt=\"- - Bassin d&#039;Arcachon\" class=\"wp-image-98640\" title=\"- - Bassin d&#039;Arcachon\" srcset=\"https:\/\/dev.bassin-arcachon.com\/wp-content\/uploads\/2024\/11\/PEI-audenge-380x285-1.jpg 380w, https:\/\/dev.bassin-arcachon.com\/wp-content\/uploads\/2024\/11\/PEI-audenge-380x285-1-300x225.jpg 300w, https:\/\/dev.bassin-arcachon.com\/wp-content\/uploads\/2024\/11\/PEI-audenge-380x285-1-16x12.jpg 16w\" sizes=\"auto, (max-width: 380px) 100vw, 380px\" \/><\/figure>\n<\/div>\n<\/div><\/div>\n\n\n\n<div class=\"wp-block-uagb-container uagb-block-0d2dcc91 alignfull uagb-is-root-container\"><div class=\"uagb-container-inner-blocks-wrap\">\n<p><strong>\u0411\u0435\u0437\u043e\u043f\u0430\u0441\u043d\u0430\u044f \u043f\u0430\u0440\u043a\u043e\u0432\u043a\u0430 \u043b\u0443\u0447\u0448\u0435!<\/strong><\/p>\n\n\n\n<p>\u041e\u0445\u0440\u0430\u043d\u044f\u0435\u043c\u0430\u044f \u043f\u0430\u0440\u043a\u043e\u0432\u043a\u0430, \u043c\u0435\u0441\u0442\u0430 \u0434\u043b\u044f \u0432\u0435\u043b\u043e\u0441\u0438\u043f\u0435\u0434\u043e\u0432 \u0434\u043e\u0441\u0442\u0443\u043f\u043d\u044b:<\/p>\n\n\n\n<ul class=\"wp-block-list\">\n<li>\u041d\u0430 \u0441\u0442\u0430\u043d\u0446\u0438\u044f\u0445: <strong>\u041b\u0430 \u042e\u043c,<\/strong> <strong>\u0411\u0438\u0433\u0430\u043d\u043e\u0441-\u0424\u0430\u043a\u0442\u0443\u0440\u0430, Le Teich, \u0413\u044e\u0436\u0430\u043d-\u041c\u0435\u0441\u0442\u0440\u0430\u0441 \u0438 \u0410\u0440\u043a\u0430\u0448\u043e\u043d<\/strong>. \u0412 \u043a\u043e\u043d\u0435\u0447\u043d\u043e\u043c \u0438\u0442\u043e\u0433\u0435 \u0438\u043c \u0431\u0443\u0434\u0443\u0442 \u043e\u0441\u043d\u0430\u0449\u0435\u043d\u044b \u0432\u0441\u0435 \u0441\u0442\u0430\u043d\u0446\u0438\u0438.<\/li>\n\n\n\n<li>\u0412 \u043c\u0435\u0441\u0442\u0430\u0445 \u0441\u043e\u0432\u043c\u0435\u0441\u0442\u043d\u043e\u0433\u043e \u0438\u0441\u043f\u043e\u043b\u044c\u0437\u043e\u0432\u0430\u043d\u0438\u044f \u0430\u0432\u0442\u043e\u043c\u043e\u0431\u0438\u043b\u0435\u0439 <strong>\u041a\u0435\u0440\u043a\u0438\u043b\u044c\u044f\u0441 (\u0410\u043d\u0434\u0435\u0440\u043d\u043e\u0441) \u0438 \u041c\u0438\u043e\u0441 \u0410660 \u0410660 <\/strong>\u0442\u0430\u043a \u0438 \u043d\u0430 \u0443\u0440\u043e\u0432\u043d\u0435<strong>\u0430\u0432\u0442\u043e\u0431\u0443\u0441\u043d\u0430\u044f \u043e\u0441\u0442\u0430\u043d\u043e\u0432\u043a\u0430 \u043d\u0430 \u0431\u0443\u043b\u044c\u0432\u0430\u0440\u0435 \u041b&#039;\u0410\u044d\u0440\u0438\u0443\u043c \u0434&#039;\u0410\u0440\u0435\u0441.<\/strong><\/li>\n\n\n\n<li>\u041d\u0430 <strong>\u0418\u043d\u0442\u0435\u0440\u043c\u043e\u0434\u0430\u043b\u044c\u043d\u044b\u0439 \u043e\u0431\u043c\u0435\u043d\u043d\u044b\u0439 \u0443\u0437\u0435\u043b Audenge Cardolle (PEI)<\/strong> \u0440\u0430\u0441\u043f\u043e\u043b\u043e\u0436\u0435\u043d \u043d\u0435\u0434\u0430\u043b\u0435\u043a\u043e \u043e\u0442 \u043a\u0435\u043c\u043f\u0438\u043d\u0433\u0430 \u0411\u0440\u0430\u0443. \u0412 \u043a\u043e\u043d\u0435\u0447\u043d\u043e\u043c \u0438\u0442\u043e\u0433\u0435&nbsp;<a href=\"https:\/\/coban-atlantique.fr\/nouveau-reseau-transport-travaux-amenagement\/?fbclid=IwZXh0bgNhZW0CMTAAAR0rrwRiSQksB4ThKWNg1tos8c3_1ESQa5mZWyaA9-Q4GVCnDu29w-WU1X4_aem_AfY64Wc0C-_0WVAwPDUzRr0xLD542tIjzxO9PygULqMUs8X0DMtEnhOKvoabE81Oad1gbyABhfeyqQEDyQUQM-Oa\" target=\"_blank\" rel=\"noreferrer noopener\">3 \u041a\u041e\u0411\u0410\u041d \u041f\u0415\u0419<\/a>&nbsp;\u0431\u0443\u0434\u0443\u0442 \u043e\u0431\u043e\u0440\u0443\u0434\u043e\u0432\u0430\u043d\u044b \u0431\u0435\u0437\u043e\u043f\u0430\u0441\u043d\u044b\u043c\u0438 \u043d\u0430\u0432\u0435\u0441\u0430\u043c\u0438 \u0434\u043b\u044f \u0432\u0435\u043b\u043e\u0441\u0438\u043f\u0435\u0434\u043e\u0432 \u0438 \u0448\u043a\u0430\u0444\u0447\u0438\u043a\u0430\u043c\u0438.<\/li>\n\n\n\n<li>\u0412\u0435\u043b\u043e\u043f\u0430\u0440\u043a\u043e\u0432\u043a\u0430 \u0443 <strong>\u041c\u0443\u043b\u043b\u043e (\u0410\u0440\u043a\u0430\u0448\u043e\u043d)<\/strong><\/li>\n<\/ul>\n<\/div><\/div>\n\n\n\n<div class=\"wp-block-uagb-container uagb-block-40fa4ca0 alignfull uagb-is-root-container\"><div class=\"uagb-container-inner-blocks-wrap\">\n<h2 class=\"wp-block-heading\">\u041f\u043e\u043b\u0435\u0437\u043d\u043e \u0437\u043d\u0430\u0442\u044c: \u044d\u043b\u0435\u043a\u0442\u0440\u0438\u0447\u0435\u0441\u043a\u0438\u0435 \u0437\u0430\u0440\u044f\u0434\u043d\u044b\u0435 \u0441\u0442\u0430\u043d\u0446\u0438\u0438<\/h2>\n<\/div><\/div>\n\n\n\n<div class=\"wp-block-uagb-container uagb-block-26b285ea alignfull uagb-is-root-container\"><div class=\"uagb-container-inner-blocks-wrap\">\n<p>\u041d\u0435\u0431\u043e\u043b\u044c\u0448\u043e\u0439 \u043f\u043e\u0440\u0442 \u0433.<strong>\u0410\u0440\u043a\u0430\u0448\u043e\u043d<\/strong>, \u043f\u0440\u0438\u0435\u043c\u043d\u0430\u044f&nbsp;<strong>\u0411\u043e\u043b\u044c\u0448\u043e\u0439 \u0441\u0430\u0439\u0442 \u0434\u044e\u043d\u044b \u0434\u044e \u041f\u0438\u043b\u0430\u0442<\/strong>, <strong>\u0421\u0442\u0430\u043d\u0446\u0438\u044f \u0433\u0443\u043b\u0430<\/strong>\u0435 \u0438\u043b\u0438 \u0434\u0430\u0436\u0435<strong>\u0422\u0443\u0440\u0438\u0441\u0442\u0438\u0447\u0435\u0441\u043a\u0438\u0439 \u043e\u0444\u0438\u0441 \u041b\u0435\u0436-\u041a\u0430\u043f-\u0424\u0435\u0440\u0440\u0435<\/strong>&nbsp;\u0412 \u041a\u043b\u0430\u0443\u0438 \u0435\u0441\u0442\u044c \u0442\u0435\u0440\u043c\u0438\u043d\u0430\u043b \u0434\u043b\u044f \u044d\u043b\u0435\u043a\u0442\u0440\u0438\u0447\u0435\u0441\u043a\u0438\u0445 \u0432\u0435\u043b\u043e\u0441\u0438\u043f\u0435\u0434\u043e\u0432.<br><\/p>\n<\/div><\/div>","protected":false},"excerpt":{"rendered":"<p>Sur cette page, retrouvez toutes les informations utiles et pratiques pour r\u00e9aliser vos d\u00e9placements \u00e0 v\u00e9lo dans les meilleures conditions. 1) Les pompes de gonflage en libre-service Sur le Sud-Bassin [&hellip;]<\/p>","protected":false},"author":25,"featured_media":112032,"parent":0,"menu_order":0,"comment_status":"closed","ping_status":"closed","template":"","meta":{"_acf_changed":false,"_uag_custom_page_level_css":"","footnotes":""},"class_list":["post-98630","page","type-page","status-publish","has-post-thumbnail","hentry"],"acf":[],"uagb_featured_image_src":{"full":["https:\/\/dev.bassin-arcachon.com\/wp-content\/uploads\/2024\/12\/2015_HD_Viree-velo-Bassin_BIETTE-10-scaled.jpg",2560,1707,false],"thumbnail":["https:\/\/dev.bassin-arcachon.com\/wp-content\/uploads\/2024\/12\/2015_HD_Viree-velo-Bassin_BIETTE-10-150x150.jpg",150,150,true],"medium":["https:\/\/dev.bassin-arcachon.com\/wp-content\/uploads\/2024\/12\/2015_HD_Viree-velo-Bassin_BIETTE-10-300x200.jpg",300,200,true],"medium_large":["https:\/\/dev.bassin-arcachon.com\/wp-content\/uploads\/2024\/12\/2015_HD_Viree-velo-Bassin_BIETTE-10-768x512.jpg",768,512,true],"large":["https:\/\/dev.bassin-arcachon.com\/wp-content\/uploads\/2024\/12\/2015_HD_Viree-velo-Bassin_BIETTE-10-1024x683.jpg",1024,683,true],"1536x1536":["https:\/\/dev.bassin-arcachon.com\/wp-content\/uploads\/2024\/12\/2015_HD_Viree-velo-Bassin_BIETTE-10-1536x1024.jpg",1536,1024,true],"2048x2048":["https:\/\/dev.bassin-arcachon.com\/wp-content\/uploads\/2024\/12\/2015_HD_Viree-velo-Bassin_BIETTE-10-2048x1365.jpg",2048,1365,true],"trp-custom-language-flag":["https:\/\/dev.bassin-arcachon.com\/wp-content\/uploads\/2024\/12\/2015_HD_Viree-velo-Bassin_BIETTE-10-18x12.jpg",18,12,true],"fp-small":["https:\/\/dev.bassin-arcachon.com\/wp-content\/uploads\/2024\/12\/2015_HD_Viree-velo-Bassin_BIETTE-10-640x427.jpg",640,427,true],"fp-large":["https:\/\/dev.bassin-arcachon.com\/wp-content\/uploads\/2024\/12\/2015_HD_Viree-velo-Bassin_BIETTE-10-1200x800.jpg",1200,800,true],"fp-xlarge":["https:\/\/dev.bassin-arcachon.com\/wp-content\/uploads\/2024\/12\/2015_HD_Viree-velo-Bassin_BIETTE-10-1920x1280.jpg",1920,1280,true]},"uagb_author_info":{"display_name":"Marie Clauzel","author_link":"https:\/\/dev.bassin-arcachon.com\/ru\/author\/mariesiba\/"},"uagb_comment_info":0,"uagb_excerpt":"Sur cette page, retrouvez toutes les informations utiles et pratiques pour r\u00e9aliser vos d\u00e9placements \u00e0 v\u00e9lo dans les meilleures conditions. 1) Les pompes de gonflage en libre-service Sur le Sud-Bassin [&hellip;]","_links":{"self":[{"href":"https:\/\/dev.bassin-arcachon.com\/ru\/wp-json\/wp\/v2\/pages\/98630","targetHints":{"allow":["GET"]}}],"collection":[{"href":"https:\/\/dev.bassin-arcachon.com\/ru\/wp-json\/wp\/v2\/pages"}],"about":[{"href":"https:\/\/dev.bassin-arcachon.com\/ru\/wp-json\/wp\/v2\/types\/page"}],"author":[{"embeddable":true,"href":"https:\/\/dev.bassin-arcachon.com\/ru\/wp-json\/wp\/v2\/users\/25"}],"replies":[{"embeddable":true,"href":"https:\/\/dev.bassin-arcachon.com\/ru\/wp-json\/wp\/v2\/comments?post=98630"}],"version-history":[{"count":27,"href":"https:\/\/dev.bassin-arcachon.com\/ru\/wp-json\/wp\/v2\/pages\/98630\/revisions"}],"predecessor-version":[{"id":112260,"href":"https:\/\/dev.bassin-arcachon.com\/ru\/wp-json\/wp\/v2\/pages\/98630\/revisions\/112260"}],"wp:featuredmedia":[{"embeddable":true,"href":"https:\/\/dev.bassin-arcachon.com\/ru\/wp-json\/wp\/v2\/media\/112032"}],"wp:attachment":[{"href":"https:\/\/dev.bassin-arcachon.com\/ru\/wp-json\/wp\/v2\/media?parent=98630"}],"curies":[{"name":"WP","href":"https:\/\/api.w.org\/{rel}","templated":true}]}}