{"id":153,"date":"2017-08-09T17:35:19","date_gmt":"2017-08-09T15:35:19","guid":{"rendered":"https:\/\/dev.bassin-arcachon.com\/\/?page_id=153"},"modified":"2024-11-06T10:36:09","modified_gmt":"2024-11-06T09:36:09","slug":"%e7%a7%8b%e5%a4%a9","status":"publish","type":"page","link":"https:\/\/dev.bassin-arcachon.com\/zh\/%e6%b3%b3%e6%b1%a0%e6%98%af%e5%9b%9b%e5%ad%a3%e7%9a%86%e5%ae%9c%e7%9a%84\/%e7%a7%8b%e5%a4%a9\/","title":{"rendered":"Arcachon Bassin \u79cb\u5b63"},"content":{"rendered":"<div class=\"wp-block-uagb-container uagb-block-6cd820a2 alignfull uagb-is-root-container\"><div class=\"uagb-container-inner-blocks-wrap\">\n<div class=\"wp-block-uagb-container uagb-block-e76a9633\">\n<h2 class=\"wp-block-heading\">\u91c7\u8611\u83c7<\/h2>\n\n\n\n<p>\u6bcf\u5e74\u90fd\u662f\u540c\u6837\u7684\u526f\u6b4c\uff0c\u8611\u83c7\u5b63\u8282\u548c\u968f\u4e4b\u800c\u6765\u7684\u7f8e\u5473\u5c0f\u83dc\uff01<\/p>\n\n\n\n<p>Bassin \u4e0a\u6709\u51e0\u4e2a\u91c7\u8611\u83c7\u7684\u201c\u79d8\u5bc6\u201d\u89d2\u843d\uff0c\u4f8b\u5982 Lanton \u68ee\u6797\u3001Gujan-Mestras \u6216 Ar\u00e8s\u3002<\/p>\n\n\n\n<p>Smart Bassin\uff1aAr\u00e8s \u65c5\u6e38\u5c40\u6bcf\u5e74\u79cb\u5b63\u7ec4\u7ec7&nbsp;<a href=\"http:\/\/www.ares-tourisme.com\/se-divertir\/visites-guidees.html#sortie_champignons\" target=\"_blank\" rel=\"noreferrer noopener\">\u91c7\u6458\u542f\u8499\u90ca\u6e38\uff01<\/a><\/p>\n<\/div>\n\n\n\n<div class=\"wp-block-uagb-container uagb-block-4accb076\">\n<div class=\"wp-block-uagb-image uagb-block-419aaff0 wp-block-uagb-image--layout-default wp-block-uagb-image--effect-static wp-block-uagb-image--align-none\"><figure class=\"wp-block-uagb-image__figure\"><img decoding=\"async\" srcset=\"https:\/\/dev.bassin-arcachon.com\/wp-content\/uploads\/2017\/10\/champignons-siba-agence-les-conteurs-113-1024x683.jpg \" sizes=\"auto, (max-width: 480px) 150px\" src=\"https:\/\/dev.bassin-arcachon.com\/wp-content\/uploads\/2017\/10\/champignons-siba-agence-les-conteurs-113-1024x683.jpg\" alt=\"\u8611\u83c7\u6218\u795e\" class=\"uag-image-9849\" width=\"1024\" height=\"683\" title=\"\u2014\u2014Bassin d&#039;Arcachon\" loading=\"lazy\"><\/figure><\/div>\n<\/div>\n<\/div><\/div>\n\n\n\n<div style=\"height:60px\" aria-hidden=\"true\" class=\"wp-block-spacer\"><\/div>\n\n\n\n<div class=\"wp-block-uagb-container uagb-block-bf8f0075 alignfull uagb-is-root-container\"><div class=\"uagb-container-inner-blocks-wrap\">\n<div class=\"wp-block-uagb-container uagb-block-3d90f421\">\n<div class=\"wp-block-uagb-image uagb-block-721a48d4 wp-block-uagb-image--layout-default wp-block-uagb-image--effect-static wp-block-uagb-image--align-none\"><figure class=\"wp-block-uagb-image__figure\"><img decoding=\"async\" srcset=\"https:\/\/dev.bassin-arcachon.com\/wp-content\/uploads\/2017\/02\/oiseau-bassin-arccahon.jpg \" sizes=\"auto, (max-width: 480px) 150px\" src=\"https:\/\/dev.bassin-arcachon.com\/wp-content\/uploads\/2017\/02\/oiseau-bassin-arccahon.jpg\" alt=\"\u2014\u2014Bassin d&#039;Arcachon\" class=\"uag-image-23564\" width=\"1000\" height=\"666\" title=\"\u2014\u2014Bassin d&#039;Arcachon\" loading=\"lazy\"><\/figure><\/div>\n<\/div>\n\n\n\n<div class=\"wp-block-uagb-container uagb-block-643e7826\">\n<h2 class=\"wp-block-heading\">\u53bb\u89c2\u9e1f<\/h2>\n\n\n\n<p>\u5e26\u4e0a\u76f8\u673a\uff0c\u6216\u8005\u66f4\u597d\u7684\u662f\uff0c\u4f60\u7684\u53cc\u7b52\u671b\u8fdc\u955c\u5728&nbsp;<a href=\"https:\/\/www.bassin-arcachon.com\/nos-incontournables\/la-reserve-ornithologique\/\">\u6cf0\u5947\u9e1f\u7c7b\u4fdd\u62a4\u533a<\/a>\uff0c \u5230&nbsp;<a href=\"https:\/\/www.bassin-arcachon.com\/nos-incontournables\/les-domaines-de-certes-graveyron\/\">Certainly-Graveyron \u57df<\/a>&nbsp;\u751a\u81f3&nbsp;<a href=\"https:\/\/www.bassin-arcachon.com\/nos-incontournables\/les-pres-sales-dares-lege\/\">\u9760\u8fd1 Sal\u00e9s d&#039;Ar\u00e8s-L\u00e8ge<\/a>.\u67d0\u4e9b\u7269\u79cd\u5f00\u59cb\u8fc1\u5f99\uff0c\u5b83\u4eec\u5c06\u5728 Bassin \u4e0a\u5ea6\u8fc7\u4e00\u4e2a\u975e\u5e38\u6109\u5feb\u7684\u51ac\u5929\uff01\u4f8b\u5982\uff0c\u60a8\u53ef\u4ee5\u5728\u9644\u8fd1\u89c2\u5bdf\u5230 Bernache Cravant \u7684\u60c5\u51b5&nbsp;<a href=\"https:\/\/www.bassin-arcachon.com\/nos-incontournables\/les-cabanes-tchanquees\/\">\u9ad8\u8df7\u5c0f\u5c4b<\/a>&nbsp;\u6216\u9760\u8fd1 Andernos-les-Bains \u7684\u7801\u5934\u3002<\/p>\n<\/div>\n<\/div><\/div>\n\n\n\n<div style=\"height:60px\" aria-hidden=\"true\" class=\"wp-block-spacer\"><\/div>\n\n\n\n<div class=\"wp-block-uagb-container uagb-block-d159c8fe alignfull uagb-is-root-container\"><div class=\"uagb-container-inner-blocks-wrap\">\n<div class=\"wp-block-uagb-container uagb-block-ca61f051\">\n<h2 class=\"wp-block-heading\">\u722c\u4e0a Dune du Pilat \u7684\u9876\u90e8<\/h2>\n\n\n\n<p>\u5728\u79cb\u5929\uff0c\u4e00\u573a\u8fd0\u52a8\u4f1a&nbsp;<a href=\"https:\/\/www.bassin-arcachon.com\/nos-incontournables\/la-dune-du-pilat\/\">\u76ae\u62c9\u7279\u6c99\u4e18<\/a>&nbsp;\u7b49\u7740\u4f60 \uff01\u6bcf\u5e74All Saints\u4e4b\u540e\u90fd\u4f1a\u62c6\u9664\u697c\u68af\uff0c\u722c\u4e0a\u53bb\u4f1a\u66f4\u52a0\u60ec\u610f\u3002<\/p>\n\n\n\n<p>\u6bcf\u5e74\u7684\u8fd9\u4e2a\u65f6\u5019\uff0c\u4f60\u90fd\u4f1a\u6709\u4e00\u79cd\u6109\u5feb\u7684\u611f\u89c9\uff0c\u6c99\u4e18\u5c06\u662f\u4f60\u4e00\u4e2a\u4eba\u7684\u3002\u501f\u6b64\u673a\u4f1a\u53bb\u66f4\u8fdc\u7684\u5730\u65b9\u5192\u9669\uff0c\u6cbf\u7740\u5c71\u810a\u8d70\u3002<\/p>\n<\/div>\n\n\n\n<div class=\"wp-block-uagb-container uagb-block-36f599ef\">\n<div class=\"wp-block-uagb-image uagb-block-17974086 wp-block-uagb-image--layout-default wp-block-uagb-image--effect-static wp-block-uagb-image--align-none\"><figure class=\"wp-block-uagb-image__figure\"><img decoding=\"async\" srcset=\"https:\/\/dev.bassin-arcachon.com\/wp-content\/uploads\/2017\/10\/Dune-du-Pilat-N0059-1024x683.jpg \" sizes=\"auto, (max-width: 480px) 150px\" src=\"https:\/\/dev.bassin-arcachon.com\/wp-content\/uploads\/2017\/10\/Dune-du-Pilat-N0059-1024x683.jpg\" alt=\"\u2014\u2014Bassin d&#039;Arcachon\" class=\"uag-image-9857\" width=\"1024\" height=\"683\" title=\"\u2014\u2014Bassin d&#039;Arcachon\" loading=\"lazy\"><\/figure><\/div>\n<\/div>\n<\/div><\/div>\n\n\n\n<div style=\"height:60px\" aria-hidden=\"true\" class=\"wp-block-spacer\"><\/div>\n\n\n\n<div class=\"wp-block-uagb-container uagb-block-fed67777 alignfull uagb-is-root-container\"><div class=\"uagb-container-inner-blocks-wrap\">\n<div class=\"wp-block-uagb-container uagb-block-cbe31b1e\">\n<div class=\"wp-block-uagb-image uagb-block-4c7d378a wp-block-uagb-image--layout-default wp-block-uagb-image--effect-static wp-block-uagb-image--align-none\"><figure class=\"wp-block-uagb-image__figure\"><img decoding=\"async\" srcset=\"https:\/\/dev.bassin-arcachon.com\/wp-content\/uploads\/2017\/02\/ostreiculteur-bassin-arcachon-1024x683.jpg \" sizes=\"auto, (max-width: 480px) 150px\" src=\"https:\/\/dev.bassin-arcachon.com\/wp-content\/uploads\/2017\/02\/ostreiculteur-bassin-arcachon-1024x683.jpg\" alt=\"\u2014\u2014Bassin d&#039;Arcachon\" class=\"uag-image-1838\" width=\"1024\" height=\"683\" title=\"\u2014\u2014Bassin d&#039;Arcachon\" loading=\"lazy\"><\/figure><\/div>\n<\/div>\n\n\n\n<div class=\"wp-block-uagb-container uagb-block-d39e6a4b\">\n<h2 class=\"wp-block-heading\">\u82b1\u65f6\u95f4\u4e0e\u7261\u86ce\u517b\u6b96\u8005\u804a\u5929<\/h2>\n\n\n\n<p>\u53bb\u5e74\u590f\u5929\uff0c\u7261\u86ce\u6751\u6709\u4e9b\u5e73\u9759\u3002\u8fd9\u5e76\u4e0d\u662f\u8bf4\u7261\u86ce\u517b\u6b96\u6237\u7684\u5de5\u4f5c\u51cf\u5c11\u4e86\uff0c\u76f8\u53cd\uff0c\u56e0\u4e3a\u4ed6\u4eec\u5f00\u59cb\u4e3a\u5723\u8bde\u5047\u671f\u505a\u51c6\u5907\u3002\u4e0d\u8fc7\u79cb\u5929\u7684\u5929\u6c14\u597d\u50cf\u53d8\u957f\u4e86\uff0c\u53ef\u4ee5\u62bd\u51fa\u4e00\u4e9b\u65f6\u95f4\u548c\u4ed6\u4eec\u804a\u804a\u5929\uff0c\u591a\u4e86\u89e3\u4e00\u4e0b\u751f\u869d\u7684\u517b\u6b96\u65b9\u6cd5\u3002<\/p>\n<\/div>\n<\/div><\/div>\n\n\n\n<div style=\"height:60px\" aria-hidden=\"true\" class=\"wp-block-spacer\"><\/div>\n\n\n\n<div class=\"wp-block-uagb-container uagb-block-190e1b6b alignfull uagb-is-root-container\">\n<div class=\"wp-block-cover is-light has-parallax\"><span aria-hidden=\"true\" class=\"wp-block-cover__background has-background-dim-0 has-background-dim\"><\/span><div class=\"wp-block-cover__image-background wp-image-8349 has-parallax\" style=\"background-position:50% 50%;background-image:url(https:\/\/dev.bassin-arcachon.com\/wp-content\/uploads\/2017\/02\/hotel-les-bains-darguin-thalazur-arcachon-divers-3.jpg)\"><\/div><div class=\"wp-block-cover__inner-container is-layout-flow wp-block-cover-is-layout-flow\">\n<div class=\"wp-block-uagb-container uagb-block-357a445e\">\n<h2 class=\"wp-block-heading has-text-align-center has-white-color has-text-color has-large-font-size\">\u5728 Bassin \u4e0a\u67e5\u627e\u53ef\u7528\u4f4f\u5bbf<\/h2>\n\n\n\n<p class=\"has-text-align-center has-white-color has-text-color\"><a href=\"https:\/\/dev.bassin-arcachon.com\/zh\/%e6%88%96%e7%9d%a1%e8%a7%89\/\">\u67e5\u9605\u6e05\u5355<\/a><\/p>\n<\/div>\n<\/div><\/div>\n<\/div>\n\n\n\n<div style=\"height:60px\" aria-hidden=\"true\" class=\"wp-block-spacer\"><\/div>\n\n\n\n<div class=\"wp-block-uagb-container uagb-block-1a7b2071 alignfull uagb-is-root-container\"><div class=\"uagb-container-inner-blocks-wrap\">\n<div class=\"wp-block-uagb-container uagb-block-2cf99f48\">\n<h2 class=\"wp-block-heading\"><br>\u9a91\u81ea\u884c\u8f66\u6b23\u8d4f\u79cb\u5929\u7684\u8272\u5f69<\/h2>\n\n\n\n<p>\u968f\u7740&nbsp;<a href=\"https:\/\/www.bassin-arcachon.com\/le-bassin-a-toute-saison\/printemps\/\">\u6625\u5929<\/a>\uff0c\u79cb\u5929\u662f\u89c2\u5bdf\u5927\u81ea\u7136\u6700\u7f8e\u4e3d\u7684\u5b63\u8282\u4e4b\u4e00\u3002\u5728\u7f8e\u597d\u7684\u4e00\u5929\u9a91\u4e0a\u81ea\u884c\u8f66\uff0c\u524d\u5f80\u5b89\u5fb7\u8bfa\u65af\u7684 Quinconces \u81ea\u7136\u666f\u70b9\u6216 Gujan-Mestras \u7684 Ch\u00eaneraie \u516c\u56ed\uff0c\u6216\u5f92\u6b65\u524d\u5f80 Camicas \u7684\u6c99\u4e18\u68ee\u6797\uff08Arcachon \u548c La Teste de Buch\uff09\uff0c\u771f\u662f\u4e00\u79cd\u4eab\u53d7\u3002<\/p>\n\n\n\n<p>\u5bfb\u627e&nbsp;<a href=\"https:\/\/www.bassin-arcachon.com\/tous-les-circuits\/\">\u60a8\u7406\u60f3\u7684\u9a91\u884c\u8def\u7ebf<\/a>&nbsp;\u8fd9\u8fb9\u8d70\u3002<\/p>\n<\/div>\n\n\n\n<div class=\"wp-block-uagb-container uagb-block-7ac50067\">\n<div class=\"wp-block-uagb-image uagb-block-e26c961e wp-block-uagb-image--layout-default wp-block-uagb-image--effect-static wp-block-uagb-image--align-none\"><figure class=\"wp-block-uagb-image__figure\"><img decoding=\"async\" srcset=\"https:\/\/dev.bassin-arcachon.com\/wp-content\/uploads\/2018\/10\/port-andernos.jpg \" sizes=\"auto, (max-width: 480px) 150px\" src=\"https:\/\/dev.bassin-arcachon.com\/wp-content\/uploads\/2018\/10\/port-andernos.jpg\" alt=\"\u5b89\u5fb7\u8bfa\u65af\u6e2f\u7684\u79cb\u5929\" class=\"uag-image-26681\" width=\"1000\" height=\"800\" title=\"\u2014\u2014Bassin d&#039;Arcachon\" loading=\"lazy\"><\/figure><\/div>\n<\/div>\n<\/div><\/div>\n\n\n\n<div style=\"height:60px\" aria-hidden=\"true\" class=\"wp-block-spacer\"><\/div>\n\n\n\n<div class=\"wp-block-uagb-container uagb-block-95dfc2a1 alignfull uagb-is-root-container\"><div class=\"uagb-container-inner-blocks-wrap\">\n<div class=\"wp-block-uagb-container uagb-block-77b78e36\">\n<div class=\"wp-block-uagb-image uagb-block-41366014 wp-block-uagb-image--layout-default wp-block-uagb-image--effect-static wp-block-uagb-image--align-none\"><figure class=\"wp-block-uagb-image__figure\"><img decoding=\"async\" srcset=\"https:\/\/dev.bassin-arcachon.com\/wp-content\/uploads\/2017\/03\/plages-detente.jpg \" sizes=\"auto, (max-width: 480px) 150px\" src=\"https:\/\/dev.bassin-arcachon.com\/wp-content\/uploads\/2017\/03\/plages-detente.jpg\" alt=\"\u2014\u2014Bassin d&#039;Arcachon\" class=\"uag-image-405\" width=\"772\" height=\"515\" title=\"\u2014\u2014Bassin d&#039;Arcachon\" loading=\"lazy\"><\/figure><\/div>\n<\/div>\n\n\n\n<div class=\"wp-block-uagb-container uagb-block-24a4051f\">\n<h2 class=\"wp-block-heading\">\u5728 Bassin \u7684\u6d77\u6ee9\u4e0a\u5c3d\u60c5\u4eab\u53d7\u8fd9\u4e2a\u5b63\u8282<\/h2>\n\n\n\n<p>\u5982\u679c\u98ce\u5728\u6563\u6b65\u65f6\u7cbe\u795e\u7115\u53d1\uff0c\u5b83\u4e5f\u662f\u5728 La Teste de Buch \u7684\u62c9\u8428\u5229 (La Salie) \u6d77\u6ee9\u8fdb\u884c\u6c99\u6ee9\u6e38\u8247\u6d3b\u52a8\u7684\u5b8c\u7f8e\u76df\u53cb\uff01\u5982\u679c\u60a8\u5728\u5730\u9762\u4e0a\u6bd4\u5728\u6c34\u4e2d\u66f4\u8212\u670d\uff0c\u53ef\u4ee5\u5728\u5170\u987f\u7684 Suzette \u6d77\u6ee9\u6216\u5b89\u5fb7\u8bfa\u65af\u7684 B\u00e9tey \u6d77\u6ee9\u653e\u98ce\u7b5d\u3002\u51b2\u6d6a\u7231\u597d\u8005\u8fd8\u4f1a\u4e3a\u60a8\u63d0\u4f9b\u4ed6\u4eec\u7684\u5730\u5740\uff0c\u4f8b\u5982 La Teste de Buch \u7684\u6d77\u6ee9\u6216 L\u00e8ge-Cap Ferret \u7684\u6d77\u6ee9\uff01<\/p>\n<\/div>\n<\/div><\/div>\n\n\n\n<div style=\"height:60px\" aria-hidden=\"true\" class=\"wp-block-spacer\"><\/div>\n\n\n\n<div class=\"wp-block-uagb-container uagb-block-3fac7b08 alignfull uagb-is-root-container\"><div class=\"uagb-container-inner-blocks-wrap\">\n<div class=\"wp-block-uagb-container uagb-block-969e46ff\">\n<h2 class=\"wp-block-heading\">\u79df\u4e00\u5f20\u5e8a\u548c\u65e9\u9910\uff0c\u5468\u672b\u89c1\u9762<\/h2>\n\n\n\n<p>\u8981\u5229\u7528\u6240\u6709\u8fd9\u4e9b\u6d3b\u52a8\uff0c\u4e3a\u4ec0\u4e48\u4e0d\u00a0<a href=\"https:\/\/www.bassin-arcachon.com\/hebergements\/chambres-dhotes\/\">\u79df\u4e00\u5f20\u5e8a\u548c\u65e9\u9910<\/a>\u00a0\u5468\u672b\uff1f\u5982\u679c\u60a8\u63d0\u524d\u9884\u8ba2\uff0c\u60a8\u53ef\u80fd\u4f1a\u9047\u5230\u7f8e\u4e3d\u7684\u5730\u5740\uff0c\u53ef\u4ee5\u770b\u5230 Bassin \u7684\u666f\u8272\uff0c\u8ff7\u4eba\u7684\u5730\u65b9\uff0c\u9760\u8fd1\u00a0<a href=\"https:\/\/www.bassin-arcachon.com\/nos-incontournables\/les-villages-et-ports-ostreicoles\/\">\u7261\u86ce\u6751<\/a>\uff0c\u751a\u81f3\u4ef7\u683c\u4f4e\u5ec9\u3002<\/p>\n<\/div>\n\n\n\n<div class=\"wp-block-uagb-container uagb-block-86ac5dd5\">\n<div class=\"wp-block-uagb-image uagb-block-d9782776 wp-block-uagb-image--layout-default wp-block-uagb-image--effect-static wp-block-uagb-image--align-none\"><figure class=\"wp-block-uagb-image__figure\"><img decoding=\"async\" srcset=\"https:\/\/dev.bassin-arcachon.com\/wp-content\/uploads\/2017\/10\/2.jpg \" sizes=\"auto, (max-width: 480px) 150px\" src=\"https:\/\/dev.bassin-arcachon.com\/wp-content\/uploads\/2017\/10\/2.jpg\" alt=\"\u2014\u2014Bassin d&#039;Arcachon\" class=\"uag-image-9855\" width=\"640\" height=\"425\" title=\"\u2014\u2014Bassin d&#039;Arcachon\" loading=\"lazy\"><\/figure><\/div>\n<\/div>\n<\/div><\/div>\n\n\n\n<div style=\"height:60px\" aria-hidden=\"true\" class=\"wp-block-spacer\"><\/div>","protected":false},"excerpt":{"rendered":"<p>\u91c7\u8611\u83c7 \u6bcf\u5e74\u7684\u8611\u83c7\u5b63\u8282\u548c\u968f\u4e4b\u800c\u6765\u7684\u7f8e\u5473\u4f73\u80b4\u90fd\u662f\u4e00\u6837\u7684\uff01 [...]\u6709\u51e0\u4e2a\u201c\u79d8\u5bc6\u201d\u89d2\u843d<\/p>","protected":false},"author":25,"featured_media":8864,"parent":33,"menu_order":1,"comment_status":"closed","ping_status":"closed","template":"","meta":{"_acf_changed":false,"_uag_custom_page_level_css":"","footnotes":""},"class_list":["post-153","page","type-page","status-publish","has-post-thumbnail","hentry"],"acf":[],"uagb_featured_image_src":{"full":["https:\/\/dev.bassin-arcachon.com\/wp-content\/uploads\/2017\/02\/Port-de-gujan.jpg",1200,800,false],"thumbnail":["https:\/\/dev.bassin-arcachon.com\/wp-content\/uploads\/2017\/02\/Port-de-gujan-150x150.jpg",150,150,true],"medium":["https:\/\/dev.bassin-arcachon.com\/wp-content\/uploads\/2017\/02\/Port-de-gujan-300x200.jpg",300,200,true],"medium_large":["https:\/\/dev.bassin-arcachon.com\/wp-content\/uploads\/2017\/02\/Port-de-gujan-768x512.jpg",768,512,true],"large":["https:\/\/dev.bassin-arcachon.com\/wp-content\/uploads\/2017\/02\/Port-de-gujan-1024x683.jpg",1024,683,true],"1536x1536":["https:\/\/dev.bassin-arcachon.com\/wp-content\/uploads\/2017\/02\/Port-de-gujan.jpg",1200,800,false],"2048x2048":["https:\/\/dev.bassin-arcachon.com\/wp-content\/uploads\/2017\/02\/Port-de-gujan.jpg",1200,800,false],"trp-custom-language-flag":["https:\/\/dev.bassin-arcachon.com\/wp-content\/uploads\/2017\/02\/Port-de-gujan-18x12.jpg",18,12,true],"fp-small":["https:\/\/dev.bassin-arcachon.com\/wp-content\/uploads\/2017\/02\/Port-de-gujan-640x427.jpg",640,427,true],"fp-large":["https:\/\/dev.bassin-arcachon.com\/wp-content\/uploads\/2017\/02\/Port-de-gujan.jpg",1200,800,false],"fp-xlarge":["https:\/\/dev.bassin-arcachon.com\/wp-content\/uploads\/2017\/02\/Port-de-gujan.jpg",1200,800,false]},"uagb_author_info":{"display_name":"Marie Clauzel","author_link":"https:\/\/dev.bassin-arcachon.com\/zh\/author\/mariesiba\/"},"uagb_comment_info":0,"uagb_excerpt":"La cueillette des champignons C\u2019est la m\u00eame ritournelle chaque ann\u00e9e, celle de la p\u00e9riode des champignons et des bons petits plats qui vont avec&nbsp;! Il existe plusieurs coins \u00ab&nbsp;secrets&nbsp;\u00bb pour [&hellip;]","_links":{"self":[{"href":"https:\/\/dev.bassin-arcachon.com\/zh\/wp-json\/wp\/v2\/pages\/153","targetHints":{"allow":["GET"]}}],"collection":[{"href":"https:\/\/dev.bassin-arcachon.com\/zh\/wp-json\/wp\/v2\/pages"}],"about":[{"href":"https:\/\/dev.bassin-arcachon.com\/zh\/wp-json\/wp\/v2\/types\/page"}],"author":[{"embeddable":true,"href":"https:\/\/dev.bassin-arcachon.com\/zh\/wp-json\/wp\/v2\/users\/25"}],"replies":[{"embeddable":true,"href":"https:\/\/dev.bassin-arcachon.com\/zh\/wp-json\/wp\/v2\/comments?post=153"}],"version-history":[{"count":1,"href":"https:\/\/dev.bassin-arcachon.com\/zh\/wp-json\/wp\/v2\/pages\/153\/revisions"}],"predecessor-version":[{"id":68226,"href":"https:\/\/dev.bassin-arcachon.com\/zh\/wp-json\/wp\/v2\/pages\/153\/revisions\/68226"}],"up":[{"embeddable":true,"href":"https:\/\/dev.bassin-arcachon.com\/zh\/wp-json\/wp\/v2\/pages\/33"}],"wp:featuredmedia":[{"embeddable":true,"href":"https:\/\/dev.bassin-arcachon.com\/zh\/wp-json\/wp\/v2\/media\/8864"}],"wp:attachment":[{"href":"https:\/\/dev.bassin-arcachon.com\/zh\/wp-json\/wp\/v2\/media?parent=153"}],"curies":[{"name":"\u53ef\u6e7f\u6027\u7c89\u5242","href":"https:\/\/api.w.org\/{rel}","templated":true}]}}