{"id":155,"date":"2017-08-09T17:44:49","date_gmt":"2017-08-09T15:44:49","guid":{"rendered":"https:\/\/dev.bassin-arcachon.com\/\/?page_id=155"},"modified":"2024-11-06T10:40:10","modified_gmt":"2024-11-06T09:40:10","slug":"%e5%86%ac%e5%a4%a9","status":"publish","type":"page","link":"https:\/\/dev.bassin-arcachon.com\/zh\/%e6%b3%b3%e6%b1%a0%e6%98%af%e5%9b%9b%e5%ad%a3%e7%9a%86%e5%ae%9c%e7%9a%84\/%e5%86%ac%e5%a4%a9\/","title":{"rendered":"Arcachon Bassin \u5728\u51ac\u5929"},"content":{"rendered":"<div class=\"wp-block-uagb-container uagb-block-19dca13a alignfull uagb-is-root-container\"><div class=\"uagb-container-inner-blocks-wrap\">\n<div class=\"wp-block-uagb-container uagb-block-16a53095\">\n<h2 class=\"wp-block-heading\">\u7ed9\u81ea\u5df1\u4e00\u70b9\u65f6\u95f4<\/h2>\n\n\n\n<p>\u6ca1\u6709\u4ec0\u4e48\u6bd4\u4e00\u8d77\u4eab\u53d7\u8327\u5468\u672b\u66f4\u597d\u7684\u4e86\u3002<\/p>\n\n\n\n<p>\u6bcf\u5e74\u7684\u8fd9\u4e2a\u65f6\u5019\uff0c\u60a8\u90fd\u4f1a\u559c\u6b22\u5728 Balneo &amp; Thalasso \u673a\u6784\u4e4b\u4e00\u9884\u8ba2\u7406\u7597\u670d\u52a1\u3002<\/p>\n\n\n\n<p>\u4e00\u4e2a\u7f8e\u597d\u7684\u653e\u677e\u65f6\u523b\u7b49\u5f85\u7740\u4f60<\/p>\n<\/div>\n\n\n\n<div class=\"wp-block-uagb-container uagb-block-6ad1740f\">\n<div class=\"wp-block-uagb-image uagb-block-1cf71d7d wp-block-uagb-image--layout-default wp-block-uagb-image--effect-static wp-block-uagb-image--align-none\"><figure class=\"wp-block-uagb-image__figure\"><img decoding=\"async\" srcset=\"https:\/\/dev.bassin-arcachon.com\/wp-content\/uploads\/2017\/12\/balneo-serge-blanco-lege-cap-ferret-33-1024x683.jpg \" sizes=\"auto, (max-width: 480px) 150px\" src=\"https:\/\/dev.bassin-arcachon.com\/wp-content\/uploads\/2017\/12\/balneo-serge-blanco-lege-cap-ferret-33-1024x683.jpg\" alt=\"\u2014\u2014Bassin d&#039;Arcachon\" class=\"uag-image-11599\" width=\"1024\" height=\"683\" title=\"\u2014\u2014Bassin d&#039;Arcachon\" loading=\"lazy\" role=\"img\"><\/figure><\/div>\n<\/div>\n<\/div><\/div>\n\n\n\n<div style=\"height:60px\" aria-hidden=\"true\" class=\"wp-block-spacer\"><\/div>\n\n\n\n<div class=\"wp-block-uagb-container uagb-block-a267d877 alignfull uagb-is-root-container\"><div class=\"uagb-container-inner-blocks-wrap\">\n<div class=\"wp-block-uagb-container uagb-block-13cb7ec7\">\n<div class=\"wp-block-uagb-image uagb-block-f2dab386 wp-block-uagb-image--layout-default wp-block-uagb-image--effect-static wp-block-uagb-image--align-none\"><figure class=\"wp-block-uagb-image__figure\"><img decoding=\"async\" srcset=\"https:\/\/dev.bassin-arcachon.com\/wp-content\/uploads\/2017\/02\/plage-bassin-arcachon-1024x516.jpg \" sizes=\"auto, (max-width: 480px) 150px\" src=\"https:\/\/dev.bassin-arcachon.com\/wp-content\/uploads\/2017\/02\/plage-bassin-arcachon-1024x516.jpg\" alt=\"\u2014\u2014Bassin d&#039;Arcachon\" class=\"uag-image-1844\" width=\"1024\" height=\"516\" title=\"\u2014\u2014Bassin d&#039;Arcachon\" loading=\"lazy\" role=\"img\"><\/figure><\/div>\n<\/div>\n\n\n\n<div class=\"wp-block-uagb-container uagb-block-0bcefc13\">\n<h2 class=\"wp-block-heading\">\u8d70\u5728\u6c99\u6ee9\u4e0a<\/h2>\n\n\n\n<p>\u547c\u5438\u65b0\u9c9c\u7a7a\u6c14\uff01\u51ac\u5b63\uff0cBassin \u7684\u6d77\u6ee9\u5448\u73b0\u51fa\u5168\u65b0\u7684\u6c1b\u56f4\u3002<\/p>\n\n\n\n<p>\u590f\u5929\u7684\u5929\u84dd\u8272\u88ab\u7d2b\u8272\u6240\u53d6\u4ee3\uff0c\u5c24\u5176\u662f\u5728\u4e00\u5929\u7ed3\u675f\u7684\u65f6\u5019\u3002<\/p>\n\n\n\n<p>\u5229\u7528\u8fd9\u6b21\u5728\u65b0\u9c9c\u7a7a\u6c14\u4e2d\u6563\u6b65\u7684\u673a\u4f1a\uff0c\u6361\u8d77\u6d6e\u6728\uff0c\u8fd9\u662f\u963f\u5361\u96c4\u5c3c\u98ce\u683c\u5ba4\u5185\u88c5\u9970\u7684\u5fc5\u5907\u54c1\uff01<\/p>\n<\/div>\n<\/div><\/div>\n\n\n\n<div style=\"height:60px\" aria-hidden=\"true\" class=\"wp-block-spacer\"><\/div>\n\n\n\n<div class=\"wp-block-uagb-container uagb-block-22168545 alignfull uagb-is-root-container\"><div class=\"uagb-container-inner-blocks-wrap\">\n<div class=\"wp-block-uagb-container uagb-block-71bd5e46\">\n<h2 class=\"wp-block-heading\">\u5728\u68ee\u6797\u91cc\u5b89\u9759\u5730\u6563\u6b65<\/h2>\n\n\n\n<p>\u6b64\u65f6\uff0c\u79cb\u53f6\u5df2\u843d\uff0c\u53ea\u6709\u9488\u53f6\u6811\u50b2\u7136\u62b5\u6321\u7740\u51c9\u98ce\u3002<\/p>\n\n\n\n<p>\u8fd9\u79cd\u73af\u5883\u975e\u5e38\u9002\u5408\u5728\u68ee\u6797\u4e2d\u6563\u6b65\u3001\u91c7\u6458\u677e\u679c\uff0c\u6216\u8005\u53ea\u662f\u5728\u51ac\u65e5\u7684\u5e73\u9759\u4e2d\u4eab\u53d7\u8fd9\u79cd\u81ea\u7136\u73af\u5883\u3002<\/p>\n<\/div>\n\n\n\n<div class=\"wp-block-uagb-container uagb-block-a65fd5bf\">\n<div class=\"wp-block-uagb-image uagb-block-8039130f wp-block-uagb-image--layout-default wp-block-uagb-image--effect-static wp-block-uagb-image--align-none\"><figure class=\"wp-block-uagb-image__figure\"><img decoding=\"async\" srcset=\"https:\/\/dev.bassin-arcachon.com\/wp-content\/uploads\/2017\/11\/pres-sales-hiver-12-1024x683.jpg \" sizes=\"auto, (max-width: 480px) 150px\" src=\"https:\/\/dev.bassin-arcachon.com\/wp-content\/uploads\/2017\/11\/pres-sales-hiver-12-1024x683.jpg\" alt=\"\u2014\u2014Bassin d&#039;Arcachon\" class=\"uag-image-10671\" width=\"1024\" height=\"683\" title=\"\u2014\u2014Bassin d&#039;Arcachon\" loading=\"lazy\" role=\"img\"><\/figure><\/div>\n<\/div>\n<\/div><\/div>\n\n\n\n<div style=\"height:60px\" aria-hidden=\"true\" class=\"wp-block-spacer\"><\/div>\n\n\n\n<div class=\"wp-block-uagb-container uagb-block-01451b0b alignfull uagb-is-root-container\"><div class=\"uagb-container-inner-blocks-wrap\">\n<div class=\"wp-block-uagb-container uagb-block-95108259\">\n<div class=\"wp-block-uagb-image uagb-block-0a05a591 wp-block-uagb-image--layout-default wp-block-uagb-image--effect-static wp-block-uagb-image--align-none\"><figure class=\"wp-block-uagb-image__figure\"><img decoding=\"async\" srcset=\"https:\/\/dev.bassin-arcachon.com\/wp-content\/uploads\/2018\/07\/halte-gourmandise-cap-ferret-e1546595136670.jpg ,https:\/\/dev.bassin-arcachon.com\/wp-content\/uploads\/2018\/07\/halte-gourmandise-cap-ferret-e1546595136670.jpg 780w, https:\/\/dev.bassin-arcachon.com\/wp-content\/uploads\/2018\/07\/halte-gourmandise-cap-ferret-e1546595136670.jpg 360w\" sizes=\"auto, (max-width: 480px) 150px\" src=\"https:\/\/dev.bassin-arcachon.com\/wp-content\/uploads\/2018\/07\/halte-gourmandise-cap-ferret-e1546595136670.jpg\" alt=\"\u5728 Cap Ferret \u54c1\u5c1d\u7f8e\u98df\" class=\"uag-image-24868\" width=\"1024\" height=\"683\" title=\"\u5728 Cap Ferret \u54c1\u5c1d\u7f8e\u98df\" loading=\"lazy\" role=\"img\"\/><\/figure><\/div>\n<\/div>\n\n\n\n<div class=\"wp-block-uagb-container uagb-block-c89e772e\">\n<h2 class=\"wp-block-heading\">\u8bfb\u4e00\u672c\u4e66\uff0c\u914d\u4e0a\u4e00\u676f\u7f8e\u5473\u7684\u70ed\u5de7\u514b\u529b<\/h2>\n\n\n\n<p>\u9009\u62e9\u4e00\u672c\u597d\u4e66\u7684\u4e50\u8da3\uff0c\u7136\u540e\u524d\u5f80\u5496\u5561\u9986\u6216\u5c0f\u9152\u9986\u8d81\u70ed\u541e\u98df\u5b83\u3002\u4e00\u70b9\u989d\u5916\u7684\u4e50\u8da3\uff1f\u4e00\u676f\u70ed\u5de7\u514b\u529b\u6216\u4e00\u676f\u7ef4\u4e5f\u7eb3\u5496\u5561\u548c\u4e00\u4e9b\u7f8e\u5473\u4f73\u80b4\uff0c\u4f60\u5c31\u62e5\u6709\u4e86\u4e00\u4e2a\u6210\u529f\u7684\u51ac\u65e5\u7684\u6240\u6709\u8981\u7d20\uff01<\/p>\n<\/div>\n<\/div><\/div>\n\n\n\n<div style=\"height:60px\" aria-hidden=\"true\" class=\"wp-block-spacer\"><\/div>\n\n\n\n<div class=\"wp-block-uagb-container uagb-block-bd82ce65 alignfull uagb-is-root-container\"><div class=\"uagb-container-inner-blocks-wrap\">\n<div class=\"wp-block-uagb-container uagb-block-531b9d36\">\n<h2 class=\"wp-block-heading\">\u7535\u5f71\u9662\/\u5267\u9662<\/h2>\n\n\n\n<p>\u5168\u5e74\uff0c\u51ac\u5b63\u66f4\u662f\u5982\u6b64\uff0c\u9884\u8ba2\u60a8\u7684\u4f4d\u7f6e\u4ee5\u89c2\u770b\u5f53\u4e0b\u7684\u8868\u6f14\u6216\u6700\u65b0\u4e0a\u6620\u7684\u7535\u5f71&nbsp;<a href=\"https:\/\/www.bassin-arcachon.com\/agenda-sorties-marches\/les-sorties\">\u6211\u4eec\u7684\u7535\u5f71\u9662\u4e4b\u4e00<\/a>.<\/p>\n\n\n\n<p><strong>\u97f3\u4e50\u4f1a\u3001\u620f\u5267\u3001\u821e\u8e48\u3001\u6b4c\u5267<\/strong>......\u56f4\u7ed5\u7740 Arcachon Bassin\uff0c\u4e00\u4e2a\u7f8e\u4e3d\u7684&nbsp;<strong>\u7f16\u7a0b<\/strong>&nbsp;\u7b49\u7740\u4f60 \uff01&nbsp;<a href=\"https:\/\/www.bassin-arcachon.com\/agenda-sorties-marches\/\">\u67e5\u9605 Arcachon \u7684 Bassin \u8bae\u7a0b\u3002<\/a><\/p>\n<\/div>\n\n\n\n<div class=\"wp-block-uagb-container uagb-block-6e5a64b4\">\n<div class=\"wp-block-uagb-image uagb-block-53397aa1 wp-block-uagb-image--layout-default wp-block-uagb-image--effect-static wp-block-uagb-image--align-none\"><figure class=\"wp-block-uagb-image__figure\"><img decoding=\"async\" srcset=\"https:\/\/dev.bassin-arcachon.com\/wp-content\/uploads\/2017\/02\/visite-au-theatre-Arcachon.jpg \" sizes=\"auto, (max-width: 480px) 150px\" src=\"https:\/\/dev.bassin-arcachon.com\/wp-content\/uploads\/2017\/02\/visite-au-theatre-Arcachon.jpg\" alt=\"\u2014\u2014Bassin d&#039;Arcachon\" class=\"uag-image-1220\" width=\"529\" height=\"301\" title=\"\u2014\u2014Bassin d&#039;Arcachon\" loading=\"lazy\" role=\"img\"><\/figure><\/div>\n<\/div>\n<\/div><\/div>\n\n\n\n<div style=\"height:60px\" aria-hidden=\"true\" class=\"wp-block-spacer\"><\/div>\n\n\n\n<div class=\"wp-block-uagb-container uagb-block-90d75334 alignfull uagb-is-root-container\"><div class=\"uagb-container-inner-blocks-wrap\">\n<div class=\"wp-block-uagb-container uagb-block-024b39f0\">\n<div class=\"wp-block-uagb-image uagb-block-f151724d wp-block-uagb-image--layout-default wp-block-uagb-image--effect-static wp-block-uagb-image--align-none\"><figure class=\"wp-block-uagb-image__figure\"><img decoding=\"async\" srcset=\"https:\/\/dev.bassin-arcachon.com\/wp-content\/uploads\/2017\/02\/balade-en-pinasse-1-1024x683.jpg \" sizes=\"auto, (max-width: 480px) 150px\" src=\"https:\/\/dev.bassin-arcachon.com\/wp-content\/uploads\/2017\/02\/balade-en-pinasse-1-1024x683.jpg\" alt=\"\u2014\u2014Bassin d&#039;Arcachon\" class=\"uag-image-1846\" width=\"1024\" height=\"683\" title=\"\u2014\u2014Bassin d&#039;Arcachon\" loading=\"lazy\" role=\"img\"><\/figure><\/div>\n<\/div>\n\n\n\n<div class=\"wp-block-uagb-container uagb-block-48605417\">\n<h2 class=\"wp-block-heading\">\u8d70\u5728\u9a73\u8239\u91cc\uff0c\u5728\u5e06\u8239\u4e0a\u2026\u2026<\/h2>\n\n\n\n<p>\u5982\u679c\u4f60\u8fd8\u4e0d\u77e5\u9053 Bassin \u51ac\u5929\u7684\u989c\u8272\uff0c\u90a3\u5c31\u4ece&nbsp;<a href=\"https:\/\/www.bassin-arcachon.com\/quoi-faire\/sur-leau\/?cat=excursion_bateau\">\u4f20\u7edf\u4e58\u8239\u6e38\u89c8<\/a>.\u4e00\u4e0a\u6c34\uff0c\u90a3\u5730\u65b9\u7684\u8fbd\u9614\u548c\u4e16\u5916\u6843\u6e90\u7684\u611f\u89c9\u662f\u4e0d\u53ef\u601d\u8bae\u7684\u3002\u60a8\u4e00\u5b9a\u4f1a\u9047\u5230\u5728\u6e2f\u53e3\u5de5\u4f5c\u7684\u7261\u86ce\u517b\u6b96\u8005\u3001\u5728\u5c71\u5899\u6216\u5c0f\u5c4b\u5c4b\u9876\u4e0a\u4f11\u606f\u7684\u9e1f\u513f\u2026\u2026\u62ff\u51fa\u76f8\u673a\u8ba9\u8fd9\u4e00\u523b\u6c38\u751f\u4e0d\u673d\uff0c\u80cc\u666f\u662f Bassin \u7684\u51ac\u5b63\u8272\u5f69\u3002<\/p>\n<\/div>\n<\/div><\/div>\n\n\n\n<div style=\"height:60px\" aria-hidden=\"true\" class=\"wp-block-spacer\"><\/div>\n\n\n\n<div class=\"wp-block-uagb-container uagb-block-c3319ced alignfull uagb-is-root-container\">\n<div class=\"wp-block-cover is-light has-parallax\"><span aria-hidden=\"true\" class=\"wp-block-cover__background has-background-dim-0 has-background-dim\"><\/span><div class=\"wp-block-cover__image-background wp-image-8349 has-parallax\" style=\"background-position:50% 50%;background-image:url(https:\/\/dev.bassin-arcachon.com\/wp-content\/uploads\/2017\/02\/hotel-les-bains-darguin-thalazur-arcachon-divers-3.jpg)\"><\/div><div class=\"wp-block-cover__inner-container is-layout-flow wp-block-cover-is-layout-flow\">\n<div class=\"wp-block-uagb-container uagb-block-dd953b33\">\n<h2 class=\"wp-block-heading has-text-align-center has-white-color has-text-color has-large-font-size\">\u6e34\u671b\u547c\u5438 Bassin \u7684\u7898\u5316\u7a7a\u6c14\uff1f<\/h2>\n\n\n\n<p class=\"has-text-align-center has-white-color has-text-color\"><a href=\"https:\/\/www.bassin-arcachon.com\/nos-incontournables\/les-jetees\/\"><\/a><a href=\"https:\/\/www.bassin-arcachon.com\/nos-incontournables\/les-jetees\/\" target=\"_blank\" rel=\"noreferrer noopener\">\u6f2b\u6b65\u7801\u5934<\/a><\/p>\n<\/div>\n<\/div><\/div>\n<\/div>\n\n\n\n<div style=\"height:60px\" aria-hidden=\"true\" class=\"wp-block-spacer\"><\/div>\n\n\n\n<div class=\"wp-block-uagb-container uagb-block-e9433a70 alignfull uagb-is-root-container\"><div class=\"uagb-container-inner-blocks-wrap\">\n<div class=\"wp-block-uagb-container uagb-block-3ef6d655\">\n<h2 class=\"wp-block-heading\">\u5728 Dune du Pilat \u5f92\u6b65\u65c5\u884c<\/h2>\n\n\n\n<p>\u5982\u679c\u60f3\u5728\u51ac\u5b63\u6b23\u8d4f Bassin \u7684\u795e\u5947\u666f\u8272\uff0c\u8bf7\u524d\u5f80 Dune du Pilat\u3002\u697c\u68af\u5c06\u4e0d\u518d\u5728\u90a3\u91cc\u4e3a\u60a8\u63d0\u4f9b\u5e2e\u52a9\uff0c\u4f46\u8fd9\u5c06\u662f\u60a8\u5728\u5230\u8fbe\u5c71\u9876\u4e4b\u524d\u8fdb\u884c\u8fd0\u52a8\u6500\u722c\u7684\u673a\u4f1a\u3002\u5229\u7528\u8fd9\u4e2a\u5e73\u9759\u7684\u65f6\u671f\uff0c\u5728\u6c99\u4e18\u7684\u9876\u90e8\u884c\u8d70\uff0c\u7136\u540e\u8d70\u5230\u6c99\u4e18\u811a\u4e0b\u7684\u6d77\u6ee9\u4e0a\u3002\u80fd\u8d70\u591a\u8fdc\u5c31\u8d70\u591a\u8fdc\uff0c\u98ce\u666f\u5f88\u503c\u5f97\u3002<\/p>\n<\/div>\n\n\n\n<div class=\"wp-block-uagb-container uagb-block-9fcca49d\">\n<div class=\"wp-block-uagb-image uagb-block-97db7b28 wp-block-uagb-image--layout-default wp-block-uagb-image--effect-static wp-block-uagb-image--align-none\"><figure class=\"wp-block-uagb-image__figure\"><img decoding=\"async\" srcset=\"https:\/\/dev.bassin-arcachon.com\/wp-content\/uploads\/2017\/02\/17017116_1705522186128351_7205716539590127516_o-1024x683.jpg \" sizes=\"auto, (max-width: 480px) 150px\" src=\"https:\/\/dev.bassin-arcachon.com\/wp-content\/uploads\/2017\/02\/17017116_1705522186128351_7205716539590127516_o-1024x683.jpg\" alt=\"\u2014\u2014Bassin d&#039;Arcachon\" class=\"uag-image-6978\" width=\"1024\" height=\"683\" title=\"\u2014\u2014Bassin d&#039;Arcachon\" loading=\"lazy\" role=\"img\"><\/figure><\/div>\n<\/div>\n<\/div><\/div>\n\n\n\n<div style=\"height:60px\" aria-hidden=\"true\" class=\"wp-block-spacer\"><\/div>\n\n\n\n<div class=\"wp-block-uagb-container uagb-block-d0829c67 alignfull uagb-is-root-container\"><div class=\"uagb-container-inner-blocks-wrap\">\n<div class=\"wp-block-uagb-container uagb-block-74988d52\">\n<div class=\"wp-block-uagb-image uagb-block-a0cc5f1a wp-block-uagb-image--layout-default wp-block-uagb-image--effect-static wp-block-uagb-image--align-none\"><figure class=\"wp-block-uagb-image__figure\"><img decoding=\"async\" srcset=\"https:\/\/dev.bassin-arcachon.com\/wp-content\/uploads\/2022\/11\/noel-bassin-arcachon-les-conteurs-1024x1024.jpg \" sizes=\"auto, (max-width: 480px) 150px\" src=\"https:\/\/dev.bassin-arcachon.com\/wp-content\/uploads\/2022\/11\/noel-bassin-arcachon-les-conteurs-1024x1024.jpg\" alt=\"\u2014\u2014Bassin d&#039;Arcachon\" class=\"uag-image-52568\" width=\"1024\" height=\"1024\" title=\"\u2014\u2014Bassin d&#039;Arcachon\" loading=\"lazy\" role=\"img\"><\/figure><\/div>\n<\/div>\n\n\n\n<div class=\"wp-block-uagb-container uagb-block-f983ceb7\">\n<h2 class=\"wp-block-heading\">\u63d0\u65e9\u5e86\u795d\u5723\u8bde\u8282<\/h2>\n\n\n\n<p>\u5728\u4e0e\u5bb6\u4eba\u5e86\u795d\u5723\u8bde\u8282\u4e4b\u524d\uff0c\u5982\u679c\u60a8\u51b3\u5b9a\u63d0\u524d\u4e00\u70b9\u600e\u4e48\u529e\uff1f<\/p>\n\n\n\n<p>\u53bb\u4e70\u51e0\u53ea\u751f\u869d\uff0c\u7559\u4e00\u53ea\u00a0<a href=\"https:\/\/www.bassin-arcachon.com\/hebergements\/chambres-dhotes\/\">\u5e8a\u548c\u65e9\u9910<\/a>\u00a0\u6216\u4e0e\u5bb6\u4eba\u6216\u670b\u53cb\u5ea6\u8fc7\u7f8e\u597d\u5468\u672b\u7684\u5c0f\u5c4b\uff01<\/p>\n<\/div>\n<\/div><\/div>\n\n\n\n<div style=\"height:60px\" aria-hidden=\"true\" class=\"wp-block-spacer\"><\/div>\n\n\n\n<div class=\"wp-block-uagb-container uagb-block-7b84df9a alignfull uagb-is-root-container\"><div class=\"uagb-container-inner-blocks-wrap\">\n<div class=\"wp-block-uagb-container uagb-block-f22dd070\">\n<h2 class=\"wp-block-heading\">\u4e00\u6b21\u6ed1\u51b0<\/h2>\n\n\n\n<p>\u4ece 12 \u6708\u8d77\uff0cArcachon \u548c L\u00e8ge \u6751\u5c06\u5f00\u8bbe\u6e9c\u51b0\u573a\uff0c\u8ba9\u5b69\u5b50\u4eec\u548c\u5bb6\u957f\u4eec\u5927\u5feb\u6735\u9890\uff01<\/p>\n\n\n\n<p>\u8fd8\u53ef\u4ee5\u770b\u5230\u5723\u8bde\u8001\u7237\u5b50\uff0c\u6765\u7684\u6709\u70b9\u65e9\uff0c\u548c\u5b69\u5b50\u4eec\u5408\u5f71\u7559\u5ff5\u3002<\/p>\n\n\n\n<p>\u5728\u963f\u5361\u96c4\uff0c\u4ed6\u751a\u81f3\u5728 12 \u6708 12 \u65e5\u661f\u671f\u516d\u4e58\u8239\u62b5\u8fbe\uff01<\/p>\n<\/div>\n\n\n\n<div class=\"wp-block-uagb-container uagb-block-a0e28e1d\">\n<div class=\"wp-block-uagb-image uagb-block-fa52b6d3 wp-block-uagb-image--layout-default wp-block-uagb-image--effect-static wp-block-uagb-image--align-none\"><figure class=\"wp-block-uagb-image__figure\"><img decoding=\"async\" srcset=\"https:\/\/dev.bassin-arcachon.com\/wp-content\/uploads\/2017\/11\/Patinoire-L\u00e8ge-Cap-Ferret-1024x683.jpg \" sizes=\"auto, (max-width: 480px) 150px\" src=\"https:\/\/dev.bassin-arcachon.com\/wp-content\/uploads\/2017\/11\/Patinoire-L\u00e8ge-Cap-Ferret-1024x683.jpg\" alt=\"\u2014\u2014Bassin d&#039;Arcachon\" class=\"uag-image-39191\" width=\"1024\" height=\"683\" title=\"\u2014\u2014Bassin d&#039;Arcachon\" loading=\"lazy\" role=\"img\"><\/figure><\/div>\n<\/div>\n<\/div><\/div>\n\n\n\n<div style=\"height:60px\" aria-hidden=\"true\" class=\"wp-block-spacer\"><\/div>\n\n\n\n<div class=\"wp-block-uagb-container uagb-block-309d93af alignfull uagb-is-root-container\"><div class=\"uagb-container-inner-blocks-wrap\">\n<div class=\"wp-block-uagb-container uagb-block-b0b8d4c4\">\n<div class=\"wp-block-uagb-image uagb-block-b48b44dc wp-block-uagb-image--layout-default wp-block-uagb-image--effect-static wp-block-uagb-image--align-none\"><figure class=\"wp-block-uagb-image__figure\"><img decoding=\"async\" srcset=\"https:\/\/dev.bassin-arcachon.com\/wp-content\/uploads\/2017\/02\/shopping-pendant-les-soldes-1024x683.jpg \" sizes=\"auto, (max-width: 480px) 150px\" src=\"https:\/\/dev.bassin-arcachon.com\/wp-content\/uploads\/2017\/02\/shopping-pendant-les-soldes-1024x683.jpg\" alt=\"\u2014\u2014Bassin d&#039;Arcachon\" class=\"uag-image-1228\" width=\"1024\" height=\"683\" title=\"\u2014\u2014Bassin d&#039;Arcachon\" loading=\"lazy\" role=\"img\"><\/figure><\/div>\n<\/div>\n\n\n\n<div class=\"wp-block-uagb-container uagb-block-07a5396e\">\n<h2 class=\"wp-block-heading\">\u505a\u5723\u8bde\u8d2d\u7269<\/h2>\n\n\n\n<p>\u524d\u5f80 Arcachon\u3001Andernos-les-Bains \u6216 L\u00e8ge-Cap Ferret \u7684\u5546\u5e97\u8d2d\u4e70\u6700\u65b0\u7684\u5723\u8bde\u793c\u7269\uff01<\/p>\n\n\n\n<p>\u8fd9\u5c06\u662f\u4e00\u4e2a\u5c06\u5546\u52a1\u4e0e\u4f11\u95f2\u76f8\u7ed3\u5408\u7684\u673a\u4f1a\uff0c\u5728\u60a8\u5f53\u4e4b\u65e0\u6127\u7684\u8d2d\u7269\u4e4b\u540e\u5728\u7801\u5934\u6563\u6b65\u3002<\/p>\n<\/div>\n<\/div><\/div>\n\n\n\n<div style=\"height:60px\" aria-hidden=\"true\" class=\"wp-block-spacer\"><\/div>\n\n\n\n<div class=\"wp-block-uagb-container uagb-block-c051fe9b alignfull uagb-is-root-container\"><div class=\"uagb-container-inner-blocks-wrap\">\n<div class=\"wp-block-uagb-container uagb-block-49b5cd48\">\n<h2 class=\"wp-block-heading\">\u4fc3\u9500\u671f\u95f4\u7684\u75af\u72c2\u8d2d\u7269<\/h2>\n\n\n\n<p>\u5723\u8bde\u8282\u8fc7\u540e\uff0c\u8fd8\u6709\u4e00\u4e2a\u4e0d\u5bb9\u9519\u8fc7\u7684\u7ea6\u4f1a\uff1a\u4fc3\u9500\uff01\u5728 Arcachon\uff0c\u4f46\u4e5f\u5728 Grand Piquey \u7684\u88c5\u9970\u5e97\uff0c\u751a\u81f3\u5728 Andernos \u6f02\u4eae\u7684\u8df3\u86a4\u5e02\u573a\u548c Bassin \u7684\u5546\u5e97\u3002<\/p>\n\n\n\n<p>\u5229\u7528\u4e00\u6574\u5929\u7684\u65f6\u95f4\u5728\u8d2d\u7269\u3001\u5728\u5496\u5561\u9986\u4eab\u7528\u70ed\u5de7\u514b\u529b\u6216\u5728\u6751\u5e84\u6563\u6b65\u4e4b\u95f4\u4ea4\u66ff\u3002<\/p>\n<\/div>\n\n\n\n<div class=\"wp-block-uagb-container uagb-block-e765dea5\">\n<div class=\"wp-block-uagb-image uagb-block-8ed7121e wp-block-uagb-image--layout-default wp-block-uagb-image--effect-static wp-block-uagb-image--align-none\"><figure class=\"wp-block-uagb-image__figure\"><img decoding=\"async\" srcset=\"https:\/\/dev.bassin-arcachon.com\/wp-content\/uploads\/2018\/11\/soldes-bassin-arcachon-1024x997.jpg ,https:\/\/dev.bassin-arcachon.com\/wp-content\/uploads\/2018\/11\/soldes-bassin-arcachon.jpg 780w, https:\/\/dev.bassin-arcachon.com\/wp-content\/uploads\/2018\/11\/soldes-bassin-arcachon.jpg 360w\" sizes=\"auto, (max-width: 480px) 150px\" src=\"https:\/\/dev.bassin-arcachon.com\/wp-content\/uploads\/2018\/11\/soldes-bassin-arcachon-1024x997.jpg\" alt=\"\u963f\u5361\u96c4\u6c60\u9500\u552e\" class=\"uag-image-27050\" width=\"1024\" height=\"997\" title=\"\u963f\u5361\u96c4\u6c60\u9500\u552e\" loading=\"lazy\" role=\"img\"\/><\/figure><\/div>\n<\/div>\n<\/div><\/div>\n\n\n\n<div style=\"height:60px\" aria-hidden=\"true\" class=\"wp-block-spacer\"><\/div>","protected":false},"excerpt":{"rendered":"<p>\u7ed9\u81ea\u5df1\u4e00\u70b9\u65f6\u95f4\uff0c\u6ca1\u6709\u4ec0\u4e48\u6bd4\u4e00\u8d77\u4eab\u53d7\u4e00\u4e2a\u8212\u9002\u7684\u5468\u672b\u66f4\u597d\u7684\u4e86\u3002\u6bcf\u5e74\u7684\u8fd9\u4e2a\u65f6\u5019\uff0c\u60a8\u4e00\u5b9a\u4f1a\u559c\u6b22\u5728\u5176\u4e2d\u4e00\u4e2a\u673a\u6784\u9884\u8ba2\u62a4\u7406 [...]<\/p>","protected":false},"author":25,"featured_media":1841,"parent":33,"menu_order":4,"comment_status":"closed","ping_status":"closed","template":"","meta":{"_acf_changed":false,"_uag_custom_page_level_css":"","footnotes":""},"class_list":["post-155","page","type-page","status-publish","has-post-thumbnail","hentry"],"acf":[],"uagb_featured_image_src":{"full":["https:\/\/dev.bassin-arcachon.com\/wp-content\/uploads\/2017\/02\/pignots-bassin-darcachon.jpg",1200,800,false],"thumbnail":["https:\/\/dev.bassin-arcachon.com\/wp-content\/uploads\/2017\/02\/pignots-bassin-darcachon-150x150.jpg",150,150,true],"medium":["https:\/\/dev.bassin-arcachon.com\/wp-content\/uploads\/2017\/02\/pignots-bassin-darcachon-300x200.jpg",300,200,true],"medium_large":["https:\/\/dev.bassin-arcachon.com\/wp-content\/uploads\/2017\/02\/pignots-bassin-darcachon-768x512.jpg",768,512,true],"large":["https:\/\/dev.bassin-arcachon.com\/wp-content\/uploads\/2017\/02\/pignots-bassin-darcachon-1024x683.jpg",1024,683,true],"1536x1536":["https:\/\/dev.bassin-arcachon.com\/wp-content\/uploads\/2017\/02\/pignots-bassin-darcachon.jpg",1200,800,false],"2048x2048":["https:\/\/dev.bassin-arcachon.com\/wp-content\/uploads\/2017\/02\/pignots-bassin-darcachon.jpg",1200,800,false],"trp-custom-language-flag":["https:\/\/dev.bassin-arcachon.com\/wp-content\/uploads\/2017\/02\/pignots-bassin-darcachon-18x12.jpg",18,12,true],"fp-small":["https:\/\/dev.bassin-arcachon.com\/wp-content\/uploads\/2017\/02\/pignots-bassin-darcachon-640x427.jpg",640,427,true],"fp-large":["https:\/\/dev.bassin-arcachon.com\/wp-content\/uploads\/2017\/02\/pignots-bassin-darcachon.jpg",1200,800,false],"fp-xlarge":["https:\/\/dev.bassin-arcachon.com\/wp-content\/uploads\/2017\/02\/pignots-bassin-darcachon.jpg",1200,800,false]},"uagb_author_info":{"display_name":"Marie Clauzel","author_link":"https:\/\/dev.bassin-arcachon.com\/zh\/author\/mariesiba\/"},"uagb_comment_info":0,"uagb_excerpt":"Prendre un moment pour soi Rien de mieux qu\u2019un week-end cocooning pour profiter \u00e0 deux. \u00c0 cette p\u00e9riode de l\u2019ann\u00e9e, vous allez adorez r\u00e9server un soin dans l\u2019un des \u00e9tablissements [&hellip;]","_links":{"self":[{"href":"https:\/\/dev.bassin-arcachon.com\/zh\/wp-json\/wp\/v2\/pages\/155","targetHints":{"allow":["GET"]}}],"collection":[{"href":"https:\/\/dev.bassin-arcachon.com\/zh\/wp-json\/wp\/v2\/pages"}],"about":[{"href":"https:\/\/dev.bassin-arcachon.com\/zh\/wp-json\/wp\/v2\/types\/page"}],"author":[{"embeddable":true,"href":"https:\/\/dev.bassin-arcachon.com\/zh\/wp-json\/wp\/v2\/users\/25"}],"replies":[{"embeddable":true,"href":"https:\/\/dev.bassin-arcachon.com\/zh\/wp-json\/wp\/v2\/comments?post=155"}],"version-history":[{"count":1,"href":"https:\/\/dev.bassin-arcachon.com\/zh\/wp-json\/wp\/v2\/pages\/155\/revisions"}],"predecessor-version":[{"id":68231,"href":"https:\/\/dev.bassin-arcachon.com\/zh\/wp-json\/wp\/v2\/pages\/155\/revisions\/68231"}],"up":[{"embeddable":true,"href":"https:\/\/dev.bassin-arcachon.com\/zh\/wp-json\/wp\/v2\/pages\/33"}],"wp:featuredmedia":[{"embeddable":true,"href":"https:\/\/dev.bassin-arcachon.com\/zh\/wp-json\/wp\/v2\/media\/1841"}],"wp:attachment":[{"href":"https:\/\/dev.bassin-arcachon.com\/zh\/wp-json\/wp\/v2\/media?parent=155"}],"curies":[{"name":"\u53ef\u6e7f\u6027\u7c89\u5242","href":"https:\/\/api.w.org\/{rel}","templated":true}]}}