{"id":27342,"date":"2018-11-21T17:44:13","date_gmt":"2018-11-21T16:44:13","guid":{"rendered":"https:\/\/dev.bassin-arcachon.com\/\/?page_id=27342"},"modified":"2024-11-06T11:02:48","modified_gmt":"2024-11-06T10:02:48","slug":"%e5%ae%89%e5%be%b7%e8%af%ba%e6%96%af","status":"publish","type":"page","link":"https:\/\/dev.bassin-arcachon.com\/zh\/%e6%88%96%e7%9d%a1%e8%a7%89\/%e5%ba%8a%e5%92%8c%e6%97%a9%e9%a4%90\/%e5%ae%89%e5%be%b7%e8%af%ba%e6%96%af\/","title":{"rendered":"\u6211\u4eec\u5728\u5b89\u5fb7\u8bfa\u65af\u7684\u5ba2\u623f"},"content":{"rendered":"<div class=\"wp-block-uagb-container uagb-block-bb8281fe alignfull uagb-is-root-container\"><div class=\"uagb-container-inner-blocks-wrap\">\n<div class=\"wp-block-uagb-container uagb-block-2f3515ac\">\n<h2 class=\"wp-block-heading\">\u6211\u4eec\u5728\u5b89\u5fb7\u8bfa\u65af\u7684\u5ba2\u623f\u8bbe\u6709\u6e38\u6cf3\u6c60<\/h2>\n\n\n\n<p>\u5728\u5b89\u5fb7\u8bfa\u65af (Andernos) \u7684\u4f4f\u5bbf\u52a0\u65e9\u9910\u65c5\u9986\u4eab\u53d7\u6e29\u99a8\u7684\u4f4f\u5bbf\u4f53\u9a8c\uff0c\u5e76\u5728\u6cf3\u6c60\u8fb9\u653e\u677e\u8eab\u5fc3\uff01\u4e0e\u5b69\u5b50\u6216\u60c5\u4fa3\u4e00\u8d77\uff0c\u5728\u8ddd\u79bb\u6d77\u6ee9\u4ec5\u4e00\u7bad\u4e4b\u9065\u7684\u7530\u56ed\u8bd7\u822c\u7684\u73af\u5883\u4e2d\u5145\u7535\uff01\u811a\u8e0f\u5728\u6e38\u6cf3\u6c60\u7684\u6c34\u4e2d\u770b\u65e5\u843d\u600e\u4e48\u6837\uff1f\u5728\u51ac\u5929\uff0c\u60a8\u4f1a\u559c\u6b22\u5b89\u5fb7\u8bfa\u65af\u4f4f\u5bbf\u52a0\u65e9\u9910\u65c5\u9986\u7684\u6e29\u6c34\u6e38\u6cf3\u6c60\uff01<\/p>\n\n\n\n<div class=\"wp-block-buttons is-layout-flex wp-block-buttons-is-layout-flex\">\n<div class=\"wp-block-button\"><a class=\"wp-block-button__link wp-element-button\" href=\"https:\/\/dev.bassin-arcachon.com\/zh\/%e4%bd%8f%e5%ae%bf-2\/%e4%bd%8f%e5%ae%bf%e5%8a%a0%e6%97%a9%e9%a4%90%e9%85%92%e5%ba%97%e5%8f%8a%e6%b8%b8%e6%b3%b3%e6%b1%a0\/\">\u5e26\u6e38\u6cf3\u6c60\u7684\u6c11\u5bbf<\/a><\/div>\n<\/div>\n<\/div>\n\n\n\n<div class=\"wp-block-uagb-container uagb-block-fdd31a9a\">\n<div class=\"wp-block-uagb-image uagb-block-d52328a5 wp-block-uagb-image--layout-default wp-block-uagb-image--effect-static wp-block-uagb-image--align-none\"><figure class=\"wp-block-uagb-image__figure\"><img decoding=\"async\" srcset=\"https:\/\/dev.bassin-arcachon.com\/wp-content\/uploads\/2017\/08\/happy3.jpg \" sizes=\"auto, (max-width: 480px) 150px\" src=\"https:\/\/dev.bassin-arcachon.com\/wp-content\/uploads\/2017\/08\/happy3.jpg\" alt=\"\u8def\u6613\u4e1d\u00b7\u5b89\u5fb7\u8bfa\u65af\" class=\"uag-image-7499\" width=\"700\" height=\"465\" title=\"\u2014\u2014Bassin d&#039;Arcachon\" loading=\"lazy\" role=\"img\"><\/figure><\/div>\n<\/div>\n<\/div><\/div>\n\n\n\n<div style=\"height:60px\" aria-hidden=\"true\" class=\"wp-block-spacer\"><\/div>\n\n\n\n<div class=\"wp-block-uagb-container uagb-block-78cf63ae alignfull uagb-is-root-container\"><div class=\"uagb-container-inner-blocks-wrap\">\n<div class=\"wp-block-uagb-container uagb-block-3f35cde6\">\n<div class=\"wp-block-uagb-image uagb-block-bcceae7a wp-block-uagb-image--layout-default wp-block-uagb-image--effect-static wp-block-uagb-image--align-none\"><figure class=\"wp-block-uagb-image__figure\"><img decoding=\"async\" srcset=\"https:\/\/dev.bassin-arcachon.com\/wp-content\/uploads\/2018\/07\/Jetee-andernos-les-bains-bassin-arcachon.jpg \" sizes=\"auto, (max-width: 480px) 150px\" src=\"https:\/\/dev.bassin-arcachon.com\/wp-content\/uploads\/2018\/07\/Jetee-andernos-les-bains-bassin-arcachon.jpg\" alt=\"\u2014\u2014Bassin d&#039;Arcachon\" class=\"uag-image-23915\" width=\"1000\" height=\"750\" title=\"\u2014\u2014Bassin d&#039;Arcachon\" loading=\"lazy\" role=\"img\"><\/figure><\/div>\n<\/div>\n\n\n\n<div class=\"wp-block-uagb-container uagb-block-7aa87f8d\">\n<h2 class=\"wp-block-heading\">\u6211\u4eec\u5728\u5b89\u5fb7\u8bfa\u65af\u7684\u5ba2\u623f\u8bbe\u6709\u82b1\u56ed<\/h2>\n\n\n\n<p>\u9009\u62e9\u6211\u4eec\u4f4d\u4e8e\u5b89\u5fb7\u8bfa\u65af\u7684\u5e26\u82b1\u56ed\u7684\u5ba2\u623f\u4e4b\u4e00\uff0c\u9003\u79bb\u963f\u5361\u96c4\u7684 Bassin\uff01\u6c90\u6d74\u5728\u82b1\u56ed\u7684\u6811\u836b\u4e0b\uff0c\u8046\u542c\u9e1f\u513f\u7684\u6b4c\u58f0\uff01\u6211\u4eec\u5e26\u82b1\u56ed\u7684\u5ba2\u623f\u662f\u4e24\u4eba\u6216\u5168\u5bb6\u5728\u5b89\u5fb7\u8bfa\u65af\u4eab\u53d7\u8f7b\u677e\u4f4f\u5bbf\u7684\u7406\u60f3\u9009\u62e9\uff01<\/p>\n\n\n\n<div class=\"wp-block-buttons is-layout-flex wp-block-buttons-is-layout-flex\">\n<div class=\"wp-block-button\"><a class=\"wp-block-button__link wp-element-button\" href=\"https:\/\/dev.bassin-arcachon.com\/zh\/%e4%bd%8f%e5%ae%bf-2\/%e4%bd%8f%e5%ae%bf%e5%8a%a0%e6%97%a9%e9%a4%90%e5%8f%8a%e8%8a%b1%e5%9b%ad\/\">\u5e26\u82b1\u56ed\u7684\u6c11\u5bbf<\/a><\/div>\n<\/div>\n<\/div>\n<\/div><\/div>\n\n\n\n<div style=\"height:60px\" aria-hidden=\"true\" class=\"wp-block-spacer\"><\/div>\n\n\n\n<div class=\"wp-block-uagb-container uagb-block-ac65806f alignfull uagb-is-root-container\"><div class=\"uagb-container-inner-blocks-wrap\">\n<div class=\"wp-block-uagb-container uagb-block-41f0971d\">\n<h2 class=\"wp-block-heading\">\u6211\u4eec\u5728\u5b89\u5fb7\u8bfa\u65af\u7684\u5ba2\u623f\u5168\u5e74\u5f00\u653e<\/h2>\n\n\n\n<p>\u4f60\u60f3\u8981\u4e00\u4e2a\u6d6a\u6f2b\u7684\u5047\u671f<a href=\"https:\/\/dev.bassin-arcachon.com\/zh\/%e6%88%91%e4%bb%ac%e7%9a%84%e5%9f%8e%e5%b8%82%e5%92%8c%e6%9d%91%e5%ba%84\/%e5%ae%89%e5%be%b7%e8%af%ba%e8%8e%b1%e7%8f%ad\/\"> \u4f4d\u4e8e\u5b89\u5fb7\u8bfa\u65af<\/a> \uff1f\u8fd9\u662f\u53ef\u80fd\u7684\uff0c\u6211\u4eec\u5b89\u5fb7\u8bfa\u65af\u7684\u5ba2\u623f\u5168\u5e74\u5f00\u653e\uff01\u5728\u79cb\u5929\u7684\u6e29\u6696\u8272\u5f69\u548c\u6625\u5929\u7684\u7b2c\u4e00\u7f15\u9633\u5149\u4e4b\u95f4\uff0c\u6cf3\u6c60\u5728\u6574\u4e2a\u5b63\u8282\u5c55\u73b0\u51fa\u5b83\u7684\u9b54\u529b......\u5145\u5206\u5229\u7528\u6211\u4eec\u5728\u5b89\u5fb7\u8bfa\u65af\u5168\u5e74\u5f00\u653e\u7684\u5ba2\u623f\uff0c\u9009\u62e9\u60a8\u7684\u5b8c\u7f8e\u65f6\u523b\uff0c\u4eab\u53d7\u795e\u5947\u7684\u4f11\u606f\u548c\u4eb2\u5bc6\uff01<\/p>\n\n\n\n<div class=\"wp-block-buttons is-layout-flex wp-block-buttons-is-layout-flex\">\n<div class=\"wp-block-button\"><a class=\"wp-block-button__link wp-element-button\" href=\"https:\/\/dev.bassin-arcachon.com\/zh\/%e4%bd%8f%e5%ae%bf-2\/%e5%ae%a2%e6%88%bf\/\">\u5ba2\u623f\u5168\u5e74\u5f00\u653e<\/a><\/div>\n<\/div>\n<\/div>\n\n\n\n<div class=\"wp-block-uagb-container uagb-block-8837f0c7\">\n<div class=\"wp-block-uagb-image uagb-block-f31d9910 wp-block-uagb-image--layout-default wp-block-uagb-image--effect-static wp-block-uagb-image--align-none\"><figure class=\"wp-block-uagb-image__figure\"><img decoding=\"async\" srcset=\"https:\/\/dev.bassin-arcachon.com\/wp-content\/uploads\/2018\/10\/andernos-velo-SIBA-agence-les-conteurs-50-1024x683.jpg \" sizes=\"auto, (max-width: 480px) 150px\" src=\"https:\/\/dev.bassin-arcachon.com\/wp-content\/uploads\/2018\/10\/andernos-velo-SIBA-agence-les-conteurs-50-1024x683.jpg\" alt=\"\u5b89\u5fb7\u8bfa\u65af\u7f8e\u4e3d\u7684\u522b\u5885\" class=\"uag-image-26668\" width=\"1024\" height=\"683\" title=\"\u2014\u2014Bassin d&#039;Arcachon\" loading=\"lazy\" role=\"img\"><\/figure><\/div>\n<\/div>\n<\/div><\/div>\n\n\n\n<div style=\"height:60px\" aria-hidden=\"true\" class=\"wp-block-spacer\"><\/div>\n\n\n\n<div class=\"wp-block-uagb-container uagb-block-d345a656 alignfull uagb-is-root-container\">\n<div class=\"wp-block-cover is-light has-parallax\"><span aria-hidden=\"true\" class=\"wp-block-cover__background has-background-dim-0 has-background-dim\"><\/span><div class=\"wp-block-cover__image-background wp-image-1345 has-parallax\" style=\"background-position:50% 50%;background-image:url(https:\/\/dev.bassin-arcachon.com\/wp-content\/uploads\/2017\/03\/Camping-Panorama-du-Pyla-cottage-vue-mer-coin-farniente.jpg)\"><\/div><div class=\"wp-block-cover__inner-container is-layout-flow wp-block-cover-is-layout-flow\">\n<div class=\"wp-block-uagb-container uagb-block-4d31af8a\">\n<h2 class=\"wp-block-heading has-text-align-center has-white-color has-text-color has-large-font-size\">\u5728\u963f\u5361\u96c4\u7684 Bassin \u5ba2\u623f\u4e4b\u4e00\u8f7b\u677e\u5ea6\u8fc7\u60a8\u7684\u5047\u671f\uff01<\/h2>\n\n\n\n<p class=\"has-text-align-center has-white-color has-text-color\"><a href=\"https:\/\/dev.bassin-arcachon.com\/zh\/%e4%bd%8f%e5%ae%bf-2\/%e5%ae%a2%e6%88%bf\/\">\u5f00\u59cb\u60a8\u7684\u641c\u7d22<\/a><\/p>\n<\/div>\n<\/div><\/div>\n<\/div>\n\n\n\n<div style=\"height:60px\" aria-hidden=\"true\" class=\"wp-block-spacer\"><\/div>\n\n\n\n<div class=\"wp-block-uagb-container uagb-block-9e872abe alignfull uagb-is-root-container\"><div class=\"uagb-container-inner-blocks-wrap\">\n<div class=\"wp-block-uagb-container uagb-block-b19425a5\">\n<h3 class=\"wp-block-heading\">\u60a8\u60f3\u9884\u8ba2\u5b89\u5fb7\u8bfa\u65af\u9644\u8fd1\u7684\u4f4f\u5bbf\u52a0\u65e9\u9910\u65c5\u9986\u5417\uff1f<\/h3>\n\n\n\n<p>\u63a2\u7d22 Bassin Arcachon \u7684\u6240\u6709\u5ba2\u623f\uff1a&nbsp;<a href=\"https:\/\/dev.bassin-arcachon.com\/zh\/%e6%88%96%e7%9d%a1%e8%a7%89\/%e4%bd%8f%e5%ae%bf%e5%8a%a0%e6%97%a9%e9%a4%90%e5%87%ba%e7%a7%9f\/?commune=arcachon\">\u963f\u5361\u96c4<\/a>,&nbsp;<a href=\"https:\/\/dev.bassin-arcachon.com\/zh\/%e6%88%96%e7%9d%a1%e8%a7%89\/%e4%bd%8f%e5%ae%bf%e5%8a%a0%e6%97%a9%e9%a4%90%e5%87%ba%e7%a7%9f\/?commune=ares\">\u6218\u795e<\/a>,&nbsp;<a href=\"https:\/\/dev.bassin-arcachon.com\/zh\/%e6%88%96%e7%9d%a1%e8%a7%89\/%e4%bd%8f%e5%ae%bf%e5%8a%a0%e6%97%a9%e9%a4%90%e5%87%ba%e7%a7%9f\/?commune=lanton\">\u5170\u987f<\/a>,&nbsp;<a href=\"https:\/\/dev.bassin-arcachon.com\/zh\/%e6%88%96%e7%9d%a1%e8%a7%89\/%e4%bd%8f%e5%ae%bf%e5%8a%a0%e6%97%a9%e9%a4%90%e5%87%ba%e7%a7%9f\/?commune=gujan-mestras\">\u53e4\u8ba9-\u6885\u65af\u7279\u62c9<\/a>,&nbsp;<a href=\"https:\/\/dev.bassin-arcachon.com\/zh\/%e6%88%96%e7%9d%a1%e8%a7%89\/%e4%bd%8f%e5%ae%bf%e5%8a%a0%e6%97%a9%e9%a4%90%e5%87%ba%e7%a7%9f\/?commune=la-teste-de-buch\">La Teste de Buch<\/a>,&nbsp;<a href=\"https:\/\/dev.bassin-arcachon.com\/zh\/%e6%88%96%e7%9d%a1%e8%a7%89\/%e4%bd%8f%e5%ae%bf%e5%8a%a0%e6%97%a9%e9%a4%90%e5%87%ba%e7%a7%9f\/?commune=audenge\">\u5965\u767b\u683c\uff0c<\/a>&nbsp;\u548c&nbsp;<a href=\"https:\/\/dev.bassin-arcachon.com\/zh\/%e6%88%96%e7%9d%a1%e8%a7%89\/%e4%bd%8f%e5%ae%bf%e5%8a%a0%e6%97%a9%e9%a4%90%e5%87%ba%e7%a7%9f\/?commune=lege-cap-ferret\">\u96ea\u8c82<\/a>&nbsp;!<\/p>\n<\/div>\n\n\n\n<div class=\"wp-block-uagb-container uagb-block-3ea3d19f\">\n<div class=\"wp-block-uagb-image uagb-block-d2f4f1c8 wp-block-uagb-image--layout-default wp-block-uagb-image--effect-static wp-block-uagb-image--align-none\"><figure class=\"wp-block-uagb-image__figure\"><img decoding=\"async\" srcset=\"https:\/\/dev.bassin-arcachon.com\/wp-content\/uploads\/2018\/09\/nourri-a-lhu\u00eetre-\u00e9lev\u00e9-sous-les-pins-Bassin-dArcachon.jpg 1000w, https:\/\/dev.bassin-arcachon.com\/wp-content\/uploads\/2018\/09\/nourri-a-lhu\u00eetre-\u00e9lev\u00e9-sous-les-pins-Bassin-dArcachon-300x200.jpg 300w, https:\/\/dev.bassin-arcachon.com\/wp-content\/uploads\/2018\/09\/nourri-a-lhu\u00eetre-\u00e9lev\u00e9-sous-les-pins-Bassin-dArcachon-768x511.jpg 768w, https:\/\/dev.bassin-arcachon.com\/wp-content\/uploads\/2018\/09\/nourri-a-lhu\u00eetre-\u00e9lev\u00e9-sous-les-pins-Bassin-dArcachon-18x12.jpg 18w, https:\/\/dev.bassin-arcachon.com\/wp-content\/uploads\/2018\/09\/nourri-a-lhu\u00eetre-\u00e9lev\u00e9-sous-les-pins-Bassin-dArcachon-640x426.jpg 640w\" sizes=\"auto, (max-width: 480px) 150px\" src=\"https:\/\/dev.bassin-arcachon.com\/wp-content\/uploads\/2018\/09\/nourri-a-lhu\u00eetre-\u00e9lev\u00e9-sous-les-pins-Bassin-dArcachon.jpg\" alt=\"\u2014\u2014Bassin d&#039;Arcachon\" class=\"uag-image-26169\" width=\"1000\" height=\"666\" title=\"\u2014\u2014Bassin d&#039;Arcachon\" loading=\"lazy\" role=\"img\"><\/figure><\/div>\n<\/div>\n<\/div><\/div>\n\n\n\n<div style=\"height:60px\" aria-hidden=\"true\" class=\"wp-block-spacer\"><\/div>","protected":false},"excerpt":{"rendered":"<p>\u6211\u4eec\u4f4d\u4e8e\u5b89\u5fb7\u8bfa\u65af\u7684\u5ba2\u623f\u8bbe\u6709\u6e38\u6cf3\u6c60 \u5728\u5b89\u5fb7\u8bfa\u65af\u7684\u5ba2\u623f\u4e2d\u4eab\u53d7\u6e29\u99a8\u7684\u4f4f\u5bbf\u4f53\u9a8c\uff0c\u5e76\u5728\u6e38\u6cf3\u6c60\u65c1\u653e\u677e\u8eab\u5fc3\uff01\u4e0e\u5b69\u5b50\u4eec\u6216[...]<\/p>","protected":false},"author":24,"featured_media":2217,"parent":398,"menu_order":1,"comment_status":"closed","ping_status":"closed","template":"","meta":{"_acf_changed":false,"_uag_custom_page_level_css":"","footnotes":""},"class_list":["post-27342","page","type-page","status-publish","has-post-thumbnail","hentry"],"acf":[],"uagb_featured_image_src":{"full":["https:\/\/dev.bassin-arcachon.com\/wp-content\/uploads\/2017\/03\/camping-bassin-arcachon.jpg",1200,800,false],"thumbnail":["https:\/\/dev.bassin-arcachon.com\/wp-content\/uploads\/2017\/03\/camping-bassin-arcachon-150x150.jpg",150,150,true],"medium":["https:\/\/dev.bassin-arcachon.com\/wp-content\/uploads\/2017\/03\/camping-bassin-arcachon-300x200.jpg",300,200,true],"medium_large":["https:\/\/dev.bassin-arcachon.com\/wp-content\/uploads\/2017\/03\/camping-bassin-arcachon-768x512.jpg",768,512,true],"large":["https:\/\/dev.bassin-arcachon.com\/wp-content\/uploads\/2017\/03\/camping-bassin-arcachon-1024x683.jpg",1024,683,true],"1536x1536":["https:\/\/dev.bassin-arcachon.com\/wp-content\/uploads\/2017\/03\/camping-bassin-arcachon.jpg",1200,800,false],"2048x2048":["https:\/\/dev.bassin-arcachon.com\/wp-content\/uploads\/2017\/03\/camping-bassin-arcachon.jpg",1200,800,false],"trp-custom-language-flag":["https:\/\/dev.bassin-arcachon.com\/wp-content\/uploads\/2017\/03\/camping-bassin-arcachon-18x12.jpg",18,12,true],"fp-small":["https:\/\/dev.bassin-arcachon.com\/wp-content\/uploads\/2017\/03\/camping-bassin-arcachon-640x427.jpg",640,427,true],"fp-large":["https:\/\/dev.bassin-arcachon.com\/wp-content\/uploads\/2017\/03\/camping-bassin-arcachon.jpg",1200,800,false],"fp-xlarge":["https:\/\/dev.bassin-arcachon.com\/wp-content\/uploads\/2017\/03\/camping-bassin-arcachon.jpg",1200,800,false]},"uagb_author_info":{"display_name":"Audrey RAMBAUT","author_link":"https:\/\/dev.bassin-arcachon.com\/zh\/author\/audrey-siba\/"},"uagb_comment_info":0,"uagb_excerpt":"Nos chambres d\u2019h\u00f4tes \u00e0 Andernos avec piscine Profitez d\u2019un s\u00e9jour intimiste dans une chambre d\u2019h\u00f4tes \u00e0 Andernos et d\u00e9tendez-vous au bord de la piscine ! Avec les enfants ou \u00e0 [&hellip;]","_links":{"self":[{"href":"https:\/\/dev.bassin-arcachon.com\/zh\/wp-json\/wp\/v2\/pages\/27342","targetHints":{"allow":["GET"]}}],"collection":[{"href":"https:\/\/dev.bassin-arcachon.com\/zh\/wp-json\/wp\/v2\/pages"}],"about":[{"href":"https:\/\/dev.bassin-arcachon.com\/zh\/wp-json\/wp\/v2\/types\/page"}],"author":[{"embeddable":true,"href":"https:\/\/dev.bassin-arcachon.com\/zh\/wp-json\/wp\/v2\/users\/24"}],"replies":[{"embeddable":true,"href":"https:\/\/dev.bassin-arcachon.com\/zh\/wp-json\/wp\/v2\/comments?post=27342"}],"version-history":[{"count":1,"href":"https:\/\/dev.bassin-arcachon.com\/zh\/wp-json\/wp\/v2\/pages\/27342\/revisions"}],"predecessor-version":[{"id":68250,"href":"https:\/\/dev.bassin-arcachon.com\/zh\/wp-json\/wp\/v2\/pages\/27342\/revisions\/68250"}],"up":[{"embeddable":true,"href":"https:\/\/dev.bassin-arcachon.com\/zh\/wp-json\/wp\/v2\/pages\/398"}],"wp:featuredmedia":[{"embeddable":true,"href":"https:\/\/dev.bassin-arcachon.com\/zh\/wp-json\/wp\/v2\/media\/2217"}],"wp:attachment":[{"href":"https:\/\/dev.bassin-arcachon.com\/zh\/wp-json\/wp\/v2\/media?parent=27342"}],"curies":[{"name":"\u53ef\u6e7f\u6027\u7c89\u5242","href":"https:\/\/api.w.org\/{rel}","templated":true}]}}