{"id":44470,"date":"2020-07-06T15:19:42","date_gmt":"2020-07-06T13:19:42","guid":{"rendered":"https:\/\/dev.bassin-arcachon.com\/\/?page_id=44470"},"modified":"2024-11-06T11:42:38","modified_gmt":"2024-11-06T10:42:38","slug":"lege-cap-ferret","status":"publish","type":"page","link":"https:\/\/dev.bassin-arcachon.com\/zh\/%e6%88%96%e7%9d%a1%e8%a7%89\/%e9%87%8e%e8%90%a5\/lege-cap-ferret\/","title":{"rendered":"\u6211\u4eec\u5728 L\u00e8ge Cap Ferret \u7684\u9732\u8425\u5730"},"content":{"rendered":"<div class=\"wp-block-uagb-container uagb-block-1c6506fd alignfull uagb-is-root-container\"><div class=\"uagb-container-inner-blocks-wrap\">\n<div class=\"wp-block-uagb-container uagb-block-8e4b4a20\">\n<h2 class=\"wp-block-heading\">\u6211\u4eec\u4f4d\u4e8e L\u00e8ge Cap Ferret \u7684\u5e26\u6e38\u6cf3\u6c60\u7684\u9732\u8425\u5730<\/h2>\n\n\n\n<p>\u5982\u679c\u4f60\u5728&nbsp;<strong>\u6e38\u6cf3\u6c60<\/strong>&nbsp;\u9760\u8fd1\u6d77\u6ee9\uff1f\u9009\u62e9\u4f60\u7684&nbsp;<strong>\u91ce\u8425<\/strong>&nbsp;\u7684&nbsp;<strong>Lege-Cap-Ferret&nbsp;<\/strong>\u548c&nbsp;<strong>\u6e38\u6cf3\u6c60<\/strong>\uff0c\u4e0e\u60a8\u7684\u5b69\u5b50\u6216\u670b\u53cb\u4e00\u8d77\u4eab\u53d7\u96be\u5fd8\u7684\u65f6\u523b\uff01\u5728\u677e\u6811\u4e2d\u95f4\u6216\u6c34\u8fb9\uff0c\u6211\u4eec\u7684&nbsp;<strong>\u8425\u5730<\/strong>&nbsp;\u548c&nbsp;<strong>\u6e38\u6cf3\u6c60<\/strong>&nbsp;\u5728 L\u00e8ge-Cap-Ferret \u4fdd\u8bc1\u60a8\u5b8c\u5168\u6539\u53d8\u98ce\u666f\uff01<\/p>\n\n\n\n<div class=\"wp-block-buttons is-layout-flex wp-block-buttons-is-layout-flex\">\n<div class=\"wp-block-button\"><a class=\"wp-block-button__link wp-element-button\" href=\"https:\/\/www.bassin-arcachon.com\/hebergements\/campings@lege-cap-ferret&amp;piscine\">\u5e26\u6e38\u6cf3\u6c60\u7684\u9732\u8425\u5730<\/a><\/div>\n<\/div>\n<\/div>\n\n\n\n<div class=\"wp-block-uagb-container uagb-block-90e8a36d\">\n<div class=\"wp-block-uagb-image uagb-block-3a782d9c wp-block-uagb-image--layout-default wp-block-uagb-image--effect-static wp-block-uagb-image--align-none\"><figure class=\"wp-block-uagb-image__figure\"><img decoding=\"async\" srcset=\"https:\/\/dev.bassin-arcachon.com\/wp-content\/uploads\/2018\/04\/villlage-ostreicole-velo-lege-cap-ferret-4-e1548069875703.jpg ,https:\/\/dev.bassin-arcachon.com\/wp-content\/uploads\/2018\/04\/villlage-ostreicole-velo-lege-cap-ferret-4-e1548069875703.jpg 780w, https:\/\/dev.bassin-arcachon.com\/wp-content\/uploads\/2018\/04\/villlage-ostreicole-velo-lege-cap-ferret-4-e1548069875703.jpg 360w\" sizes=\"auto, (max-width: 480px) 150px\" src=\"https:\/\/dev.bassin-arcachon.com\/wp-content\/uploads\/2018\/04\/villlage-ostreicole-velo-lege-cap-ferret-4-e1548069875703.jpg\" alt=\"\u8d70\u5728 L\u00e8ge Cap Ferret \u7684\u7261\u86ce\u517b\u6b96\u6751\" class=\"uag-image-19931\" width=\"1024\" height=\"682\" title=\"\u8d70\u5728 L\u00e8ge Cap Ferret \u7684\u7261\u86ce\u517b\u6b96\u6751\" loading=\"lazy\" role=\"img\"\/><\/figure><\/div>\n<\/div>\n<\/div><\/div>\n\n\n\n<div style=\"height:60px\" aria-hidden=\"true\" class=\"wp-block-spacer\"><\/div>\n\n\n\n<div class=\"wp-block-uagb-container uagb-block-580af11a alignfull uagb-is-root-container\"><div class=\"uagb-container-inner-blocks-wrap\">\n<div class=\"wp-block-uagb-container uagb-block-fb01fee9\">\n<div class=\"wp-block-uagb-image uagb-block-2f070cf7 wp-block-uagb-image--layout-default wp-block-uagb-image--effect-static wp-block-uagb-image--align-none\"><figure class=\"wp-block-uagb-image__figure\"><img decoding=\"async\" srcset=\"https:\/\/dev.bassin-arcachon.com\/wp-content\/uploads\/2017\/09\/la-pointe-aux-chevaux-printemps-1024x683.jpg \" sizes=\"auto, (max-width: 480px) 150px\" src=\"https:\/\/dev.bassin-arcachon.com\/wp-content\/uploads\/2017\/09\/la-pointe-aux-chevaux-printemps-1024x683.jpg\" alt=\"\u2014\u2014Bassin d&#039;Arcachon\" class=\"uag-image-9680\" width=\"1024\" height=\"683\" title=\"\u2014\u2014Bassin d&#039;Arcachon\" loading=\"lazy\" role=\"img\"><\/figure><\/div>\n<\/div>\n\n\n\n<div class=\"wp-block-uagb-container uagb-block-0d7376de\">\n<h2 class=\"wp-block-heading\">\u6211\u4eec\u7684\u9732\u8425\u5730\u53ef\u6b23\u8d4f L\u00e8ge Cap Ferret \u7684\u76c6\u5730\u666f\u8272<\/h2>\n\n\n\n<p>\u60f3\u548c\u5bb6\u4eba\u6216\u670b\u53cb\u4e00\u8d77\u653e\u677e\u4e00\u4e0b\u5417\uff1f\u9009\u62e9\u4f60\u7684&nbsp;<strong>\u91ce\u8425<\/strong>&nbsp;\u5728&nbsp;<strong>Lege-Cap-Ferret&nbsp;<\/strong>\u548c&nbsp;<strong>\u76c6\u5730\u7684\u666f\u8272<\/strong>&nbsp;\uff01\u751f\u6d3b\u5728\u6f6e\u6c50\u7684\u8282\u594f\u4e2d\uff0c\u6bcf\u5929\u65e9\u4e0a\u9192\u6765\u90fd\u4f1a\u770b\u5230\u65b0\u7684\u5168\u666f\u3002\u5728\u6c34\u8fb9\uff0c\u53cc\u811a\u8e0f\u5728\u6c99\u6ee9\u4e0a\uff0c\u4eab\u53d7\u76f4\u63a5\u901a\u5f80\u6d77\u6ee9\u7684\u4e50\u8da3\u3002\u6240\u4ee5\u4e0d\u8981\u9519\u8fc7\u6211\u4eec\u7684&nbsp;<strong>\u8425\u5730<\/strong>&nbsp;\u548c&nbsp;<strong>\u76c6\u5730\u7684\u666f\u8272<\/strong>&nbsp;\u5728&nbsp;<strong>Lege-Cap-Ferret<\/strong>&nbsp;!<\/p>\n\n\n\n<div class=\"wp-block-buttons is-layout-flex wp-block-buttons-is-layout-flex\">\n<div class=\"wp-block-button\"><a class=\"wp-block-button__link wp-element-button\" href=\"https:\/\/www.bassin-arcachon.com\/hebergements\/campings@lege-cap-ferret&amp;vuemer\">\u6d77\u6ee8\u9732\u8425\u5730<\/a><\/div>\n<\/div>\n<\/div>\n<\/div><\/div>\n\n\n\n<div style=\"height:60px\" aria-hidden=\"true\" class=\"wp-block-spacer\"><\/div>\n\n\n\n<div class=\"wp-block-uagb-container uagb-block-052cc5b4 alignfull uagb-is-root-container\"><div class=\"uagb-container-inner-blocks-wrap\">\n<div class=\"wp-block-uagb-container uagb-block-54bd363b\">\n<h2 class=\"wp-block-heading\">\u6211\u4eec\u5728 L\u00e8ge Cap Ferret \u7684\u9732\u8425\u5730\u5168\u5e74\u5f00\u653e<\/h2>\n\n\n\n<p><strong>Lege-Cap-Ferret&nbsp;<\/strong>\u968f\u7740\u5b63\u8282\u7684\u53d8\u5316\uff0c\u5c55\u73b0\u51fa\u4e00\u5f20\u65b0\u9762\u5b54\u3002\u5bd2\u6f6e\u88ad\u6765\uff0c\u98ce\u666f\u53d8\u5e7b\uff0cBassin\u53d8\u8eab\uff0c\u66f4\u795e\u5947\uff01\u53d1\u73b0\u8fd9\u4e00\u9762&nbsp;<strong>\u706f\u8239\u5e3d\u96ea\u8c82<\/strong>&nbsp;\u5e76\u9009\u62e9\u4e00\u4e2a&nbsp;<strong>\u91ce\u8425<\/strong>&nbsp;<strong>\u5168\u5e74\u5f00\u653e&nbsp;<\/strong>\uff01\u5feb\u6765\u51b7\u9759\u548c\u65b0\u9c9c\u5730\u7ed9\u4f60\u7684\u7535\u6c60\u5145\u7535\u5427\uff01\u6f2b\u6b65\u5728\u8352\u51c9\u7684\u6d77\u6ee9\u548c\u68ee\u6797\u4e2d&nbsp;<strong>\u706f\u8239\u5e3d\u96ea\u8c82<\/strong>\uff0c\u5e76\u4f53\u9a8c&nbsp;<strong>\u91ce\u8425<\/strong>&nbsp;\u5728\u4efb\u4f55\u65f6\u5019&nbsp;<strong>\u90a3\u4e00\u5e74<\/strong>&nbsp;!<\/p>\n\n\n\n<div class=\"wp-block-buttons is-layout-flex wp-block-buttons-is-layout-flex\">\n<div class=\"wp-block-button\"><a class=\"wp-block-button__link wp-element-button\" href=\"https:\/\/www.bassin-arcachon.com\/hebergements\/campings@lege-cap-ferret\">\u9732\u8425\u5730\u5168\u5e74\u5f00\u653e<\/a><\/div>\n<\/div>\n<\/div>\n\n\n\n<div class=\"wp-block-uagb-container uagb-block-05875d1e\">\n<div class=\"wp-block-uagb-image uagb-block-1bc4f155 wp-block-uagb-image--layout-default wp-block-uagb-image--effect-static wp-block-uagb-image--align-none\"><figure class=\"wp-block-uagb-image__figure\"><img decoding=\"async\" srcset=\"https:\/\/dev.bassin-arcachon.com\/wp-content\/uploads\/2018\/11\/Patinoire-L\u00e8ge-Cap-Ferret-1024x683.jpg \" sizes=\"auto, (max-width: 480px) 150px\" src=\"https:\/\/dev.bassin-arcachon.com\/wp-content\/uploads\/2018\/11\/Patinoire-L\u00e8ge-Cap-Ferret-1024x683.jpg\" alt=\"\u2014\u2014Bassin d&#039;Arcachon\" class=\"uag-image-27045\" width=\"1024\" height=\"683\" title=\"\u2014\u2014Bassin d&#039;Arcachon\" loading=\"lazy\" role=\"img\"><\/figure><\/div>\n<\/div>\n<\/div><\/div>\n\n\n\n<div style=\"height:60px\" aria-hidden=\"true\" class=\"wp-block-spacer\"><\/div>\n\n\n\n<div class=\"wp-block-uagb-container uagb-block-2abae769 alignfull uagb-is-root-container\">\n<div class=\"wp-block-cover is-light has-parallax\"><span aria-hidden=\"true\" class=\"wp-block-cover__background has-background-dim-0 has-background-dim\"><\/span><div class=\"wp-block-cover__image-background wp-image-1345 has-parallax\" style=\"background-position:50% 50%;background-image:url(https:\/\/dev.bassin-arcachon.com\/wp-content\/uploads\/2017\/03\/Camping-Panorama-du-Pyla-cottage-vue-mer-coin-farniente.jpg)\"><\/div><div class=\"wp-block-cover__inner-container is-layout-flow wp-block-cover-is-layout-flow\">\n<div class=\"wp-block-uagb-container uagb-block-396d4238\">\n<h2 class=\"wp-block-heading has-text-align-center has-white-color has-text-color has-large-font-size\">\u5728\u963f\u5361\u96c4\u7684 Bassin \u9732\u8425\u5730\u4e4b\u4e00\u8f7b\u677e\u5ea6\u8fc7\u5047\u671f\uff01<\/h2>\n\n\n\n<p class=\"has-text-align-center has-white-color has-text-color\"><a href=\"https:\/\/www.bassin-arcachon.com\/hebergements\/campings\">\u5f00\u59cb\u60a8\u7684\u641c\u7d22<\/a><\/p>\n<\/div>\n<\/div><\/div>\n<\/div>\n\n\n\n<div style=\"height:60px\" aria-hidden=\"true\" class=\"wp-block-spacer\"><\/div>\n\n\n\n<div class=\"wp-block-uagb-container uagb-block-02e6a164 alignfull uagb-is-root-container\"><div class=\"uagb-container-inner-blocks-wrap\">\n<div class=\"wp-block-uagb-container uagb-block-8edb6d7d\">\n<h3 class=\"wp-block-heading\">\u60a8\u60f3\u9884\u8ba2 L\u00e8ge-Cap Ferret \u9644\u8fd1\u7684\u9732\u8425\u5730\u5417\uff1f<\/h3>\n\n\n\n<p>\u53d1\u73b0\u6211\u4eec\u5728 Bassin Arcachon \u7684\u6240\u6709\u9732\u8425\u5730\uff1a&nbsp;<a href=\"https:\/\/www.bassin-arcachon.com\/hebergements\/hotels+ares\">\u6218\u795e<\/a>,&nbsp;<a href=\"https:\/\/www.bassin-arcachon.com\/hebergements\/hotels+arcachon\/\">\u963f\u5361\u96c4<\/a>,&nbsp;<a href=\"https:\/\/www.bassin-arcachon.com\/hebergements\/hotels+la-teste-de-buch\/\">La Teste de Buch<\/a>,&nbsp;<a href=\"https:\/\/www.bassin-arcachon.com\/hebergements\/hotels+andernos\">\u5b89\u5fb7\u8bfa\u65af<\/a>,&nbsp;<a href=\"https:\/\/www.bassin-arcachon.com\/hebergements\/hotels+gujan-mestras\/\">Gujan-Mestras,<\/a>&nbsp;<a href=\"https:\/\/www.bassin-arcachon.com\/hebergements\/hotels+coeur-de-bassin\/\">\u6bd4\u52a0\u8bfa\u65af<\/a>&nbsp;<a href=\"https:\/\/www.bassin-arcachon.com\/hebergements\/hotels+coeur-de-bassin\/\">\u5965\u767b\u683c<\/a>,<a href=\"https:\/\/www.bassin-arcachon.com\/hebergements\/hotels+coeur-de-bassin\/\">&nbsp;\u5170\u987f&nbsp;<\/a>\u548c&nbsp;<a href=\"https:\/\/www.bassin-arcachon.com\/hebergements\/hotels+le-teich\/\">Le Teich<\/a>&nbsp;!<\/p>\n<\/div>\n\n\n\n<div class=\"wp-block-uagb-container uagb-block-2e52a006\">\n<div class=\"wp-block-uagb-image uagb-block-a755267c wp-block-uagb-image--layout-default wp-block-uagb-image--effect-static wp-block-uagb-image--align-none\"><figure class=\"wp-block-uagb-image__figure\"><img decoding=\"async\" srcset=\"https:\/\/dev.bassin-arcachon.com\/wp-content\/uploads\/2018\/09\/nourri-a-lhu\u00eetre-\u00e9lev\u00e9-sous-les-pins-Bassin-dArcachon.jpg 1000w, https:\/\/dev.bassin-arcachon.com\/wp-content\/uploads\/2018\/09\/nourri-a-lhu\u00eetre-\u00e9lev\u00e9-sous-les-pins-Bassin-dArcachon-300x200.jpg 300w, https:\/\/dev.bassin-arcachon.com\/wp-content\/uploads\/2018\/09\/nourri-a-lhu\u00eetre-\u00e9lev\u00e9-sous-les-pins-Bassin-dArcachon-768x511.jpg 768w, https:\/\/dev.bassin-arcachon.com\/wp-content\/uploads\/2018\/09\/nourri-a-lhu\u00eetre-\u00e9lev\u00e9-sous-les-pins-Bassin-dArcachon-18x12.jpg 18w, https:\/\/dev.bassin-arcachon.com\/wp-content\/uploads\/2018\/09\/nourri-a-lhu\u00eetre-\u00e9lev\u00e9-sous-les-pins-Bassin-dArcachon-640x426.jpg 640w\" sizes=\"auto, (max-width: 480px) 150px\" src=\"https:\/\/dev.bassin-arcachon.com\/wp-content\/uploads\/2018\/09\/nourri-a-lhu\u00eetre-\u00e9lev\u00e9-sous-les-pins-Bassin-dArcachon.jpg\" alt=\"\u2014\u2014Bassin d&#039;Arcachon\" class=\"uag-image-26169\" width=\"1000\" height=\"666\" title=\"\u2014\u2014Bassin d&#039;Arcachon\" loading=\"lazy\" role=\"img\"><\/figure><\/div>\n<\/div>\n<\/div><\/div>\n\n\n\n<div style=\"height:40px\" aria-hidden=\"true\" class=\"wp-block-spacer\"><\/div>","protected":false},"excerpt":{"rendered":"<p>\u6211\u4eec\u4f4d\u4e8e\u83b1\u65e5\u5361\u8d39\u96f7\u7279\u8bbe\u6709\u6e38\u6cf3\u6c60\u7684\u9732\u8425\u5730 \u5982\u679c\u60a8\u5728\u8ddd\u6d77\u6ee9\u4ec5\u4e00\u7bad\u4e4b\u9065\u7684\u6cf3\u6c60\u8fb9\u5ea6\u8fc7\u4e86\u4e00\u4e2a\u68a6\u60f3\u5047\u671f\uff0c\u8be5\u600e\u4e48\u529e\uff1f\u9009\u62e9\u5e26\u6709\u6e38\u6cf3\u6c60\u7684 L\u00e8ge-Cap-Ferret \u9732\u8425\u5730\uff0c\u7136\u540e [...]<\/p>","protected":false},"author":25,"featured_media":2217,"parent":392,"menu_order":1,"comment_status":"closed","ping_status":"closed","template":"","meta":{"_acf_changed":false,"_uag_custom_page_level_css":"","footnotes":""},"class_list":["post-44470","page","type-page","status-publish","has-post-thumbnail","hentry"],"acf":[],"uagb_featured_image_src":{"full":["https:\/\/dev.bassin-arcachon.com\/wp-content\/uploads\/2017\/03\/camping-bassin-arcachon.jpg",1200,800,false],"thumbnail":["https:\/\/dev.bassin-arcachon.com\/wp-content\/uploads\/2017\/03\/camping-bassin-arcachon-150x150.jpg",150,150,true],"medium":["https:\/\/dev.bassin-arcachon.com\/wp-content\/uploads\/2017\/03\/camping-bassin-arcachon-300x200.jpg",300,200,true],"medium_large":["https:\/\/dev.bassin-arcachon.com\/wp-content\/uploads\/2017\/03\/camping-bassin-arcachon-768x512.jpg",768,512,true],"large":["https:\/\/dev.bassin-arcachon.com\/wp-content\/uploads\/2017\/03\/camping-bassin-arcachon-1024x683.jpg",1024,683,true],"1536x1536":["https:\/\/dev.bassin-arcachon.com\/wp-content\/uploads\/2017\/03\/camping-bassin-arcachon.jpg",1200,800,false],"2048x2048":["https:\/\/dev.bassin-arcachon.com\/wp-content\/uploads\/2017\/03\/camping-bassin-arcachon.jpg",1200,800,false],"trp-custom-language-flag":["https:\/\/dev.bassin-arcachon.com\/wp-content\/uploads\/2017\/03\/camping-bassin-arcachon-18x12.jpg",18,12,true],"fp-small":["https:\/\/dev.bassin-arcachon.com\/wp-content\/uploads\/2017\/03\/camping-bassin-arcachon-640x427.jpg",640,427,true],"fp-large":["https:\/\/dev.bassin-arcachon.com\/wp-content\/uploads\/2017\/03\/camping-bassin-arcachon.jpg",1200,800,false],"fp-xlarge":["https:\/\/dev.bassin-arcachon.com\/wp-content\/uploads\/2017\/03\/camping-bassin-arcachon.jpg",1200,800,false]},"uagb_author_info":{"display_name":"Marie Clauzel","author_link":"https:\/\/dev.bassin-arcachon.com\/zh\/author\/mariesiba\/"},"uagb_comment_info":0,"uagb_excerpt":"Nos campings avec piscine \u00e0 L\u00e8ge Cap Ferret Et si vous passiez des vacances de r\u00eave au bord de la&nbsp;piscine&nbsp;et \u00e0 deux pas de la plage ? Choisissez votre&nbsp;camping&nbsp;de&nbsp;L\u00e8ge-Cap-Ferret&nbsp;avec&nbsp;piscine, et [&hellip;]","_links":{"self":[{"href":"https:\/\/dev.bassin-arcachon.com\/zh\/wp-json\/wp\/v2\/pages\/44470","targetHints":{"allow":["GET"]}}],"collection":[{"href":"https:\/\/dev.bassin-arcachon.com\/zh\/wp-json\/wp\/v2\/pages"}],"about":[{"href":"https:\/\/dev.bassin-arcachon.com\/zh\/wp-json\/wp\/v2\/types\/page"}],"author":[{"embeddable":true,"href":"https:\/\/dev.bassin-arcachon.com\/zh\/wp-json\/wp\/v2\/users\/25"}],"replies":[{"embeddable":true,"href":"https:\/\/dev.bassin-arcachon.com\/zh\/wp-json\/wp\/v2\/comments?post=44470"}],"version-history":[{"count":2,"href":"https:\/\/dev.bassin-arcachon.com\/zh\/wp-json\/wp\/v2\/pages\/44470\/revisions"}],"predecessor-version":[{"id":68273,"href":"https:\/\/dev.bassin-arcachon.com\/zh\/wp-json\/wp\/v2\/pages\/44470\/revisions\/68273"}],"up":[{"embeddable":true,"href":"https:\/\/dev.bassin-arcachon.com\/zh\/wp-json\/wp\/v2\/pages\/392"}],"wp:featuredmedia":[{"embeddable":true,"href":"https:\/\/dev.bassin-arcachon.com\/zh\/wp-json\/wp\/v2\/media\/2217"}],"wp:attachment":[{"href":"https:\/\/dev.bassin-arcachon.com\/zh\/wp-json\/wp\/v2\/media?parent=44470"}],"curies":[{"name":"\u53ef\u6e7f\u6027\u7c89\u5242","href":"https:\/\/api.w.org\/{rel}","templated":true}]}}