{"id":45694,"date":"2020-07-10T16:00:45","date_gmt":"2020-07-10T14:00:45","guid":{"rendered":"https:\/\/dev.bassin-arcachon.com\/\/?page_id=45694"},"modified":"2024-11-06T12:00:36","modified_gmt":"2024-11-06T11:00:36","slug":"%e6%88%91%e4%bb%ac%e7%9a%84%e9%98%bf%e9%9b%b7%e6%96%af%e5%ba%a6%e5%81%87%e5%87%ba%e7%a7%9f%e5%b1%8b","status":"publish","type":"page","link":"https:\/\/dev.bassin-arcachon.com\/zh\/%e6%88%96%e7%9d%a1%e8%a7%89\/%e7%a7%9f%e9%87%91\/%e6%88%91%e4%bb%ac%e7%9a%84%e9%98%bf%e9%9b%b7%e6%96%af%e5%ba%a6%e5%81%87%e5%87%ba%e7%a7%9f%e5%b1%8b\/","title":{"rendered":"\u6211\u4eec\u5728\u963f\u745e\u65af\u7684\u5ea6\u5047\u5c4b"},"content":{"rendered":"<div class=\"wp-block-uagb-container uagb-block-43fd071c alignfull uagb-is-root-container\"><div class=\"uagb-container-inner-blocks-wrap\">\n<div class=\"wp-block-uagb-container uagb-block-4c129e35\">\n<h2 class=\"wp-block-heading\">\u6211\u4eec\u4f4d\u4e8e\u963f\u96f7\u65af\u7684\u5ea6\u5047\u51fa\u79df\u5c4b\u53ef\u6b23\u8d4f Bassin \u666f\u89c2<\/h2>\n\n\n\n<p>\u6bcf\u5929\u65e9\u4e0a\u9192\u6765\u65f6\uff0c\u5446\u5728\u6c34\u8fb9\uff0c\u53d1\u73b0\u65b0\u7684\u98ce\u666f\u3002\u5165\u4f4f\u6211\u4eec\u7684\u4e00\u95f4\u5c0f\u5c4b\uff0c\u968f\u6ce2\u9010\u6d41\uff0c\u6b23\u8d4f\u76c6\u5730\u7f8e\u666f\u3002\u9009\u62e9\u6211\u4eec\u7684\u5ea6\u5047\u51fa\u79df\u5c4b\u4e4b\u4e00 <a href=\"https:\/\/dev.bassin-arcachon.com\/zh\/%e6%88%91%e4%bb%ac%e7%9a%84%e5%bf%85%e9%9c%80%e5%93%81\/%e6%b2%99%e6%bb%a9\/\">\u963f\u96f7\u65af\u6d77\u6ee9<\/a> \u4e0e\u60c5\u4fa3\u6216\u4e0e\u5b69\u5b50\u4eec\u4e00\u8d77\u5ea6\u8fc7\u72ec\u7279\u7684\u65f6\u523b\uff01<\/p>\n\n\n\n<div class=\"wp-block-buttons is-layout-flex wp-block-buttons-is-layout-flex\">\n<div class=\"wp-block-button\"><a class=\"wp-block-button__link wp-element-button\" href=\"http:\/\/hebergements\/locations-de-vacances@ares&amp;vuemer\">\u6d77\u6ee8\u51fa\u79df<\/a><\/div>\n<\/div>\n<\/div>\n\n\n\n<div class=\"wp-block-uagb-container uagb-block-876414a2\">\n<div class=\"wp-block-uagb-image uagb-block-b7e601d7 wp-block-uagb-image--layout-default wp-block-uagb-image--effect-static wp-block-uagb-image--align-none\"><figure class=\"wp-block-uagb-image__figure\"><img decoding=\"async\" srcset=\"\" sizes=\"auto, (max-width: 480px) 150px\" src=\"https:\/\/dev.bassin-arcachon.com\/wp-content\/uploads\/2018\/07\/View-from-la-jet\u00e9e-dAr\u00e8s.jpg\" alt=\"\u2014\u2014Bassin d&#039;Arcachon\" class=\"uag-image-23617\" width=\"1000\" height=\"666\" title=\"\u2014\u2014Bassin d&#039;Arcachon\" loading=\"lazy\" role=\"img\" data-srcset=\"\"><\/figure><\/div>\n<\/div>\n<\/div><\/div>\n\n\n\n<div style=\"height:60px\" aria-hidden=\"true\" class=\"wp-block-spacer\"><\/div>\n\n\n\n<div class=\"wp-block-uagb-container uagb-block-04b22247 alignfull uagb-is-root-container\"><div class=\"uagb-container-inner-blocks-wrap\">\n<div class=\"wp-block-uagb-container uagb-block-a2f6f37e\">\n<div class=\"wp-block-uagb-image uagb-block-7f09ed1a wp-block-uagb-image--layout-default wp-block-uagb-image--effect-static wp-block-uagb-image--align-none\"><figure class=\"wp-block-uagb-image__figure\"><img decoding=\"async\" srcset=\"https:\/\/dev.bassin-arcachon.com\/wp-content\/uploads\/2017\/12\/champignons-siba-agence-les-conteurs-93-1024x683.jpg \" sizes=\"auto, (max-width: 480px) 150px\" src=\"https:\/\/dev.bassin-arcachon.com\/wp-content\/uploads\/2017\/12\/champignons-siba-agence-les-conteurs-93-1024x683.jpg\" alt=\"\u2014\u2014Bassin d&#039;Arcachon\" class=\"uag-image-11533\" width=\"1024\" height=\"683\" title=\"\u2014\u2014Bassin d&#039;Arcachon\" loading=\"lazy\" role=\"img\"><\/figure><\/div>\n<\/div>\n\n\n\n<div class=\"wp-block-uagb-container uagb-block-67f6612b\">\n<h2 class=\"wp-block-heading\">\u6211\u4eec\u5728 \u963f\u96f7\u65af \u7684\u51fa\u79df\u5c4b \u5e26\u82b1\u56ed<\/h2>\n\n\n\n<p>\u60a8\u9700\u8981\u7a7a\u95f4\u5e76\u68a6\u60f3\u88ab\u5927\u81ea\u7136\u5305\u56f4\u7684\u4f4f\u5bbf\u5417\uff1f\u4f5c\u4e3a\u60c5\u4fa3\u6216\u5bb6\u5ead\uff0c\u60a8\u53ef\u4ee5\u5728\u6211\u4eec\u4f4d\u4e8e\u963f\u96f7\u65af\u7684\u4e00\u95f4\u5c0f\u5c4b\u7684\u82b1\u56ed\u5185\u90c1\u90c1\u8471\u8471\u7684\u690d\u88ab\u4e2d\u653e\u677e\u8eab\u5fc3\u3002\u5ea6\u5047\u51fa\u79df\u5c4b\u7684\u7eff\u5730\u4fdd\u8bc1\u60a8\u5728\u963f\u96f7\u65af\u9547\u4e2d\u5fc3\u4eab\u53d7\u8f7b\u677e\u7684\u4f4f\u5bbf\u4f53\u9a8c\uff01<\/p>\n\n\n\n<div class=\"wp-block-buttons is-layout-flex wp-block-buttons-is-layout-flex\">\n<div class=\"wp-block-button\"><a class=\"wp-block-button__link wp-element-button\" href=\"https:\/\/www.bassin-arcachon.com\/hebergements\/locations-de-vacances@ares&amp;jardin\">\u5e26\u82b1\u56ed\u51fa\u79df<\/a><\/div>\n<\/div>\n<\/div>\n<\/div><\/div>\n\n\n\n<div style=\"height:60px\" aria-hidden=\"true\" class=\"wp-block-spacer\"><\/div>\n\n\n\n<div class=\"wp-block-uagb-container uagb-block-7869c7f5 alignfull uagb-is-root-container\"><div class=\"uagb-container-inner-blocks-wrap\">\n<div class=\"wp-block-uagb-container uagb-block-a9e2d667\">\n<h2 class=\"wp-block-heading\">\u6211\u4eec\u5728\u963f\u96f7\u65af\u7684\u51fa\u79df\u5c4b\u5168\u5e74\u5f00\u653e<\/h2>\n\n\n\n<p>\u5728\u79cb\u5b63\u6216\u6625\u5b63\u53c2\u89c2\u963f\u5361\u96c4\u76c6\u5730\uff0c\u5e76\u9009\u62e9\u6211\u4eec\u4f4d\u4e8e\u963f\u96f7\u65af\u5168\u5e74\u5f00\u653e\u7684\u4e61\u95f4\u522b\u5885\u4e4b\u4e00\u3002\u5728\u6e05\u65b0\u4e0e\u5e73\u9759\u4e2d\uff0c\u53d1\u73b0Bassin\u7684\u65b0\u9762\u5b54\uff01\u4e0e\u5bb6\u4eba\u6216\u670b\u53cb\u4e00\u8d77\u5165\u4f4f\u963f\u96f7\u65af\u7684\u5ea6\u5047\u51fa\u79df\u5c4b\uff0c\u6b23\u8d4f Bassin \u7684\u51ac\u5b63\u8272\u5f69\uff01<\/p>\n\n\n\n<div class=\"wp-block-buttons is-layout-flex wp-block-buttons-is-layout-flex\">\n<div class=\"wp-block-button\"><a class=\"wp-block-button__link wp-element-button\" href=\"https:\/\/www.bassin-arcachon.com\/hebergements\/locations-de-vacances@ares\">\u5168\u5e74\u5f00\u653e\u51fa\u79df<\/a><\/div>\n<\/div>\n<\/div>\n\n\n\n<div class=\"wp-block-uagb-container uagb-block-e8e79dfd\">\n<div class=\"wp-block-uagb-image uagb-block-eff9d029 wp-block-uagb-image--layout-default wp-block-uagb-image--effect-static wp-block-uagb-image--align-none\"><figure class=\"wp-block-uagb-image__figure\"><img decoding=\"async\" srcset=\"https:\/\/dev.bassin-arcachon.com\/wp-content\/uploads\/2017\/10\/champignons-siba-agence-les-conteurs-113-1024x683.jpg \" sizes=\"auto, (max-width: 480px) 150px\" src=\"https:\/\/dev.bassin-arcachon.com\/wp-content\/uploads\/2017\/10\/champignons-siba-agence-les-conteurs-113-1024x683.jpg\" alt=\"\u8611\u83c7\u6218\u795e\" class=\"uag-image-9849\" width=\"1024\" height=\"683\" title=\"\u2014\u2014Bassin d&#039;Arcachon\" loading=\"lazy\" role=\"img\"><\/figure><\/div>\n<\/div>\n<\/div><\/div>\n\n\n\n<div style=\"height:60px\" aria-hidden=\"true\" class=\"wp-block-spacer\"><\/div>\n\n\n\n<div class=\"wp-block-uagb-container uagb-block-dcf46945 alignfull uagb-is-root-container\">\n<div class=\"wp-block-cover is-light has-parallax\"><span aria-hidden=\"true\" class=\"wp-block-cover__background has-background-dim-0 has-background-dim\"><\/span><div class=\"wp-block-cover__image-background wp-image-1345 has-parallax\" style=\"background-position:50% 50%;background-image:url(https:\/\/dev.bassin-arcachon.com\/wp-content\/uploads\/2017\/03\/Camping-Panorama-du-Pyla-cottage-vue-mer-coin-farniente.jpg)\"><\/div><div class=\"wp-block-cover__inner-container is-layout-flow wp-block-cover-is-layout-flow\">\n<div class=\"wp-block-uagb-container uagb-block-ec21ba9a\">\n<h2 class=\"wp-block-heading has-text-align-center has-white-color has-text-color has-large-font-size\">\u5728\u963f\u5361\u96c4\u7684 Bassin \u5ea6\u5047\u51fa\u79df\u5c4b\u4e2d\u8f7b\u677e\u5ea6\u8fc7\u60a8\u7684\u5047\u671f<\/h2>\n\n\n\n<p class=\"has-text-align-center has-white-color has-text-color\"><a href=\"https:\/\/www.bassin-arcachon.com\/hebergements\/locations-de-vacances\">\u5f00\u59cb\u60a8\u7684\u641c\u7d22<\/a><\/p>\n<\/div>\n<\/div><\/div>\n<\/div>\n\n\n\n<div style=\"height:60px\" aria-hidden=\"true\" class=\"wp-block-spacer\"><\/div>\n\n\n\n<div class=\"wp-block-uagb-container uagb-block-5bc354f6 alignfull uagb-is-root-container\"><div class=\"uagb-container-inner-blocks-wrap\">\n<div class=\"wp-block-uagb-container uagb-block-014e0810\">\n<h2 class=\"wp-block-heading\">\u60a8\u60f3\u8981\u9884\u8ba2\u963f\u96f7\u65af\u9644\u8fd1\u7684\u5ea6\u5047\u51fa\u79df\u5c4b\u5417\uff1f<\/h2>\n\n\n\n<p>\u4e86\u89e3\u6211\u4eec\u5728 Bassin Arcachon \u7684\u6240\u6709\u5ea6\u5047\u51fa\u79df\u5c4b\uff1a&nbsp;<a href=\"https:\/\/www.bassin-arcachon.com\/hebergements\/locations-de-vacances+le-teich\">Le Teich<\/a>,&nbsp;<a href=\"https:\/\/www.bassin-arcachon.com\/hebergements\/locations-de-vacances+arcachon\/\">\u963f\u5361\u96c4<\/a>,&nbsp;<a href=\"https:\/\/www.bassin-arcachon.com\/hebergements\/locations-de-vacances+la-teste-de-buch\/\">La Teste de Buch<\/a>,&nbsp;<a href=\"https:\/\/www.bassin-arcachon.com\/hebergements\/locations-de-vacances+andernos\">\u5b89\u5fb7\u8bfa\u65af<\/a>,&nbsp;<a href=\"https:\/\/www.bassin-arcachon.com\/hebergements\/locations-de-vacances+gujan-mestras\/\">Gujan-Mestras,<\/a>&nbsp;<a href=\"https:\/\/www.bassin-arcachon.com\/hebergements\/locations-de-vacances+coeur-de-bassin\/\">\u6bd4\u52a0\u8bfa\u65af<\/a>&nbsp;<a href=\"https:\/\/www.bassin-arcachon.com\/hebergements\/locations-de-vacances+coeur-de-bassin\/\">\u5965\u767b\u683c<\/a>,<a href=\"https:\/\/www.bassin-arcachon.com\/hebergements\/locations-de-vacances+coeur-de-bassin\/\">&nbsp;\u5170\u987f&nbsp;<\/a>\u548c&nbsp;<a href=\"https:\/\/www.bassin-arcachon.com\/hebergements\/locations-de-vacances+lege-cap-ferret\/\">\u96ea\u8c82<\/a>&nbsp;!<\/p>\n<\/div>\n\n\n\n<div class=\"wp-block-uagb-container uagb-block-7d2b4334\">\n<div class=\"wp-block-uagb-image uagb-block-d9b547aa wp-block-uagb-image--layout-default wp-block-uagb-image--effect-static wp-block-uagb-image--align-none\"><figure class=\"wp-block-uagb-image__figure\"><img decoding=\"async\" srcset=\"https:\/\/dev.bassin-arcachon.com\/wp-content\/uploads\/2018\/09\/nourri-a-lhu\u00eetre-\u00e9lev\u00e9-sous-les-pins-Bassin-dArcachon.jpg 1000w, https:\/\/dev.bassin-arcachon.com\/wp-content\/uploads\/2018\/09\/nourri-a-lhu\u00eetre-\u00e9lev\u00e9-sous-les-pins-Bassin-dArcachon-300x200.jpg 300w, https:\/\/dev.bassin-arcachon.com\/wp-content\/uploads\/2018\/09\/nourri-a-lhu\u00eetre-\u00e9lev\u00e9-sous-les-pins-Bassin-dArcachon-768x511.jpg 768w, https:\/\/dev.bassin-arcachon.com\/wp-content\/uploads\/2018\/09\/nourri-a-lhu\u00eetre-\u00e9lev\u00e9-sous-les-pins-Bassin-dArcachon-18x12.jpg 18w, https:\/\/dev.bassin-arcachon.com\/wp-content\/uploads\/2018\/09\/nourri-a-lhu\u00eetre-\u00e9lev\u00e9-sous-les-pins-Bassin-dArcachon-640x426.jpg 640w\" sizes=\"auto, (max-width: 480px) 150px\" src=\"https:\/\/dev.bassin-arcachon.com\/wp-content\/uploads\/2018\/09\/nourri-a-lhu\u00eetre-\u00e9lev\u00e9-sous-les-pins-Bassin-dArcachon.jpg\" alt=\"\u2014\u2014Bassin d&#039;Arcachon\" class=\"uag-image-26169\" width=\"1000\" height=\"666\" title=\"\u2014\u2014Bassin d&#039;Arcachon\" loading=\"lazy\" role=\"img\"><\/figure><\/div>\n<\/div>\n<\/div><\/div>\n\n\n\n<div style=\"height:60px\" aria-hidden=\"true\" class=\"wp-block-spacer\"><\/div>","protected":false},"excerpt":{"rendered":"<p>\u6211\u4eec\u4f4d\u4e8e\u963f\u96f7\u65af\u7684\u5ea6\u5047\u51fa\u79df\u5c4b\uff0c\u53ef\u6b23\u8d4f Bassin \u7684\u666f\u89c2 \u4f4f\u5728\u6c34\u8fb9\uff0c\u6bcf\u5929\u65e9\u6668\u9192\u6765\u65f6\u90fd\u4f1a\u53d1\u73b0\u65b0\u7684\u98ce\u666f\u3002\u4e0e\u6f6e\u6c50\u5171\u5b58[\u2026]<\/p>","protected":false},"author":25,"featured_media":2217,"parent":508,"menu_order":1,"comment_status":"closed","ping_status":"closed","template":"","meta":{"_acf_changed":false,"_uag_custom_page_level_css":"","footnotes":""},"class_list":["post-45694","page","type-page","status-publish","has-post-thumbnail","hentry"],"acf":[],"uagb_featured_image_src":{"full":["https:\/\/dev.bassin-arcachon.com\/wp-content\/uploads\/2017\/03\/camping-bassin-arcachon.jpg",1200,800,false],"thumbnail":["https:\/\/dev.bassin-arcachon.com\/wp-content\/uploads\/2017\/03\/camping-bassin-arcachon-150x150.jpg",150,150,true],"medium":["https:\/\/dev.bassin-arcachon.com\/wp-content\/uploads\/2017\/03\/camping-bassin-arcachon-300x200.jpg",300,200,true],"medium_large":["https:\/\/dev.bassin-arcachon.com\/wp-content\/uploads\/2017\/03\/camping-bassin-arcachon-768x512.jpg",768,512,true],"large":["https:\/\/dev.bassin-arcachon.com\/wp-content\/uploads\/2017\/03\/camping-bassin-arcachon-1024x683.jpg",1024,683,true],"1536x1536":["https:\/\/dev.bassin-arcachon.com\/wp-content\/uploads\/2017\/03\/camping-bassin-arcachon.jpg",1200,800,false],"2048x2048":["https:\/\/dev.bassin-arcachon.com\/wp-content\/uploads\/2017\/03\/camping-bassin-arcachon.jpg",1200,800,false],"trp-custom-language-flag":["https:\/\/dev.bassin-arcachon.com\/wp-content\/uploads\/2017\/03\/camping-bassin-arcachon-18x12.jpg",18,12,true],"fp-small":["https:\/\/dev.bassin-arcachon.com\/wp-content\/uploads\/2017\/03\/camping-bassin-arcachon-640x427.jpg",640,427,true],"fp-large":["https:\/\/dev.bassin-arcachon.com\/wp-content\/uploads\/2017\/03\/camping-bassin-arcachon.jpg",1200,800,false],"fp-xlarge":["https:\/\/dev.bassin-arcachon.com\/wp-content\/uploads\/2017\/03\/camping-bassin-arcachon.jpg",1200,800,false]},"uagb_author_info":{"display_name":"Marie Clauzel","author_link":"https:\/\/dev.bassin-arcachon.com\/zh\/author\/mariesiba\/"},"uagb_comment_info":0,"uagb_excerpt":"Nos locations de vacances \u00e0 Ar\u00e8s avec vue sur le Bassin S\u00e9journez au bord de l\u2019eau et d\u00e9couvrez un nouveau paysage chaque matin au r\u00e9veil. Vivez au gr\u00e9 des mar\u00e9es [&hellip;]","_links":{"self":[{"href":"https:\/\/dev.bassin-arcachon.com\/zh\/wp-json\/wp\/v2\/pages\/45694","targetHints":{"allow":["GET"]}}],"collection":[{"href":"https:\/\/dev.bassin-arcachon.com\/zh\/wp-json\/wp\/v2\/pages"}],"about":[{"href":"https:\/\/dev.bassin-arcachon.com\/zh\/wp-json\/wp\/v2\/types\/page"}],"author":[{"embeddable":true,"href":"https:\/\/dev.bassin-arcachon.com\/zh\/wp-json\/wp\/v2\/users\/25"}],"replies":[{"embeddable":true,"href":"https:\/\/dev.bassin-arcachon.com\/zh\/wp-json\/wp\/v2\/comments?post=45694"}],"version-history":[{"count":2,"href":"https:\/\/dev.bassin-arcachon.com\/zh\/wp-json\/wp\/v2\/pages\/45694\/revisions"}],"predecessor-version":[{"id":68291,"href":"https:\/\/dev.bassin-arcachon.com\/zh\/wp-json\/wp\/v2\/pages\/45694\/revisions\/68291"}],"up":[{"embeddable":true,"href":"https:\/\/dev.bassin-arcachon.com\/zh\/wp-json\/wp\/v2\/pages\/508"}],"wp:featuredmedia":[{"embeddable":true,"href":"https:\/\/dev.bassin-arcachon.com\/zh\/wp-json\/wp\/v2\/media\/2217"}],"wp:attachment":[{"href":"https:\/\/dev.bassin-arcachon.com\/zh\/wp-json\/wp\/v2\/media?parent=45694"}],"curies":[{"name":"\u53ef\u6e7f\u6027\u7c89\u5242","href":"https:\/\/api.w.org\/{rel}","templated":true}]}}