{"id":45702,"date":"2020-07-10T16:08:06","date_gmt":"2020-07-10T14:08:06","guid":{"rendered":"https:\/\/dev.bassin-arcachon.com\/\/?page_id=45702"},"modified":"2024-11-06T11:55:51","modified_gmt":"2024-11-06T10:55:51","slug":"%e6%88%91%e4%bb%ac%e5%9c%a8%e8%b4%b9%e9%9b%b7%e8%a7%92%e7%9a%84%e5%ba%a6%e5%81%87%e5%87%ba%e7%a7%9f%e5%b1%8b","status":"publish","type":"page","link":"https:\/\/dev.bassin-arcachon.com\/zh\/%e6%88%96%e7%9d%a1%e8%a7%89\/%e7%a7%9f%e9%87%91\/%e6%88%91%e4%bb%ac%e5%9c%a8%e8%b4%b9%e9%9b%b7%e8%a7%92%e7%9a%84%e5%ba%a6%e5%81%87%e5%87%ba%e7%a7%9f%e5%b1%8b\/","title":{"rendered":"\u6211\u4eec\u5728 Cap Ferret \u7684\u5ea6\u5047\u5c4b"},"content":{"rendered":"<div class=\"wp-block-uagb-container uagb-block-45f324aa alignfull uagb-is-root-container\"><div class=\"uagb-container-inner-blocks-wrap\">\n<div class=\"wp-block-uagb-container uagb-block-7e1aff46\">\n<h2 class=\"wp-block-heading\">\u6211\u4eec\u4f4d\u4e8e\u8d39\u96f7\u89d2\u7684\u5ea6\u5047\u51fa\u79df\u5c4b\u8bbe\u6709\u82b1\u56ed<\/h2>\n\n\n\n<p>\u5165\u4f4f\u6211\u4eec\u7684\u5c0f\u5c4b\u548c\u5ea6\u5047\u51fa\u79df\u5c4b\uff0c\u5728\u8d39\u96f7\u89d2\u7684\u81ea\u7136\u73af\u5883\u4e2d\u5ea6\u8fc7\u771f\u5b9e\u7684\u65f6\u5149\u3002\u4e0e\u5bb6\u4eba\u6216\u670b\u53cb\u4e00\u8d77\u5728\u5ea6\u5047\u5c4b\u7684\u82b1\u56ed\u91cc\u4eab\u53d7\u5b81\u9759\u3002\u9009\u62e9\u8d39\u96f7\u89d2\u7684\u5ea6\u5047\u51fa\u79df\u5c4b\uff0c\u5728\u82b1\u56ed\u7684\u677e\u6811\u836b\u4e0b\u6062\u590d\u6d3b\u529b\uff01<\/p>\n\n\n\n<div class=\"wp-block-buttons is-layout-flex wp-block-buttons-is-layout-flex\">\n<div class=\"wp-block-button\"><a class=\"wp-block-button__link wp-element-button\" href=\"https:\/\/www.bassin-arcachon.com\/hebergements\/locations-de-vacances@lege-cap-ferret&amp;jardin\">\u5e26\u82b1\u56ed\u51fa\u79df<\/a><\/div>\n<\/div>\n<\/div>\n\n\n\n<div class=\"wp-block-uagb-container uagb-block-41dd1fde\">\n<div class=\"wp-block-uagb-image uagb-block-b6d16b43 wp-block-uagb-image--layout-default wp-block-uagb-image--effect-static wp-block-uagb-image--align-none\"><figure class=\"wp-block-uagb-image__figure\"><img decoding=\"async\" srcset=\"https:\/\/dev.bassin-arcachon.com\/wp-content\/uploads\/2018\/04\/velo-cap-ferret-foret-e1548070226272.jpg \" sizes=\"auto, (max-width: 480px) 150px\" src=\"https:\/\/dev.bassin-arcachon.com\/wp-content\/uploads\/2018\/04\/velo-cap-ferret-foret-e1548070226272.jpg\" alt=\"\u5728 Cap Ferret \u7684\u68ee\u6797\u4e2d\u9a91\u81ea\u884c\u8f66\" class=\"uag-image-19907\" width=\"1000\" height=\"667\" title=\"\u2014\u2014Bassin d&#039;Arcachon\" loading=\"lazy\" role=\"img\"><\/figure><\/div>\n<\/div>\n<\/div><\/div>\n\n\n\n<div style=\"height:60px\" aria-hidden=\"true\" class=\"wp-block-spacer\"><\/div>\n\n\n\n<div class=\"wp-block-uagb-container uagb-block-1c839896 alignfull uagb-is-root-container\"><div class=\"uagb-container-inner-blocks-wrap\">\n<div class=\"wp-block-uagb-container uagb-block-ad32c273\">\n<div class=\"wp-block-uagb-image uagb-block-216ac2be wp-block-uagb-image--layout-default wp-block-uagb-image--effect-static wp-block-uagb-image--align-none\"><figure class=\"wp-block-uagb-image__figure\"><img decoding=\"async\" srcset=\"https:\/\/dev.bassin-arcachon.com\/wp-content\/uploads\/2019\/09\/plage-pointe-siba-agence-les-conteurs-47-1024x683.jpg \" sizes=\"auto, (max-width: 480px) 150px\" src=\"https:\/\/dev.bassin-arcachon.com\/wp-content\/uploads\/2019\/09\/plage-pointe-siba-agence-les-conteurs-47-1024x683.jpg\" alt=\"Cap Ferret \u6d77\u6ee9\" class=\"uag-image-37780\" width=\"1024\" height=\"683\" title=\"\u2014\u2014Bassin d&#039;Arcachon\" loading=\"lazy\" role=\"img\"><\/figure><\/div>\n<\/div>\n\n\n\n<div class=\"wp-block-uagb-container uagb-block-41f796c9\">\n<h2 class=\"wp-block-heading\">\u6211\u4eec\u5728\u8d39\u96f7\u89d2\u7684\u5ea6\u5047\u51fa\u79df\u5c4b\u8bbe\u6709\u6e38\u6cf3\u6c60<\/h2>\n\n\n\n<p>\u5165\u4f4f\u8bbe\u6709\u6e38\u6cf3\u6c60\u7684\u5ea6\u5047\u51fa\u79df\u5c4b\uff0c\u4eab\u53d7\u9633\u5149\uff0c\u5728\u8d39\u96f7\u89d2\u5ea6\u8fc7\u96be\u5fd8\u7684\u5bb6\u5ead\u65f6\u5149\uff01\u6e29\u6c34\u6e38\u6cf3\u6c60\u3001\u5c0f\u578b\u6216\u5927\u578b\u6e38\u6cf3\u6c60\u3001\u5145\u6c14\u6e38\u620f\u548c\u8eba\u6905\u4fdd\u8bc1\u60a8\u5728\u8d39\u96f7\u89d2\u4e61\u95f4\u522b\u5885\u7684\u6e38\u6cf3\u6c60\u65c1\u5ea6\u8fc7\u4e00\u4e2a\u6210\u529f\u7684\u5047\u671f\uff01<\/p>\n\n\n\n<div class=\"wp-block-buttons is-layout-flex wp-block-buttons-is-layout-flex\">\n<div class=\"wp-block-button\"><a class=\"wp-block-button__link wp-element-button\" href=\"https:\/\/www.bassin-arcachon.com\/hebergements\/locations-de-vacances@lege-cap-ferret&amp;piscine\">\u5e26\u6e38\u6cf3\u6c60\u7684\u79df\u91d1<\/a><\/div>\n<\/div>\n<\/div>\n<\/div><\/div>\n\n\n\n<div style=\"height:60px\" aria-hidden=\"true\" class=\"wp-block-spacer\"><\/div>\n\n\n\n<div class=\"wp-block-uagb-container uagb-block-4fc7f961 alignfull uagb-is-root-container\"><div class=\"uagb-container-inner-blocks-wrap\">\n<div class=\"wp-block-uagb-container uagb-block-e1bb86a4\">\n<h2 class=\"wp-block-heading\">\u6211\u4eec\u5728\u8d39\u96f7\u89d2\u7684\u5ea6\u5047\u51fa\u79df\u5c4b\u5168\u5e74\u5f00\u653e<\/h2>\n\n\n\n<p>\u5728\u7801\u5934\u3001\u68ee\u6797\u6216\u6d77\u6ee9\u4e0a\u6563\u6b65\uff0c\u7136\u540e\u54c1\u5c1d\u7261\u86ce\uff0c\u5728 Cap Ferret \u7684\u51ac\u5b63\u4f4f\u5bbf\u671f\u95f4\uff0c\u60a8\u5c06\u5728\u8fd9\u4e2a\u4e16\u754c\u4e0a\u611f\u5230\u5b64\u72ec\u3002\u4e0e\u60c5\u4fa3\u6216\u4e0e\u5b69\u5b50\u4e00\u8d77\u4eab\u53d7\u73cd\u8d35\u7684\u65f6\u5149\uff0c\u5e76\u9009\u62e9\u6211\u4eec\u5728\u8d39\u96f7\u89d2\u5168\u5e74\u5f00\u653e\u7684\u79df\u8d41\u4e4b\u4e00\u3002<\/p>\n\n\n\n<div class=\"wp-block-buttons is-layout-flex wp-block-buttons-is-layout-flex\">\n<div class=\"wp-block-button\"><a class=\"wp-block-button__link wp-element-button\" href=\"https:\/\/www.bassin-arcachon.com\/hebergements\/locations-de-vacances@lege-cap-ferret\">\u5168\u5e74\u5f00\u653e\u51fa\u79df<\/a><\/div>\n<\/div>\n<\/div>\n\n\n\n<div class=\"wp-block-uagb-container uagb-block-3296e21d\">\n<div class=\"wp-block-uagb-image uagb-block-82f93c0c wp-block-uagb-image--layout-default wp-block-uagb-image--effect-static wp-block-uagb-image--align-none\"><figure class=\"wp-block-uagb-image__figure\"><img decoding=\"async\" srcset=\"https:\/\/dev.bassin-arcachon.com\/wp-content\/uploads\/2017\/02\/Balade-en-automne-\u00e9t\u00e9-indien-Cap-Ferret.jpg \" sizes=\"auto, (max-width: 480px) 150px\" src=\"https:\/\/dev.bassin-arcachon.com\/wp-content\/uploads\/2017\/02\/Balade-en-automne-\u00e9t\u00e9-indien-Cap-Ferret.jpg\" alt=\"cap ferret \u7684\u5ea6\u5047\u51fa\u79df\u5c4b view of the pilat \u6c99\u4e18\" class=\"uag-image-23752\" width=\"1000\" height=\"666\" title=\"\u2014\u2014Bassin d&#039;Arcachon\" loading=\"lazy\" role=\"img\"><\/figure><\/div>\n<\/div>\n<\/div><\/div>\n\n\n\n<div style=\"height:60px\" aria-hidden=\"true\" class=\"wp-block-spacer\"><\/div>\n\n\n\n<div class=\"wp-block-uagb-container uagb-block-3af7bd3b alignfull uagb-is-root-container\">\n<div class=\"wp-block-cover is-light has-parallax\"><span aria-hidden=\"true\" class=\"wp-block-cover__background has-background-dim-0 has-background-dim\"><\/span><div class=\"wp-block-cover__image-background wp-image-1345 has-parallax\" style=\"background-position:50% 50%;background-image:url(https:\/\/dev.bassin-arcachon.com\/wp-content\/uploads\/2017\/03\/Camping-Panorama-du-Pyla-cottage-vue-mer-coin-farniente.jpg)\"><\/div><div class=\"wp-block-cover__inner-container is-layout-flow wp-block-cover-is-layout-flow\">\n<div class=\"wp-block-uagb-container uagb-block-a416cbf8\">\n<h2 class=\"wp-block-heading has-text-align-center has-white-color has-text-color has-large-font-size\">\u5728\u963f\u5361\u96c4\u7684 Bassin \u5ea6\u5047\u51fa\u79df\u5c4b\u4e2d\u8f7b\u677e\u5ea6\u8fc7\u60a8\u7684\u5047\u671f<\/h2>\n\n\n\n<p class=\"has-text-align-center has-white-color has-text-color\"><a href=\"https:\/\/www.bassin-arcachon.com\/hebergements\/locations-de-vacances\">\u5f00\u59cb\u60a8\u7684\u641c\u7d22<\/a><\/p>\n<\/div>\n<\/div><\/div>\n<\/div>\n\n\n\n<div style=\"height:60px\" aria-hidden=\"true\" class=\"wp-block-spacer\"><\/div>\n\n\n\n<div class=\"wp-block-uagb-container uagb-block-5bc354f6 alignfull uagb-is-root-container\"><div class=\"uagb-container-inner-blocks-wrap\">\n<div class=\"wp-block-uagb-container uagb-block-014e0810\">\n<h2 class=\"wp-block-heading\">\u60a8\u60f3\u9884\u8ba2 L\u00e8ge-Cap Ferret \u9644\u8fd1\u7684\u5ea6\u5047\u51fa\u79df\u5c4b\u5417\uff1f<\/h2>\n\n\n\n<p>\u4e86\u89e3\u6211\u4eec\u5728 Bassin Arcachon \u7684\u6240\u6709\u5ea6\u5047\u51fa\u79df\u5c4b\uff1a&nbsp;<a href=\"https:\/\/www.bassin-arcachon.com\/hebergements\/locations-de-vacances+ares\">\u6218\u795e<\/a>,&nbsp;<a href=\"https:\/\/www.bassin-arcachon.com\/hebergements\/locations-de-vacances+arcachon\/\">\u963f\u5361\u96c4<\/a>,&nbsp;<a href=\"https:\/\/www.bassin-arcachon.com\/hebergements\/locations-de-vacances+lege-cap-ferret\/\">Lege-Cap\u96ea\u8c82<\/a>,&nbsp;<a href=\"https:\/\/www.bassin-arcachon.com\/hebergements\/locations-de-vacances+andernos\">\u5b89\u5fb7\u8bfa\u65af<\/a>,&nbsp;<a href=\"https:\/\/www.bassin-arcachon.com\/hebergements\/locations-de-vacances+gujan-mestras\/\">Gujan-Mestras,<\/a>&nbsp;<a href=\"https:\/\/www.bassin-arcachon.com\/hebergements\/locations-de-vacances+coeur-de-bassin\/\">\u6bd4\u52a0\u8bfa\u65af<\/a>&nbsp;<a href=\"https:\/\/www.bassin-arcachon.com\/hebergements\/locations-de-vacances+coeur-de-bassin\/\">\u5965\u767b\u683c<\/a>,<a href=\"https:\/\/www.bassin-arcachon.com\/hebergements\/locations-de-vacances+coeur-de-bassin\/\">&nbsp;\u5170\u987f&nbsp;<\/a>\u548c&nbsp;<a href=\"https:\/\/www.bassin-arcachon.com\/hebergements\/locations-de-vacances+lege-cap-ferret\/\">\u96ea\u8c82<\/a>&nbsp;!<\/p>\n<\/div>\n\n\n\n<div class=\"wp-block-uagb-container uagb-block-7d2b4334\">\n<div class=\"wp-block-uagb-image uagb-block-d9b547aa wp-block-uagb-image--layout-default wp-block-uagb-image--effect-static wp-block-uagb-image--align-none\"><figure class=\"wp-block-uagb-image__figure\"><img decoding=\"async\" srcset=\"https:\/\/dev.bassin-arcachon.com\/wp-content\/uploads\/2018\/09\/nourri-a-lhu\u00eetre-\u00e9lev\u00e9-sous-les-pins-Bassin-dArcachon.jpg 1000w, https:\/\/dev.bassin-arcachon.com\/wp-content\/uploads\/2018\/09\/nourri-a-lhu\u00eetre-\u00e9lev\u00e9-sous-les-pins-Bassin-dArcachon-300x200.jpg 300w, https:\/\/dev.bassin-arcachon.com\/wp-content\/uploads\/2018\/09\/nourri-a-lhu\u00eetre-\u00e9lev\u00e9-sous-les-pins-Bassin-dArcachon-768x511.jpg 768w, https:\/\/dev.bassin-arcachon.com\/wp-content\/uploads\/2018\/09\/nourri-a-lhu\u00eetre-\u00e9lev\u00e9-sous-les-pins-Bassin-dArcachon-18x12.jpg 18w, https:\/\/dev.bassin-arcachon.com\/wp-content\/uploads\/2018\/09\/nourri-a-lhu\u00eetre-\u00e9lev\u00e9-sous-les-pins-Bassin-dArcachon-640x426.jpg 640w\" sizes=\"auto, (max-width: 480px) 150px\" src=\"https:\/\/dev.bassin-arcachon.com\/wp-content\/uploads\/2018\/09\/nourri-a-lhu\u00eetre-\u00e9lev\u00e9-sous-les-pins-Bassin-dArcachon.jpg\" alt=\"\u2014\u2014Bassin d&#039;Arcachon\" class=\"uag-image-26169\" width=\"1000\" height=\"666\" title=\"\u2014\u2014Bassin d&#039;Arcachon\" loading=\"lazy\" role=\"img\"><\/figure><\/div>\n<\/div>\n<\/div><\/div>\n\n\n\n<div style=\"height:60px\" aria-hidden=\"true\" class=\"wp-block-spacer\"><\/div>","protected":false},"excerpt":{"rendered":"<p>Nos locations de vacances au Cap Ferret avec un jardin Passez des moments authentiques dans un cadre naturel au Cap Ferret avec nos g\u00eetes et locations de vacances. En famille [&hellip;]<\/p>","protected":false},"author":25,"featured_media":2217,"parent":508,"menu_order":1,"comment_status":"closed","ping_status":"closed","template":"","meta":{"_acf_changed":false,"_uag_custom_page_level_css":"","footnotes":""},"class_list":["post-45702","page","type-page","status-publish","has-post-thumbnail","hentry"],"acf":[],"uagb_featured_image_src":{"full":["https:\/\/dev.bassin-arcachon.com\/wp-content\/uploads\/2017\/03\/camping-bassin-arcachon.jpg",1200,800,false],"thumbnail":["https:\/\/dev.bassin-arcachon.com\/wp-content\/uploads\/2017\/03\/camping-bassin-arcachon-150x150.jpg",150,150,true],"medium":["https:\/\/dev.bassin-arcachon.com\/wp-content\/uploads\/2017\/03\/camping-bassin-arcachon-300x200.jpg",300,200,true],"medium_large":["https:\/\/dev.bassin-arcachon.com\/wp-content\/uploads\/2017\/03\/camping-bassin-arcachon-768x512.jpg",768,512,true],"large":["https:\/\/dev.bassin-arcachon.com\/wp-content\/uploads\/2017\/03\/camping-bassin-arcachon-1024x683.jpg",1024,683,true],"1536x1536":["https:\/\/dev.bassin-arcachon.com\/wp-content\/uploads\/2017\/03\/camping-bassin-arcachon.jpg",1200,800,false],"2048x2048":["https:\/\/dev.bassin-arcachon.com\/wp-content\/uploads\/2017\/03\/camping-bassin-arcachon.jpg",1200,800,false],"trp-custom-language-flag":["https:\/\/dev.bassin-arcachon.com\/wp-content\/uploads\/2017\/03\/camping-bassin-arcachon-18x12.jpg",18,12,true],"fp-small":["https:\/\/dev.bassin-arcachon.com\/wp-content\/uploads\/2017\/03\/camping-bassin-arcachon-640x427.jpg",640,427,true],"fp-large":["https:\/\/dev.bassin-arcachon.com\/wp-content\/uploads\/2017\/03\/camping-bassin-arcachon.jpg",1200,800,false],"fp-xlarge":["https:\/\/dev.bassin-arcachon.com\/wp-content\/uploads\/2017\/03\/camping-bassin-arcachon.jpg",1200,800,false]},"uagb_author_info":{"display_name":"Marie Clauzel","author_link":"https:\/\/dev.bassin-arcachon.com\/zh\/author\/mariesiba\/"},"uagb_comment_info":0,"uagb_excerpt":"Nos locations de vacances au Cap Ferret avec un jardin Passez des moments authentiques dans un cadre naturel au Cap Ferret avec nos g\u00eetes et locations de vacances. En famille [&hellip;]","_links":{"self":[{"href":"https:\/\/dev.bassin-arcachon.com\/zh\/wp-json\/wp\/v2\/pages\/45702","targetHints":{"allow":["GET"]}}],"collection":[{"href":"https:\/\/dev.bassin-arcachon.com\/zh\/wp-json\/wp\/v2\/pages"}],"about":[{"href":"https:\/\/dev.bassin-arcachon.com\/zh\/wp-json\/wp\/v2\/types\/page"}],"author":[{"embeddable":true,"href":"https:\/\/dev.bassin-arcachon.com\/zh\/wp-json\/wp\/v2\/users\/25"}],"replies":[{"embeddable":true,"href":"https:\/\/dev.bassin-arcachon.com\/zh\/wp-json\/wp\/v2\/comments?post=45702"}],"version-history":[{"count":2,"href":"https:\/\/dev.bassin-arcachon.com\/zh\/wp-json\/wp\/v2\/pages\/45702\/revisions"}],"predecessor-version":[{"id":68286,"href":"https:\/\/dev.bassin-arcachon.com\/zh\/wp-json\/wp\/v2\/pages\/45702\/revisions\/68286"}],"up":[{"embeddable":true,"href":"https:\/\/dev.bassin-arcachon.com\/zh\/wp-json\/wp\/v2\/pages\/508"}],"wp:featuredmedia":[{"embeddable":true,"href":"https:\/\/dev.bassin-arcachon.com\/zh\/wp-json\/wp\/v2\/media\/2217"}],"wp:attachment":[{"href":"https:\/\/dev.bassin-arcachon.com\/zh\/wp-json\/wp\/v2\/media?parent=45702"}],"curies":[{"name":"\u53ef\u6e7f\u6027\u7c89\u5242","href":"https:\/\/api.w.org\/{rel}","templated":true}]}}