{"id":47842,"date":"2020-10-02T16:51:10","date_gmt":"2020-10-02T14:51:10","guid":{"rendered":"https:\/\/dev.bassin-arcachon.com\/\/?page_id=47842"},"modified":"2024-09-02T10:49:06","modified_gmt":"2024-09-02T08:49:06","slug":"%e7%a7%8b%e5%86%ac%e7%a0%94%e8%ae%a8%e4%bc%9a%e6%8a%a5%e4%bb%b7","status":"publish","type":"page","link":"https:\/\/dev.bassin-arcachon.com\/zh\/%e5%a4%a7%e4%bc%9a%e7%a0%94%e8%ae%a8%e4%bc%9a\/%e7%a0%94%e8%ae%a8%e4%bc%9a%e4%bc%98%e6%83%a0\/%e7%a7%8b%e5%86%ac%e7%a0%94%e8%ae%a8%e4%bc%9a%e6%8a%a5%e4%bb%b7\/","title":{"rendered":"\u79cb\u51ac\u7814\u8ba8\u4f1a\u62a5\u4ef7"},"content":{"rendered":"<div class=\"wp-block-uagb-container uagb-block-ff218b1b alignfull uagb-is-root-container\"><div class=\"uagb-container-inner-blocks-wrap\">\n<div class=\"wp-block-uagb-container uagb-block-4d5a226b\">\t\t\t\t\t<div\n\t\t\t\t\t\tclass=\"wp-block-uagb-image-gallery uagb-block-693c9f41\"\n\t\t\t\t\t\tstyle=\"\"\n\t\t\t\t\t>\n\t\t\t\t\t\t\t\t\t\t\t<div class=\"spectra-image-gallery spectra-image-gallery__layout--carousel\">\n\t\t\t\t\t\t\t\t<div class=\"uagb-slick-carousel uagb-block-693c9f41\">\n\t\t\t\t\t\t\t\t\t\t\t\t<div class='spectra-image-gallery__media-wrapper' data-spectra-gallery-image-id='47845'>\n\t\t\t\t\t\t\t<div class=\"spectra-image-gallery__media spectra-image-gallery__media--carousel\">\n\t\t\t\t<picture>\n\t\t\t\t\t<source media=\"(min-width: 1024px)\" srcset=\"https:\/\/dev.bassin-arcachon.com\/wp-content\/uploads\/2020\/09\/1-ville-hiver-1024x682.jpg\">\n\t\t\t\t\t<source media=\"(min-width: 768px)\" srcset=\"https:\/\/dev.bassin-arcachon.com\/wp-content\/uploads\/2020\/09\/1-ville-hiver-1024x682.jpg\">\n\t\t\t\t\t<img decoding=\"async\" class=\"spectra-image-gallery__media-thumbnail spectra-image-gallery__media-thumbnail--carousel\" src=\"https:\/\/dev.bassin-arcachon.com\/wp-content\/uploads\/2020\/09\/1-ville-hiver-300x200.jpg\" alt=\"\u2014\u2014Bassin d&#039;Arcachon\" loading=\"lazy\" title=\"\u2014\u2014Bassin d&#039;Arcachon\">\n\t\t\t\t<\/picture>\n\t\t\t\t<div class=\"spectra-image-gallery__media-thumbnail-blurrer\"><\/div>\n\t\t\t\t\t\t\t\t\t\t\t<div class=\"spectra-image-gallery__media-thumbnail-caption-wrapper spectra-image-gallery__media-thumbnail-caption-wrapper--overlay\"><\/div>\n\t\t\t\t\t\t\t\t<\/div>\n\t\t\t\t\t\t<\/div>\n\t\t\t\t\t\t<div class='spectra-image-gallery__media-wrapper' data-spectra-gallery-image-id='23415'>\n\t\t\t\t\t\t\t<div class=\"spectra-image-gallery__media spectra-image-gallery__media--carousel\">\n\t\t\t\t<picture>\n\t\t\t\t\t<source media=\"(min-width: 1024px)\" srcset=\"https:\/\/dev.bassin-arcachon.com\/wp-content\/uploads\/2017\/02\/ville-hiver-arcachon-1024x683.jpg\">\n\t\t\t\t\t<source media=\"(min-width: 768px)\" srcset=\"https:\/\/dev.bassin-arcachon.com\/wp-content\/uploads\/2017\/02\/ville-hiver-arcachon-1024x683.jpg\">\n\t\t\t\t\t<img decoding=\"async\" class=\"spectra-image-gallery__media-thumbnail spectra-image-gallery__media-thumbnail--carousel\" src=\"https:\/\/dev.bassin-arcachon.com\/wp-content\/uploads\/2017\/02\/ville-hiver-arcachon-450x300.jpg\" alt=\"\u2014\u2014Bassin d&#039;Arcachon\" loading=\"lazy\" title=\"\u2014\u2014Bassin d&#039;Arcachon\">\n\t\t\t\t<\/picture>\n\t\t\t\t<div class=\"spectra-image-gallery__media-thumbnail-blurrer\"><\/div>\n\t\t\t\t\t\t\t\t\t\t\t<div class=\"spectra-image-gallery__media-thumbnail-caption-wrapper spectra-image-gallery__media-thumbnail-caption-wrapper--overlay\"><\/div>\n\t\t\t\t\t\t\t\t<\/div>\n\t\t\t\t\t\t<\/div>\n\t\t\t\t\t\t<div class='spectra-image-gallery__media-wrapper' data-spectra-gallery-image-id='47846'>\n\t\t\t\t\t\t\t<div class=\"spectra-image-gallery__media spectra-image-gallery__media--carousel\">\n\t\t\t\t<picture>\n\t\t\t\t\t<source media=\"(min-width: 1024px)\" srcset=\"https:\/\/dev.bassin-arcachon.com\/wp-content\/uploads\/2020\/09\/1b-port-de-la-teste-de-buch-1024x682.jpg\">\n\t\t\t\t\t<source media=\"(min-width: 768px)\" srcset=\"https:\/\/dev.bassin-arcachon.com\/wp-content\/uploads\/2020\/09\/1b-port-de-la-teste-de-buch-1024x682.jpg\">\n\t\t\t\t\t<img decoding=\"async\" class=\"spectra-image-gallery__media-thumbnail spectra-image-gallery__media-thumbnail--carousel\" src=\"https:\/\/dev.bassin-arcachon.com\/wp-content\/uploads\/2020\/09\/1b-port-de-la-teste-de-buch-300x200.jpg\" alt=\"\u2014\u2014Bassin d&#039;Arcachon\" loading=\"lazy\" title=\"\u2014\u2014Bassin d&#039;Arcachon\">\n\t\t\t\t<\/picture>\n\t\t\t\t<div class=\"spectra-image-gallery__media-thumbnail-blurrer\"><\/div>\n\t\t\t\t\t\t\t\t\t\t\t<div class=\"spectra-image-gallery__media-thumbnail-caption-wrapper spectra-image-gallery__media-thumbnail-caption-wrapper--overlay\"><\/div>\n\t\t\t\t\t\t\t\t<\/div>\n\t\t\t\t\t\t<\/div>\n\t\t\t\t\t\t<div class='spectra-image-gallery__media-wrapper' data-spectra-gallery-image-id='47848'>\n\t\t\t\t\t\t\t<div class=\"spectra-image-gallery__media spectra-image-gallery__media--carousel\">\n\t\t\t\t<picture>\n\t\t\t\t\t<source media=\"(min-width: 1024px)\" srcset=\"https:\/\/dev.bassin-arcachon.com\/wp-content\/uploads\/2020\/09\/3-fat-bike-lege-cap-ferret-1024x683.jpg\">\n\t\t\t\t\t<source media=\"(min-width: 768px)\" srcset=\"https:\/\/dev.bassin-arcachon.com\/wp-content\/uploads\/2020\/09\/3-fat-bike-lege-cap-ferret-1024x683.jpg\">\n\t\t\t\t\t<img decoding=\"async\" class=\"spectra-image-gallery__media-thumbnail spectra-image-gallery__media-thumbnail--carousel\" src=\"https:\/\/dev.bassin-arcachon.com\/wp-content\/uploads\/2020\/09\/3-fat-bike-lege-cap-ferret-300x200.jpg\" alt=\"\u2014\u2014Bassin d&#039;Arcachon\" loading=\"lazy\" title=\"\u2014\u2014Bassin d&#039;Arcachon\">\n\t\t\t\t<\/picture>\n\t\t\t\t<div class=\"spectra-image-gallery__media-thumbnail-blurrer\"><\/div>\n\t\t\t\t\t\t\t\t\t\t\t<div class=\"spectra-image-gallery__media-thumbnail-caption-wrapper spectra-image-gallery__media-thumbnail-caption-wrapper--overlay\"><\/div>\n\t\t\t\t\t\t\t\t<\/div>\n\t\t\t\t\t\t<\/div>\n\t\t\t\t\t\t<div class='spectra-image-gallery__media-wrapper' data-spectra-gallery-image-id='47849'>\n\t\t\t\t\t\t\t<div class=\"spectra-image-gallery__media spectra-image-gallery__media--carousel\">\n\t\t\t\t<picture>\n\t\t\t\t\t<source media=\"(min-width: 1024px)\" srcset=\"https:\/\/dev.bassin-arcachon.com\/wp-content\/uploads\/2020\/09\/4-gastronomie-bassin-darcachon-1024x682.jpg\">\n\t\t\t\t\t<source media=\"(min-width: 768px)\" srcset=\"https:\/\/dev.bassin-arcachon.com\/wp-content\/uploads\/2020\/09\/4-gastronomie-bassin-darcachon-1024x682.jpg\">\n\t\t\t\t\t<img decoding=\"async\" class=\"spectra-image-gallery__media-thumbnail spectra-image-gallery__media-thumbnail--carousel\" src=\"https:\/\/dev.bassin-arcachon.com\/wp-content\/uploads\/2020\/09\/4-gastronomie-bassin-darcachon-300x200.jpg\" alt=\"\u2014\u2014Bassin d&#039;Arcachon\" loading=\"lazy\" title=\"\u2014\u2014Bassin d&#039;Arcachon\">\n\t\t\t\t<\/picture>\n\t\t\t\t<div class=\"spectra-image-gallery__media-thumbnail-blurrer\"><\/div>\n\t\t\t\t\t\t\t\t\t\t\t<div class=\"spectra-image-gallery__media-thumbnail-caption-wrapper spectra-image-gallery__media-thumbnail-caption-wrapper--overlay\"><\/div>\n\t\t\t\t\t\t\t\t<\/div>\n\t\t\t\t\t\t<\/div>\n\t\t\t\t\t\t<div class='spectra-image-gallery__media-wrapper' data-spectra-gallery-image-id='47847'>\n\t\t\t\t\t\t\t<div class=\"spectra-image-gallery__media spectra-image-gallery__media--carousel\">\n\t\t\t\t<picture>\n\t\t\t\t\t<source media=\"(min-width: 1024px)\" srcset=\"https:\/\/dev.bassin-arcachon.com\/wp-content\/uploads\/2020\/09\/2-Hotel-MICE-Bassin-dArcachon-1024x684.jpg\">\n\t\t\t\t\t<source media=\"(min-width: 768px)\" srcset=\"https:\/\/dev.bassin-arcachon.com\/wp-content\/uploads\/2020\/09\/2-Hotel-MICE-Bassin-dArcachon-1024x684.jpg\">\n\t\t\t\t\t<img decoding=\"async\" class=\"spectra-image-gallery__media-thumbnail spectra-image-gallery__media-thumbnail--carousel\" src=\"https:\/\/dev.bassin-arcachon.com\/wp-content\/uploads\/2020\/09\/2-Hotel-MICE-Bassin-dArcachon-300x200.jpg\" alt=\"\u2014\u2014Bassin d&#039;Arcachon\" loading=\"lazy\" title=\"\u2014\u2014Bassin d&#039;Arcachon\">\n\t\t\t\t<\/picture>\n\t\t\t\t<div class=\"spectra-image-gallery__media-thumbnail-blurrer\"><\/div>\n\t\t\t\t\t\t\t\t\t\t\t<div class=\"spectra-image-gallery__media-thumbnail-caption-wrapper spectra-image-gallery__media-thumbnail-caption-wrapper--overlay\"><\/div>\n\t\t\t\t\t\t\t\t<\/div>\n\t\t\t\t\t\t<\/div>\n\t\t\t\t\t\t<div class='spectra-image-gallery__media-wrapper' data-spectra-gallery-image-id='47856'>\n\t\t\t\t\t\t\t<div class=\"spectra-image-gallery__media spectra-image-gallery__media--carousel\">\n\t\t\t\t<picture>\n\t\t\t\t\t<source media=\"(min-width: 1024px)\" srcset=\"https:\/\/dev.bassin-arcachon.com\/wp-content\/uploads\/2020\/09\/ville-hiver-restaurant--1024x683.jpg\">\n\t\t\t\t\t<source media=\"(min-width: 768px)\" srcset=\"https:\/\/dev.bassin-arcachon.com\/wp-content\/uploads\/2020\/09\/ville-hiver-restaurant--1024x683.jpg\">\n\t\t\t\t\t<img decoding=\"async\" class=\"spectra-image-gallery__media-thumbnail spectra-image-gallery__media-thumbnail--carousel\" src=\"https:\/\/dev.bassin-arcachon.com\/wp-content\/uploads\/2020\/09\/ville-hiver-restaurant--300x200.jpg\" alt=\"\u2014\u2014Bassin d&#039;Arcachon\" loading=\"lazy\" title=\"\u2014\u2014Bassin d&#039;Arcachon\">\n\t\t\t\t<\/picture>\n\t\t\t\t<div class=\"spectra-image-gallery__media-thumbnail-blurrer\"><\/div>\n\t\t\t\t\t\t\t\t\t\t\t<div class=\"spectra-image-gallery__media-thumbnail-caption-wrapper spectra-image-gallery__media-thumbnail-caption-wrapper--overlay\"><\/div>\n\t\t\t\t\t\t\t\t<\/div>\n\t\t\t\t\t\t<\/div>\n\t\t\t\t\t\t<div class='spectra-image-gallery__media-wrapper' data-spectra-gallery-image-id='47855'>\n\t\t\t\t\t\t\t<div class=\"spectra-image-gallery__media spectra-image-gallery__media--carousel\">\n\t\t\t\t<picture>\n\t\t\t\t\t<source media=\"(min-width: 1024px)\" srcset=\"https:\/\/dev.bassin-arcachon.com\/wp-content\/uploads\/2020\/09\/ville-hiver--1024x683.jpg\">\n\t\t\t\t\t<source media=\"(min-width: 768px)\" srcset=\"https:\/\/dev.bassin-arcachon.com\/wp-content\/uploads\/2020\/09\/ville-hiver--1024x683.jpg\">\n\t\t\t\t\t<img decoding=\"async\" class=\"spectra-image-gallery__media-thumbnail spectra-image-gallery__media-thumbnail--carousel\" src=\"https:\/\/dev.bassin-arcachon.com\/wp-content\/uploads\/2020\/09\/ville-hiver--300x200.jpg\" alt=\"\u2014\u2014Bassin d&#039;Arcachon\" loading=\"lazy\" title=\"\u2014\u2014Bassin d&#039;Arcachon\">\n\t\t\t\t<\/picture>\n\t\t\t\t<div class=\"spectra-image-gallery__media-thumbnail-blurrer\"><\/div>\n\t\t\t\t\t\t\t\t\t\t\t<div class=\"spectra-image-gallery__media-thumbnail-caption-wrapper spectra-image-gallery__media-thumbnail-caption-wrapper--overlay\"><\/div>\n\t\t\t\t\t\t\t\t<\/div>\n\t\t\t\t\t\t<\/div>\n\t\t\t\t\t\t<div class='spectra-image-gallery__media-wrapper' data-spectra-gallery-image-id='47851'>\n\t\t\t\t\t\t\t<div class=\"spectra-image-gallery__media spectra-image-gallery__media--carousel\">\n\t\t\t\t<picture>\n\t\t\t\t\t<source media=\"(min-width: 1024px)\" srcset=\"https:\/\/dev.bassin-arcachon.com\/wp-content\/uploads\/2020\/09\/dune-pilat-hiver-2-1024x683.jpg\">\n\t\t\t\t\t<source media=\"(min-width: 768px)\" srcset=\"https:\/\/dev.bassin-arcachon.com\/wp-content\/uploads\/2020\/09\/dune-pilat-hiver-2-1024x683.jpg\">\n\t\t\t\t\t<img decoding=\"async\" class=\"spectra-image-gallery__media-thumbnail spectra-image-gallery__media-thumbnail--carousel\" src=\"https:\/\/dev.bassin-arcachon.com\/wp-content\/uploads\/2020\/09\/dune-pilat-hiver-2-300x200.jpg\" alt=\"\u2014\u2014Bassin d&#039;Arcachon\" loading=\"lazy\" title=\"\u2014\u2014Bassin d&#039;Arcachon\">\n\t\t\t\t<\/picture>\n\t\t\t\t<div class=\"spectra-image-gallery__media-thumbnail-blurrer\"><\/div>\n\t\t\t\t\t\t\t\t\t\t\t<div class=\"spectra-image-gallery__media-thumbnail-caption-wrapper spectra-image-gallery__media-thumbnail-caption-wrapper--overlay\"><\/div>\n\t\t\t\t\t\t\t\t<\/div>\n\t\t\t\t\t\t<\/div>\n\t\t\t\t\t\t\t\t\t\t\t<\/div>\n\t\t\t\t\t\t\t<\/div>\n\t\t\t\t\t\t\t\t\t\t\t<\/div>\n\t\t\t\t\t\t\t\t\t<\/div>\n\n\n\n<div class=\"wp-block-uagb-container uagb-block-9fbba44f\">\n<div class=\"wp-block-uagb-container uagb-block-ae6e1d58\">\n<p class=\"has-white-color has-text-color\">\u6e29\u548c\u7684\u6e29\u5ea6<br><br>\u9002\u5408\u60a8\u7684\u6c99\u6ee9\u548c\u81ea\u884c\u8f66\u9053<br><br>\u5341\u4e00\u6708\u81f3\u4e09\u6708\u7684\u4f18\u60e0\u5229\u7387<br><br>\u653e\u677e\u53cb\u5584<br><br>\u5bf9\u751f\u6001\u8d1f\u8d23\u7684\u53d1\u73b0<\/p>\n<\/div>\n\n\n\n<div class=\"wp-block-uagb-container uagb-block-15e89180\">\n<h4 class=\"wp-block-heading\">\u8054\u7cfb\u6211\u4eec<\/h4>\n\n\n\n<p class=\"has-black-color has-text-color\"><a href=\"mailto:mice@siba-bassin-arcachon.fr\">\u8001\u9f20@siba-bassin-arcachon.fr<\/a><\/p>\n<\/div>\n<\/div>\n<\/div><\/div>\n\n\n\n<div style=\"height:40px\" aria-hidden=\"true\" class=\"wp-block-spacer\"><\/div>\n\n\n\n<div class=\"wp-block-uagb-container uagb-block-39f91012 alignfull uagb-is-root-container\"><div class=\"uagb-container-inner-blocks-wrap\">\n<div class=\"wp-block-uagb-container uagb-block-c5f55f68\">\n<h3 class=\"wp-block-heading\">\u5efa\u8bae\u7684\u7a0b\u5e8f<\/h3>\n\n\n\n<h3 class=\"wp-block-heading\">\u7b2c 1 \u5929<strong><\/strong><\/h3>\n\n\n\n<ul class=\"wp-block-list\">\n<li>\u53c2\u4f1a\u4eba\u5458\u4e0a\u5348\u5230\u8fbe<\/li>\n\n\n\n<li>\u5b89\u88c5\u4e8e<strong>\u6d77\u8fb9\u9152\u5e97&nbsp;<\/strong>\uff08\u9762\u5411&nbsp;<strong>\u6765\u81ea\u963f\u5361\u96c4\u7684 Bassin<\/strong>\uff09 \u6216\u8005&nbsp;<strong>\u96ea\u8c82\u9886\u57df<\/strong>&nbsp;\uff08\u5149\u5e3d\u96ea\u8c82 \u2013 Clauuey\uff09<\/li>\n\n\n\n<li>\u5f53\u5730\u7279\u8272\u81ea\u52a9\u5348\u9910<\/li>\n\n\n\n<li>\u4ece\u9152\u5e97\u51fa\u53d1\uff0c\u63a2\u7d22\u201c&nbsp;<strong>\u56e2\u7ed3<\/strong>&nbsp;\u00bb&nbsp;<strong>\u6b65\u884c\u6216\u9a91\u81ea\u884c\u8f66<\/strong>&nbsp;\u6709\u54c1\u9152\u7ad9\u6216&nbsp;<strong>\u9003\u751f\u5ba4<\/strong>.<\/li>\n\n\n\n<li>\u53ef\u6b23\u8d4f Bassin \u7f8e\u666f\u7684\u7f8e\u98df\u665a\u9910\u3002<\/li>\n<\/ul>\n\n\n\n<p>\u8bbf\u95ee\u5217\u8868&nbsp;<a href=\"https:\/\/fr.calameo.com\/read\/0000244211152a79deb84\" target=\"_blank\" rel=\"noreferrer noopener\">\u573a\u6240&nbsp;<strong>\u7684\u4f1a\u5c55<\/strong>&nbsp;<strong>\u6765\u81ea\u963f\u5361\u96c4\u7684 Bassin<\/strong>,&nbsp;<strong>\u70b9\u51fb\u8fd9\u91cc<em>.<\/em><\/strong><\/a><\/p>\n\n\n\n<h3 class=\"wp-block-heading\">\u7b2c 2 \u5929<strong><\/strong><\/h3>\n\n\n\n<ul class=\"wp-block-list\">\n<li>\u81ea\u52a9\u65e9\u9910<\/li>\n\n\n\n<li>\u5de5\u4f5c\u4f1a\u8bae\u548c\u8336\u6b47\u4e0e\u5f53\u5730\u4ea7\u54c1<\/li>\n\n\n\n<li>\u51fa\u53d1\u524d\u5f80\u4eab\u7528\u5348\u9910&nbsp;<strong>\u5c16\u9876<\/strong>&nbsp;\u8986\u76d6\u548c\u52a0\u70ed\uff08\u4f20\u7edf\u7684 Arcachon \u8239\uff09\u6216&nbsp;<strong>\u53cc\u4f53\u8239<\/strong>&nbsp;\u5176\u4e2d\u592e\u90e8\u5206\u53ef\u52a0\u70ed\u4e14\u53ef\u62c6\u5378\uff0c\u88ab\u6539\u9020\u6210\u4e00\u4e2a 120 \u5e73\u65b9\u7c73\u7684\u63a5\u5f85\u5ba4\uff0c\u4f9b\u4e58\u5750 Bassin \u6e38\u8f6e\u54c1\u5c1d\u7261\u86ce\u3002<\/li>\n\n\n\n<li>\u8fd4\u56de\u9152\u5e97\u53c2\u52a0\u6700\u540e\u7684\u4f1a\u8bae\u3002<\/li>\n<\/ul>\n\n\n\n<p><strong>\u5728\u54ea\u91cc<\/strong><\/p>\n\n\n\n<ul class=\"wp-block-list\">\n<li>\u4e0b\u5348\u7ee7\u7eed&nbsp;<strong>\u6d77\u519b\u6311\u6218<\/strong>&nbsp;\u4f5c\u4e3a\u4e00\u4e2a\u56e2\u961f \uff01\u6210\u4e3a\u5e74\u5ea6\u8239\u4e1c\u3002\u4e0e\u60a8\u7684\u201c\u56e2\u961f\u201d\u4e00\u8d77\uff0c\u5728\u6c99\u6ee9\u4e0a\u6216\u5ba4\u5185\u53d1\u660e\u5e76\u5efa\u9020\u4e00\u8258\u771f\u6b63\u7684\u6728\u8239\uff01 \uff08\u53d6\u51b3\u4e8e\u5f53\u5929\u7684\u5929\u6c14\uff09\u3002<\/li>\n\n\n\n<li>\u53c2\u4e0e\u8005\u5728\u4e00\u5929\u7ed3\u675f\u65f6\u79bb\u5f00\u3002<\/li>\n<\/ul>\n\n\n\n<p>\u8be5\u8ba1\u5212\u4e2d\u63d0\u4f9b\u7684\u7edf\u4e00\u6d3b\u52a8\u88ab\u5f15\u7528\u4e3a\u793a\u4f8b\u3002\u53d1\u73b0&nbsp;<a href=\"https:\/\/fr.calameo.com\/read\/000024421f9dbe748c813\" target=\"_blank\" rel=\"noreferrer noopener\"><strong>\u4f20\u5165\u673a\u6784<\/strong>&nbsp;\u5728\u91cc\u9762&nbsp;<strong>Arcachon Bassin \u7ec4\u7ec7\u8005\u6307\u5357<\/strong>&nbsp;\u901a\u8fc7\u70b9\u51fb\u8fd9\u91cc<\/a><em>.<\/em><\/p>\n<\/div>\n\n\n\n<div class=\"wp-block-uagb-container uagb-block-639d5cbe\"><\/div>\n<\/div><\/div>\n\n\n\n<div style=\"height:60px\" aria-hidden=\"true\" class=\"wp-block-spacer\"><\/div>","protected":false},"excerpt":{"rendered":"<p>Temp\u00e9ratures douces Le sable et les pistes cyclables rien que pour vous Tarifs pr\u00e9f\u00e9rentiels de novembre \u00e0 mars Convivialit\u00e9 d\u00e9tente D\u00e9couverte \u00e9co-responsable Nous contacter mice@siba-bassin-arcachon.fr Suggestion de programme Jour 1 [&hellip;]<\/p>","protected":false},"author":12,"featured_media":47819,"parent":47807,"menu_order":0,"comment_status":"closed","ping_status":"closed","template":"","meta":{"_acf_changed":false,"_uag_custom_page_level_css":"","footnotes":""},"class_list":["post-47842","page","type-page","status-publish","has-post-thumbnail","hentry"],"acf":[],"uagb_featured_image_src":{"full":["https:\/\/dev.bassin-arcachon.com\/wp-content\/uploads\/2020\/09\/6-D\u00e9jeuner-en-bateau-en-hiver-scaled.jpg",1707,2560,false],"thumbnail":["https:\/\/dev.bassin-arcachon.com\/wp-content\/uploads\/2020\/09\/6-D\u00e9jeuner-en-bateau-en-hiver-scaled-150x150.jpg",150,150,true],"medium":["https:\/\/dev.bassin-arcachon.com\/wp-content\/uploads\/2020\/09\/6-D\u00e9jeuner-en-bateau-en-hiver-scaled-200x300.jpg",200,300,true],"medium_large":["https:\/\/dev.bassin-arcachon.com\/wp-content\/uploads\/2020\/09\/6-D\u00e9jeuner-en-bateau-en-hiver-scaled-768x1152.jpg",768,1152,true],"large":["https:\/\/dev.bassin-arcachon.com\/wp-content\/uploads\/2020\/09\/6-D\u00e9jeuner-en-bateau-en-hiver-scaled-683x1024.jpg",683,1024,true],"1536x1536":["https:\/\/dev.bassin-arcachon.com\/wp-content\/uploads\/2020\/09\/6-D\u00e9jeuner-en-bateau-en-hiver-scaled-1024x1536.jpg",1024,1536,true],"2048x2048":["https:\/\/dev.bassin-arcachon.com\/wp-content\/uploads\/2020\/09\/6-D\u00e9jeuner-en-bateau-en-hiver-scaled-1366x2048.jpg",1366,2048,true],"trp-custom-language-flag":["https:\/\/dev.bassin-arcachon.com\/wp-content\/uploads\/2020\/09\/6-D\u00e9jeuner-en-bateau-en-hiver-scaled-8x12.jpg",8,12,true],"fp-small":["https:\/\/dev.bassin-arcachon.com\/wp-content\/uploads\/2020\/09\/6-D\u00e9jeuner-en-bateau-en-hiver-scaled-640x960.jpg",640,960,true],"fp-large":["https:\/\/dev.bassin-arcachon.com\/wp-content\/uploads\/2020\/09\/6-D\u00e9jeuner-en-bateau-en-hiver-scaled-1200x1800.jpg",1200,1800,true],"fp-xlarge":["https:\/\/dev.bassin-arcachon.com\/wp-content\/uploads\/2020\/09\/6-D\u00e9jeuner-en-bateau-en-hiver-scaled.jpg",1707,2560,false]},"uagb_author_info":{"display_name":"Marine, habitante du Bassin d'Arcachon","author_link":"https:\/\/dev.bassin-arcachon.com\/zh\/author\/marinesiba\/"},"uagb_comment_info":0,"uagb_excerpt":"Temp\u00e9ratures douces Le sable et les pistes cyclables rien que pour vous Tarifs pr\u00e9f\u00e9rentiels de novembre \u00e0 mars Convivialit\u00e9 d\u00e9tente D\u00e9couverte \u00e9co-responsable Nous contacter mice@siba-bassin-arcachon.fr Suggestion de programme Jour 1 [&hellip;]","_links":{"self":[{"href":"https:\/\/dev.bassin-arcachon.com\/zh\/wp-json\/wp\/v2\/pages\/47842","targetHints":{"allow":["GET"]}}],"collection":[{"href":"https:\/\/dev.bassin-arcachon.com\/zh\/wp-json\/wp\/v2\/pages"}],"about":[{"href":"https:\/\/dev.bassin-arcachon.com\/zh\/wp-json\/wp\/v2\/types\/page"}],"author":[{"embeddable":true,"href":"https:\/\/dev.bassin-arcachon.com\/zh\/wp-json\/wp\/v2\/users\/12"}],"replies":[{"embeddable":true,"href":"https:\/\/dev.bassin-arcachon.com\/zh\/wp-json\/wp\/v2\/comments?post=47842"}],"version-history":[{"count":0,"href":"https:\/\/dev.bassin-arcachon.com\/zh\/wp-json\/wp\/v2\/pages\/47842\/revisions"}],"up":[{"embeddable":true,"href":"https:\/\/dev.bassin-arcachon.com\/zh\/wp-json\/wp\/v2\/pages\/47807"}],"wp:featuredmedia":[{"embeddable":true,"href":"https:\/\/dev.bassin-arcachon.com\/zh\/wp-json\/wp\/v2\/media\/47819"}],"wp:attachment":[{"href":"https:\/\/dev.bassin-arcachon.com\/zh\/wp-json\/wp\/v2\/media?parent=47842"}],"curies":[{"name":"\u53ef\u6e7f\u6027\u7c89\u5242","href":"https:\/\/api.w.org\/{rel}","templated":true}]}}