{"id":50242,"date":"2021-10-21T09:05:50","date_gmt":"2021-10-21T07:05:50","guid":{"rendered":"https:\/\/dev.bassin-arcachon.com\/\/?page_id=50242"},"modified":"2023-05-11T14:41:26","modified_gmt":"2023-05-11T12:41:26","slug":"%e8%b0%a2%e8%b0%a2-2","status":"publish","type":"page","link":"https:\/\/dev.bassin-arcachon.com\/zh\/%e8%b0%a2%e8%b0%a2-2\/","title":{"rendered":"\u8c22\u8c22"},"content":{"rendered":"<div class=\"wp-block-uagb-container uagb-block-e972b4bf alignfull uagb-is-root-container\"><div class=\"uagb-container-inner-blocks-wrap\">\n<p class=\"has-text-align-center\">\u60a8\u7684\u7533\u8bf7\u5df2\u7ecf\u63d0\u4ea4\u3002<\/p>\n<\/div><\/div>","protected":false},"excerpt":{"rendered":"<p>\u60a8\u7684\u7533\u8bf7\u5df2\u7ecf\u63d0\u4ea4\u3002<\/p>","protected":false},"author":12,"featured_media":44388,"parent":0,"menu_order":30,"comment_status":"closed","ping_status":"closed","template":"","meta":{"_acf_changed":false,"_uag_custom_page_level_css":"","footnotes":""},"class_list":["post-50242","page","type-page","status-publish","has-post-thumbnail","hentry"],"acf":[],"uagb_featured_image_src":{"full":["https:\/\/dev.bassin-arcachon.com\/wp-content\/uploads\/2020\/07\/Saint-Brice-Bassin-de-baignade-Are\u0300s-1024x683-1.jpg",1024,683,false],"thumbnail":["https:\/\/dev.bassin-arcachon.com\/wp-content\/uploads\/2020\/07\/Saint-Brice-Bassin-de-baignade-Are\u0300s-1024x683-1-150x150.jpg",150,150,true],"medium":["https:\/\/dev.bassin-arcachon.com\/wp-content\/uploads\/2020\/07\/Saint-Brice-Bassin-de-baignade-Are\u0300s-1024x683-1-300x200.jpg",300,200,true],"medium_large":["https:\/\/dev.bassin-arcachon.com\/wp-content\/uploads\/2020\/07\/Saint-Brice-Bassin-de-baignade-Are\u0300s-1024x683-1-768x512.jpg",768,512,true],"large":["https:\/\/dev.bassin-arcachon.com\/wp-content\/uploads\/2020\/07\/Saint-Brice-Bassin-de-baignade-Are\u0300s-1024x683-1.jpg",1024,683,false],"1536x1536":["https:\/\/dev.bassin-arcachon.com\/wp-content\/uploads\/2020\/07\/Saint-Brice-Bassin-de-baignade-Are\u0300s-1024x683-1.jpg",1024,683,false],"2048x2048":["https:\/\/dev.bassin-arcachon.com\/wp-content\/uploads\/2020\/07\/Saint-Brice-Bassin-de-baignade-Are\u0300s-1024x683-1.jpg",1024,683,false],"trp-custom-language-flag":["https:\/\/dev.bassin-arcachon.com\/wp-content\/uploads\/2020\/07\/Saint-Brice-Bassin-de-baignade-Are\u0300s-1024x683-1-18x12.jpg",18,12,true],"fp-small":["https:\/\/dev.bassin-arcachon.com\/wp-content\/uploads\/2020\/07\/Saint-Brice-Bassin-de-baignade-Are\u0300s-1024x683-1-640x427.jpg",640,427,true],"fp-large":["https:\/\/dev.bassin-arcachon.com\/wp-content\/uploads\/2020\/07\/Saint-Brice-Bassin-de-baignade-Are\u0300s-1024x683-1.jpg",1024,683,false],"fp-xlarge":["https:\/\/dev.bassin-arcachon.com\/wp-content\/uploads\/2020\/07\/Saint-Brice-Bassin-de-baignade-Are\u0300s-1024x683-1.jpg",1024,683,false]},"uagb_author_info":{"display_name":"Marine, habitante du Bassin d'Arcachon","author_link":"https:\/\/dev.bassin-arcachon.com\/zh\/author\/marinesiba\/"},"uagb_comment_info":0,"uagb_excerpt":"Votre demande \u00e0 bien \u00e9t\u00e9 envoy\u00e9e.","_links":{"self":[{"href":"https:\/\/dev.bassin-arcachon.com\/zh\/wp-json\/wp\/v2\/pages\/50242","targetHints":{"allow":["GET"]}}],"collection":[{"href":"https:\/\/dev.bassin-arcachon.com\/zh\/wp-json\/wp\/v2\/pages"}],"about":[{"href":"https:\/\/dev.bassin-arcachon.com\/zh\/wp-json\/wp\/v2\/types\/page"}],"author":[{"embeddable":true,"href":"https:\/\/dev.bassin-arcachon.com\/zh\/wp-json\/wp\/v2\/users\/12"}],"replies":[{"embeddable":true,"href":"https:\/\/dev.bassin-arcachon.com\/zh\/wp-json\/wp\/v2\/comments?post=50242"}],"version-history":[{"count":0,"href":"https:\/\/dev.bassin-arcachon.com\/zh\/wp-json\/wp\/v2\/pages\/50242\/revisions"}],"wp:featuredmedia":[{"embeddable":true,"href":"https:\/\/dev.bassin-arcachon.com\/zh\/wp-json\/wp\/v2\/media\/44388"}],"wp:attachment":[{"href":"https:\/\/dev.bassin-arcachon.com\/zh\/wp-json\/wp\/v2\/media?parent=50242"}],"curies":[{"name":"\u53ef\u6e7f\u6027\u7c89\u5242","href":"https:\/\/api.w.org\/{rel}","templated":true}]}}