{"id":645,"date":"2017-03-27T17:34:08","date_gmt":"2017-03-27T15:34:08","guid":{"rendered":"https:\/\/dev.bassin-arcachon.com\/\/?page_id=645"},"modified":"2023-07-06T12:15:56","modified_gmt":"2023-07-06T10:15:56","slug":"%e6%b3%95%e5%be%8b%e5%a3%b0%e6%98%8e","status":"publish","type":"page","link":"https:\/\/dev.bassin-arcachon.com\/zh\/%e6%b3%95%e5%be%8b%e5%a3%b0%e6%98%8e\/","title":{"rendered":"\u6cd5\u5f8b\u58f0\u660e"},"content":{"rendered":"<div class=\"wp-block-uagb-container uagb-block-9cb3f0a0 alignfull uagb-is-root-container\"><div class=\"uagb-container-inner-blocks-wrap\">\n<h2 class=\"wp-block-heading\">\u6b22\u8fce\u6765\u5230 Arcachon Bassin \u7f51\u7ad9\u3002<\/h2>\n\n\n\n<p>\u6839\u636e 2004 \u5e74 6 \u6708 21 \u65e5\u5173\u4e8e\u6570\u5b57\u7ecf\u6d4e\u4fe1\u5fc3\u7684\u7b2c 2004-575 \u53f7\u6cd5\u5f8b\u7684\u89c4\u5b9a\uff0c\u7f51\u7ad9\u7528\u6237\u5c06\u88ab\u544a\u77e5\u53c2\u4e0e\u5176\u5b9e\u65bd\u548c\u76d1\u63a7\u7684\u5404\u65b9\u7684\u8eab\u4efd\u3002<\/p>\n\n\n\n<h4 class=\"wp-block-heading\">\u7f51\u7ad9\u7f16\u8f91<\/h4>\n\n\n\n<ul class=\"wp-block-list\">\n<li><strong>\u51fa\u7248\u7ecf\u7406<\/strong>&nbsp;: Arcachon Bassin \u5e02\u9645\u8f9b\u8fea\u52a0 (<a href=\"https:\/\/www.siba-bassin-arcachon.fr\/\" target=\"_blank\" rel=\"noopener\">https:\/\/www.siba-bassin-arcachon.fr<\/a>) 16, all\u00e9e Corrigan \u2013 33120 ARCACHON \u7535\u8bdd\u3002 : (+33) 05 57 52 74 74 tourisme@siba-bassin-arcachon.fr<\/li>\n\n\n\n<li><strong>\u51fa\u7248\u603b\u76d1&nbsp;<\/strong>: Yves FOULON\uff0cSIBA \u4e3b\u5e2d\u517c\u963f\u5361\u96c4\u5e02\u5e02\u957f<\/li>\n\n\n\n<li><strong>\u7f16\u8f91\u52a8\u753b\u3001\u7ba1\u7406\u548c\u66f4\u65b0&nbsp;<\/strong>: SIBA\u4f20\u64ad\u63a8\u5e7f\u90e8<br><strong>\u63a5\u89e6&nbsp;<\/strong>: Marie CLAUZEL (+33) 05 57 52 74 74 \/ m.clauzel@siba-bassin-arcachon.fr)<\/li>\n\n\n\n<li><strong>\u6765\u81ea\u963f\u57fa\u5766\u5730\u533a\u65c5\u6e38\u4fe1\u606f\u7cfb\u7edf SIRTAQUI \u7684\u65c5\u6e38\u6570\u636e<\/strong>&nbsp;(<a href=\"https:\/\/www.sirtaqui-aquitaine.com\/\" target=\"_blank\" rel=\"noopener\">https:\/\/www.sirtaqui-aquitaine.com\/<\/a>)<\/li>\n\n\n\n<li><strong>\u65c5\u6e38\u95e8\u6237\u7f51\u7ad9\u7684\u521b\u5efa&nbsp;<\/strong>: KA2 \u901a\u8baf\u793e (<a href=\"https:\/\/ka2com.fr\/\" target=\"_blank\" rel=\"noopener\">https:\/\/ka2com.fr\/<\/a>)<\/li>\n\n\n\n<li><strong>\u521b\u5efa\u7f16\u8f91\u5185\u5bb9&nbsp;<\/strong>: SIBA\u4f20\u64ad\u63a8\u5e7f\u90e8<\/li>\n\n\n\n<li><strong>\u7f51\u9875\u5185\u5bb9\u7ba1\u7406\u8f6f\u4ef6<\/strong>&nbsp;: WordPress\u7684<\/li>\n\n\n\n<li><strong>\u4e3b\u6301\u4eba<\/strong>&nbsp;: O2\u5f00\u5173<\/li>\n<\/ul>\n\n\n\n<p><strong>Arcachon Bassin \u5e94\u7528\u7a0b\u5e8f\u662f SIBA (Syndicat Intercommunal du Bassin d&#039;Arcachon) \u7684\u8d22\u4ea7<\/strong><\/p>\n\n\n\n<ul class=\"wp-block-list\">\n<li>\u4e0d\u6536\u96c6\u4e2a\u4eba\u6570\u636e<\/li>\n\n\n\n<li>\u6ca1\u6709\u997c\u5e72<\/li>\n\n\n\n<li>\u5728\u67d0\u4e9b\u529f\u80fd\u4e2d\u4f7f\u7528\u4f4d\u7f6e\u6570\u636e\uff08\u4f8b\u5982\u6309\u8ddd\u79bb\u6392\u5e8f\uff09<\/li>\n\n\n\n<li>\u6536\u96c6\u4f7f\u7528\u7edf\u8ba1\u6570\u636e\uff08\u901a\u8fc7\u8c37\u6b4c\u5206\u6790\u4ee5\u533f\u540d\u6a21\u5f0f\uff09<\/li>\n<\/ul>\n\n\n\n<ul class=\"wp-block-list\">\n<li><strong>\u51fa\u7248\u7ecf\u7406<\/strong>&nbsp;: Arcachon Bassin \u5e02\u9645\u8f9b\u8fea\u52a0 (<a href=\"https:\/\/www.siba-bassin-arcachon.fr\/\" target=\"_blank\" rel=\"noopener\">https:\/\/www.siba-bassin-arcachon.fr<\/a>) 16, all\u00e9e Corrigan \u2013 33120 ARCACHON \u7535\u8bdd\u3002 : (+33) 05 57 52 74 74 tourisme@siba-bassin-arcachon.fr<\/li>\n\n\n\n<li><strong>\u51fa\u7248\u603b\u76d1&nbsp;<\/strong>: Yves FOULON\uff0cSIBA \u4e3b\u5e2d\u517c\u963f\u5361\u96c4\u5e02\u5e02\u957f<\/li>\n\n\n\n<li><strong>\u7f16\u8f91\u52a8\u753b\u3001\u7ba1\u7406\u548c\u66f4\u65b0&nbsp;<\/strong>: SIBA\u4f20\u64ad\u63a8\u5e7f\u90e8<\/li>\n\n\n\n<li><strong>\u521b\u5efa\u79fb\u52a8\u5e94\u7528\u7a0b\u5e8f<\/strong>&nbsp;:\u4f60\u7684\u56e2\u961f(<a href=\"https:\/\/www.you-team.com\/\" target=\"_blank\" rel=\"noopener\">https:\/\/www.you-team.com\/<\/a>)<\/li>\n<\/ul>\n\n\n\n<h4 class=\"wp-block-heading\">\u7167\u7247\u5b66\u5206<\/h4>\n\n\n\n<p><a href=\"http:\/\/www.les-conteurs.com\/\" target=\"_blank\" rel=\"noopener\">G. Cassiau\/\u8bf4\u4e66\u4eba\u793e<\/a>&nbsp;\u2013&nbsp;<a href=\"https:\/\/www.jeanphilippebellonphotography.com\/\" target=\"_blank\" rel=\"noopener\">J.P\u3002\u8d1d\u9686<\/a>&nbsp;\u2013 S. Cottereau \u2013 K. Biette \u2013&nbsp;<a href=\"https:\/\/www.midiprod.com\/\" target=\"_blank\" rel=\"noopener\">P. \u8c6a\u745f<\/a>&nbsp;\u2013 B. \u9c81\u4f0a\u65af \u2013&nbsp;<a href=\"https:\/\/www.sepanso.org\/\" target=\"_blank\" rel=\"noopener\">RNN \u963f\u5c14\u91d1\u94f6\u884c\/SEPANSO<\/a>&nbsp;\u2013&nbsp;<a href=\"https:\/\/ladunedupilat.com\/\" target=\"_blank\" rel=\"noopener\">\u76ae\u62c9\u6c99\u4e18\u5927\u9057\u5740<\/a>&nbsp;\u2013 N. Mollo \u2013 C. Feigne \u2013 P. Audoin \u2013 R. Presat \u2013 M. Boivin \u2013 A. Vacheron \u2013 Hotel C\u00f4t\u00e9 Sable \u2013 J. Gillon \u2013 F. Mousis \u2013 JC. Lauchas \u2013 F. Perrogon \u2013 L\u00e8ge-Cap Ferret \u65c5\u6e38\u5c40 \u2013 Bassin OTI \u4e2d\u5fc3 \u2013 Andernos \u5e02\u653f\u5385\/\u901a\u8baf\u670d\u52a1 \u2013 Andernos-les-Bains \u65c5\u6e38\u5c40 \u2013 UBA \u2013 Thalazur Arcachon \u2013 L\u00e8ge-Cap Ferret \u5e02\u653f\u5385 \u2013 \u81ea\u7136\u4e4b\u5c4bArcachon Bassin \u2013 Camping Panorama du Pyla \u2013 Camping Pasteur \u2013 Golf Blue Green \u2013 Arcachon Expansion \u2013 OT de Bordeaux \u2013 Christophe Bouthe \u2013 Karine M\u00e9dina \u2013 St\u00e9phane T \u2013 Landes de Gascogne PNR<\/p>\n<\/div><\/div>","protected":false},"excerpt":{"rendered":"<p>\u6b22\u8fce\u6765\u5230 Bassin \u963f\u5361\u96c4\u7f51\u7ad9\u3002\u6839\u636e 2004 \u5e74 6 \u6708 21 \u65e5\u7b2c 2004-575 \u53f7\u6cd5\u5f8b\u5173\u4e8e\u6570\u5b57\u7ecf\u6d4e\u4fe1\u5fc3\u7684\u89c4\u5b9a\uff0c\u7528\u6237\u88ab\u544a\u77e5 [...]<\/p>","protected":false},"author":25,"featured_media":23808,"parent":0,"menu_order":30,"comment_status":"closed","ping_status":"closed","template":"","meta":{"_acf_changed":false,"_uag_custom_page_level_css":"","footnotes":""},"class_list":["post-645","page","type-page","status-publish","has-post-thumbnail","hentry"],"acf":[],"uagb_featured_image_src":{"full":["https:\/\/dev.bassin-arcachon.com\/wp-content\/uploads\/2017\/02\/Domaine-de-Certes-Audenge.jpg",1000,666,false],"thumbnail":["https:\/\/dev.bassin-arcachon.com\/wp-content\/uploads\/2017\/02\/Domaine-de-Certes-Audenge-150x150.jpg",150,150,true],"medium":["https:\/\/dev.bassin-arcachon.com\/wp-content\/uploads\/2017\/02\/Domaine-de-Certes-Audenge-300x200.jpg",300,200,true],"medium_large":["https:\/\/dev.bassin-arcachon.com\/wp-content\/uploads\/2017\/02\/Domaine-de-Certes-Audenge-768x511.jpg",768,511,true],"large":["https:\/\/dev.bassin-arcachon.com\/wp-content\/uploads\/2017\/02\/Domaine-de-Certes-Audenge.jpg",1000,666,false],"1536x1536":["https:\/\/dev.bassin-arcachon.com\/wp-content\/uploads\/2017\/02\/Domaine-de-Certes-Audenge.jpg",1000,666,false],"2048x2048":["https:\/\/dev.bassin-arcachon.com\/wp-content\/uploads\/2017\/02\/Domaine-de-Certes-Audenge.jpg",1000,666,false],"trp-custom-language-flag":["https:\/\/dev.bassin-arcachon.com\/wp-content\/uploads\/2017\/02\/Domaine-de-Certes-Audenge-18x12.jpg",18,12,true],"fp-small":["https:\/\/dev.bassin-arcachon.com\/wp-content\/uploads\/2017\/02\/Domaine-de-Certes-Audenge-640x426.jpg",640,426,true],"fp-large":["https:\/\/dev.bassin-arcachon.com\/wp-content\/uploads\/2017\/02\/Domaine-de-Certes-Audenge.jpg",1000,666,false],"fp-xlarge":["https:\/\/dev.bassin-arcachon.com\/wp-content\/uploads\/2017\/02\/Domaine-de-Certes-Audenge.jpg",1000,666,false]},"uagb_author_info":{"display_name":"Marie Clauzel","author_link":"https:\/\/dev.bassin-arcachon.com\/zh\/author\/mariesiba\/"},"uagb_comment_info":0,"uagb_excerpt":"Bienvenue sur le site du Bassin d\u2019Arcachon. Conform\u00e9ment aux dispositions de la loi n\u00b0 2004-575 du 21 juin 2004 pour la confiance en l\u2019\u00e9conomie num\u00e9rique, il est pr\u00e9cis\u00e9 aux utilisateurs [&hellip;]","_links":{"self":[{"href":"https:\/\/dev.bassin-arcachon.com\/zh\/wp-json\/wp\/v2\/pages\/645","targetHints":{"allow":["GET"]}}],"collection":[{"href":"https:\/\/dev.bassin-arcachon.com\/zh\/wp-json\/wp\/v2\/pages"}],"about":[{"href":"https:\/\/dev.bassin-arcachon.com\/zh\/wp-json\/wp\/v2\/types\/page"}],"author":[{"embeddable":true,"href":"https:\/\/dev.bassin-arcachon.com\/zh\/wp-json\/wp\/v2\/users\/25"}],"replies":[{"embeddable":true,"href":"https:\/\/dev.bassin-arcachon.com\/zh\/wp-json\/wp\/v2\/comments?post=645"}],"version-history":[{"count":0,"href":"https:\/\/dev.bassin-arcachon.com\/zh\/wp-json\/wp\/v2\/pages\/645\/revisions"}],"wp:featuredmedia":[{"embeddable":true,"href":"https:\/\/dev.bassin-arcachon.com\/zh\/wp-json\/wp\/v2\/media\/23808"}],"wp:attachment":[{"href":"https:\/\/dev.bassin-arcachon.com\/zh\/wp-json\/wp\/v2\/media?parent=645"}],"curies":[{"name":"\u53ef\u6e7f\u6027\u7c89\u5242","href":"https:\/\/api.w.org\/{rel}","templated":true}]}}