{"id":743,"date":"2017-04-04T11:30:58","date_gmt":"2017-04-04T09:30:58","guid":{"rendered":"https:\/\/dev.bassin-arcachon.com\/\/?page_id=743"},"modified":"2024-12-16T14:03:28","modified_gmt":"2024-12-16T13:03:28","slug":"%e6%97%a0%e7%ba%bf%e4%b8%8a%e7%bd%91","status":"publish","type":"page","link":"https:\/\/dev.bassin-arcachon.com\/zh\/%e6%89%be%e5%88%b0%e4%bd%a0%e7%9a%84-wifi-%e7%82%b9\/%e6%97%a0%e7%ba%bf%e4%b8%8a%e7%bd%91\/","title":{"rendered":"\u6b22\u8fce\u6765\u5230\u963f\u5361\u96c4"},"content":{"rendered":"<div style=\"height:40px\" aria-hidden=\"true\" class=\"wp-block-spacer\"><\/div>\n\n\n\n<div class=\"wp-block-uagb-container uagb-block-55e89c32 alignfull uagb-is-root-container\"><div class=\"uagb-container-inner-blocks-wrap\">\n<h2 class=\"wp-block-heading\">\u963f\u5361\u96c4\u4e3a\u60a8\u63d0\u4f9b\u514d\u8d39\u3001\u5b89\u5168\u7684 WiFi\uff0c\u8ba9\u60a8\u5728\u8bbe\u65bd\u9f50\u5168\u7684\u516c\u5171\u573a\u6240\u81ea\u7531\u4e0a\u7f51\u3002<\/h2>\n<\/div><\/div>\n\n\n\n<div class=\"wp-block-uagb-container uagb-block-4700e32c alignfull uagb-is-root-container\"><div class=\"uagb-container-inner-blocks-wrap\">\n<div class=\"wp-block-uagb-container uagb-block-de8da834\">\n<p><\/p>\n\n\n\n<h3 class=\"wp-block-heading\">\u65e0\u8bba\u60a8\u662f\u79cb\u5b63\u3001\u51ac\u5b63\u3001\u590f\u5b63\u8fd8\u662f\u6625\u5b63\uff0c\u963f\u5361\u96c4\u7684\u6bcf\u4e2a\u5b63\u8282\u90fd\u4f1a\u4e3a\u60a8\u5e26\u6765\u72ec\u7279\u7684\u4f53\u9a8c\u3002<\/h3>\n\n\n\n<p><br>\u4eab\u53d7\u79cb\u5929\u6e29\u6696\u8272\u5f69\u7684\u5b81\u9759\uff0c\u51ac\u5929\u653e\u677e\u8eab\u5fc3\u7684\u5e78\u798f\u548c\u6587\u5316\u65f6\u523b\uff0c\u5728\u9633\u5149\u4e0b\u4f53\u9a8c\u96be\u5fd8\u7684\u6691\u5047\uff0c\u6216\u91cd\u65b0\u53d1\u73b0\u6625\u5929\u751f\u673a\u52c3\u52c3\u7684\u5927\u81ea\u7136\u3002<br>\u5728\u5b81\u9759\u7684\u6c34\u57df\u4e0a\u822a\u884c\uff0c\u63a2\u7d22\u6587\u5316\u6d3b\u52a8\uff0c\u54c1\u5c1d\u5f53\u5730\u7f8e\u98df\uff0c\u8ba9\u81ea\u5df1\u9676\u9189\u5728\u963f\u5361\u96c4 Bassin \u7684\u98ce\u666f\u548c\u6c1b\u56f4\u4e2d\u3002\u5982\u9700\u66f4\u591a\u7075\u611f\uff0c\u8bf7\u8bbf\u95ee <a href=\"http:\/\/www.arcachon.com\" target=\"_blank\" rel=\"noopener\">www.arcachon.com<\/a> \u6216\u8054\u7cfb\u65c5\u6e38\u5c40\u83b7\u53d6\u4e2a\u6027\u5316\u652f\u6301\u3002<\/p>\n\n\n\n<p>\u597d\u6d88\u606f\u662f\uff0c\u501f\u52a9\u533a\u57df WiFi\uff0c\u60a8\u65e0\u9700\u8868\u660e\u8eab\u4efd\u5373\u53ef\u6d4f\u89c8\u8be5\u7f51\u7ad9\u3002\u5145\u5206\u4eab\u53d7\u60a8\u5728\u963f\u5361\u96c4\u7684\u4f4f\u5bbf\uff01<\/p>\n<\/div>\n\n\n\n<div class=\"wp-block-uagb-container uagb-block-8631efe1\">\n<figure class=\"wp-block-image size-large\"><img loading=\"lazy\" decoding=\"async\" width=\"1024\" height=\"1024\" src=\"https:\/\/dev.bassin-arcachon.com\/wp-content\/uploads\/2022\/10\/ville-dhiver-velo-arcachon-1024x1024.jpg\" alt=\"\u2014\u2014Bassin d&#039;Arcachon\" class=\"wp-image-52836\" title=\"\u2014\u2014Bassin d&#039;Arcachon\" srcset=\"https:\/\/dev.bassin-arcachon.com\/wp-content\/uploads\/2022\/10\/ville-dhiver-velo-arcachon-1024x1024.jpg 1024w, https:\/\/dev.bassin-arcachon.com\/wp-content\/uploads\/2022\/10\/ville-dhiver-velo-arcachon-300x300.jpg 300w, https:\/\/dev.bassin-arcachon.com\/wp-content\/uploads\/2022\/10\/ville-dhiver-velo-arcachon-150x150.jpg 150w, https:\/\/dev.bassin-arcachon.com\/wp-content\/uploads\/2022\/10\/ville-dhiver-velo-arcachon-768x768.jpg 768w, https:\/\/dev.bassin-arcachon.com\/wp-content\/uploads\/2022\/10\/ville-dhiver-velo-arcachon-12x12.jpg 12w, https:\/\/dev.bassin-arcachon.com\/wp-content\/uploads\/2022\/10\/ville-dhiver-velo-arcachon-640x640.jpg 640w, https:\/\/dev.bassin-arcachon.com\/wp-content\/uploads\/2022\/10\/ville-dhiver-velo-arcachon.jpg 1080w\" sizes=\"auto, (max-width: 1024px) 100vw, 1024px\" \/><\/figure>\n<\/div>\n<\/div><\/div>\n\n\n\n<div class=\"wp-block-uagb-container uagb-block-894d81b3 alignfull uagb-is-root-container\"><div class=\"uagb-container-inner-blocks-wrap\"><\/div><\/div>\n\n\n\n<div style=\"height:40px\" aria-hidden=\"true\" class=\"wp-block-spacer\"><\/div>\n\n\n\n<div class=\"wp-block-uagb-container uagb-block-f74ed760 alignfull uagb-is-root-container\"><div class=\"uagb-container-inner-blocks-wrap\">\n<h3 class=\"wp-block-heading\">\u806a\u660e\u51b2\u6d6a\uff01<\/h3>\n\n\n\n<p>WiFi_Bassin_Arcachon \u7f51\u7edc\u8bb0\u4f4f\u4e86\u4f60\uff01\u6bcf\u6b21\u60a8\u9760\u8fd1\u6211\u4eec\u7684\u4e00\u4e2a WiFi \u7ec8\u7aef\u65f6\uff0c\u90fd\u4f1a\u5728\u540c\u4e00\u53f0\u8bbe\u5907\u4e0a\u81ea\u52a8\u5efa\u7acb\u8fde\u63a5\uff0c\u65e0\u8bba Bassin \u4f4d\u4e8e\u54ea\u4e2a\u57ce\u5e02\u3002\u8bb0\u5f97\u91cd\u542f\u6d4f\u89c8\u5668\u3002<\/p>\n<\/div><\/div>\n\n\n\n<div class=\"wp-block-uagb-container uagb-block-c032b844 alignfull uagb-is-root-container\"><div class=\"uagb-container-inner-blocks-wrap\">\n<h3 class=\"wp-block-heading\">\u6570\u5b57\u6e05\u9192<\/h3>\n\n\n\n<p>\u8ba9\u6211\u4eec\u91c7\u53d6\u6b63\u786e\u7684\u884c\u52a8\uff0c\u5efa\u8bbe\u66f4\u52a0\u7eff\u8272\u7684\u6570\u5b57\u4e16\u754c\uff01\u8ba9\u6211\u4eec\u5171\u540c\u91c7\u53d6\u7b80\u5355\u7684\u884c\u52a8\u6765\u51cf\u5c11\u5bf9\u73af\u5883\u7684\u5f71\u54cd\uff0c\u6253\u9020\u4e00\u4e2a\u66f4\u8d1f\u8d23\u4efb\u7684\u6570\u5b57\u4e16\u754c\u3002\u4e86\u89e3\u6211\u4eec\u7684\u5b9e\u7528\u5efa\u8bae <strong><a href=\"https:\/\/www.ecologie.gouv.fr\/sites\/default\/files\/guide-en-route-vers-sobriete-numerique.pdf\" target=\"_blank\" rel=\"noopener\">\u5728\u8fd9\u4e2a\u7f51\u7ad9\u4e0a <\/a>! <\/strong><\/p>\n<\/div><\/div>\n\n\n\n<div style=\"height:40px\" aria-hidden=\"true\" class=\"wp-block-spacer\"><\/div>","protected":false},"excerpt":{"rendered":"<p>Arcachon vous offre un acc\u00e8s WiFi gratuit et s\u00e9curis\u00e9 pour surfer sur Internet librement dans les lieux publics \u00e9quip\u00e9s. Que vous soyez l\u00e0 pour l&rsquo;automne, l&rsquo;hiver, l&rsquo;\u00e9t\u00e9 ou le printemps, [&hellip;]<\/p>","protected":false},"author":25,"featured_media":49131,"parent":69,"menu_order":9,"comment_status":"closed","ping_status":"closed","template":"","meta":{"_acf_changed":false,"_uag_custom_page_level_css":"","footnotes":""},"class_list":["post-743","page","type-page","status-publish","has-post-thumbnail","hentry"],"acf":[],"uagb_featured_image_src":{"full":["https:\/\/dev.bassin-arcachon.com\/wp-content\/uploads\/2021\/03\/pereire-arcachon-3-scaled.jpg",2560,1707,false],"thumbnail":["https:\/\/dev.bassin-arcachon.com\/wp-content\/uploads\/2021\/03\/pereire-arcachon-3-scaled-150x150.jpg",150,150,true],"medium":["https:\/\/dev.bassin-arcachon.com\/wp-content\/uploads\/2021\/03\/pereire-arcachon-3-scaled-300x200.jpg",300,200,true],"medium_large":["https:\/\/dev.bassin-arcachon.com\/wp-content\/uploads\/2021\/03\/pereire-arcachon-3-scaled-768x512.jpg",768,512,true],"large":["https:\/\/dev.bassin-arcachon.com\/wp-content\/uploads\/2021\/03\/pereire-arcachon-3-scaled-1024x683.jpg",1024,683,true],"1536x1536":["https:\/\/dev.bassin-arcachon.com\/wp-content\/uploads\/2021\/03\/pereire-arcachon-3-scaled-1536x1024.jpg",1536,1024,true],"2048x2048":["https:\/\/dev.bassin-arcachon.com\/wp-content\/uploads\/2021\/03\/pereire-arcachon-3-scaled-2048x1366.jpg",2048,1366,true],"trp-custom-language-flag":["https:\/\/dev.bassin-arcachon.com\/wp-content\/uploads\/2021\/03\/pereire-arcachon-3-scaled-18x12.jpg",18,12,true],"fp-small":["https:\/\/dev.bassin-arcachon.com\/wp-content\/uploads\/2021\/03\/pereire-arcachon-3-scaled-640x427.jpg",640,427,true],"fp-large":["https:\/\/dev.bassin-arcachon.com\/wp-content\/uploads\/2021\/03\/pereire-arcachon-3-scaled-1200x800.jpg",1200,800,true],"fp-xlarge":["https:\/\/dev.bassin-arcachon.com\/wp-content\/uploads\/2021\/03\/pereire-arcachon-3-scaled-1920x1280.jpg",1920,1280,true]},"uagb_author_info":{"display_name":"Marie Clauzel","author_link":"https:\/\/dev.bassin-arcachon.com\/zh\/author\/mariesiba\/"},"uagb_comment_info":0,"uagb_excerpt":"Arcachon vous offre un acc\u00e8s WiFi gratuit et s\u00e9curis\u00e9 pour surfer sur Internet librement dans les lieux publics \u00e9quip\u00e9s. Que vous soyez l\u00e0 pour l&rsquo;automne, l&rsquo;hiver, l&rsquo;\u00e9t\u00e9 ou le printemps, [&hellip;]","_links":{"self":[{"href":"https:\/\/dev.bassin-arcachon.com\/zh\/wp-json\/wp\/v2\/pages\/743","targetHints":{"allow":["GET"]}}],"collection":[{"href":"https:\/\/dev.bassin-arcachon.com\/zh\/wp-json\/wp\/v2\/pages"}],"about":[{"href":"https:\/\/dev.bassin-arcachon.com\/zh\/wp-json\/wp\/v2\/types\/page"}],"author":[{"embeddable":true,"href":"https:\/\/dev.bassin-arcachon.com\/zh\/wp-json\/wp\/v2\/users\/25"}],"replies":[{"embeddable":true,"href":"https:\/\/dev.bassin-arcachon.com\/zh\/wp-json\/wp\/v2\/comments?post=743"}],"version-history":[{"count":1,"href":"https:\/\/dev.bassin-arcachon.com\/zh\/wp-json\/wp\/v2\/pages\/743\/revisions"}],"predecessor-version":[{"id":119041,"href":"https:\/\/dev.bassin-arcachon.com\/zh\/wp-json\/wp\/v2\/pages\/743\/revisions\/119041"}],"up":[{"embeddable":true,"href":"https:\/\/dev.bassin-arcachon.com\/zh\/wp-json\/wp\/v2\/pages\/69"}],"wp:featuredmedia":[{"embeddable":true,"href":"https:\/\/dev.bassin-arcachon.com\/zh\/wp-json\/wp\/v2\/media\/49131"}],"wp:attachment":[{"href":"https:\/\/dev.bassin-arcachon.com\/zh\/wp-json\/wp\/v2\/media?parent=743"}],"curies":[{"name":"\u53ef\u6e7f\u6027\u7c89\u5242","href":"https:\/\/api.w.org\/{rel}","templated":true}]}}