{"id":762,"date":"2017-04-04T12:26:33","date_gmt":"2017-04-04T10:26:33","guid":{"rendered":"https:\/\/dev.bassin-arcachon.com\/\/?page_id=762"},"modified":"2024-12-16T14:03:51","modified_gmt":"2024-12-16T13:03:51","slug":"wifi-gujan-mestras","status":"publish","type":"page","link":"https:\/\/dev.bassin-arcachon.com\/zh\/%e6%89%be%e5%88%b0%e4%bd%a0%e7%9a%84-wifi-%e7%82%b9\/wifi-gujan-mestras\/","title":{"rendered":"\u6b22\u8fce\u6765\u5230 Gujan-Mestras"},"content":{"rendered":"<div class=\"wp-block-uagb-container uagb-block-ab967068 alignfull uagb-is-root-container\"><div class=\"uagb-container-inner-blocks-wrap\">\n<div class=\"wp-block-uagb-container uagb-block-ebd95c1a\">\n<h2 class=\"wp-block-heading\">Gujan-Mestras \u4e3a\u60a8\u63d0\u4f9b\u514d\u8d39\u3001\u5b89\u5168\u7684 WiFi\uff0c\u8ba9\u60a8\u5728\u8bbe\u65bd\u9f50\u5168\u7684\u516c\u5171\u573a\u6240\u81ea\u7531\u4e0a\u7f51\u3002<\/h2>\n\n\n\n<p>\u7261\u86ce\u4e4b\u90fd&nbsp;<strong>\u6765\u81ea\u963f\u5361\u96c4\u7684 Bassin<\/strong>&nbsp;\u5176\u6d77\u519b\u516c\u53f8\u548c\u7261\u86ce\u517b\u6b96\u8005\u63d0\u5347\u4e86\u771f\u6b63\u7684\u6d77\u6d0b\u8eab\u4efd\u3002\u8282\u65e5\u6216\u4f53\u80b2\u8d5b\u4e8b\u5b9a\u671f\u6d3b\u8dc3\u201c\u4e03\u6e2f\u4e4b\u57ce\u201d\u3002<\/p>\n<\/div>\n\n\n\n<div class=\"wp-block-uagb-container uagb-block-e5e32c49\">\n<div class=\"wp-block-uagb-image uagb-block-0fb342b7 wp-block-uagb-image--layout-default wp-block-uagb-image--effect-static wp-block-uagb-image--align-none\"><figure class=\"wp-block-uagb-image__figure\"><img decoding=\"async\" srcset=\"https:\/\/dev.bassin-arcachon.com\/wp-content\/uploads\/2020\/07\/Sillonnez-03-GujanMestras.jpeg \" sizes=\"auto, (max-width: 480px) 150px\" src=\"https:\/\/dev.bassin-arcachon.com\/wp-content\/uploads\/2020\/07\/Sillonnez-03-GujanMestras.jpeg\" alt=\"\u2014\u2014Bassin d&#039;Arcachon\" class=\"uag-image-51465\" width=\"1000\" height=\"666\" title=\"\u2014\u2014Bassin d&#039;Arcachon\" loading=\"lazy\" role=\"img\"><\/figure><\/div>\n<\/div>\n<\/div><\/div>\n\n\n\n<div style=\"height:40px\" aria-hidden=\"true\" class=\"wp-block-spacer\"><\/div>\n\n\n\n<div class=\"wp-block-uagb-container uagb-block-d177242b alignfull uagb-is-root-container\"><div class=\"uagb-container-inner-blocks-wrap\">\n<figure class=\"wp-block-pullquote\"><blockquote><p>\u63a2\u7d22\u53e4\u8ba9-\u6885\u65af\u7279\u62c9\u65af\u5e02&nbsp;<a href=\"http:\/\/www.gujanmestras.com\/\" target=\"_blank\" rel=\"noreferrer noopener\">www.gujanmestras.com<\/a>.<br>\u6d4f\u89c8\u8fd9\u4e2a&nbsp;<a href=\"https:\/\/www.bassin-arcachon.com\/\">\u7f51\u7ad9\uff0cArcachon \u7684 Bassin<\/a>.\u60a8\u65e0\u9700\u8868\u660e\u8eab\u4efd\uff01<\/p><\/blockquote><\/figure>\n<\/div><\/div>\n\n\n\n<div style=\"height:40px\" aria-hidden=\"true\" class=\"wp-block-spacer\"><\/div>\n\n\n\n<div class=\"wp-block-uagb-container uagb-block-15d1a161 alignfull uagb-is-root-container\"><div class=\"uagb-container-inner-blocks-wrap\">\n<h3 class=\"wp-block-heading\">\u806a\u660e\u51b2\u6d6a\uff01<\/h3>\n\n\n\n<p>WiFi_Bassin_Arcachon \u7f51\u7edc\u8bb0\u4f4f\u4e86\u4f60\uff01\u6bcf\u6b21\u60a8\u9760\u8fd1\u6211\u4eec\u7684\u4e00\u4e2a WiFi \u7ec8\u7aef\u65f6\uff0c\u90fd\u4f1a\u5728\u540c\u4e00\u53f0\u8bbe\u5907\u4e0a\u81ea\u52a8\u5efa\u7acb\u8fde\u63a5\uff0c\u65e0\u8bba Bassin \u4f4d\u4e8e\u54ea\u4e2a\u57ce\u5e02\u3002\u8bb0\u5f97\u91cd\u542f\u6d4f\u89c8\u5668\u3002<\/p>\n\n\n\n<h3 class=\"wp-block-heading\">\u6570\u5b57\u6e05\u9192<\/h3>\n\n\n\n<p>\u8ba9\u6211\u4eec\u91c7\u53d6\u6b63\u786e\u7684\u884c\u52a8\uff0c\u5efa\u8bbe\u66f4\u52a0\u7eff\u8272\u7684\u6570\u5b57\u4e16\u754c\uff01\u8ba9\u6211\u4eec\u5171\u540c\u91c7\u53d6\u7b80\u5355\u7684\u884c\u52a8\u6765\u51cf\u5c11\u5bf9\u73af\u5883\u7684\u5f71\u54cd\uff0c\u6253\u9020\u4e00\u4e2a\u66f4\u8d1f\u8d23\u4efb\u7684\u6570\u5b57\u4e16\u754c\u3002\u4e86\u89e3\u6211\u4eec\u7684\u5b9e\u7528\u5efa\u8bae\u00a0<strong><a href=\"https:\/\/www.ecologie.gouv.fr\/sites\/default\/files\/guide-en-route-vers-sobriete-numerique.pdf\" target=\"_blank\" rel=\"noreferrer noopener\">\u5728\u8fd9\u4e2a\u7f51\u7ad9\u4e0a\u00a0<\/a>!<\/strong><\/p>\n<\/div><\/div>\n\n\n\n<div style=\"height:40px\" aria-hidden=\"true\" class=\"wp-block-spacer\"><\/div>","protected":false},"excerpt":{"rendered":"<p>Gujan-Mestras vous offre un acc\u00e8s WiFi gratuit et s\u00e9curis\u00e9 pour surfer sur Internet librement dans les lieux publics \u00e9quip\u00e9s. La capitale ostr\u00e9icole du&nbsp;Bassin d\u2019Arcachon&nbsp;poss\u00e8de une v\u00e9ritable identit\u00e9 maritime dynamis\u00e9e par [&hellip;]<\/p>","protected":false},"author":25,"featured_media":23557,"parent":69,"menu_order":13,"comment_status":"closed","ping_status":"closed","template":"","meta":{"_acf_changed":false,"_uag_custom_page_level_css":"","footnotes":""},"class_list":["post-762","page","type-page","status-publish","has-post-thumbnail","hentry"],"acf":[],"uagb_featured_image_src":{"full":["https:\/\/dev.bassin-arcachon.com\/wp-content\/uploads\/2017\/11\/Huitre-acachon-cap-ferret.jpg",1200,800,false],"thumbnail":["https:\/\/dev.bassin-arcachon.com\/wp-content\/uploads\/2017\/11\/Huitre-acachon-cap-ferret-150x150.jpg",150,150,true],"medium":["https:\/\/dev.bassin-arcachon.com\/wp-content\/uploads\/2017\/11\/Huitre-acachon-cap-ferret-300x200.jpg",300,200,true],"medium_large":["https:\/\/dev.bassin-arcachon.com\/wp-content\/uploads\/2017\/11\/Huitre-acachon-cap-ferret-768x512.jpg",768,512,true],"large":["https:\/\/dev.bassin-arcachon.com\/wp-content\/uploads\/2017\/11\/Huitre-acachon-cap-ferret-1024x683.jpg",1024,683,true],"1536x1536":["https:\/\/dev.bassin-arcachon.com\/wp-content\/uploads\/2017\/11\/Huitre-acachon-cap-ferret.jpg",1200,800,false],"2048x2048":["https:\/\/dev.bassin-arcachon.com\/wp-content\/uploads\/2017\/11\/Huitre-acachon-cap-ferret.jpg",1200,800,false],"trp-custom-language-flag":["https:\/\/dev.bassin-arcachon.com\/wp-content\/uploads\/2017\/11\/Huitre-acachon-cap-ferret-18x12.jpg",18,12,true],"fp-small":["https:\/\/dev.bassin-arcachon.com\/wp-content\/uploads\/2017\/11\/Huitre-acachon-cap-ferret-640x427.jpg",640,427,true],"fp-large":["https:\/\/dev.bassin-arcachon.com\/wp-content\/uploads\/2017\/11\/Huitre-acachon-cap-ferret.jpg",1200,800,false],"fp-xlarge":["https:\/\/dev.bassin-arcachon.com\/wp-content\/uploads\/2017\/11\/Huitre-acachon-cap-ferret.jpg",1200,800,false]},"uagb_author_info":{"display_name":"Marie Clauzel","author_link":"https:\/\/dev.bassin-arcachon.com\/zh\/author\/mariesiba\/"},"uagb_comment_info":0,"uagb_excerpt":"Gujan-Mestras vous offre un acc\u00e8s WiFi gratuit et s\u00e9curis\u00e9 pour surfer sur Internet librement dans les lieux publics \u00e9quip\u00e9s. La capitale ostr\u00e9icole du&nbsp;Bassin d\u2019Arcachon&nbsp;poss\u00e8de une v\u00e9ritable identit\u00e9 maritime dynamis\u00e9e par [&hellip;]","_links":{"self":[{"href":"https:\/\/dev.bassin-arcachon.com\/zh\/wp-json\/wp\/v2\/pages\/762","targetHints":{"allow":["GET"]}}],"collection":[{"href":"https:\/\/dev.bassin-arcachon.com\/zh\/wp-json\/wp\/v2\/pages"}],"about":[{"href":"https:\/\/dev.bassin-arcachon.com\/zh\/wp-json\/wp\/v2\/types\/page"}],"author":[{"embeddable":true,"href":"https:\/\/dev.bassin-arcachon.com\/zh\/wp-json\/wp\/v2\/users\/25"}],"replies":[{"embeddable":true,"href":"https:\/\/dev.bassin-arcachon.com\/zh\/wp-json\/wp\/v2\/comments?post=762"}],"version-history":[{"count":1,"href":"https:\/\/dev.bassin-arcachon.com\/zh\/wp-json\/wp\/v2\/pages\/762\/revisions"}],"predecessor-version":[{"id":119042,"href":"https:\/\/dev.bassin-arcachon.com\/zh\/wp-json\/wp\/v2\/pages\/762\/revisions\/119042"}],"up":[{"embeddable":true,"href":"https:\/\/dev.bassin-arcachon.com\/zh\/wp-json\/wp\/v2\/pages\/69"}],"wp:featuredmedia":[{"embeddable":true,"href":"https:\/\/dev.bassin-arcachon.com\/zh\/wp-json\/wp\/v2\/media\/23557"}],"wp:attachment":[{"href":"https:\/\/dev.bassin-arcachon.com\/zh\/wp-json\/wp\/v2\/media?parent=762"}],"curies":[{"name":"\u53ef\u6e7f\u6027\u7c89\u5242","href":"https:\/\/api.w.org\/{rel}","templated":true}]}}