{"id":770,"date":"2017-04-04T12:36:10","date_gmt":"2017-04-04T10:36:10","guid":{"rendered":"https:\/\/dev.bassin-arcachon.com\/\/?page_id=770"},"modified":"2024-12-16T14:04:51","modified_gmt":"2024-12-16T13:04:51","slug":"wifi-%e6%af%94%e5%8a%a0%e8%af%ba%e6%96%af","status":"publish","type":"page","link":"https:\/\/dev.bassin-arcachon.com\/zh\/%e6%89%be%e5%88%b0%e4%bd%a0%e7%9a%84-wifi-%e7%82%b9\/wifi-%e6%af%94%e5%8a%a0%e8%af%ba%e6%96%af\/","title":{"rendered":"\u6b22\u8fce\u6765\u5230\u6bd4\u52a0\u8bfa\u65af"},"content":{"rendered":"<div style=\"height:40px\" aria-hidden=\"true\" class=\"wp-block-spacer\"><\/div>\n\n\n\n<div class=\"wp-block-uagb-container uagb-block-89bd62e6 alignfull uagb-is-root-container\"><div class=\"uagb-container-inner-blocks-wrap\">\n<div class=\"wp-block-uagb-container uagb-block-f19cf252\">\n<h2 class=\"wp-block-heading\">Biganos \u4e3a\u60a8\u63d0\u4f9b\u514d\u8d39\u4e14\u5b89\u5168\u7684 WiFi \u63a5\u5165\uff0c\u8ba9\u60a8\u53ef\u4ee5\u5728\u8bbe\u65bd\u9f50\u5168\u7684\u516c\u5171\u573a\u6240\u81ea\u7531\u4e0a\u7f51\u3002<\/h2>\n\n\n\n<p>\u6211\u4eec\u6253\u5f00\u7ae0\u8282&nbsp;<a href=\"https:\/\/www.bassin-arcachon.com\/nos-villes-et-villages\/coeur-du-bassin\/\">Bassin\u4e4b\u5fc3<\/a>&nbsp;\u5728\u63a2\u7d22\u6bd4\u52a0\u8bfa\u65af\u65f6\u3002\u5728\u8ff7\u4e0a\u5176\u901a\u5411 Leyre \u4e09\u89d2\u6d32\u7684\u975e\u5178\u578b\u6e2f\u53e3\u7684\u9b45\u529b\u4e4b\u540e\uff0c\u6211\u4eec\u9a91\u81ea\u884c\u8f66\u63a2\u7d22\u4e86 Tiles \u6e2f\u53e3\u53ca\u5176\u5c0f\u5c4b\uff0c\u7136\u540e\u4e0e\u597d\u4f19\u4f34\u4e00\u8d77\u54c1\u5c1d\u6cd5\u56fd\u9c7c\u5b50\u9171\u3002<\/p>\n<\/div>\n\n\n\n<div class=\"wp-block-uagb-container uagb-block-f4591093\">\n<div class=\"wp-block-uagb-image uagb-block-bb3ab00d wp-block-uagb-image--layout-default wp-block-uagb-image--effect-static wp-block-uagb-image--align-none\"><figure class=\"wp-block-uagb-image__figure\"><img decoding=\"async\" srcset=\"https:\/\/dev.bassin-arcachon.com\/wp-content\/uploads\/2017\/12\/port-de-biganos-12-1024x700.jpg \" sizes=\"auto, (max-width: 480px) 150px\" src=\"https:\/\/dev.bassin-arcachon.com\/wp-content\/uploads\/2017\/12\/port-de-biganos-12-1024x700.jpg\" alt=\"\u2014\u2014Bassin d&#039;Arcachon\" class=\"uag-image-11652\" width=\"1024\" height=\"700\" title=\"\u2014\u2014Bassin d&#039;Arcachon\" loading=\"lazy\" role=\"img\"><\/figure><\/div>\n<\/div>\n<\/div><\/div>\n\n\n\n<div style=\"height:40px\" aria-hidden=\"true\" class=\"wp-block-spacer\"><\/div>\n\n\n\n<div class=\"wp-block-uagb-container uagb-block-9b845831 alignfull uagb-is-root-container\"><div class=\"uagb-container-inner-blocks-wrap\">\n<figure class=\"wp-block-pullquote\"><blockquote><p>\u63a2\u7d22\u6bd4\u52a0\u8bfa\u65af\u5e02&nbsp;<a href=\"https:\/\/www.tourisme-coeurdubassin.com\/\" target=\"_blank\" rel=\"noreferrer noopener\">www.tourisme-coeurdubassin.com<\/a>.<br>\u6d4f\u89c8\u8fd9\u4e2a&nbsp;<a href=\"https:\/\/www.bassin-arcachon.com\/\">\u7f51\u7ad9\uff0cArcachon \u7684 Bassin<\/a>.\u60a8\u65e0\u9700\u8868\u660e\u8eab\u4efd\uff01<\/p><\/blockquote><\/figure>\n<\/div><\/div>\n\n\n\n<div style=\"height:40px\" aria-hidden=\"true\" class=\"wp-block-spacer\"><\/div>\n\n\n\n<div class=\"wp-block-uagb-container uagb-block-7004a56a alignfull uagb-is-root-container\"><div class=\"uagb-container-inner-blocks-wrap\">\n<h3 class=\"wp-block-heading\">\u806a\u660e\u51b2\u6d6a\uff01<\/h3>\n\n\n\n<p>WiFi_Bassin_Arcachon \u7f51\u7edc\u8bb0\u4f4f\u4e86\u4f60\uff01\u6bcf\u6b21\u60a8\u9760\u8fd1\u6211\u4eec\u7684\u4e00\u4e2a WiFi \u7ec8\u7aef\u65f6\uff0c\u90fd\u4f1a\u5728\u540c\u4e00\u53f0\u8bbe\u5907\u4e0a\u81ea\u52a8\u5efa\u7acb\u8fde\u63a5\uff0c\u65e0\u8bba Bassin \u4f4d\u4e8e\u54ea\u4e2a\u57ce\u5e02\u3002\u8bb0\u5f97\u91cd\u542f\u6d4f\u89c8\u5668\u3002<\/p>\n\n\n\n<h3 class=\"wp-block-heading\">\u6570\u5b57\u6e05\u9192<\/h3>\n\n\n\n<p>\u8ba9\u6211\u4eec\u91c7\u53d6\u6b63\u786e\u7684\u884c\u52a8\uff0c\u5efa\u8bbe\u66f4\u52a0\u7eff\u8272\u7684\u6570\u5b57\u4e16\u754c\uff01\u8ba9\u6211\u4eec\u5171\u540c\u91c7\u53d6\u7b80\u5355\u7684\u884c\u52a8\u6765\u51cf\u5c11\u5bf9\u73af\u5883\u7684\u5f71\u54cd\uff0c\u6253\u9020\u4e00\u4e2a\u66f4\u8d1f\u8d23\u4efb\u7684\u6570\u5b57\u4e16\u754c\u3002\u4e86\u89e3\u6211\u4eec\u7684\u5b9e\u7528\u5efa\u8bae\u00a0<strong><a href=\"https:\/\/www.ecologie.gouv.fr\/sites\/default\/files\/guide-en-route-vers-sobriete-numerique.pdf\" target=\"_blank\" rel=\"noreferrer noopener\">\u5728\u8fd9\u4e2a\u7f51\u7ad9\u4e0a\u00a0<\/a>!<\/strong><\/p>\n<\/div><\/div>\n\n\n\n<div style=\"height:40px\" aria-hidden=\"true\" class=\"wp-block-spacer\"><\/div>","protected":false},"excerpt":{"rendered":"<p>Biganos vous offre un acc\u00e8s WiFi gratuit et s\u00e9curis\u00e9 pour surfer sur Internet librement dans les lieux publics \u00e9quip\u00e9s. On ouvre le chapitre&nbsp;C\u0153ur du Bassin&nbsp;en explorant Biganos. Apr\u00e8s \u00eatre tomb\u00e9 [&hellip;]<\/p>","protected":false},"author":25,"featured_media":24170,"parent":69,"menu_order":12,"comment_status":"closed","ping_status":"closed","template":"","meta":{"_acf_changed":false,"_uag_custom_page_level_css":"","footnotes":""},"class_list":["post-770","page","type-page","status-publish","has-post-thumbnail","hentry"],"acf":[],"uagb_featured_image_src":{"full":["https:\/\/dev.bassin-arcachon.com\/wp-content\/uploads\/2017\/04\/port-des-tuiles-biganos.jpg",1200,664,false],"thumbnail":["https:\/\/dev.bassin-arcachon.com\/wp-content\/uploads\/2017\/04\/port-des-tuiles-biganos-150x150.jpg",150,150,true],"medium":["https:\/\/dev.bassin-arcachon.com\/wp-content\/uploads\/2017\/04\/port-des-tuiles-biganos-300x166.jpg",300,166,true],"medium_large":["https:\/\/dev.bassin-arcachon.com\/wp-content\/uploads\/2017\/04\/port-des-tuiles-biganos-768x425.jpg",768,425,true],"large":["https:\/\/dev.bassin-arcachon.com\/wp-content\/uploads\/2017\/04\/port-des-tuiles-biganos-1024x567.jpg",1024,567,true],"1536x1536":["https:\/\/dev.bassin-arcachon.com\/wp-content\/uploads\/2017\/04\/port-des-tuiles-biganos.jpg",1200,664,false],"2048x2048":["https:\/\/dev.bassin-arcachon.com\/wp-content\/uploads\/2017\/04\/port-des-tuiles-biganos.jpg",1200,664,false],"trp-custom-language-flag":["https:\/\/dev.bassin-arcachon.com\/wp-content\/uploads\/2017\/04\/port-des-tuiles-biganos-18x10.jpg",18,10,true],"fp-small":["https:\/\/dev.bassin-arcachon.com\/wp-content\/uploads\/2017\/04\/port-des-tuiles-biganos-640x354.jpg",640,354,true],"fp-large":["https:\/\/dev.bassin-arcachon.com\/wp-content\/uploads\/2017\/04\/port-des-tuiles-biganos.jpg",1200,664,false],"fp-xlarge":["https:\/\/dev.bassin-arcachon.com\/wp-content\/uploads\/2017\/04\/port-des-tuiles-biganos.jpg",1200,664,false]},"uagb_author_info":{"display_name":"Marie Clauzel","author_link":"https:\/\/dev.bassin-arcachon.com\/zh\/author\/mariesiba\/"},"uagb_comment_info":0,"uagb_excerpt":"Biganos vous offre un acc\u00e8s WiFi gratuit et s\u00e9curis\u00e9 pour surfer sur Internet librement dans les lieux publics \u00e9quip\u00e9s. On ouvre le chapitre&nbsp;C\u0153ur du Bassin&nbsp;en explorant Biganos. Apr\u00e8s \u00eatre tomb\u00e9 [&hellip;]","_links":{"self":[{"href":"https:\/\/dev.bassin-arcachon.com\/zh\/wp-json\/wp\/v2\/pages\/770","targetHints":{"allow":["GET"]}}],"collection":[{"href":"https:\/\/dev.bassin-arcachon.com\/zh\/wp-json\/wp\/v2\/pages"}],"about":[{"href":"https:\/\/dev.bassin-arcachon.com\/zh\/wp-json\/wp\/v2\/types\/page"}],"author":[{"embeddable":true,"href":"https:\/\/dev.bassin-arcachon.com\/zh\/wp-json\/wp\/v2\/users\/25"}],"replies":[{"embeddable":true,"href":"https:\/\/dev.bassin-arcachon.com\/zh\/wp-json\/wp\/v2\/comments?post=770"}],"version-history":[{"count":1,"href":"https:\/\/dev.bassin-arcachon.com\/zh\/wp-json\/wp\/v2\/pages\/770\/revisions"}],"predecessor-version":[{"id":119044,"href":"https:\/\/dev.bassin-arcachon.com\/zh\/wp-json\/wp\/v2\/pages\/770\/revisions\/119044"}],"up":[{"embeddable":true,"href":"https:\/\/dev.bassin-arcachon.com\/zh\/wp-json\/wp\/v2\/pages\/69"}],"wp:featuredmedia":[{"embeddable":true,"href":"https:\/\/dev.bassin-arcachon.com\/zh\/wp-json\/wp\/v2\/media\/24170"}],"wp:attachment":[{"href":"https:\/\/dev.bassin-arcachon.com\/zh\/wp-json\/wp\/v2\/media?parent=770"}],"curies":[{"name":"\u53ef\u6e7f\u6027\u7c89\u5242","href":"https:\/\/api.w.org\/{rel}","templated":true}]}}