{"id":772,"date":"2017-04-04T12:38:31","date_gmt":"2017-04-04T10:38:31","guid":{"rendered":"https:\/\/dev.bassin-arcachon.com\/\/?page_id=772"},"modified":"2024-05-06T16:48:15","modified_gmt":"2024-05-06T14:48:15","slug":"wifi-mios","status":"publish","type":"page","link":"https:\/\/dev.bassin-arcachon.com\/zh\/%e6%89%be%e5%88%b0%e4%bd%a0%e7%9a%84-wifi-%e7%82%b9\/wifi-mios\/","title":{"rendered":"\u6b22\u8fce\u6765\u5230\u7c73\u5965\u65af"},"content":{"rendered":"<div class=\"wp-block-uagb-container uagb-block-2bb682b0 alignfull uagb-is-root-container\"><div class=\"uagb-container-inner-blocks-wrap\">\n<h2 class=\"wp-block-heading\">Mios \u65c5\u6e38\u5c40\u4e3a\u60a8\u63d0\u4f9b\u514d\u8d39\u548c\u5b89\u5168\u7684 WiFi \u8bbf\u95ee\uff0c\u4ee5\u4fbf\u60a8\u5728\u4fe1\u606f\u529e\u516c\u5ba4\u7684\u8303\u56f4\u5185\u81ea\u7531\u4e0a\u7f51\u3002<\/h2>\n<\/div><\/div>\n\n\n\n<div style=\"height:40px\" aria-hidden=\"true\" class=\"wp-block-spacer\"><\/div>\n\n\n\n<div class=\"wp-block-uagb-container uagb-block-49df3d4d alignfull uagb-is-root-container\"><div class=\"uagb-container-inner-blocks-wrap\">\n<div class=\"wp-block-uagb-container uagb-block-91170351\">\n<p>\u5728 Leyre \u4e09\u89d2\u6d32\u7684\u5165\u53e3\u5904\uff0c\u68ee\u6797\u65e0\u5904\u4e0d\u5728\uff0c\u662f Mios \u7279\u6b8a\u52a8\u7269\u7fa4\u7684\u5bb6\u56ed\u3002\u6cbf\u7740\u83b1\u5c14\u6cb3 (Leyre) \u6cb3\u5cb8\u6f2b\u6b65\uff0c\u5229\u7528\u9634\u51c9\u7684\u5c0f\u5f84\u6765\u4e00\u6b21\u6062\u590d\u6d3b\u529b\u7684\u5f92\u6b65\u65c5\u884c\u3002<\/p>\n\n\n\n<p><strong>\u5728\u65c5\u6e38\u5c40\u4e0e\u60a8\u7684\u5047\u671f\u987e\u95ee\u4f1a\u9762<\/strong>&nbsp;\u548c&nbsp;<strong>\u63a2\u7d22 Bassin \u7684\u6838\u5fc3&nbsp;<\/strong><a href=\"http:\/\/www.tourisme-coeurdubassin.com\/\" target=\"_blank\" rel=\"noreferrer noopener\"><strong>www.tourisme-coeurdubassin.com<\/strong><\/a><\/p>\n\n\n\n<p><strong>\u8fd8\u53ef\u4ee5\u6d4f\u89c8 Bassin Arcachon \u7f51\u7ad9\u3002\u60a8\u65e0\u9700\u8868\u660e\u8eab\u4efd\uff01<\/strong><\/p>\n<\/div>\n\n\n\n<div class=\"wp-block-uagb-container uagb-block-ff9a1c91\">\n<h3 class=\"wp-block-heading\">\u5982\u4f55\u767b\u5165\uff1f<\/h3>\n\n\n\n<p>\u8981\u67e5\u770b\u60a8\u7684\u7535\u5b50\u90ae\u4ef6\u548c\u81ea\u7531\u4e0a\u7f51\uff0c\u8bf7\u5355\u51fb\u5c4f\u5e55\u53f3\u4e0a\u89d2\u7684\u201c\u8bbf\u95ee\u4e92\u8054\u7f51\u201d\u9009\u9879\u5361\uff0c\u5728\u95e8\u6237\u7f51\u7ad9\u4e0a\u8868\u660e\u60a8\u81ea\u5df1\u7684\u8eab\u4efd\u3002\u8f93\u5165\u60a8\u7684\u7535\u5b50\u90ae\u4ef6\u6216\u4f7f\u7528\u60a8\u7684 Facebook\u3001Twitter \u548c Google+ \u5e10\u6237\u5e76\u63a5\u53d7\u4f7f\u7528\u6761\u6b3e\u3002<\/p>\n\n\n\n<p>\u597d\u51b2\u6d6a\uff0c\u514d\u8d39\u4e14\u65e0\u9650\u5236\u2026\u2026<\/p>\n<\/div>\n<\/div><\/div>\n\n\n\n<div style=\"height:40px\" aria-hidden=\"true\" class=\"wp-block-spacer\"><\/div>\n\n\n\n<div class=\"wp-block-uagb-container uagb-block-3001b7a7 alignfull uagb-is-root-container\"><div class=\"uagb-container-inner-blocks-wrap\">\n<h3 class=\"wp-block-heading\">\u806a\u660e\u51b2\u6d6a\uff01<\/h3>\n\n\n\n<p>WiFi_Bassin_Arcachon \u7f51\u7edc\u8bb0\u4f4f\u4e86\u4f60\uff01\u6bcf\u6b21\u60a8\u9760\u8fd1\u6211\u4eec\u7684\u4e00\u4e2a WiFi \u7ec8\u7aef\u65f6\uff0c\u90fd\u4f1a\u5728\u540c\u4e00\u53f0\u8bbe\u5907\u4e0a\u81ea\u52a8\u5efa\u7acb\u8fde\u63a5\uff0c\u65e0\u8bba Bassin \u4f4d\u4e8e\u54ea\u4e2a\u57ce\u5e02\u3002\u8bb0\u5f97\u91cd\u542f\u6d4f\u89c8\u5668\u3002<\/p>\n\n\n\n<h3 class=\"wp-block-heading\">\u6570\u5b57\u6e05\u9192<\/h3>\n\n\n\n<p>\u8ba9\u6211\u4eec\u91c7\u53d6\u6b63\u786e\u7684\u884c\u52a8\uff0c\u5efa\u8bbe\u66f4\u52a0\u7eff\u8272\u7684\u6570\u5b57\u4e16\u754c\uff01\u8ba9\u6211\u4eec\u5171\u540c\u91c7\u53d6\u7b80\u5355\u7684\u884c\u52a8\u6765\u51cf\u5c11\u5bf9\u73af\u5883\u7684\u5f71\u54cd\uff0c\u6253\u9020\u4e00\u4e2a\u66f4\u8d1f\u8d23\u4efb\u7684\u6570\u5b57\u4e16\u754c\u3002\u4e86\u89e3\u6211\u4eec\u7684\u5b9e\u7528\u5efa\u8bae&nbsp;<strong><a href=\"https:\/\/www.ecologie.gouv.fr\/sites\/default\/files\/guide-en-route-vers-sobriete-numerique.pdf\" target=\"_blank\" rel=\"noreferrer noopener\">\u5728\u8fd9\u4e2a\u7f51\u7ad9\u4e0a&nbsp;<\/a>!<\/strong><\/p>\n<\/div><\/div>\n\n\n\n<div style=\"height:40px\" aria-hidden=\"true\" class=\"wp-block-spacer\"><\/div>","protected":false},"excerpt":{"rendered":"<p>L\u2019Office de Tourisme de Mios vous offre un acc\u00e8s WiFi gratuit et s\u00e9curis\u00e9 pour surfer sur Internet librement dans l\u2019enceinte du bureau d\u2019information. Aux portes du delta de la Leyre, [&hellip;]<\/p>","protected":false},"author":25,"featured_media":1576,"parent":69,"menu_order":17,"comment_status":"closed","ping_status":"closed","template":"","meta":{"_acf_changed":false,"_uag_custom_page_level_css":"","footnotes":""},"class_list":["post-772","page","type-page","status-publish","has-post-thumbnail","hentry"],"acf":[],"uagb_featured_image_src":{"full":["https:\/\/dev.bassin-arcachon.com\/wp-content\/uploads\/2017\/04\/header-wifi-light.jpg",1200,612,false],"thumbnail":["https:\/\/dev.bassin-arcachon.com\/wp-content\/uploads\/2017\/04\/header-wifi-light-150x150.jpg",150,150,true],"medium":["https:\/\/dev.bassin-arcachon.com\/wp-content\/uploads\/2017\/04\/header-wifi-light-300x153.jpg",300,153,true],"medium_large":["https:\/\/dev.bassin-arcachon.com\/wp-content\/uploads\/2017\/04\/header-wifi-light-768x392.jpg",768,392,true],"large":["https:\/\/dev.bassin-arcachon.com\/wp-content\/uploads\/2017\/04\/header-wifi-light-1024x522.jpg",1024,522,true],"1536x1536":["https:\/\/dev.bassin-arcachon.com\/wp-content\/uploads\/2017\/04\/header-wifi-light.jpg",1200,612,false],"2048x2048":["https:\/\/dev.bassin-arcachon.com\/wp-content\/uploads\/2017\/04\/header-wifi-light.jpg",1200,612,false],"trp-custom-language-flag":["https:\/\/dev.bassin-arcachon.com\/wp-content\/uploads\/2017\/04\/header-wifi-light-18x9.jpg",18,9,true],"fp-small":["https:\/\/dev.bassin-arcachon.com\/wp-content\/uploads\/2017\/04\/header-wifi-light-640x326.jpg",640,326,true],"fp-large":["https:\/\/dev.bassin-arcachon.com\/wp-content\/uploads\/2017\/04\/header-wifi-light.jpg",1200,612,false],"fp-xlarge":["https:\/\/dev.bassin-arcachon.com\/wp-content\/uploads\/2017\/04\/header-wifi-light.jpg",1200,612,false]},"uagb_author_info":{"display_name":"Marie Clauzel","author_link":"https:\/\/dev.bassin-arcachon.com\/zh\/author\/mariesiba\/"},"uagb_comment_info":0,"uagb_excerpt":"L\u2019Office de Tourisme de Mios vous offre un acc\u00e8s WiFi gratuit et s\u00e9curis\u00e9 pour surfer sur Internet librement dans l\u2019enceinte du bureau d\u2019information. Aux portes du delta de la Leyre, [&hellip;]","_links":{"self":[{"href":"https:\/\/dev.bassin-arcachon.com\/zh\/wp-json\/wp\/v2\/pages\/772","targetHints":{"allow":["GET"]}}],"collection":[{"href":"https:\/\/dev.bassin-arcachon.com\/zh\/wp-json\/wp\/v2\/pages"}],"about":[{"href":"https:\/\/dev.bassin-arcachon.com\/zh\/wp-json\/wp\/v2\/types\/page"}],"author":[{"embeddable":true,"href":"https:\/\/dev.bassin-arcachon.com\/zh\/wp-json\/wp\/v2\/users\/25"}],"replies":[{"embeddable":true,"href":"https:\/\/dev.bassin-arcachon.com\/zh\/wp-json\/wp\/v2\/comments?post=772"}],"version-history":[{"count":0,"href":"https:\/\/dev.bassin-arcachon.com\/zh\/wp-json\/wp\/v2\/pages\/772\/revisions"}],"up":[{"embeddable":true,"href":"https:\/\/dev.bassin-arcachon.com\/zh\/wp-json\/wp\/v2\/pages\/69"}],"wp:featuredmedia":[{"embeddable":true,"href":"https:\/\/dev.bassin-arcachon.com\/zh\/wp-json\/wp\/v2\/media\/1576"}],"wp:attachment":[{"href":"https:\/\/dev.bassin-arcachon.com\/zh\/wp-json\/wp\/v2\/media?parent=772"}],"curies":[{"name":"\u53ef\u6e7f\u6027\u7c89\u5242","href":"https:\/\/api.w.org\/{rel}","templated":true}]}}