{"id":98630,"date":"2024-11-18T12:22:45","date_gmt":"2024-11-18T11:22:45","guid":{"rendered":"https:\/\/dev.bassin-arcachon.com\/?page_id=98630"},"modified":"2024-12-06T12:39:57","modified_gmt":"2024-12-06T11:39:57","slug":"%e9%aa%91%e8%87%aa%e8%a1%8c%e8%bd%a6%e5%87%ba%e8%a1%8c%e7%9a%84%e5%ae%9e%e7%94%a8%e4%bf%a1%e6%81%af","status":"publish","type":"page","link":"https:\/\/dev.bassin-arcachon.com\/zh\/%e9%aa%91%e8%87%aa%e8%a1%8c%e8%bd%a6%e5%87%ba%e8%a1%8c%e7%9a%84%e5%ae%9e%e7%94%a8%e4%bf%a1%e6%81%af\/","title":{"rendered":"\u9a91\u81ea\u884c\u8f66\u65c5\u884c\u7684\u5b9e\u7528\u4fe1\u606f"},"content":{"rendered":"<div class=\"wp-block-uagb-container uagb-block-c7651c20 alignfull uagb-is-root-container\"><div class=\"uagb-container-inner-blocks-wrap\">\n<p>\u5728\u6b64\u9875\u9762\u4e0a\uff0c\u60a8\u53ef\u4ee5\u627e\u5230\u6709\u5173<strong> \u8ba9\u60a8\u7684\u81ea\u884c\u8f66\u65c5\u884c\u5728\u6700\u4f73\u6761\u4ef6\u4e0b\u8fdb\u884c\u3002<\/strong><\/p>\n<\/div><\/div>\n\n\n\n<div class=\"wp-block-uagb-container uagb-block-a9138734 alignfull uagb-is-root-container\"><div class=\"uagb-container-inner-blocks-wrap\">\n<h2 class=\"wp-block-heading\">1\uff09\u81ea\u52a9\u5145\u6c14\u6cf5<\/h2>\n<\/div><\/div>\n\n\n\n<div class=\"wp-block-uagb-container uagb-block-832224e8 alignfull uagb-is-root-container\"><div class=\"uagb-container-inner-blocks-wrap\">\n<div class=\"wp-block-uagb-container uagb-block-cf1714b1\">\n<figure class=\"wp-block-image size-full\"><img loading=\"lazy\" decoding=\"async\" width=\"480\" height=\"640\" src=\"https:\/\/dev.bassin-arcachon.com\/wp-content\/uploads\/2024\/11\/N\u00b05-Station-de-Gonflage-Mairie-duTeich.jpg\" alt=\"\u2014\u2014Bassin d&#039;Arcachon\" class=\"wp-image-98633\" title=\"\u2014\u2014Bassin d&#039;Arcachon\" srcset=\"https:\/\/dev.bassin-arcachon.com\/wp-content\/uploads\/2024\/11\/N\u00b05-Station-de-Gonflage-Mairie-duTeich.jpg 480w, https:\/\/dev.bassin-arcachon.com\/wp-content\/uploads\/2024\/11\/N\u00b05-Station-de-Gonflage-Mairie-duTeich-225x300.jpg 225w, https:\/\/dev.bassin-arcachon.com\/wp-content\/uploads\/2024\/11\/N\u00b05-Station-de-Gonflage-Mairie-duTeich-9x12.jpg 9w\" sizes=\"auto, (max-width: 480px) 100vw, 480px\" \/><figcaption class=\"wp-element-caption\">\u00a9 \u67ef\u5df4\u65af<\/figcaption><\/figure>\n<\/div>\n\n\n\n<div class=\"wp-block-uagb-container uagb-block-732da1a7\">\n<h3 class=\"wp-block-heading\"><strong>\u5728\u5357-Bassin\u4e0a\uff1a<\/strong><\/h3>\n\n\n\n<ul class=\"wp-block-list\">\n<li><strong>\u963f\u5361\u96c4\uff1a<\/strong><br>Pereire\u3001\u4f69\u8bfa\u5e7f\u573a\u3001\u6cd5\u56fd\u56fd\u94c1\u706b\u8f66\u7ad9\u3001Moulleau \u7801\u5934\u3001\u963f\u5361\u96c4\u5c0f\u6e2f<\/li>\n\n\n\n<li><strong>La Teste de Buch\uff1a<\/strong><br>\u76ae\u62c9\u7684\u6885\u52d2\u5e7f\u573a\u3001\u5361\u4f50\u822a\u6d77\u7ad9\u3001\u62c9\u7279\u65af\u7279\u6e2f\u3001\u83b1\u7c73\u514b\u6d1b\u7279\u6e2f\u3001\u897f\u76d0\u6cbc<\/li>\n\n\n\n<li><strong>\u5c45\u8ba9-\u6885\u65af\u7279\u62c9\uff1a<\/strong><br>Chante-Cigale \u73af\u5c9b\u3001La Hume \u706b\u8f66\u7ad9\u3001La Ch\u00eaneraie\u3001\u4f11\u95f2\u533a\u3001Gujan-Mestras \u706b\u8f66\u7ad9\uff08\u5317\u7ad9\u548c\u5357\u7ad9\uff09\u3001Gujan-Mestras \u5e02\u653f\u5385<\/li>\n\n\n\n<li><strong>Le Teich\uff1a<\/strong><br>Le Teich \u5e02\u653f\u5385\u3001\u6cd5\u56fd\u56fd\u8425\u94c1\u8def\u706b\u8f66\u7ad9\u3001Super U\u3001Le Teich \u6e2f\u53e3<\/li>\n<\/ul>\n<\/div>\n<\/div><\/div>\n\n\n\n<div class=\"wp-block-uagb-container uagb-block-9a502bd6 alignfull uagb-is-root-container\"><div class=\"uagb-container-inner-blocks-wrap\">\n<div class=\"wp-block-uagb-container uagb-block-68dec60e\">\n<h3 class=\"wp-block-heading\"><a href=\"https:\/\/coban-atlantique.fr\/la-coban\/services-equipements\/\" target=\"_blank\" rel=\"noopener\">\u5728\u5317Bassin\uff1a <\/a><\/h3>\n\n\n\n<ul class=\"wp-block-list\">\n<li><strong>\u5b89\u5fb7\u8bfa\u83b1\u73ed (Andernos les Bains)\uff1a<\/strong><br>\u65c5\u6e38\u529e\u516c\u5ba4\uff08Esplanade du Broustic\uff09\uff0c\u4f4d\u4e8e Andr\u00e9e Chedid \u5a92\u4f53\u5e93\u524d\u9762<\/li>\n\n\n\n<li><strong>\u963f\u745e\u65af\uff1a<\/strong><br>\u7ef4\u7f57\u8fea\u585e\u5927\u8857 (V\u00e9lodyss\u00e9e) \u4e0a\u7684\u524d\u706b\u8f66\u7ad9 (Jean Templier \u8857)<\/li>\n\n\n\n<li><strong>\u53cd\u5bf9\uff1a<\/strong><br>Bassin \u6e38\u6cf3\u533a\uff0c\u9760\u8fd1\u5e02\u4e2d\u5fc3\u73af\u5f62\u4ea4\u53c9\u8def\u53e3\uff082\uff0call Ernest de Boissi\u00e8re\uff09\uff0cBallion \u4f53\u80b2\u4e2d\u5fc3 (rue des fauvettes) \u524d\u9762\u3002<\/li>\n\n\n\n<li><strong>\u6bd4\u52a0\u8bfa\u65af\uff1a<\/strong><br>\u4f4d\u4e8e\u8f66\u7ad9\u524d\u9662\u3001\u89e3\u653e\u5927\u8857\u4e0e\u67e5\u5c14\u65af\u00b7\u52d2\u79d1\u514b\u8857\u4ea4\u53c9\u53e3\uff08\u81ea\u884c\u8f66\u67b6\u9644\u8fd1\uff09\u3001\u5409\u4f26\u7279\u7701\u9752\u5c11\u5e74\u4e4b\u5bb6\uff08\u987e\u62dc\u65e6\u8857\uff09\u3001\u52d2\u79d1\u514b\u516c\u56ed\u5165\u53e3\u5904\u3002<\/li>\n\n\n\n<li><strong>\u5170\u987f\uff1a<\/strong><br>Bassin \u65c5\u6e38\u5c40\u4e2d\u5fc3 - 1 route du Stade\uff08\u505c\u8f66\u573a\u5185\uff09\uff0cCassy \u7ad9\uff08All\u00e9e de la halte - \u4f4d\u4e8e V\u00e9lodyss\u00e9e \u4e0a\uff09\u3002<\/li>\n\n\n\n<li><strong>\u5149\u660e\u2014\u2014\u8d39\u96f7\u89d2\uff1a<\/strong><br>Claouey \u5e02\u573a (Avenue des Halles)\uff0c\u4f4d\u4e8e Cap Ferret \u5e02\u573a (Avenue du monument Saliens)\uff0c\u4e0e\u65e7\u706f\u5854\u7ad9\u5728\u540c\u4e00\u6c34\u5e73\u3002<\/li>\n\n\n\n<li><strong>Marcheprime\uff1a<\/strong><br>Croix d&#039;Hins \u5c0f\u5b66\uff08rue Lafayette\uff09\uff0c\u4f4d\u4e8e\u5e02\u653f\u5385\/\u5b66\u6821\u4e2d\u5fc3\uff08\u5b89\u5168\u81ea\u884c\u8f66\u50a8\u7269\u67dc\u9644\u8fd1\uff0crue J.Blieck\uff09\uff0c\u9760\u8fd1\u5927\u5b66\u5165\u53e3\uff08rue L.Delagrange\uff09\u3002<\/li>\n\n\n\n<li><strong>\u7c73\u65af\uff1a<\/strong><br>\u65c5\u6e38\u5c40\u524d\u9662\uff08Allee de Val de San Vicente\uff09\u3002<\/li>\n<\/ul>\n<\/div>\n\n\n\n<div class=\"wp-block-uagb-container uagb-block-67e8edc7\">\n<figure class=\"wp-block-image size-large\"><img loading=\"lazy\" decoding=\"async\" width=\"506\" height=\"1024\" src=\"https:\/\/dev.bassin-arcachon.com\/wp-content\/uploads\/2024\/11\/mobilier-type-62668ba9b5506298122291-1-506x1024.jpg\" alt=\"\u2014\u2014Bassin d&#039;Arcachon\" class=\"wp-image-98636\" title=\"\u2014\u2014Bassin d&#039;Arcachon\" srcset=\"https:\/\/dev.bassin-arcachon.com\/wp-content\/uploads\/2024\/11\/mobilier-type-62668ba9b5506298122291-1-506x1024.jpg 506w, https:\/\/dev.bassin-arcachon.com\/wp-content\/uploads\/2024\/11\/mobilier-type-62668ba9b5506298122291-1-148x300.jpg 148w, https:\/\/dev.bassin-arcachon.com\/wp-content\/uploads\/2024\/11\/mobilier-type-62668ba9b5506298122291-1-768x1553.jpg 768w, https:\/\/dev.bassin-arcachon.com\/wp-content\/uploads\/2024\/11\/mobilier-type-62668ba9b5506298122291-1-759x1536.jpg 759w, https:\/\/dev.bassin-arcachon.com\/wp-content\/uploads\/2024\/11\/mobilier-type-62668ba9b5506298122291-1-1013x2048.jpg 1013w, https:\/\/dev.bassin-arcachon.com\/wp-content\/uploads\/2024\/11\/mobilier-type-62668ba9b5506298122291-1-6x12.jpg 6w, https:\/\/dev.bassin-arcachon.com\/wp-content\/uploads\/2024\/11\/mobilier-type-62668ba9b5506298122291-1-640x1294.jpg 640w, https:\/\/dev.bassin-arcachon.com\/wp-content\/uploads\/2024\/11\/mobilier-type-62668ba9b5506298122291-1.jpg 1024w\" sizes=\"auto, (max-width: 506px) 100vw, 506px\" \/><\/figure>\n<\/div>\n<\/div><\/div>\n\n\n\n<div class=\"wp-block-uagb-container uagb-block-4c786e10 alignfull uagb-is-root-container\"><div class=\"uagb-container-inner-blocks-wrap\">\n<h2 class=\"wp-block-heading\">\u5b89\u5168\u7684\u81ea\u884c\u8f66\u505c\u653e\u5904<\/h2>\n<\/div><\/div>\n\n\n\n<div class=\"wp-block-uagb-container uagb-block-0b113335 alignfull uagb-is-root-container\"><div class=\"uagb-container-inner-blocks-wrap\">\n<div class=\"wp-block-uagb-container uagb-block-e639cbfa\">\n<figure class=\"wp-block-image size-full\"><img loading=\"lazy\" decoding=\"async\" width=\"380\" height=\"285\" src=\"https:\/\/dev.bassin-arcachon.com\/wp-content\/uploads\/2024\/11\/PEI-audenge-380x285-1.jpg\" alt=\"\u2014\u2014Bassin d&#039;Arcachon\" class=\"wp-image-98640\" title=\"\u2014\u2014Bassin d&#039;Arcachon\" srcset=\"https:\/\/dev.bassin-arcachon.com\/wp-content\/uploads\/2024\/11\/PEI-audenge-380x285-1.jpg 380w, https:\/\/dev.bassin-arcachon.com\/wp-content\/uploads\/2024\/11\/PEI-audenge-380x285-1-300x225.jpg 300w, https:\/\/dev.bassin-arcachon.com\/wp-content\/uploads\/2024\/11\/PEI-audenge-380x285-1-16x12.jpg 16w\" sizes=\"auto, (max-width: 380px) 100vw, 380px\" \/><\/figure>\n<\/div>\n<\/div><\/div>\n\n\n\n<div class=\"wp-block-uagb-container uagb-block-0d2dcc91 alignfull uagb-is-root-container\"><div class=\"uagb-container-inner-blocks-wrap\">\n<p><strong>\u5b89\u5168\u505c\u8f66\u66f4\u597d\uff01<\/strong><\/p>\n\n\n\n<p>\u8bbe\u6709\u5b89\u5168\u7684\u505c\u8f66\u573a\u548c\u81ea\u884c\u8f66\u4e13\u7528\u505c\u8f66\u4f4d\uff0c\u53ef\u4f9b\u4f7f\u7528\uff1a<\/p>\n\n\n\n<ul class=\"wp-block-list\">\n<li>\u5728\u4ee5\u4e0b\u8f66\u7ad9\uff1a <strong>\u4f11\u8c1f<\/strong> <strong>Biganos-Facture, Le Teich, \u5c45\u8ba9\u6885\u65af\u7279\u62c9\u548c\u963f\u5361\u96c4<\/strong>\u3002\u6700\u7ec8\uff0c\u6240\u6709\u8f66\u7ad9\u90fd\u5c06\u914d\u5907\u8fd9\u4e9b\u8bbe\u5907\u3002<\/li>\n\n\n\n<li>\u5173\u4e8e\u62fc\u8f66\u5730\u533a <strong>Querquillas\uff08Andernos\uff09\u548c Mios A660 A660 <\/strong>\u4ee5\u53ca<strong>\u5df4\u58eb\u7ad9\u4f4d\u4e8e Boulevard de l\u2019a\u00e9rium d\u2019Ar\u00e8s\u3002<\/strong><\/li>\n\n\n\n<li>\u5728 <strong>\u5965\u767b\u683c\u5361\u591a\u5c14\u8054\u8fd0\u4ea4\u6362\u67a2\u7ebd (PEI)<\/strong> \u4f4d\u4e8eBraou\u9732\u8425\u5730\u9644\u8fd1\u3002\u4ece\u957f\u8fdc\u6765\u770b\uff0c&nbsp;<a href=\"https:\/\/coban-atlantique.fr\/nouveau-reseau-transport-travaux-amenagement\/?fbclid=IwZXh0bgNhZW0CMTAAAR0rrwRiSQksB4ThKWNg1tos8c3_1ESQa5mZWyaA9-Q4GVCnDu29w-WU1X4_aem_AfY64Wc0C-_0WVAwPDUzRr0xLD542tIjzxO9PygULqMUs8X0DMtEnhOKvoabE81Oad1gbyABhfeyqQEDyQUQM-Oa\" target=\"_blank\" rel=\"noreferrer noopener\">3 \u79d1\u73ed PEI<\/a>&nbsp;\u5c06\u914d\u5907\u5b89\u5168\u7684\u81ea\u884c\u8f66\u68da\u548c\u50a8\u7269\u67dc\u3002<\/li>\n\n\n\n<li>\u81ea\u884c\u8f66\u505c\u653e\u5728 <strong>\u7a46\u6d1b\uff08\u963f\u5361\u96c4\uff09<\/strong><\/li>\n<\/ul>\n<\/div><\/div>\n\n\n\n<div class=\"wp-block-uagb-container uagb-block-40fa4ca0 alignfull uagb-is-root-container\"><div class=\"uagb-container-inner-blocks-wrap\">\n<h2 class=\"wp-block-heading\">\u503c\u5f97\u4e86\u89e3\uff1a\u7535\u52a8\u6c7d\u8f66\u5145\u7535\u7ad9<\/h2>\n<\/div><\/div>\n\n\n\n<div class=\"wp-block-uagb-container uagb-block-26b285ea alignfull uagb-is-root-container\"><div class=\"uagb-container-inner-blocks-wrap\">\n<p>\u5c0f\u6e2f\u53e3<strong>\u963f\u5361\u96c4<\/strong>\uff0c\u63a5\u5f85\u533a&nbsp;<strong>\u76ae\u62c9\u6c99\u4e18\u5927\u9057\u5740<\/strong>, <strong>\u55e1\u55e1\u7ad9<\/strong>\u751a\u81f3<strong>\u83b1\u65e5\u5361\u666e\u8d39\u96f7\u65c5\u6e38\u5c40<\/strong>&nbsp;\u4f4d\u4e8eClaouey\u6709\u4e00\u4e2a\u7535\u52a8\u81ea\u884c\u8f66\u7ec8\u70b9\u7ad9\u3002<br><\/p>\n<\/div><\/div>","protected":false},"excerpt":{"rendered":"<p>Sur cette page, retrouvez toutes les informations utiles et pratiques pour r\u00e9aliser vos d\u00e9placements \u00e0 v\u00e9lo dans les meilleures conditions. 1) Les pompes de gonflage en libre-service Sur le Sud-Bassin [&hellip;]<\/p>","protected":false},"author":25,"featured_media":112032,"parent":0,"menu_order":0,"comment_status":"closed","ping_status":"closed","template":"","meta":{"_acf_changed":false,"_uag_custom_page_level_css":"","footnotes":""},"class_list":["post-98630","page","type-page","status-publish","has-post-thumbnail","hentry"],"acf":[],"uagb_featured_image_src":{"full":["https:\/\/dev.bassin-arcachon.com\/wp-content\/uploads\/2024\/12\/2015_HD_Viree-velo-Bassin_BIETTE-10-scaled.jpg",2560,1707,false],"thumbnail":["https:\/\/dev.bassin-arcachon.com\/wp-content\/uploads\/2024\/12\/2015_HD_Viree-velo-Bassin_BIETTE-10-150x150.jpg",150,150,true],"medium":["https:\/\/dev.bassin-arcachon.com\/wp-content\/uploads\/2024\/12\/2015_HD_Viree-velo-Bassin_BIETTE-10-300x200.jpg",300,200,true],"medium_large":["https:\/\/dev.bassin-arcachon.com\/wp-content\/uploads\/2024\/12\/2015_HD_Viree-velo-Bassin_BIETTE-10-768x512.jpg",768,512,true],"large":["https:\/\/dev.bassin-arcachon.com\/wp-content\/uploads\/2024\/12\/2015_HD_Viree-velo-Bassin_BIETTE-10-1024x683.jpg",1024,683,true],"1536x1536":["https:\/\/dev.bassin-arcachon.com\/wp-content\/uploads\/2024\/12\/2015_HD_Viree-velo-Bassin_BIETTE-10-1536x1024.jpg",1536,1024,true],"2048x2048":["https:\/\/dev.bassin-arcachon.com\/wp-content\/uploads\/2024\/12\/2015_HD_Viree-velo-Bassin_BIETTE-10-2048x1365.jpg",2048,1365,true],"trp-custom-language-flag":["https:\/\/dev.bassin-arcachon.com\/wp-content\/uploads\/2024\/12\/2015_HD_Viree-velo-Bassin_BIETTE-10-18x12.jpg",18,12,true],"fp-small":["https:\/\/dev.bassin-arcachon.com\/wp-content\/uploads\/2024\/12\/2015_HD_Viree-velo-Bassin_BIETTE-10-640x427.jpg",640,427,true],"fp-large":["https:\/\/dev.bassin-arcachon.com\/wp-content\/uploads\/2024\/12\/2015_HD_Viree-velo-Bassin_BIETTE-10-1200x800.jpg",1200,800,true],"fp-xlarge":["https:\/\/dev.bassin-arcachon.com\/wp-content\/uploads\/2024\/12\/2015_HD_Viree-velo-Bassin_BIETTE-10-1920x1280.jpg",1920,1280,true]},"uagb_author_info":{"display_name":"Marie Clauzel","author_link":"https:\/\/dev.bassin-arcachon.com\/zh\/author\/mariesiba\/"},"uagb_comment_info":0,"uagb_excerpt":"Sur cette page, retrouvez toutes les informations utiles et pratiques pour r\u00e9aliser vos d\u00e9placements \u00e0 v\u00e9lo dans les meilleures conditions. 1) Les pompes de gonflage en libre-service Sur le Sud-Bassin [&hellip;]","_links":{"self":[{"href":"https:\/\/dev.bassin-arcachon.com\/zh\/wp-json\/wp\/v2\/pages\/98630","targetHints":{"allow":["GET"]}}],"collection":[{"href":"https:\/\/dev.bassin-arcachon.com\/zh\/wp-json\/wp\/v2\/pages"}],"about":[{"href":"https:\/\/dev.bassin-arcachon.com\/zh\/wp-json\/wp\/v2\/types\/page"}],"author":[{"embeddable":true,"href":"https:\/\/dev.bassin-arcachon.com\/zh\/wp-json\/wp\/v2\/users\/25"}],"replies":[{"embeddable":true,"href":"https:\/\/dev.bassin-arcachon.com\/zh\/wp-json\/wp\/v2\/comments?post=98630"}],"version-history":[{"count":27,"href":"https:\/\/dev.bassin-arcachon.com\/zh\/wp-json\/wp\/v2\/pages\/98630\/revisions"}],"predecessor-version":[{"id":112260,"href":"https:\/\/dev.bassin-arcachon.com\/zh\/wp-json\/wp\/v2\/pages\/98630\/revisions\/112260"}],"wp:featuredmedia":[{"embeddable":true,"href":"https:\/\/dev.bassin-arcachon.com\/zh\/wp-json\/wp\/v2\/media\/112032"}],"wp:attachment":[{"href":"https:\/\/dev.bassin-arcachon.com\/zh\/wp-json\/wp\/v2\/media?parent=98630"}],"curies":[{"name":"\u53ef\u6e7f\u6027\u7c89\u5242","href":"https:\/\/api.w.org\/{rel}","templated":true}]}}